{"id":2318,"date":"2016-07-27T16:32:42","date_gmt":"2016-07-27T14:32:42","guid":{"rendered":"https:\/\/www.pineo.cat\/?page_id=2318"},"modified":"2018-01-29T12:35:38","modified_gmt":"2018-01-29T11:35:38","slug":"videos","status":"publish","type":"page","link":"https:\/\/www.pineo.cat\/fr\/photos\/videos\/","title":{"rendered":"Video&rsquo;s FR"},"content":{"rendered":"<p><div class=\"fusion-fullwidth fullwidth-box fusion-builder-row-1 nonhundred-percent-fullwidth non-hundred-percent-height-scrolling\" style=\"--awb-background-position:left top;--awb-border-radius-top-left:0px;--awb-border-radius-top-right:0px;--awb-border-radius-bottom-right:0px;--awb-border-radius-bottom-left:0px;--awb-padding-top:20px;--awb-padding-bottom:20px;--awb-border-sizes-top:0px;--awb-border-sizes-bottom:0px;\" ><div class=\"fusion-builder-row fusion-row\"><div class=\"fusion-layout-column fusion_builder_column fusion-builder-column-0 fusion_builder_column_1_1 1_1 fusion-one-full fusion-column-first fusion-column-last fusion-column-no-min-height\" style=\"--awb-bg-size:cover;--awb-margin-bottom:0px;\"><div class=\"fusion-column-wrapper fusion-flex-column-wrapper-legacy\"><div class=\"fusion-text fusion-text-1\"><h1 style=\"text-align: center;\"><span lang=\"FR\">Vid\u00e9os<\/span><\/h1>\n<\/div><div class=\"fusion-clearfix\"><\/div><\/div><\/div><\/div><\/div><div class=\"fusion-fullwidth fullwidth-box fusion-builder-row-2 fusion-parallax-none nonhundred-percent-fullwidth non-hundred-percent-height-scrolling fusion-equal-height-columns\" style=\"--awb-background-position:left top;--awb-border-radius-top-left:0px;--awb-border-radius-top-right:0px;--awb-border-radius-bottom-right:0px;--awb-border-radius-bottom-left:0px;--awb-padding-top:20px;--awb-padding-bottom:20px;--awb-background-image:url(&quot;https:\/\/www.pineo.cat\/wp-content\/uploads\/2016\/03\/Water5.jpg&quot;);--awb-background-size:cover;--awb-border-sizes-top:0px;--awb-border-sizes-bottom:0px;\" ><div class=\"fusion-builder-row fusion-row\"><div class=\"fusion-layout-column fusion_builder_column fusion-builder-column-1 fusion_builder_column_1_2 1_2 fusion-one-half fusion-column-first\" style=\"--awb-padding-top:20px;--awb-padding-right:20px;--awb-padding-bottom:20px;--awb-padding-left:20px;--awb-bg-color:#ffffff;--awb-bg-size:cover;width:48%; margin-right: 4%;\"><div class=\"fusion-column-wrapper fusion-flex-column-wrapper-legacy\"><div class=\"fusion-video fusion-youtube\" style=\"--awb-max-width:600px;--awb-max-height:350px;\"><div class=\"video-shortcode\"><div class=\"fluid-width-video-wrapper\" style=\"padding-top:58.33%;\" ><iframe title=\"YouTube video player 1\" src=\"https:\/\/www.youtube.com\/embed\/gAJUdMO-Jsc?rel=0&amp;autohide=0&amp;showinfo=0&amp;?wmode=transparent&autoplay=0\" width=\"600\" height=\"350\" allowfullscreen allow=\"autoplay; fullscreen\"><\/iframe><\/div><\/div><\/div><div class=\"fusion-text fusion-text-2\"><p style=\"text-align: center;\">Festival international: Rencontre avec des accord\u00e9onistes dans les Pyr\u00e9n\u00e9es.<\/p>\n<\/div><div class=\"fusion-clearfix\"><\/div><\/div><\/div><div class=\"fusion-layout-column fusion_builder_column fusion-builder-column-2 fusion_builder_column_1_2 1_2 fusion-one-half fusion-column-last\" style=\"--awb-padding-top:20px;--awb-padding-right:20px;--awb-padding-bottom:20px;--awb-padding-left:20px;--awb-bg-color:#ffffff;--awb-bg-size:cover;width:48%;\"><div class=\"fusion-column-wrapper fusion-flex-column-wrapper-legacy\"><div class=\"fusion-video fusion-youtube\" style=\"--awb-max-width:600px;--awb-max-height:350px;\"><div class=\"video-shortcode\"><div class=\"fluid-width-video-wrapper\" style=\"padding-top:58.33%;\" ><iframe title=\"YouTube video player 2\" src=\"https:\/\/www.youtube.com\/embed\/r0O4op9QmMg?rel=0&amp;autohide=0&amp;showinfo=0&amp;?wmode=transparent&autoplay=0\" width=\"600\" height=\"350\" allowfullscreen allow=\"autoplay; fullscreen\"><\/iframe><\/div><\/div><\/div><div class=\"fusion-text fusion-text-3\"><p style=\"text-align: center;\">Manger catalan\/espagnol: un cal\u00e7ot sur barbecue \u00e0 la pleine lune (eau Pineo)<\/p>\n<\/div><div class=\"fusion-clearfix\"><\/div><\/div><\/div><div class=\"fusion-layout-column fusion_builder_column fusion-builder-column-3 fusion_builder_column_1_2 1_2 fusion-one-half fusion-column-first\" style=\"--awb-padding-top:20px;--awb-padding-right:20px;--awb-padding-bottom:20px;--awb-padding-left:20px;--awb-bg-color:#ffffff;--awb-bg-size:cover;width:48%; margin-right: 4%;\"><div class=\"fusion-column-wrapper fusion-flex-column-wrapper-legacy\"><div class=\"fusion-video fusion-youtube\" style=\"--awb-max-width:600px;--awb-max-height:350px;\"><div class=\"video-shortcode\"><div class=\"fluid-width-video-wrapper\" style=\"padding-top:58.33%;\" ><iframe title=\"YouTube video player 3\" src=\"https:\/\/www.youtube.com\/embed\/IW3OV8sF-ZI?rel=0&amp;autohide=0&amp;showinfo=0&amp;?wmode=transparent&autoplay=0\" width=\"600\" height=\"350\" allowfullscreen allow=\"autoplay; fullscreen\"><\/iframe><\/div><\/div><\/div><div class=\"fusion-text fusion-text-4\"><p style=\"text-align: center;\">Pleine lune: \u00c9dition Sp\u00e9ciale Pineo eau de lune Luna Llena<\/p>\n<\/div><div class=\"fusion-clearfix\"><\/div><\/div><\/div><div class=\"fusion-layout-column fusion_builder_column fusion-builder-column-4 fusion_builder_column_1_2 1_2 fusion-one-half fusion-column-last\" style=\"--awb-padding-top:20px;--awb-padding-right:20px;--awb-padding-bottom:20px;--awb-padding-left:20px;--awb-bg-color:#ffffff;--awb-bg-size:cover;width:48%;\"><div class=\"fusion-column-wrapper fusion-flex-column-wrapper-legacy\"><div class=\"fusion-video fusion-youtube\" style=\"--awb-max-width:600px;--awb-max-height:350px;\"><div class=\"video-shortcode\"><div class=\"fluid-width-video-wrapper\" style=\"padding-top:58.33%;\" ><iframe title=\"YouTube video player 4\" src=\"https:\/\/www.youtube.com\/embed\/YwsLG7VSpEI?rel=0&amp;autohide=0&amp;showinfo=0&amp;?wmode=transparent&autoplay=0\" width=\"600\" height=\"350\" allowfullscreen allow=\"autoplay; fullscreen\"><\/iframe><\/div><\/div><\/div><div class=\"fusion-text fusion-text-5\"><p style=\"text-align: center;\">Boire de l\u2019eau avec une nourriture saine et d\u00e9licieuse\u2009? Choisissez Pineo<\/p>\n<\/div><div class=\"fusion-clearfix\"><\/div><\/div><\/div><div class=\"fusion-layout-column fusion_builder_column fusion-builder-column-5 fusion_builder_column_1_2 1_2 fusion-one-half fusion-column-first\" style=\"--awb-padding-top:20px;--awb-padding-right:20px;--awb-padding-bottom:20px;--awb-padding-left:20px;--awb-bg-color:#ffffff;--awb-bg-size:cover;width:48%; margin-right: 4%;\"><div class=\"fusion-column-wrapper fusion-flex-column-wrapper-legacy\"><div class=\"fusion-video fusion-youtube\" style=\"--awb-max-width:600px;--awb-max-height:350px;\"><div class=\"video-shortcode\"><div class=\"fluid-width-video-wrapper\" style=\"padding-top:58.33%;\" ><iframe title=\"YouTube video player 5\" src=\"https:\/\/www.youtube.com\/embed\/6fmm0PS_krM?rel=0&amp;autohide=0&amp;showinfo=0&amp;?wmode=transparent&autoplay=0\" width=\"600\" height=\"350\" allowfullscreen allow=\"autoplay; fullscreen\"><\/iframe><\/div><\/div><\/div><div class=\"fusion-text fusion-text-6\"><p style=\"text-align: center;\">Interview Pineo pour \u2018Nat\u00fcrlich vor Ort\u2019 de Nat\u00fcrlich Magazin (en allemand)<\/p>\n<\/div><div class=\"fusion-clearfix\"><\/div><\/div><\/div><\/div><\/div><\/p>\n","protected":false},"excerpt":{"rendered":"","protected":false},"author":2,"featured_media":0,"parent":2316,"menu_order":169,"comment_status":"closed","ping_status":"closed","template":"100-width.php","meta":{"footnotes":""},"yoast_head":"<!-- This site is optimized with the Yoast SEO plugin v21.0 - https:\/\/yoast.com\/wordpress\/plugins\/seo\/ -->\n<title>Regardez d\u00e9j\u00e0 les Vid\u00e9os de l\u2019eau min\u00e9rale Pineo. Unique<\/title>\n<meta name=\"description\" content=\"Int\u00e9ress\u00e9s par l\u2019eau min\u00e9rale Pineo\u2009? Regardez d\u00e9j\u00e0 les vid\u00e9os sur Pineo et faites-vous surprendre par le pouvoir unique de l\u2019eau.\" \/>\n<meta name=\"robots\" content=\"index, follow, max-snippet:-1, max-image-preview:large, max-video-preview:-1\" \/>\n<link rel=\"canonical\" href=\"https:\/\/www.pineo.cat\/fr\/photos\/videos\/\" \/>\n<meta property=\"og:locale\" content=\"fr_FR\" \/>\n<meta property=\"og:type\" content=\"article\" \/>\n<meta property=\"og:title\" content=\"Regardez d\u00e9j\u00e0 les Vid\u00e9os de l\u2019eau min\u00e9rale Pineo. Unique\" \/>\n<meta property=\"og:description\" content=\"Int\u00e9ress\u00e9s par l\u2019eau min\u00e9rale Pineo\u2009? Regardez d\u00e9j\u00e0 les vid\u00e9os sur Pineo et faites-vous surprendre par le pouvoir unique de l\u2019eau.\" \/>\n<meta property=\"og:url\" content=\"https:\/\/www.pineo.cat\/fr\/photos\/videos\/\" \/>\n<meta property=\"og:site_name\" content=\"Pineo\" \/>\n<meta property=\"article:modified_time\" content=\"2018-01-29T11:35:38+00:00\" \/>\n<meta name=\"twitter:card\" content=\"summary_large_image\" \/>\n<meta name=\"twitter:label1\" content=\"Dur\u00e9e de lecture estim\u00e9e\" \/>\n\t<meta name=\"twitter:data1\" content=\"4 minutes\" \/>\n<script type=\"application\/ld+json\" class=\"yoast-schema-graph\">{\"@context\":\"https:\/\/schema.org\",\"@graph\":[{\"@type\":\"WebPage\",\"@id\":\"https:\/\/www.pineo.cat\/fr\/photos\/videos\/\",\"url\":\"https:\/\/www.pineo.cat\/fr\/photos\/videos\/\",\"name\":\"Regardez d\u00e9j\u00e0 les Vid\u00e9os de l\u2019eau min\u00e9rale Pineo. Unique\",\"isPartOf\":{\"@id\":\"https:\/\/www.pineo.cat\/fr\/#website\"},\"datePublished\":\"2016-07-27T14:32:42+00:00\",\"dateModified\":\"2018-01-29T11:35:38+00:00\",\"description\":\"Int\u00e9ress\u00e9s par l\u2019eau min\u00e9rale Pineo\u2009? Regardez d\u00e9j\u00e0 les vid\u00e9os sur Pineo et faites-vous surprendre par le pouvoir unique de l\u2019eau.\",\"breadcrumb\":{\"@id\":\"https:\/\/www.pineo.cat\/fr\/photos\/videos\/#breadcrumb\"},\"inLanguage\":\"fr-FR\",\"potentialAction\":[{\"@type\":\"ReadAction\",\"target\":[\"https:\/\/www.pineo.cat\/fr\/photos\/videos\/\"]}]},{\"@type\":\"BreadcrumbList\",\"@id\":\"https:\/\/www.pineo.cat\/fr\/photos\/videos\/#breadcrumb\",\"itemListElement\":[{\"@type\":\"ListItem\",\"position\":1,\"name\":\"Home\",\"item\":\"https:\/\/www.pineo.cat\/fr\/\"},{\"@type\":\"ListItem\",\"position\":2,\"name\":\"Afbeeldingen FR\",\"item\":\"https:\/\/www.pineo.cat\/fr\/photos\/\"},{\"@type\":\"ListItem\",\"position\":3,\"name\":\"Video&rsquo;s FR\"}]},{\"@type\":\"WebSite\",\"@id\":\"https:\/\/www.pineo.cat\/fr\/#website\",\"url\":\"https:\/\/www.pineo.cat\/fr\/\",\"name\":\"Pineo\",\"description\":\"Pineo: naturally-arising natural mineral water from the Spanish Pyrenees\",\"publisher\":{\"@id\":\"https:\/\/www.pineo.cat\/fr\/#organization\"},\"potentialAction\":[{\"@type\":\"SearchAction\",\"target\":{\"@type\":\"EntryPoint\",\"urlTemplate\":\"https:\/\/www.pineo.cat\/fr\/?s={search_term_string}\"},\"query-input\":\"required name=search_term_string\"}],\"inLanguage\":\"fr-FR\"},{\"@type\":\"Organization\",\"@id\":\"https:\/\/www.pineo.cat\/fr\/#organization\",\"name\":\"Pineo\",\"url\":\"https:\/\/www.pineo.cat\/fr\/\",\"logo\":{\"@type\":\"ImageObject\",\"inLanguage\":\"fr-FR\",\"@id\":\"https:\/\/www.pineo.cat\/fr\/#\/schema\/logo\/image\/\",\"url\":\"https:\/\/www.pineo.cat\/wp-content\/uploads\/2016\/07\/pineo-logo.png\",\"contentUrl\":\"https:\/\/www.pineo.cat\/wp-content\/uploads\/2016\/07\/pineo-logo.png\",\"width\":197,\"height\":56,\"caption\":\"Pineo\"},\"image\":{\"@id\":\"https:\/\/www.pineo.cat\/fr\/#\/schema\/logo\/image\/\"}}]}<\/script>\n<!-- \/ Yoast SEO plugin. -->","yoast_head_json":{"title":"Regardez d\u00e9j\u00e0 les Vid\u00e9os de l\u2019eau min\u00e9rale Pineo. Unique","description":"Int\u00e9ress\u00e9s par l\u2019eau min\u00e9rale Pineo\u2009? Regardez d\u00e9j\u00e0 les vid\u00e9os sur Pineo et faites-vous surprendre par le pouvoir unique de l\u2019eau.","robots":{"index":"index","follow":"follow","max-snippet":"max-snippet:-1","max-image-preview":"max-image-preview:large","max-video-preview":"max-video-preview:-1"},"canonical":"https:\/\/www.pineo.cat\/fr\/photos\/videos\/","og_locale":"fr_FR","og_type":"article","og_title":"Regardez d\u00e9j\u00e0 les Vid\u00e9os de l\u2019eau min\u00e9rale Pineo. Unique","og_description":"Int\u00e9ress\u00e9s par l\u2019eau min\u00e9rale Pineo\u2009? Regardez d\u00e9j\u00e0 les vid\u00e9os sur Pineo et faites-vous surprendre par le pouvoir unique de l\u2019eau.","og_url":"https:\/\/www.pineo.cat\/fr\/photos\/videos\/","og_site_name":"Pineo","article_modified_time":"2018-01-29T11:35:38+00:00","twitter_card":"summary_large_image","twitter_misc":{"Dur\u00e9e de lecture estim\u00e9e":"4 minutes"},"schema":{"@context":"https:\/\/schema.org","@graph":[{"@type":"WebPage","@id":"https:\/\/www.pineo.cat\/fr\/photos\/videos\/","url":"https:\/\/www.pineo.cat\/fr\/photos\/videos\/","name":"Regardez d\u00e9j\u00e0 les Vid\u00e9os de l\u2019eau min\u00e9rale Pineo. Unique","isPartOf":{"@id":"https:\/\/www.pineo.cat\/fr\/#website"},"datePublished":"2016-07-27T14:32:42+00:00","dateModified":"2018-01-29T11:35:38+00:00","description":"Int\u00e9ress\u00e9s par l\u2019eau min\u00e9rale Pineo\u2009? Regardez d\u00e9j\u00e0 les vid\u00e9os sur Pineo et faites-vous surprendre par le pouvoir unique de l\u2019eau.","breadcrumb":{"@id":"https:\/\/www.pineo.cat\/fr\/photos\/videos\/#breadcrumb"},"inLanguage":"fr-FR","potentialAction":[{"@type":"ReadAction","target":["https:\/\/www.pineo.cat\/fr\/photos\/videos\/"]}]},{"@type":"BreadcrumbList","@id":"https:\/\/www.pineo.cat\/fr\/photos\/videos\/#breadcrumb","itemListElement":[{"@type":"ListItem","position":1,"name":"Home","item":"https:\/\/www.pineo.cat\/fr\/"},{"@type":"ListItem","position":2,"name":"Afbeeldingen FR","item":"https:\/\/www.pineo.cat\/fr\/photos\/"},{"@type":"ListItem","position":3,"name":"Video&rsquo;s FR"}]},{"@type":"WebSite","@id":"https:\/\/www.pineo.cat\/fr\/#website","url":"https:\/\/www.pineo.cat\/fr\/","name":"Pineo","description":"Pineo: naturally-arising natural mineral water from the Spanish Pyrenees","publisher":{"@id":"https:\/\/www.pineo.cat\/fr\/#organization"},"potentialAction":[{"@type":"SearchAction","target":{"@type":"EntryPoint","urlTemplate":"https:\/\/www.pineo.cat\/fr\/?s={search_term_string}"},"query-input":"required name=search_term_string"}],"inLanguage":"fr-FR"},{"@type":"Organization","@id":"https:\/\/www.pineo.cat\/fr\/#organization","name":"Pineo","url":"https:\/\/www.pineo.cat\/fr\/","logo":{"@type":"ImageObject","inLanguage":"fr-FR","@id":"https:\/\/www.pineo.cat\/fr\/#\/schema\/logo\/image\/","url":"https:\/\/www.pineo.cat\/wp-content\/uploads\/2016\/07\/pineo-logo.png","contentUrl":"https:\/\/www.pineo.cat\/wp-content\/uploads\/2016\/07\/pineo-logo.png","width":197,"height":56,"caption":"Pineo"},"image":{"@id":"https:\/\/www.pineo.cat\/fr\/#\/schema\/logo\/image\/"}}]}},"_links":{"self":[{"href":"https:\/\/www.pineo.cat\/fr\/wp-json\/wp\/v2\/pages\/2318"}],"collection":[{"href":"https:\/\/www.pineo.cat\/fr\/wp-json\/wp\/v2\/pages"}],"about":[{"href":"https:\/\/www.pineo.cat\/fr\/wp-json\/wp\/v2\/types\/page"}],"author":[{"embeddable":true,"href":"https:\/\/www.pineo.cat\/fr\/wp-json\/wp\/v2\/users\/2"}],"replies":[{"embeddable":true,"href":"https:\/\/www.pineo.cat\/fr\/wp-json\/wp\/v2\/comments?post=2318"}],"version-history":[{"count":9,"href":"https:\/\/www.pineo.cat\/fr\/wp-json\/wp\/v2\/pages\/2318\/revisions"}],"predecessor-version":[{"id":4399,"href":"https:\/\/www.pineo.cat\/fr\/wp-json\/wp\/v2\/pages\/2318\/revisions\/4399"}],"up":[{"embeddable":true,"href":"https:\/\/www.pineo.cat\/fr\/wp-json\/wp\/v2\/pages\/2316"}],"wp:attachment":[{"href":"https:\/\/www.pineo.cat\/fr\/wp-json\/wp\/v2\/media?parent=2318"}],"curies":[{"name":"wp","href":"https:\/\/api.w.org\/{rel}","templated":true}]}}