{"id":2310,"date":"2016-07-27T15:39:41","date_gmt":"2016-07-27T13:39:41","guid":{"rendered":"https:\/\/www.pineo.cat\/?page_id=2310"},"modified":"2017-06-28T09:00:03","modified_gmt":"2017-06-28T07:00:03","slug":"chlore","status":"publish","type":"page","link":"https:\/\/www.pineo.cat\/fr\/pourquoi-pineo\/chlore\/","title":{"rendered":"Chloorarm FR"},"content":{"rendered":"<p><div class=\"fusion-fullwidth fullwidth-box fusion-builder-row-1 nonhundred-percent-fullwidth non-hundred-percent-height-scrolling\" style=\"--awb-background-position:left top;--awb-border-radius-top-left:0px;--awb-border-radius-top-right:0px;--awb-border-radius-bottom-right:0px;--awb-border-radius-bottom-left:0px;--awb-padding-top:20px;--awb-padding-bottom:20px;--awb-border-sizes-top:0px;--awb-border-sizes-bottom:0px;\" ><div class=\"fusion-builder-row fusion-row\"><div class=\"fusion-layout-column fusion_builder_column fusion-builder-column-0 fusion_builder_column_1_1 1_1 fusion-one-full fusion-column-first fusion-column-last fusion-column-no-min-height\" style=\"--awb-bg-size:cover;--awb-margin-bottom:0px;\"><div class=\"fusion-column-wrapper fusion-flex-column-wrapper-legacy\"><div class=\"fusion-text fusion-text-1\"><h1 style=\"text-align: center;\">L\u2019eau min\u00e9rale naturelle Pineo et chlore<\/h1>\n<\/div><div class=\"fusion-clearfix\"><\/div><\/div><\/div><div class=\"fusion-layout-column fusion_builder_column fusion-builder-column-1 fusion_builder_column_1_1 1_1 fusion-one-full fusion-column-first fusion-column-last\" style=\"--awb-bg-size:cover;\"><div class=\"fusion-column-wrapper fusion-flex-column-wrapper-legacy\"><div class=\"fusion-text fusion-text-2\"><h2>Qu\u2019est-ce que le chlore\u2009?<\/h2>\n<p>Le chlore est un min\u00e9ral, qui est \u00e9galement appel\u00e9 chlorure. Le chlorure est un composant de sel (sel = chlorure de sodium). Le chlore peut \u00eatre go\u00fbt\u00e9 et senti. Dans plusieurs pays, vous go\u00fbtez et sentez le chlore dans l\u2019eau du robinet, vous le sentez aussi dans les piscines. Vous pouvez go\u00fbter le chlore \u00e0 250\u00a0mg\/l (source WHO\/SDE\/WSH\/03.04\/03 chlorure dans l\u2019eau potable, p. 3). Le chlore tue les bact\u00e9ries et c\u2019est la raison pour laquelle on l\u2019ajoute \u00e0 l\u2019eau du robinet et dans les piscines.<\/p>\n<\/div><div class=\"fusion-clearfix\"><\/div><\/div><\/div><\/div><\/div><div class=\"fusion-fullwidth fullwidth-box fusion-builder-row-2 fusion-parallax-fixed nonhundred-percent-fullwidth non-hundred-percent-height-scrolling\" style=\"--awb-border-radius-top-left:0px;--awb-border-radius-top-right:0px;--awb-border-radius-bottom-right:0px;--awb-border-radius-bottom-left:0px;--awb-padding-top:20px;--awb-padding-bottom:20px;--awb-background-image:url(&quot;https:\/\/www.pineo.cat\/wp-content\/uploads\/2016\/06\/Pineo-glas.jpg&quot;);--awb-background-size:cover;--awb-border-sizes-top:0px;--awb-border-sizes-bottom:0px;background-attachment:fixed;\" ><div class=\"fusion-builder-row fusion-row\"><div class=\"fusion-layout-column fusion_builder_column fusion-builder-column-2 fusion_builder_column_1_3 1_3 fusion-one-third fusion-column-first\" style=\"--awb-padding-top:20px;--awb-padding-right:20px;--awb-padding-bottom:20px;--awb-padding-left:20px;--awb-bg-color:#5492c9;--awb-bg-size:cover;width:30.6666%; margin-right: 4%;\"><div class=\"fusion-column-wrapper fusion-flex-column-wrapper-legacy\"><div class=\"fusion-text fusion-text-3\"><h2><span style=\"color: #ffffff;\">Une eau pauvre en chlore pour un go\u00fbt parfait<\/span><\/h2>\n<p><span style=\"color: #ffffff;\">Certaines marques d\u2019eau min\u00e9rale lavent leurs bouteilles avec du chlore et on ajoute du chlore \u00e0 une grande quantit\u00e9 d\u2019eau afin de la maintenir st\u00e9rile, et de tuer les bact\u00e9ries. L\u2019eau Pineo est naturellement pure du point de vue bact\u00e9rien et n\u2019est d\u00e9lib\u00e9r\u00e9ment pas lav\u00e9e avec du chlore. C\u2019est beaucoup mieux pour le go\u00fbt. Les eaux min\u00e9rales naturelles contenant plus de chlore sont d\u00e9conseill\u00e9es lors d\u2019un d\u00eener en raison de leur odeur et go\u00fbt.<\/span><\/p>\n<p><span style=\"color: #ffffff;\"> Pineo contient 1,9\u00a0mg\/litre en chlore.<\/span><\/p>\n<\/div><div class=\"fusion-clearfix\"><\/div><\/div><\/div><\/div><\/div><div class=\"fusion-fullwidth fullwidth-box fusion-builder-row-3 fusion-parallax-none nonhundred-percent-fullwidth non-hundred-percent-height-scrolling fusion-equal-height-columns\" style=\"--awb-border-radius-top-left:0px;--awb-border-radius-top-right:0px;--awb-border-radius-bottom-right:0px;--awb-border-radius-bottom-left:0px;--awb-padding-top:20px;--awb-padding-bottom:20px;--awb-background-image:url(&quot;https:\/\/www.pineo.cat\/wp-content\/uploads\/2016\/03\/Abstract-achtergrond2.jpg&quot;);--awb-background-size:cover;--awb-border-sizes-top:0px;--awb-border-sizes-bottom:0px;\" ><div class=\"fusion-builder-row fusion-row\"><div class=\"fusion-layout-column fusion_builder_column fusion-builder-column-3 fusion_builder_column_1_2 1_2 fusion-one-half fusion-column-first\" style=\"--awb-bg-size:cover;width:48%; margin-right: 4%;\"><div class=\"fusion-column-wrapper fusion-flex-column-wrapper-legacy\"><div class=\"fusion-column-content-centered\"><div class=\"fusion-column-content\"><div class=\"fusion-text fusion-text-4\"><h2 style=\"text-align: center;\">Les quantit\u00e9s de chlorures dans les diff\u00e9rentes marques d\u2019eau min\u00e9rale<\/h2>\n<table width=\"600\">\n<tbody>\n<tr>\n<td width=\"300\"><strong>Marque<\/strong><\/td>\n<td width=\"300\"><strong>Chlorures mg\/litre<\/strong><\/td>\n<\/tr>\n<tr>\n<td width=\"100\">Vichy catalan<\/td>\n<td width=\"115\">584<\/td>\n<\/tr>\n<tr>\n<td width=\"100\">Selters<\/td>\n<td width=\"115\">270<\/td>\n<\/tr>\n<tr>\n<td width=\"100\">San Pellegrino<\/td>\n<td width=\"115\">54<\/td>\n<\/tr>\n<tr>\n<td width=\"100\">Ordal<\/td>\n<td width=\"115\">42<\/td>\n<\/tr>\n<tr>\n<td width=\"100\">Chaudfontaine<\/td>\n<td width=\"115\">35<\/td>\n<\/tr>\n<tr>\n<td width=\"100\">Tonissteiner<\/td>\n<td width=\"115\">32<\/td>\n<\/tr>\n<tr>\n<td width=\"100\">Perrier<\/td>\n<td width=\"115\">25<\/td>\n<\/tr>\n<tr>\n<td width=\"100\">Gerolsteiner<\/td>\n<td width=\"115\">9<\/td>\n<\/tr>\n<tr>\n<td width=\"100\">Voss<\/td>\n<td width=\"115\">6<\/td>\n<\/tr>\n<tr>\n<td width=\"100\">Evian<\/td>\n<td width=\"115\">6<\/td>\n<\/tr>\n<tr>\n<td width=\"100\">Spa<\/td>\n<td width=\"115\">5<\/td>\n<\/tr>\n<tr>\n<td width=\"100\">Fiji<\/td>\n<td width=\"115\">5<\/td>\n<\/tr>\n<tr>\n<td width=\"100\"><strong>Pineo<\/strong><\/td>\n<td width=\"115\"><strong>1,9<\/strong><\/td>\n<\/tr>\n<\/tbody>\n<\/table>\n<\/div><\/div><\/div><div class=\"fusion-clearfix\"><\/div><\/div><\/div><div class=\"fusion-layout-column fusion_builder_column fusion-builder-column-4 fusion_builder_column_1_2 1_2 fusion-one-half fusion-column-last\" style=\"--awb-bg-size:cover;width:48%;\"><div class=\"fusion-column-wrapper fusion-flex-column-wrapper-legacy\"><div class=\"fusion-column-content-centered\"><div class=\"fusion-column-content\"><div class=\"fusion-text fusion-text-5\"><p style=\"text-align: center;\"><a href=\"https:\/\/www.pineo.cat\/fr\/produits\/\"><img decoding=\"async\" class=\"alignnone wp-image-909\" src=\"https:\/\/www.pineo.cat\/wp-content\/uploads\/2016\/03\/Pineo-1L-packshots-zonder-spiegeling-300x259.png\" alt=\"Recherche de chlore dans l\u2019eau\" width=\"268\" height=\"231\" \/><\/a><\/p>\n<\/div><div class=\"fusion-aligncenter\"><a class=\"fusion-button button-flat fusion-button-default-size button-darkgreen fusion-button-darkgreen button-1 fusion-button-default-span fusion-button-default-type\" target=\"_self\" href=\"https:\/\/www.pineo.cat\/fr\/produits\/\"><span class=\"fusion-button-text\">Voir nos produits<\/span><\/a><\/div><\/div><\/div><div class=\"fusion-clearfix\"><\/div><\/div><\/div><\/div><\/div><\/p>\n","protected":false},"excerpt":{"rendered":"","protected":false},"author":2,"featured_media":0,"parent":2294,"menu_order":32,"comment_status":"closed","ping_status":"closed","template":"100-width.php","meta":{"footnotes":""},"yoast_head":"<!-- This site is optimized with the Yoast SEO plugin v21.0 - https:\/\/yoast.com\/wordpress\/plugins\/seo\/ -->\n<title>L\u2019eau min\u00e9rale Pineo et chlore + go\u00fbt parfait<\/title>\n<meta name=\"description\" content=\"Le chlore est un min\u00e9ral, qui est \u00e9galement appel\u00e9 chlorure. Choisissez l\u2019eau min\u00e9rale naturelle Pineo. Pineo contient 1,9\u00a0mg\/litre en chlore\" \/>\n<meta name=\"robots\" content=\"index, follow, max-snippet:-1, max-image-preview:large, max-video-preview:-1\" \/>\n<link rel=\"canonical\" href=\"https:\/\/www.pineo.cat\/fr\/pourquoi-pineo\/chlore\/\" \/>\n<meta property=\"og:locale\" content=\"fr_FR\" \/>\n<meta property=\"og:type\" content=\"article\" \/>\n<meta property=\"og:title\" content=\"L\u2019eau min\u00e9rale Pineo et chlore + go\u00fbt parfait\" \/>\n<meta property=\"og:description\" content=\"Le chlore est un min\u00e9ral, qui est \u00e9galement appel\u00e9 chlorure. Choisissez l\u2019eau min\u00e9rale naturelle Pineo. Pineo contient 1,9\u00a0mg\/litre en chlore\" \/>\n<meta property=\"og:url\" content=\"https:\/\/www.pineo.cat\/fr\/pourquoi-pineo\/chlore\/\" \/>\n<meta property=\"og:site_name\" content=\"Pineo\" \/>\n<meta property=\"article:modified_time\" content=\"2017-06-28T07:00:03+00:00\" \/>\n<meta property=\"og:image\" content=\"https:\/\/www.pineo.cat\/wp-content\/uploads\/2016\/03\/Pineo-1L-packshots-zonder-spiegeling-300x259.png\" \/>\n<meta name=\"twitter:card\" content=\"summary_large_image\" \/>\n<meta name=\"twitter:label1\" content=\"Dur\u00e9e de lecture estim\u00e9e\" \/>\n\t<meta name=\"twitter:data1\" content=\"5 minutes\" \/>\n<script type=\"application\/ld+json\" class=\"yoast-schema-graph\">{\"@context\":\"https:\/\/schema.org\",\"@graph\":[{\"@type\":\"WebPage\",\"@id\":\"https:\/\/www.pineo.cat\/fr\/pourquoi-pineo\/chlore\/\",\"url\":\"https:\/\/www.pineo.cat\/fr\/pourquoi-pineo\/chlore\/\",\"name\":\"L\u2019eau min\u00e9rale Pineo et chlore + go\u00fbt parfait\",\"isPartOf\":{\"@id\":\"https:\/\/www.pineo.cat\/fr\/#website\"},\"datePublished\":\"2016-07-27T13:39:41+00:00\",\"dateModified\":\"2017-06-28T07:00:03+00:00\",\"description\":\"Le chlore est un min\u00e9ral, qui est \u00e9galement appel\u00e9 chlorure. Choisissez l\u2019eau min\u00e9rale naturelle Pineo. Pineo contient 1,9\u00a0mg\/litre en chlore\",\"breadcrumb\":{\"@id\":\"https:\/\/www.pineo.cat\/fr\/pourquoi-pineo\/chlore\/#breadcrumb\"},\"inLanguage\":\"fr-FR\",\"potentialAction\":[{\"@type\":\"ReadAction\",\"target\":[\"https:\/\/www.pineo.cat\/fr\/pourquoi-pineo\/chlore\/\"]}]},{\"@type\":\"BreadcrumbList\",\"@id\":\"https:\/\/www.pineo.cat\/fr\/pourquoi-pineo\/chlore\/#breadcrumb\",\"itemListElement\":[{\"@type\":\"ListItem\",\"position\":1,\"name\":\"Home\",\"item\":\"https:\/\/www.pineo.cat\/fr\/\"},{\"@type\":\"ListItem\",\"position\":2,\"name\":\"Waarom Pineo FR\",\"item\":\"https:\/\/www.pineo.cat\/fr\/pourquoi-pineo\/\"},{\"@type\":\"ListItem\",\"position\":3,\"name\":\"Chloorarm FR\"}]},{\"@type\":\"WebSite\",\"@id\":\"https:\/\/www.pineo.cat\/fr\/#website\",\"url\":\"https:\/\/www.pineo.cat\/fr\/\",\"name\":\"Pineo\",\"description\":\"Pineo: naturally-arising natural mineral water from the Spanish Pyrenees\",\"publisher\":{\"@id\":\"https:\/\/www.pineo.cat\/fr\/#organization\"},\"potentialAction\":[{\"@type\":\"SearchAction\",\"target\":{\"@type\":\"EntryPoint\",\"urlTemplate\":\"https:\/\/www.pineo.cat\/fr\/?s={search_term_string}\"},\"query-input\":\"required name=search_term_string\"}],\"inLanguage\":\"fr-FR\"},{\"@type\":\"Organization\",\"@id\":\"https:\/\/www.pineo.cat\/fr\/#organization\",\"name\":\"Pineo\",\"url\":\"https:\/\/www.pineo.cat\/fr\/\",\"logo\":{\"@type\":\"ImageObject\",\"inLanguage\":\"fr-FR\",\"@id\":\"https:\/\/www.pineo.cat\/fr\/#\/schema\/logo\/image\/\",\"url\":\"https:\/\/www.pineo.cat\/wp-content\/uploads\/2016\/07\/pineo-logo.png\",\"contentUrl\":\"https:\/\/www.pineo.cat\/wp-content\/uploads\/2016\/07\/pineo-logo.png\",\"width\":197,\"height\":56,\"caption\":\"Pineo\"},\"image\":{\"@id\":\"https:\/\/www.pineo.cat\/fr\/#\/schema\/logo\/image\/\"}}]}<\/script>\n<!-- \/ Yoast SEO plugin. -->","yoast_head_json":{"title":"L\u2019eau min\u00e9rale Pineo et chlore + go\u00fbt parfait","description":"Le chlore est un min\u00e9ral, qui est \u00e9galement appel\u00e9 chlorure. Choisissez l\u2019eau min\u00e9rale naturelle Pineo. Pineo contient 1,9\u00a0mg\/litre en chlore","robots":{"index":"index","follow":"follow","max-snippet":"max-snippet:-1","max-image-preview":"max-image-preview:large","max-video-preview":"max-video-preview:-1"},"canonical":"https:\/\/www.pineo.cat\/fr\/pourquoi-pineo\/chlore\/","og_locale":"fr_FR","og_type":"article","og_title":"L\u2019eau min\u00e9rale Pineo et chlore + go\u00fbt parfait","og_description":"Le chlore est un min\u00e9ral, qui est \u00e9galement appel\u00e9 chlorure. Choisissez l\u2019eau min\u00e9rale naturelle Pineo. Pineo contient 1,9\u00a0mg\/litre en chlore","og_url":"https:\/\/www.pineo.cat\/fr\/pourquoi-pineo\/chlore\/","og_site_name":"Pineo","article_modified_time":"2017-06-28T07:00:03+00:00","og_image":[{"url":"https:\/\/www.pineo.cat\/wp-content\/uploads\/2016\/03\/Pineo-1L-packshots-zonder-spiegeling-300x259.png"}],"twitter_card":"summary_large_image","twitter_misc":{"Dur\u00e9e de lecture estim\u00e9e":"5 minutes"},"schema":{"@context":"https:\/\/schema.org","@graph":[{"@type":"WebPage","@id":"https:\/\/www.pineo.cat\/fr\/pourquoi-pineo\/chlore\/","url":"https:\/\/www.pineo.cat\/fr\/pourquoi-pineo\/chlore\/","name":"L\u2019eau min\u00e9rale Pineo et chlore + go\u00fbt parfait","isPartOf":{"@id":"https:\/\/www.pineo.cat\/fr\/#website"},"datePublished":"2016-07-27T13:39:41+00:00","dateModified":"2017-06-28T07:00:03+00:00","description":"Le chlore est un min\u00e9ral, qui est \u00e9galement appel\u00e9 chlorure. Choisissez l\u2019eau min\u00e9rale naturelle Pineo. Pineo contient 1,9\u00a0mg\/litre en chlore","breadcrumb":{"@id":"https:\/\/www.pineo.cat\/fr\/pourquoi-pineo\/chlore\/#breadcrumb"},"inLanguage":"fr-FR","potentialAction":[{"@type":"ReadAction","target":["https:\/\/www.pineo.cat\/fr\/pourquoi-pineo\/chlore\/"]}]},{"@type":"BreadcrumbList","@id":"https:\/\/www.pineo.cat\/fr\/pourquoi-pineo\/chlore\/#breadcrumb","itemListElement":[{"@type":"ListItem","position":1,"name":"Home","item":"https:\/\/www.pineo.cat\/fr\/"},{"@type":"ListItem","position":2,"name":"Waarom Pineo FR","item":"https:\/\/www.pineo.cat\/fr\/pourquoi-pineo\/"},{"@type":"ListItem","position":3,"name":"Chloorarm FR"}]},{"@type":"WebSite","@id":"https:\/\/www.pineo.cat\/fr\/#website","url":"https:\/\/www.pineo.cat\/fr\/","name":"Pineo","description":"Pineo: naturally-arising natural mineral water from the Spanish Pyrenees","publisher":{"@id":"https:\/\/www.pineo.cat\/fr\/#organization"},"potentialAction":[{"@type":"SearchAction","target":{"@type":"EntryPoint","urlTemplate":"https:\/\/www.pineo.cat\/fr\/?s={search_term_string}"},"query-input":"required name=search_term_string"}],"inLanguage":"fr-FR"},{"@type":"Organization","@id":"https:\/\/www.pineo.cat\/fr\/#organization","name":"Pineo","url":"https:\/\/www.pineo.cat\/fr\/","logo":{"@type":"ImageObject","inLanguage":"fr-FR","@id":"https:\/\/www.pineo.cat\/fr\/#\/schema\/logo\/image\/","url":"https:\/\/www.pineo.cat\/wp-content\/uploads\/2016\/07\/pineo-logo.png","contentUrl":"https:\/\/www.pineo.cat\/wp-content\/uploads\/2016\/07\/pineo-logo.png","width":197,"height":56,"caption":"Pineo"},"image":{"@id":"https:\/\/www.pineo.cat\/fr\/#\/schema\/logo\/image\/"}}]}},"_links":{"self":[{"href":"https:\/\/www.pineo.cat\/fr\/wp-json\/wp\/v2\/pages\/2310"}],"collection":[{"href":"https:\/\/www.pineo.cat\/fr\/wp-json\/wp\/v2\/pages"}],"about":[{"href":"https:\/\/www.pineo.cat\/fr\/wp-json\/wp\/v2\/types\/page"}],"author":[{"embeddable":true,"href":"https:\/\/www.pineo.cat\/fr\/wp-json\/wp\/v2\/users\/2"}],"replies":[{"embeddable":true,"href":"https:\/\/www.pineo.cat\/fr\/wp-json\/wp\/v2\/comments?post=2310"}],"version-history":[{"count":11,"href":"https:\/\/www.pineo.cat\/fr\/wp-json\/wp\/v2\/pages\/2310\/revisions"}],"predecessor-version":[{"id":4188,"href":"https:\/\/www.pineo.cat\/fr\/wp-json\/wp\/v2\/pages\/2310\/revisions\/4188"}],"up":[{"embeddable":true,"href":"https:\/\/www.pineo.cat\/fr\/wp-json\/wp\/v2\/pages\/2294"}],"wp:attachment":[{"href":"https:\/\/www.pineo.cat\/fr\/wp-json\/wp\/v2\/media?parent=2310"}],"curies":[{"name":"wp","href":"https:\/\/api.w.org\/{rel}","templated":true}]}}