{"id":2307,"date":"2016-07-27T15:28:05","date_gmt":"2016-07-27T13:28:05","guid":{"rendered":"https:\/\/www.pineo.cat\/?page_id=2307"},"modified":"2017-06-28T09:35:13","modified_gmt":"2017-06-28T07:35:13","slug":"eau-sodium","status":"publish","type":"page","link":"https:\/\/www.pineo.cat\/fr\/pourquoi-pineo\/eau-sodium\/","title":{"rendered":"Natriumarm FR"},"content":{"rendered":"<p><div class=\"fusion-fullwidth fullwidth-box fusion-builder-row-1 nonhundred-percent-fullwidth non-hundred-percent-height-scrolling\" style=\"--awb-background-position:left top;--awb-border-radius-top-left:0px;--awb-border-radius-top-right:0px;--awb-border-radius-bottom-right:0px;--awb-border-radius-bottom-left:0px;--awb-padding-top:20px;--awb-padding-bottom:20px;--awb-border-sizes-top:0px;--awb-border-sizes-bottom:0px;\" ><div class=\"fusion-builder-row fusion-row\"><div class=\"fusion-layout-column fusion_builder_column fusion-builder-column-0 fusion_builder_column_1_1 1_1 fusion-one-full fusion-column-first fusion-column-last fusion-column-no-min-height\" style=\"--awb-bg-size:cover;--awb-margin-bottom:0px;\"><div class=\"fusion-column-wrapper fusion-flex-column-wrapper-legacy\"><div class=\"fusion-title title fusion-title-1 fusion-sep-none fusion-title-center fusion-title-text fusion-title-size-one\"><h1 class=\"title-heading-center fusion-responsive-typography-calculated\" style=\"margin:0;--fontSize:45;line-height:1.07;\"><h1 style=\"text-align: center;\">L\u2019eau min\u00e9rale naturelle Pineo est pauvre en sodium Choisissez les bons min\u00e9raux<\/h1><\/h1><\/div><div class=\"fusion-clearfix\"><\/div><\/div><\/div><\/div><\/div><div class=\"fusion-fullwidth fullwidth-box fusion-builder-row-2 nonhundred-percent-fullwidth non-hundred-percent-height-scrolling\" style=\"--awb-background-position:left top;--awb-border-radius-top-left:0px;--awb-border-radius-top-right:0px;--awb-border-radius-bottom-right:0px;--awb-border-radius-bottom-left:0px;--awb-padding-top:20px;--awb-padding-bottom:20px;--awb-border-sizes-top:0px;--awb-border-sizes-bottom:0px;\" ><div class=\"fusion-builder-row fusion-row\"><div class=\"fusion-layout-column fusion_builder_column fusion-builder-column-1 fusion_builder_column_1_1 1_1 fusion-one-full fusion-column-first fusion-column-last fusion-column-no-min-height\" style=\"--awb-bg-size:cover;--awb-margin-bottom:0px;\"><div class=\"fusion-column-wrapper fusion-flex-column-wrapper-legacy\"><div class=\"fusion-text fusion-text-1\"><p>L\u2019eau n\u2019est pas tout simplement de l\u2019eau. L\u2019eau de pluie, l\u2019eau du robinet ou l\u2019eau achet\u00e9e dans une bouteille d\u2019eau min\u00e9rale sont toutes diff\u00e9rente. Le terme \u00ab\u2009eau min\u00e9rale naturelle\u2009\u00bb t\u00e9moigne d\u2019une puret\u00e9 originale et d\u2019un \u00e9quilibre min\u00e9ral constant. Une eau ne peut \u00eatre d\u00e9nomm\u00e9e ainsi qu\u2019\u00e0 juste titre. C\u2019est un nom prot\u00e9g\u00e9 par la loi et soumis \u00e0 des exigences strictes.<\/p>\n<p>Les min\u00e9raux et les autres substances dans l\u2019eau min\u00e9rale naturelle garantissent son go\u00fbt et rendent chaque source, et par cons\u00e9quent chaque eau, unique. Il est important de choisir la bonne eau.<\/p>\n<\/div><div class=\"fusion-clearfix\"><\/div><\/div><\/div><\/div><\/div><div class=\"fusion-fullwidth fullwidth-box fusion-builder-row-3 fusion-parallax-fixed nonhundred-percent-fullwidth non-hundred-percent-height-scrolling\" style=\"--awb-border-radius-top-left:0px;--awb-border-radius-top-right:0px;--awb-border-radius-bottom-right:0px;--awb-border-radius-bottom-left:0px;--awb-padding-top:20px;--awb-padding-bottom:20px;--awb-background-color:#ddb382;--awb-background-image:url(&quot;https:\/\/www.pineo.cat\/wp-content\/uploads\/2016\/03\/Natrium-zout.jpg&quot;);--awb-background-size:cover;--awb-border-sizes-top:0px;--awb-border-sizes-bottom:0px;background-attachment:fixed;\" ><div class=\"fusion-builder-row fusion-row\"><div class=\"fusion-layout-column fusion_builder_column fusion-builder-column-2 fusion_builder_column_3_5 3_5 fusion-three-fifth fusion-column-first\" style=\"--awb-bg-size:cover;width:58.4%; margin-right: 4%;\"><div class=\"fusion-column-wrapper fusion-flex-column-wrapper-legacy\"><div class=\"fusion-clearfix\"><\/div><\/div><\/div><div class=\"fusion-layout-column fusion_builder_column fusion-builder-column-3 fusion_builder_column_2_5 2_5 fusion-two-fifth fusion-column-last\" style=\"--awb-bg-size:cover;width:37.6%;\"><div class=\"fusion-column-wrapper fusion-flex-column-wrapper-legacy\"><div class=\"fusion-text fusion-text-2\"><h2><span style=\"color: #ffffff;\">Qu\u2019est-ce que le sodium\u2009?<\/span><\/h2>\n<p><span style=\"color: #ffffff;\">Chaque eau contient du sodium. Notre corps a besoin de sodium, l\u2019un des composants du sel, \u00e9galement connu sous le nom de chlorure de sodium.<\/span><\/p>\n<p><span style=\"color: #ffffff;\">L\u2019Organisation mondiale de la sant\u00e9 (OMS) recommande un maximum de 5 grammes de sel par jour. 1\u00a0g de sel contient 0,4\u00a0g de sodium.<\/span><\/p>\n<\/div><div class=\"fusion-clearfix\"><\/div><\/div><\/div><\/div><\/div><div class=\"fusion-fullwidth fullwidth-box fusion-builder-row-4 nonhundred-percent-fullwidth non-hundred-percent-height-scrolling fusion-equal-height-columns\" style=\"--awb-border-radius-top-left:0px;--awb-border-radius-top-right:0px;--awb-border-radius-bottom-right:0px;--awb-border-radius-bottom-left:0px;--awb-padding-top:20px;--awb-padding-bottom:20px;--awb-border-sizes-top:0px;--awb-border-sizes-bottom:0px;\" ><div class=\"fusion-builder-row fusion-row\"><div class=\"fusion-layout-column fusion_builder_column fusion-builder-column-4 fusion_builder_column_1_3 1_3 fusion-one-third fusion-column-first\" style=\"--awb-padding-top:20px;--awb-padding-right:20px;--awb-padding-bottom:20px;--awb-padding-left:20px;--awb-bg-color:#d7eff4;--awb-bg-size:cover;width:30.6666%; margin-right: 4%;\"><div class=\"fusion-column-wrapper fusion-flex-column-wrapper-legacy\"><div class=\"fusion-column-content-centered\"><div class=\"fusion-column-content\"><div class=\"fusion-text fusion-text-3\"><h2>La nourriture est riche en sodium, optez plut\u00f4t pour une faible teneur en sodium<\/h2>\n<p>Lorsque nous pr\u00e9parons nos repas, le sel (y compris le sodium) est souvent ajout\u00e9 afin d\u2019obtenir plus de saveur ou comme agent de conservation. Il se produit naturellement dans la nature et dans le corps humain. Notre corps ne peut pas toujours dig\u00e9rer trop de sel.<\/p>\n<\/div><\/div><\/div><div class=\"fusion-clearfix\"><\/div><\/div><\/div><div class=\"fusion-layout-column fusion_builder_column fusion-builder-column-5 fusion_builder_column_2_3 2_3 fusion-two-third fusion-column-last\" style=\"--awb-bg-size:cover;width:65.3333%;\"><div class=\"fusion-column-wrapper fusion-flex-column-wrapper-legacy\"><div class=\"fusion-column-content-centered\"><div class=\"fusion-column-content\"><div class=\"fusion-text fusion-text-4\"><h2>Combien de sodium y a-t-il dans notre eau\u2009?<\/h2>\n<p>Le sodium se trouve d\u2019une fa\u00e7on naturelle dans l\u2019eau et est d\u00e9riv\u00e9 de roches et de sols. La quantit\u00e9 de sodium dans l\u2019eau d\u00e9pend des conditions g\u00e9ologiques.<\/p>\n<p>Il y a une limite \u00e0 la quantit\u00e9 de sodium qui peut \u00eatre pr\u00e9sente dans l\u2019eau potable (eau du robinet). Le niveau de sodium dans l\u2019eau min\u00e9rale naturelle est g\u00e9n\u00e9ralement plus \u00e9lev\u00e9. L\u2019UE applique une teneur maximale en sodium de 200 mg\/l. Dans certains pays, cette teneur est inf\u00e9rieure, comme aux Pays-Bas, o\u00f9 s\u2019applique un maximum de 150 mg\/l.<\/p>\n<\/div><\/div><\/div><div class=\"fusion-clearfix\"><\/div><\/div><\/div><\/div><\/div><div class=\"fusion-fullwidth fullwidth-box fusion-builder-row-5 fusion-parallax-none nonhundred-percent-fullwidth non-hundred-percent-height-scrolling fusion-equal-height-columns\" style=\"--awb-border-radius-top-left:0px;--awb-border-radius-top-right:0px;--awb-border-radius-bottom-right:0px;--awb-border-radius-bottom-left:0px;--awb-padding-top:20px;--awb-padding-bottom:20px;--awb-background-color:#d7eff4;--awb-background-image:url(&quot;https:\/\/www.pineo.cat\/wp-content\/uploads\/2016\/03\/Abstract-achtergrond2.jpg&quot;);--awb-background-size:cover;--awb-border-sizes-top:0px;--awb-border-sizes-bottom:0px;\" ><div class=\"fusion-builder-row fusion-row\"><div class=\"fusion-layout-column fusion_builder_column fusion-builder-column-6 fusion_builder_column_3_5 3_5 fusion-three-fifth fusion-column-first\" style=\"--awb-padding-top:40px;--awb-padding-right:40px;--awb-padding-bottom:40px;--awb-padding-left:40px;--awb-bg-size:cover;--awb-border-color:#5492c9;--awb-border-top:5px;--awb-border-right:5px;--awb-border-bottom:5px;--awb-border-left:5px;--awb-border-style:solid;width:58.4%; margin-right: 4%;\"><div class=\"fusion-column-wrapper fusion-flex-column-wrapper-legacy\"><div class=\"fusion-text fusion-text-5\"><h2>Comparaison de la teneur en sodium<\/h2>\n<table width=\"600\">\n<tbody>\n<tr>\n<td width=\"300\"><strong>Marque<\/strong><\/td>\n<td width=\"300\"><strong>Teneur en sodium mg\/l<\/strong><\/td>\n<\/tr>\n<tr>\n<td>Vichy catalan<\/td>\n<td>1070<\/td>\n<\/tr>\n<tr>\n<td>Appolinaris<\/td>\n<td>410<\/td>\n<\/tr>\n<tr>\n<td>Christinen<\/td>\n<td>371<\/td>\n<\/tr>\n<tr>\n<td>Badoit<\/td>\n<td>165<\/td>\n<\/tr>\n<tr>\n<td>Gerolsteiner<\/td>\n<td>118<\/td>\n<\/tr>\n<tr>\n<td>Tonissteiner<\/td>\n<td>108<\/td>\n<\/tr>\n<tr>\n<td>Chaudfontaine<\/td>\n<td>44<\/td>\n<\/tr>\n<tr>\n<td>San Pellegrino<\/td>\n<td>33<\/td>\n<\/tr>\n<tr>\n<td>Fiji<\/td>\n<td>18<\/td>\n<\/tr>\n<tr>\n<td>Perrier<\/td>\n<td>11<\/td>\n<\/tr>\n<tr>\n<td>Evian<\/td>\n<td>5<\/td>\n<\/tr>\n<tr>\n<td>Solan de cabras<\/td>\n<td>5<\/td>\n<\/tr>\n<tr>\n<td>Spa<\/td>\n<td>3<\/td>\n<\/tr>\n<tr>\n<td>Lauretana<\/td>\n<td>1<\/td>\n<\/tr>\n<tr>\n<td><strong>Pineo<\/strong><\/td>\n<td><strong>0,9<\/strong><\/td>\n<\/tr>\n<\/tbody>\n<\/table>\n<\/div><div class=\"fusion-clearfix\"><\/div><\/div><\/div><\/div><\/div><div class=\"fusion-fullwidth fullwidth-box fusion-builder-row-6 nonhundred-percent-fullwidth non-hundred-percent-height-scrolling fusion-equal-height-columns\" style=\"--awb-background-position:left top;--awb-border-radius-top-left:0px;--awb-border-radius-top-right:0px;--awb-border-radius-bottom-right:0px;--awb-border-radius-bottom-left:0px;--awb-padding-top:20px;--awb-padding-bottom:20px;--awb-border-sizes-top:0px;--awb-border-sizes-bottom:0px;\" ><div class=\"fusion-builder-row fusion-row\"><div class=\"fusion-layout-column fusion_builder_column fusion-builder-column-7 fusion_builder_column_1_2 1_2 fusion-one-half fusion-column-first\" style=\"--awb-bg-size:cover;width:48%; margin-right: 4%;\"><div class=\"fusion-column-wrapper fusion-flex-column-wrapper-legacy\"><div class=\"fusion-column-content-centered\"><div class=\"fusion-column-content\"><div class=\"fusion-text fusion-text-6\"><h2>L\u2019eau min\u00e9rale naturelle Pineo est pauvre en sodium<\/h2>\n<p>Pineo est une eau min\u00e9rale naturelle avec une faible teneur en sodium. Elle contient notamment 0,9\u00a0mg par litre d\u2019eau. Largement en dessous du taux maximum de 200\u00a0mg\/l.<\/p>\n<\/div><div class=\"fusion-button-wrapper\"><a class=\"fusion-button button-flat fusion-button-default-size button-darkgreen fusion-button-darkgreen button-1 fusion-button-default-span fusion-button-default-type\" target=\"_self\" href=\"https:\/\/www.pineo.cat\/fr\/produits\/\"><span class=\"fusion-button-text\">Voir nos produits<\/span><\/a><\/div><\/div><\/div><div class=\"fusion-clearfix\"><\/div><\/div><\/div><div class=\"fusion-layout-column fusion_builder_column fusion-builder-column-8 fusion_builder_column_1_2 1_2 fusion-one-half fusion-column-last\" style=\"--awb-bg-size:cover;width:48%;\"><div class=\"fusion-column-wrapper fusion-flex-column-wrapper-legacy\"><div class=\"fusion-image-element in-legacy-container\" style=\"--awb-caption-title-size:var(--h2_typography-font-size);--awb-caption-title-transform:var(--h2_typography-text-transform);--awb-caption-title-line-height:var(--h2_typography-line-height);--awb-caption-title-letter-spacing:var(--h2_typography-letter-spacing);\"><span class=\" fusion-imageframe imageframe-none imageframe-1 hover-type-none\"><a class=\"fusion-no-lightbox\" href=\"https:\/\/www.pineo.cat\/fr\/produits\/\" target=\"_self\"><img decoding=\"async\" alt=\"Le sodium se trouve dans le sel, choisissez une faible teneur en sodium.\" src=\"https:\/\/www.pineo.cat\/wp-content\/uploads\/2016\/03\/0-Pineo-range-right-1024x576.jpg\" class=\"img-responsive\"\/><\/a><\/span><\/div><div class=\"fusion-clearfix\"><\/div><\/div><\/div><\/div><\/div><\/p>\n","protected":false},"excerpt":{"rendered":"","protected":false},"author":2,"featured_media":0,"parent":2294,"menu_order":122,"comment_status":"closed","ping_status":"closed","template":"100-width.php","meta":{"footnotes":""},"yoast_head":"<!-- This site is optimized with the Yoast SEO plugin v21.0 - https:\/\/yoast.com\/wordpress\/plugins\/seo\/ -->\n<title>Pineo a une faible teneur en sodium<\/title>\n<meta name=\"description\" content=\"L\u2019eau min\u00e9rale naturelle Pineo avec une faible teneur en sodium. L\u2019eau pauvre en sodium est un choix sain et convient \u00e0 un r\u00e9gime contr\u00f4l\u00e9 en sodium.\" \/>\n<meta name=\"robots\" content=\"index, follow, max-snippet:-1, max-image-preview:large, max-video-preview:-1\" \/>\n<link rel=\"canonical\" href=\"https:\/\/www.pineo.cat\/fr\/pourquoi-pineo\/eau-sodium\/\" \/>\n<meta property=\"og:locale\" content=\"fr_FR\" \/>\n<meta property=\"og:type\" content=\"article\" \/>\n<meta property=\"og:title\" content=\"Pineo a une faible teneur en sodium\" \/>\n<meta property=\"og:description\" content=\"L\u2019eau min\u00e9rale naturelle Pineo avec une faible teneur en sodium. L\u2019eau pauvre en sodium est un choix sain et convient \u00e0 un r\u00e9gime contr\u00f4l\u00e9 en sodium.\" \/>\n<meta property=\"og:url\" content=\"https:\/\/www.pineo.cat\/fr\/pourquoi-pineo\/eau-sodium\/\" \/>\n<meta property=\"og:site_name\" content=\"Pineo\" \/>\n<meta property=\"article:modified_time\" content=\"2017-06-28T07:35:13+00:00\" \/>\n<meta property=\"og:image\" content=\"https:\/\/www.pineo.cat\/wp-content\/uploads\/2016\/03\/0-Pineo-range-right-1024x576.jpg\" \/>\n<meta name=\"twitter:card\" content=\"summary_large_image\" \/>\n<meta name=\"twitter:label1\" content=\"Dur\u00e9e de lecture estim\u00e9e\" \/>\n\t<meta name=\"twitter:data1\" content=\"8 minutes\" \/>\n<script type=\"application\/ld+json\" class=\"yoast-schema-graph\">{\"@context\":\"https:\/\/schema.org\",\"@graph\":[{\"@type\":\"WebPage\",\"@id\":\"https:\/\/www.pineo.cat\/fr\/pourquoi-pineo\/eau-sodium\/\",\"url\":\"https:\/\/www.pineo.cat\/fr\/pourquoi-pineo\/eau-sodium\/\",\"name\":\"Pineo a une faible teneur en sodium\",\"isPartOf\":{\"@id\":\"https:\/\/www.pineo.cat\/fr\/#website\"},\"datePublished\":\"2016-07-27T13:28:05+00:00\",\"dateModified\":\"2017-06-28T07:35:13+00:00\",\"description\":\"L\u2019eau min\u00e9rale naturelle Pineo avec une faible teneur en sodium. L\u2019eau pauvre en sodium est un choix sain et convient \u00e0 un r\u00e9gime contr\u00f4l\u00e9 en sodium.\",\"breadcrumb\":{\"@id\":\"https:\/\/www.pineo.cat\/fr\/pourquoi-pineo\/eau-sodium\/#breadcrumb\"},\"inLanguage\":\"fr-FR\",\"potentialAction\":[{\"@type\":\"ReadAction\",\"target\":[\"https:\/\/www.pineo.cat\/fr\/pourquoi-pineo\/eau-sodium\/\"]}]},{\"@type\":\"BreadcrumbList\",\"@id\":\"https:\/\/www.pineo.cat\/fr\/pourquoi-pineo\/eau-sodium\/#breadcrumb\",\"itemListElement\":[{\"@type\":\"ListItem\",\"position\":1,\"name\":\"Home\",\"item\":\"https:\/\/www.pineo.cat\/fr\/\"},{\"@type\":\"ListItem\",\"position\":2,\"name\":\"Waarom Pineo FR\",\"item\":\"https:\/\/www.pineo.cat\/fr\/pourquoi-pineo\/\"},{\"@type\":\"ListItem\",\"position\":3,\"name\":\"Natriumarm FR\"}]},{\"@type\":\"WebSite\",\"@id\":\"https:\/\/www.pineo.cat\/fr\/#website\",\"url\":\"https:\/\/www.pineo.cat\/fr\/\",\"name\":\"Pineo\",\"description\":\"Pineo: naturally-arising natural mineral water from the Spanish Pyrenees\",\"publisher\":{\"@id\":\"https:\/\/www.pineo.cat\/fr\/#organization\"},\"potentialAction\":[{\"@type\":\"SearchAction\",\"target\":{\"@type\":\"EntryPoint\",\"urlTemplate\":\"https:\/\/www.pineo.cat\/fr\/?s={search_term_string}\"},\"query-input\":\"required name=search_term_string\"}],\"inLanguage\":\"fr-FR\"},{\"@type\":\"Organization\",\"@id\":\"https:\/\/www.pineo.cat\/fr\/#organization\",\"name\":\"Pineo\",\"url\":\"https:\/\/www.pineo.cat\/fr\/\",\"logo\":{\"@type\":\"ImageObject\",\"inLanguage\":\"fr-FR\",\"@id\":\"https:\/\/www.pineo.cat\/fr\/#\/schema\/logo\/image\/\",\"url\":\"https:\/\/www.pineo.cat\/wp-content\/uploads\/2016\/07\/pineo-logo.png\",\"contentUrl\":\"https:\/\/www.pineo.cat\/wp-content\/uploads\/2016\/07\/pineo-logo.png\",\"width\":197,\"height\":56,\"caption\":\"Pineo\"},\"image\":{\"@id\":\"https:\/\/www.pineo.cat\/fr\/#\/schema\/logo\/image\/\"}}]}<\/script>\n<!-- \/ Yoast SEO plugin. -->","yoast_head_json":{"title":"Pineo a une faible teneur en sodium","description":"L\u2019eau min\u00e9rale naturelle Pineo avec une faible teneur en sodium. L\u2019eau pauvre en sodium est un choix sain et convient \u00e0 un r\u00e9gime contr\u00f4l\u00e9 en sodium.","robots":{"index":"index","follow":"follow","max-snippet":"max-snippet:-1","max-image-preview":"max-image-preview:large","max-video-preview":"max-video-preview:-1"},"canonical":"https:\/\/www.pineo.cat\/fr\/pourquoi-pineo\/eau-sodium\/","og_locale":"fr_FR","og_type":"article","og_title":"Pineo a une faible teneur en sodium","og_description":"L\u2019eau min\u00e9rale naturelle Pineo avec une faible teneur en sodium. L\u2019eau pauvre en sodium est un choix sain et convient \u00e0 un r\u00e9gime contr\u00f4l\u00e9 en sodium.","og_url":"https:\/\/www.pineo.cat\/fr\/pourquoi-pineo\/eau-sodium\/","og_site_name":"Pineo","article_modified_time":"2017-06-28T07:35:13+00:00","og_image":[{"url":"https:\/\/www.pineo.cat\/wp-content\/uploads\/2016\/03\/0-Pineo-range-right-1024x576.jpg"}],"twitter_card":"summary_large_image","twitter_misc":{"Dur\u00e9e de lecture estim\u00e9e":"8 minutes"},"schema":{"@context":"https:\/\/schema.org","@graph":[{"@type":"WebPage","@id":"https:\/\/www.pineo.cat\/fr\/pourquoi-pineo\/eau-sodium\/","url":"https:\/\/www.pineo.cat\/fr\/pourquoi-pineo\/eau-sodium\/","name":"Pineo a une faible teneur en sodium","isPartOf":{"@id":"https:\/\/www.pineo.cat\/fr\/#website"},"datePublished":"2016-07-27T13:28:05+00:00","dateModified":"2017-06-28T07:35:13+00:00","description":"L\u2019eau min\u00e9rale naturelle Pineo avec une faible teneur en sodium. L\u2019eau pauvre en sodium est un choix sain et convient \u00e0 un r\u00e9gime contr\u00f4l\u00e9 en sodium.","breadcrumb":{"@id":"https:\/\/www.pineo.cat\/fr\/pourquoi-pineo\/eau-sodium\/#breadcrumb"},"inLanguage":"fr-FR","potentialAction":[{"@type":"ReadAction","target":["https:\/\/www.pineo.cat\/fr\/pourquoi-pineo\/eau-sodium\/"]}]},{"@type":"BreadcrumbList","@id":"https:\/\/www.pineo.cat\/fr\/pourquoi-pineo\/eau-sodium\/#breadcrumb","itemListElement":[{"@type":"ListItem","position":1,"name":"Home","item":"https:\/\/www.pineo.cat\/fr\/"},{"@type":"ListItem","position":2,"name":"Waarom Pineo FR","item":"https:\/\/www.pineo.cat\/fr\/pourquoi-pineo\/"},{"@type":"ListItem","position":3,"name":"Natriumarm FR"}]},{"@type":"WebSite","@id":"https:\/\/www.pineo.cat\/fr\/#website","url":"https:\/\/www.pineo.cat\/fr\/","name":"Pineo","description":"Pineo: naturally-arising natural mineral water from the Spanish Pyrenees","publisher":{"@id":"https:\/\/www.pineo.cat\/fr\/#organization"},"potentialAction":[{"@type":"SearchAction","target":{"@type":"EntryPoint","urlTemplate":"https:\/\/www.pineo.cat\/fr\/?s={search_term_string}"},"query-input":"required name=search_term_string"}],"inLanguage":"fr-FR"},{"@type":"Organization","@id":"https:\/\/www.pineo.cat\/fr\/#organization","name":"Pineo","url":"https:\/\/www.pineo.cat\/fr\/","logo":{"@type":"ImageObject","inLanguage":"fr-FR","@id":"https:\/\/www.pineo.cat\/fr\/#\/schema\/logo\/image\/","url":"https:\/\/www.pineo.cat\/wp-content\/uploads\/2016\/07\/pineo-logo.png","contentUrl":"https:\/\/www.pineo.cat\/wp-content\/uploads\/2016\/07\/pineo-logo.png","width":197,"height":56,"caption":"Pineo"},"image":{"@id":"https:\/\/www.pineo.cat\/fr\/#\/schema\/logo\/image\/"}}]}},"_links":{"self":[{"href":"https:\/\/www.pineo.cat\/fr\/wp-json\/wp\/v2\/pages\/2307"}],"collection":[{"href":"https:\/\/www.pineo.cat\/fr\/wp-json\/wp\/v2\/pages"}],"about":[{"href":"https:\/\/www.pineo.cat\/fr\/wp-json\/wp\/v2\/types\/page"}],"author":[{"embeddable":true,"href":"https:\/\/www.pineo.cat\/fr\/wp-json\/wp\/v2\/users\/2"}],"replies":[{"embeddable":true,"href":"https:\/\/www.pineo.cat\/fr\/wp-json\/wp\/v2\/comments?post=2307"}],"version-history":[{"count":15,"href":"https:\/\/www.pineo.cat\/fr\/wp-json\/wp\/v2\/pages\/2307\/revisions"}],"predecessor-version":[{"id":4207,"href":"https:\/\/www.pineo.cat\/fr\/wp-json\/wp\/v2\/pages\/2307\/revisions\/4207"}],"up":[{"embeddable":true,"href":"https:\/\/www.pineo.cat\/fr\/wp-json\/wp\/v2\/pages\/2294"}],"wp:attachment":[{"href":"https:\/\/www.pineo.cat\/fr\/wp-json\/wp\/v2\/media?parent=2307"}],"curies":[{"name":"wp","href":"https:\/\/api.w.org\/{rel}","templated":true}]}}