{"id":2300,"date":"2016-07-27T14:27:23","date_gmt":"2016-07-27T12:27:23","guid":{"rendered":"https:\/\/www.pineo.cat\/?page_id=2300"},"modified":"2017-10-16T06:56:06","modified_gmt":"2017-10-16T04:56:06","slug":"18-atouts","status":"publish","type":"page","link":"https:\/\/www.pineo.cat\/fr\/pourquoi-pineo\/18-atouts\/","title":{"rendered":"18 Sterke punten FR"},"content":{"rendered":"<p><div class=\"fusion-fullwidth fullwidth-box fusion-builder-row-1 nonhundred-percent-fullwidth non-hundred-percent-height-scrolling\" style=\"--awb-background-position:left top;--awb-border-radius-top-left:0px;--awb-border-radius-top-right:0px;--awb-border-radius-bottom-right:0px;--awb-border-radius-bottom-left:0px;--awb-padding-top:20px;--awb-padding-bottom:20px;--awb-border-sizes-top:0px;--awb-border-sizes-bottom:0px;\" ><div class=\"fusion-builder-row fusion-row\"><div class=\"fusion-layout-column fusion_builder_column fusion-builder-column-0 fusion_builder_column_1_1 1_1 fusion-one-full fusion-column-first fusion-column-last fusion-column-no-min-height\" style=\"--awb-bg-size:cover;--awb-margin-bottom:0px;\"><div class=\"fusion-column-wrapper fusion-flex-column-wrapper-legacy\"><div class=\"fusion-title title fusion-title-1 fusion-sep-none fusion-title-center fusion-title-text fusion-title-size-one\"><h1 class=\"title-heading-center fusion-responsive-typography-calculated\" style=\"margin:0;--fontSize:45;line-height:1.07;\">Pineo\u00a0: les 18 atouts d\u2019une eau saine dans une bouteille en verre<\/h1><\/div><div class=\"fusion-clearfix\"><\/div><\/div><\/div><\/div><\/div><div class=\"fusion-fullwidth fullwidth-box fusion-builder-row-2 fusion-parallax-fixed nonhundred-percent-fullwidth non-hundred-percent-height-scrolling\" style=\"--awb-background-position:left center;--awb-border-radius-top-left:0px;--awb-border-radius-top-right:0px;--awb-border-radius-bottom-right:0px;--awb-border-radius-bottom-left:0px;--awb-padding-top:100px;--awb-padding-bottom:100px;--awb-background-image:url(&quot;https:\/\/www.pineo.cat\/wp-content\/uploads\/2016\/03\/JSP6829.jpg&quot;);--awb-background-size:cover;--awb-border-sizes-top:0px;--awb-border-sizes-bottom:0px;background-attachment:fixed;\" ><div class=\"fusion-builder-row fusion-row\"><div class=\"fusion-layout-column fusion_builder_column fusion-builder-column-1 fusion_builder_column_1_2 1_2 fusion-one-half fusion-column-first\" style=\"--awb-bg-size:cover;width:48%; margin-right: 4%;\"><div class=\"fusion-column-wrapper fusion-flex-column-wrapper-legacy\"><div class=\"fusion-text fusion-text-1\"><p><span style=\"color: #ffffff;\">1. Un emballage pratique : dans des caisses.<\/span><br \/>\n<span style=\"color: #ffffff;\">2. Pauvre en sodium (0,9 mg\/l)<\/span><br \/>\n<span style=\"color: #ffffff;\">3. 0 % de pesticides organiques (<a href=\"https:\/\/www.pineo.cat\/fr\/photos\/rapports-recherche\/\">test labo SGS et labo Oliver Rod\u00e9s<\/a>).<\/span><br \/>\n<span style=\"color: #ffffff;\">4. 0 % d\u2019HAP (hydrocarbures aromatiques polycycliques), test du laboratoire Oliver Rod\u00e9s.<\/span><br \/>\n<span style=\"color: #ffffff;\">5. Eau art\u00e9sienne : vivante = eau \u00e0 maturit\u00e9.<\/span><br \/>\n<span style=\"color: #ffffff;\">6. Elle existe depuis 852 : originaire du Monestir Sant Vincenc de Pinsent.<\/span><\/p>\n<\/div><div class=\"fusion-clearfix\"><\/div><\/div><\/div><div class=\"fusion-layout-column fusion_builder_column fusion-builder-column-2 fusion_builder_column_1_2 1_2 fusion-one-half fusion-column-last\" style=\"--awb-bg-size:cover;width:48%;\"><div class=\"fusion-column-wrapper fusion-flex-column-wrapper-legacy\"><div class=\"fusion-text fusion-text-2\"><p>\u00a0<\/p>\n<\/div><div class=\"fusion-clearfix\"><\/div><\/div><\/div><\/div><\/div><div class=\"fusion-fullwidth fullwidth-box fusion-builder-row-3 nonhundred-percent-fullwidth non-hundred-percent-height-scrolling fusion-equal-height-columns\" style=\"--awb-background-position:left top;--awb-border-radius-top-left:0px;--awb-border-radius-top-right:0px;--awb-border-radius-bottom-right:0px;--awb-border-radius-bottom-left:0px;--awb-padding-top:20px;--awb-padding-bottom:20px;--awb-background-color:#d7eff4;--awb-border-sizes-top:0px;--awb-border-sizes-bottom:0px;\" ><div class=\"fusion-builder-row fusion-row\"><div class=\"fusion-layout-column fusion_builder_column fusion-builder-column-3 fusion_builder_column_1_4 1_4 fusion-one-fourth fusion-column-first\" style=\"--awb-bg-color:#ffffff;--awb-bg-size:cover;--awb-border-color:#5492c9;--awb-border-top:5px;--awb-border-right:5px;--awb-border-bottom:5px;--awb-border-left:5px;--awb-border-style:solid;width:22%; margin-right: 4%;\"><div class=\"fusion-column-wrapper fusion-flex-column-wrapper-legacy\"><div class=\"fusion-column-content-centered\"><div class=\"fusion-column-content\"><div class=\"fusion-image-element in-legacy-container\" style=\"--awb-caption-title-size:var(--h2_typography-font-size);--awb-caption-title-transform:var(--h2_typography-text-transform);--awb-caption-title-line-height:var(--h2_typography-line-height);--awb-caption-title-letter-spacing:var(--h2_typography-letter-spacing);\"><span class=\" fusion-imageframe imageframe-none imageframe-1 hover-type-none\"><img decoding=\"async\" src=\"https:\/\/www.pineo.cat\/wp-content\/uploads\/2016\/03\/A-baardgier-Gypaetus-barbatus-tekening-Peter-e1467965184588-300x196.jpg\" alt class=\"img-responsive\"\/><\/span><\/div><\/div><\/div><div class=\"fusion-clearfix\"><\/div><\/div><\/div><div class=\"fusion-layout-column fusion_builder_column fusion-builder-column-4 fusion_builder_column_1_4 1_4 fusion-one-fourth\" style=\"--awb-bg-color:#ffffff;--awb-bg-size:cover;--awb-border-color:#5492c9;--awb-border-top:5px;--awb-border-right:5px;--awb-border-bottom:5px;--awb-border-left:5px;--awb-border-style:solid;width:22%; margin-right: 4%;\"><div class=\"fusion-column-wrapper fusion-flex-column-wrapper-legacy\"><div class=\"fusion-column-content-centered\"><div class=\"fusion-column-content\"><div class=\"fusion-image-element in-legacy-container\" style=\"--awb-caption-title-size:var(--h2_typography-font-size);--awb-caption-title-transform:var(--h2_typography-text-transform);--awb-caption-title-line-height:var(--h2_typography-line-height);--awb-caption-title-letter-spacing:var(--h2_typography-letter-spacing);\"><span class=\" fusion-imageframe imageframe-none imageframe-2 hover-type-none\"><img decoding=\"async\" src=\"https:\/\/www.pineo.cat\/wp-content\/uploads\/2016\/03\/A-Pineo-Monastir-Ruine-tekening-Peter-Engels-e1467965126596-300x275.jpg\" alt class=\"img-responsive\"\/><\/span><\/div><\/div><\/div><div class=\"fusion-clearfix\"><\/div><\/div><\/div><div class=\"fusion-layout-column fusion_builder_column fusion-builder-column-5 fusion_builder_column_1_2 1_2 fusion-one-half fusion-column-last\" style=\"--awb-padding-top:20px;--awb-padding-right:20px;--awb-padding-bottom:20px;--awb-padding-left:20px;--awb-bg-color:#5492c9;--awb-bg-size:cover;width:48%;\"><div class=\"fusion-column-wrapper fusion-flex-column-wrapper-legacy\"><div class=\"fusion-column-content-centered\"><div class=\"fusion-column-content\"><div class=\"fusion-text fusion-text-3\"><p><span style=\"color: #ffffff;\">7. La source est situ\u00e9e \u00e0 1\u2009100 m d\u2019altitude dans les Pyr\u00e9n\u00e9es espagnoles : entour\u00e9e par des kilom\u00e8tres de zone prot\u00e9g\u00e9e.<\/span><br \/>\n<span style=\"color: #ffffff;\">6. Pas d\u2019agents polluants dans l\u2019environnement.<\/span><br \/>\n<span style=\"color: #ffffff;\">7. L\u2019embouteillage est r\u00e9alis\u00e9 seulement dans des bouteilles en verre<\/span><br \/>\n<span style=\"color: #ffffff;\">8. Reconnue comme \u00ab\u2009eau min\u00e9rale naturelle\u2009\u00bb (appellation europ\u00e9enne prot\u00e9g\u00e9e).<\/span><\/p>\n<\/div><\/div><\/div><div class=\"fusion-clearfix\"><\/div><\/div><\/div><\/div><\/div><div class=\"fusion-fullwidth fullwidth-box fusion-builder-row-4 fusion-parallax-fixed nonhundred-percent-fullwidth non-hundred-percent-height-scrolling\" style=\"--awb-background-position:left center;--awb-border-radius-top-left:0px;--awb-border-radius-top-right:0px;--awb-border-radius-bottom-right:0px;--awb-border-radius-bottom-left:0px;--awb-padding-top:100px;--awb-padding-bottom:100px;--awb-background-image:url(&quot;https:\/\/www.pineo.cat\/wp-content\/uploads\/2016\/03\/JSP6829.jpg&quot;);--awb-background-size:cover;--awb-border-sizes-top:0px;--awb-border-sizes-bottom:0px;background-attachment:fixed;\" ><div class=\"fusion-builder-row fusion-row\"><div class=\"fusion-layout-column fusion_builder_column fusion-builder-column-6 fusion_builder_column_1_2 1_2 fusion-one-half fusion-column-first\" style=\"--awb-bg-size:cover;width:48%; margin-right: 4%;\"><div class=\"fusion-column-wrapper fusion-flex-column-wrapper-legacy\"><div class=\"fusion-text fusion-text-4\"><p><span style=\"color: #ffffff;\"> 11. T\u00e9moignage de David Wolfe : \u00ab Pineo, l\u2019une des meilleures eaux jamais connues. Ma favorite. Une eau min\u00e9rale naturelle stock\u00e9e dans du verre. \u00bb<\/span><br \/>\n<span style=\"color: #ffffff;\"> 12. Une harmonie parfaite entre Pineo, le vin et la cuisine.<\/span><br \/>\n<span style=\"color: #ffffff;\"> 13. Une eau non trait\u00e9e : directement de la source \u00e0 la bouteille sans aucun traitement.<\/span><br \/>\n<span style=\"color: #ffffff;\"> 14. Prix Red Dot r\u00e9compensant le design de la bouteille.<\/span><br \/>\n<span style=\"color: #ffffff;\"> 15. La meilleure eau \u00e0 boire : faites-vous m\u00eame le test de go\u00fbt. Ceci a \u00e9galement \u00e9t\u00e9 confirm\u00e9 par l\u2019association allemande des consommateurs.<\/span><br \/>\n<span style=\"color: #ffffff;\"> 16. <a href=\"https:\/\/www.pineo.cat\/fr\/pourquoi-pineo\/bebe-biberon\/\">Recommand\u00e9e aux nourrissons<\/a> : r\u00e9pond \u00e0 toutes les normes europ\u00e9ennes pour les pr\u00e9parations pour nourrissons.<\/span><br \/>\n<span style=\"color: #ffffff;\"> 17. Convient \u00e0 un <a href=\"https:\/\/www.pineo.cat\/fr\/pourquoi-pineo\/eau-sodium\/\">r\u00e9gime pauvre en sodium<\/a> (teneur en sodium de seulement 0,9 mg\/l).<\/span><br \/>\n<span style=\"color: #ffffff;\"> 18. Une eau douce et basique (ph 7,9).<\/span><\/p>\n<\/div><div class=\"fusion-aligncenter\"><a class=\"fusion-button button-flat fusion-button-default-size button-darkgreen fusion-button-darkgreen button-1 fusion-button-default-span fusion-button-default-type\" target=\"_self\" href=\"https:\/\/www.pineo.cat\/fr\/produits\/\"><span class=\"fusion-button-text\">Voir nos produits<\/span><\/a><\/div><div class=\"fusion-clearfix\"><\/div><\/div><\/div><\/div><\/div><\/p>\n","protected":false},"excerpt":{"rendered":"","protected":false},"author":2,"featured_media":0,"parent":2294,"menu_order":5,"comment_status":"closed","ping_status":"closed","template":"100-width.php","meta":{"footnotes":""},"yoast_head":"<!-- This site is optimized with the Yoast SEO plugin v21.0 - https:\/\/yoast.com\/wordpress\/plugins\/seo\/ -->\n<title>18 atouts de Pineo, une eau min\u00e9rale. Plusieurs bienfaits<\/title>\n<meta name=\"description\" content=\"L\u2019eau min\u00e9rale Pineo a plusieurs bienfaits (18 atouts) : une faible teneur en sodium, une absence de traitement et des bouteilles en verre.\" \/>\n<meta name=\"robots\" content=\"index, follow, max-snippet:-1, max-image-preview:large, max-video-preview:-1\" \/>\n<link rel=\"canonical\" href=\"https:\/\/www.pineo.cat\/fr\/pourquoi-pineo\/18-atouts\/\" \/>\n<meta property=\"og:locale\" content=\"fr_FR\" \/>\n<meta property=\"og:type\" content=\"article\" \/>\n<meta property=\"og:title\" content=\"18 atouts de Pineo, une eau min\u00e9rale. Plusieurs bienfaits\" \/>\n<meta property=\"og:description\" content=\"L\u2019eau min\u00e9rale Pineo a plusieurs bienfaits (18 atouts) : une faible teneur en sodium, une absence de traitement et des bouteilles en verre.\" \/>\n<meta property=\"og:url\" content=\"https:\/\/www.pineo.cat\/fr\/pourquoi-pineo\/18-atouts\/\" \/>\n<meta property=\"og:site_name\" content=\"Pineo\" \/>\n<meta property=\"article:modified_time\" content=\"2017-10-16T04:56:06+00:00\" \/>\n<meta property=\"og:image\" content=\"https:\/\/www.pineo.cat\/wp-content\/uploads\/2016\/03\/A-baardgier-Gypaetus-barbatus-tekening-Peter-e1467965184588-300x196.jpg\" \/>\n<meta name=\"twitter:card\" content=\"summary_large_image\" \/>\n<meta name=\"twitter:label1\" content=\"Dur\u00e9e de lecture estim\u00e9e\" \/>\n\t<meta name=\"twitter:data1\" content=\"6 minutes\" \/>\n<script type=\"application\/ld+json\" class=\"yoast-schema-graph\">{\"@context\":\"https:\/\/schema.org\",\"@graph\":[{\"@type\":\"WebPage\",\"@id\":\"https:\/\/www.pineo.cat\/fr\/pourquoi-pineo\/18-atouts\/\",\"url\":\"https:\/\/www.pineo.cat\/fr\/pourquoi-pineo\/18-atouts\/\",\"name\":\"18 atouts de Pineo, une eau min\u00e9rale. Plusieurs bienfaits\",\"isPartOf\":{\"@id\":\"https:\/\/www.pineo.cat\/fr\/#website\"},\"datePublished\":\"2016-07-27T12:27:23+00:00\",\"dateModified\":\"2017-10-16T04:56:06+00:00\",\"description\":\"L\u2019eau min\u00e9rale Pineo a plusieurs bienfaits (18 atouts) : une faible teneur en sodium, une absence de traitement et des bouteilles en verre.\",\"breadcrumb\":{\"@id\":\"https:\/\/www.pineo.cat\/fr\/pourquoi-pineo\/18-atouts\/#breadcrumb\"},\"inLanguage\":\"fr-FR\",\"potentialAction\":[{\"@type\":\"ReadAction\",\"target\":[\"https:\/\/www.pineo.cat\/fr\/pourquoi-pineo\/18-atouts\/\"]}]},{\"@type\":\"BreadcrumbList\",\"@id\":\"https:\/\/www.pineo.cat\/fr\/pourquoi-pineo\/18-atouts\/#breadcrumb\",\"itemListElement\":[{\"@type\":\"ListItem\",\"position\":1,\"name\":\"Home\",\"item\":\"https:\/\/www.pineo.cat\/fr\/\"},{\"@type\":\"ListItem\",\"position\":2,\"name\":\"Waarom Pineo FR\",\"item\":\"https:\/\/www.pineo.cat\/fr\/pourquoi-pineo\/\"},{\"@type\":\"ListItem\",\"position\":3,\"name\":\"18 Sterke punten FR\"}]},{\"@type\":\"WebSite\",\"@id\":\"https:\/\/www.pineo.cat\/fr\/#website\",\"url\":\"https:\/\/www.pineo.cat\/fr\/\",\"name\":\"Pineo\",\"description\":\"Pineo: naturally-arising natural mineral water from the Spanish Pyrenees\",\"publisher\":{\"@id\":\"https:\/\/www.pineo.cat\/fr\/#organization\"},\"potentialAction\":[{\"@type\":\"SearchAction\",\"target\":{\"@type\":\"EntryPoint\",\"urlTemplate\":\"https:\/\/www.pineo.cat\/fr\/?s={search_term_string}\"},\"query-input\":\"required name=search_term_string\"}],\"inLanguage\":\"fr-FR\"},{\"@type\":\"Organization\",\"@id\":\"https:\/\/www.pineo.cat\/fr\/#organization\",\"name\":\"Pineo\",\"url\":\"https:\/\/www.pineo.cat\/fr\/\",\"logo\":{\"@type\":\"ImageObject\",\"inLanguage\":\"fr-FR\",\"@id\":\"https:\/\/www.pineo.cat\/fr\/#\/schema\/logo\/image\/\",\"url\":\"https:\/\/www.pineo.cat\/wp-content\/uploads\/2016\/07\/pineo-logo.png\",\"contentUrl\":\"https:\/\/www.pineo.cat\/wp-content\/uploads\/2016\/07\/pineo-logo.png\",\"width\":197,\"height\":56,\"caption\":\"Pineo\"},\"image\":{\"@id\":\"https:\/\/www.pineo.cat\/fr\/#\/schema\/logo\/image\/\"}}]}<\/script>\n<!-- \/ Yoast SEO plugin. -->","yoast_head_json":{"title":"18 atouts de Pineo, une eau min\u00e9rale. Plusieurs bienfaits","description":"L\u2019eau min\u00e9rale Pineo a plusieurs bienfaits (18 atouts) : une faible teneur en sodium, une absence de traitement et des bouteilles en verre.","robots":{"index":"index","follow":"follow","max-snippet":"max-snippet:-1","max-image-preview":"max-image-preview:large","max-video-preview":"max-video-preview:-1"},"canonical":"https:\/\/www.pineo.cat\/fr\/pourquoi-pineo\/18-atouts\/","og_locale":"fr_FR","og_type":"article","og_title":"18 atouts de Pineo, une eau min\u00e9rale. Plusieurs bienfaits","og_description":"L\u2019eau min\u00e9rale Pineo a plusieurs bienfaits (18 atouts) : une faible teneur en sodium, une absence de traitement et des bouteilles en verre.","og_url":"https:\/\/www.pineo.cat\/fr\/pourquoi-pineo\/18-atouts\/","og_site_name":"Pineo","article_modified_time":"2017-10-16T04:56:06+00:00","og_image":[{"url":"https:\/\/www.pineo.cat\/wp-content\/uploads\/2016\/03\/A-baardgier-Gypaetus-barbatus-tekening-Peter-e1467965184588-300x196.jpg"}],"twitter_card":"summary_large_image","twitter_misc":{"Dur\u00e9e de lecture estim\u00e9e":"6 minutes"},"schema":{"@context":"https:\/\/schema.org","@graph":[{"@type":"WebPage","@id":"https:\/\/www.pineo.cat\/fr\/pourquoi-pineo\/18-atouts\/","url":"https:\/\/www.pineo.cat\/fr\/pourquoi-pineo\/18-atouts\/","name":"18 atouts de Pineo, une eau min\u00e9rale. Plusieurs bienfaits","isPartOf":{"@id":"https:\/\/www.pineo.cat\/fr\/#website"},"datePublished":"2016-07-27T12:27:23+00:00","dateModified":"2017-10-16T04:56:06+00:00","description":"L\u2019eau min\u00e9rale Pineo a plusieurs bienfaits (18 atouts) : une faible teneur en sodium, une absence de traitement et des bouteilles en verre.","breadcrumb":{"@id":"https:\/\/www.pineo.cat\/fr\/pourquoi-pineo\/18-atouts\/#breadcrumb"},"inLanguage":"fr-FR","potentialAction":[{"@type":"ReadAction","target":["https:\/\/www.pineo.cat\/fr\/pourquoi-pineo\/18-atouts\/"]}]},{"@type":"BreadcrumbList","@id":"https:\/\/www.pineo.cat\/fr\/pourquoi-pineo\/18-atouts\/#breadcrumb","itemListElement":[{"@type":"ListItem","position":1,"name":"Home","item":"https:\/\/www.pineo.cat\/fr\/"},{"@type":"ListItem","position":2,"name":"Waarom Pineo FR","item":"https:\/\/www.pineo.cat\/fr\/pourquoi-pineo\/"},{"@type":"ListItem","position":3,"name":"18 Sterke punten FR"}]},{"@type":"WebSite","@id":"https:\/\/www.pineo.cat\/fr\/#website","url":"https:\/\/www.pineo.cat\/fr\/","name":"Pineo","description":"Pineo: naturally-arising natural mineral water from the Spanish Pyrenees","publisher":{"@id":"https:\/\/www.pineo.cat\/fr\/#organization"},"potentialAction":[{"@type":"SearchAction","target":{"@type":"EntryPoint","urlTemplate":"https:\/\/www.pineo.cat\/fr\/?s={search_term_string}"},"query-input":"required name=search_term_string"}],"inLanguage":"fr-FR"},{"@type":"Organization","@id":"https:\/\/www.pineo.cat\/fr\/#organization","name":"Pineo","url":"https:\/\/www.pineo.cat\/fr\/","logo":{"@type":"ImageObject","inLanguage":"fr-FR","@id":"https:\/\/www.pineo.cat\/fr\/#\/schema\/logo\/image\/","url":"https:\/\/www.pineo.cat\/wp-content\/uploads\/2016\/07\/pineo-logo.png","contentUrl":"https:\/\/www.pineo.cat\/wp-content\/uploads\/2016\/07\/pineo-logo.png","width":197,"height":56,"caption":"Pineo"},"image":{"@id":"https:\/\/www.pineo.cat\/fr\/#\/schema\/logo\/image\/"}}]}},"_links":{"self":[{"href":"https:\/\/www.pineo.cat\/fr\/wp-json\/wp\/v2\/pages\/2300"}],"collection":[{"href":"https:\/\/www.pineo.cat\/fr\/wp-json\/wp\/v2\/pages"}],"about":[{"href":"https:\/\/www.pineo.cat\/fr\/wp-json\/wp\/v2\/types\/page"}],"author":[{"embeddable":true,"href":"https:\/\/www.pineo.cat\/fr\/wp-json\/wp\/v2\/users\/2"}],"replies":[{"embeddable":true,"href":"https:\/\/www.pineo.cat\/fr\/wp-json\/wp\/v2\/comments?post=2300"}],"version-history":[{"count":19,"href":"https:\/\/www.pineo.cat\/fr\/wp-json\/wp\/v2\/pages\/2300\/revisions"}],"predecessor-version":[{"id":4305,"href":"https:\/\/www.pineo.cat\/fr\/wp-json\/wp\/v2\/pages\/2300\/revisions\/4305"}],"up":[{"embeddable":true,"href":"https:\/\/www.pineo.cat\/fr\/wp-json\/wp\/v2\/pages\/2294"}],"wp:attachment":[{"href":"https:\/\/www.pineo.cat\/fr\/wp-json\/wp\/v2\/media?parent=2300"}],"curies":[{"name":"wp","href":"https:\/\/api.w.org\/{rel}","templated":true}]}}