{"id":2294,"date":"2016-07-27T12:15:13","date_gmt":"2016-07-27T10:15:13","guid":{"rendered":"https:\/\/www.pineo.cat\/?page_id=2294"},"modified":"2017-06-28T11:44:38","modified_gmt":"2017-06-28T09:44:38","slug":"pourquoi-pineo","status":"publish","type":"page","link":"https:\/\/www.pineo.cat\/fr\/pourquoi-pineo\/","title":{"rendered":"Waarom Pineo FR"},"content":{"rendered":"<p><div class=\"fusion-fullwidth fullwidth-box fusion-builder-row-1 nonhundred-percent-fullwidth non-hundred-percent-height-scrolling\" style=\"--awb-background-position:left top;--awb-border-radius-top-left:0px;--awb-border-radius-top-right:0px;--awb-border-radius-bottom-right:0px;--awb-border-radius-bottom-left:0px;--awb-padding-top:20px;--awb-padding-bottom:20px;--awb-border-sizes-top:0px;--awb-border-sizes-bottom:0px;\" ><div class=\"fusion-builder-row fusion-row\"><div class=\"fusion-layout-column fusion_builder_column fusion-builder-column-0 fusion_builder_column_1_1 1_1 fusion-one-full fusion-column-first fusion-column-last fusion-column-no-min-height\" style=\"--awb-bg-size:cover;--awb-margin-bottom:0px;\"><div class=\"fusion-column-wrapper fusion-flex-column-wrapper-legacy\"><div class=\"fusion-text fusion-text-1\"><h1 style=\"text-align: center;\">Pourquoi opter pour l\u2019eau min\u00e9rale Pineo\u2009?<\/h1>\n<\/div><div class=\"fusion-clearfix\"><\/div><\/div><\/div><\/div><\/div><div class=\"fusion-fullwidth fullwidth-box fusion-builder-row-2 nonhundred-percent-fullwidth non-hundred-percent-height-scrolling\" style=\"--awb-background-position:left top;--awb-border-radius-top-left:0px;--awb-border-radius-top-right:0px;--awb-border-radius-bottom-right:0px;--awb-border-radius-bottom-left:0px;--awb-padding-top:20px;--awb-padding-bottom:20px;--awb-border-sizes-top:0px;--awb-border-sizes-bottom:0px;\" ><div class=\"fusion-builder-row fusion-row\"><div class=\"fusion-layout-column fusion_builder_column fusion-builder-column-1 fusion_builder_column_1_6 1_6 fusion-one-sixth fusion-column-first\" style=\"--awb-bg-size:cover;width:13.3333%; margin-right: 4%;\"><div class=\"fusion-column-wrapper fusion-flex-column-wrapper-legacy\"><div class=\"fusion-clearfix\"><\/div><\/div><\/div><div class=\"fusion-layout-column fusion_builder_column fusion-builder-column-2 fusion_builder_column_2_3 2_3 fusion-two-third\" style=\"--awb-bg-size:cover;width:65.3333%; margin-right: 4%;\"><div class=\"fusion-column-wrapper fusion-flex-column-wrapper-legacy\"><div class=\"fusion-text fusion-text-2\"><p style=\"text-align: center;\">L\u2019eau min\u00e9rale Pineo poss\u00e8de toutes les qualit\u00e9s que vous attendez d\u2019une eau. Pineo a un <a href=\"https:\/\/www.pineo.cat\/fr\/pourquoi-pineo\/le-gout\/\">go\u00fbt exquis<\/a>, est livr\u00e9e dans une bouteille en verre\u00a0et a <a href=\"https:\/\/www.pineo.cat\/fr\/origine\/\">une histoire<\/a> qui remonte \u00e0 l\u2019an 852.<\/p>\n<\/div><div class=\"fusion-clearfix\"><\/div><\/div><\/div><div class=\"fusion-layout-column fusion_builder_column fusion-builder-column-3 fusion_builder_column_1_6 1_6 fusion-one-sixth fusion-column-last\" style=\"--awb-bg-size:cover;width:13.3333%;\"><div class=\"fusion-column-wrapper fusion-flex-column-wrapper-legacy\"><div class=\"fusion-clearfix\"><\/div><\/div><\/div><\/div><\/div><div class=\"fusion-fullwidth fullwidth-box fusion-builder-row-3 fusion-parallax-fixed nonhundred-percent-fullwidth non-hundred-percent-height-scrolling\" style=\"--awb-border-radius-top-left:0px;--awb-border-radius-top-right:0px;--awb-border-radius-bottom-right:0px;--awb-border-radius-bottom-left:0px;--awb-padding-top:20px;--awb-padding-bottom:20px;--awb-background-image:url(&quot;https:\/\/www.pineo.cat\/wp-content\/uploads\/2016\/03\/JSP6829.jpg&quot;);--awb-background-size:cover;--awb-border-sizes-top:0px;--awb-border-sizes-bottom:0px;background-attachment:fixed;\" ><div class=\"fusion-builder-row fusion-row\"><div class=\"fusion-layout-column fusion_builder_column fusion-builder-column-4 fusion_builder_column_1_1 1_1 fusion-one-full fusion-column-first fusion-column-last fusion-column-no-min-height\" style=\"--awb-bg-size:cover;--awb-margin-bottom:0px;\"><div class=\"fusion-column-wrapper fusion-flex-column-wrapper-legacy\"><div class=\"fusion-text fusion-text-3\"><h2><span style=\"color: #ffffff;\">Les min\u00e9raux de l\u2019eau Pineo<\/span><\/h2>\n<p><span style=\"color: #ffffff;\">\u2013 Chlorures (CL) 1,9\u00a0mg<\/span><br \/>\n<span style=\"color: #ffffff;\"> \u2013 Sodium (Na) 0,9\u00a0mg<\/span><br \/>\n<span style=\"color: #ffffff;\"> \u2013 Nitrates (NO3) 1,1\u00a0mg<\/span><br \/>\n<span style=\"color: #ffffff;\"> \u2013 Magn\u00e9sium (M9) 3,7\u00a0mg<\/span><br \/>\n<span style=\"color: #ffffff;\"> \u2013 Calcium (Ca) 78,6 mg<\/span><br \/>\n<span style=\"color: #ffffff;\"> \u2013 Bicarbonates (HCO3) 248 mg<\/span><br \/>\n<span style=\"color: #ffffff;\"> \u2013 Sulfates (SO4) 7,9 mg<\/span><br \/>\n<span style=\"color: #ffffff;\"> \u2013 Phosphore (P) &lt;0,02 mg<\/span><br \/>\n<span style=\"color: #ffffff;\"> \u2013 Dioxyde d\u2019azote (NO2) &lt;0,02 mg<\/span><br \/>\n<span style=\"color: #ffffff;\"> \u2013 Cuivre (Cu) &lt;0,01\u00a0mg<\/span><br \/>\n<span style=\"color: #ffffff;\"> \u2013 Fluorures (F) &lt;0,02\u00a0mg<\/span><br \/>\n<span style=\"color: #ffffff;\"> \u2013 Aluminium (Al)<br \/>\n<span style=\"color: #ffffff;\"> \u2013 Uranium (U)<br \/>\n<span style=\"color: #ffffff;\"> \u2013 Plomb (Pb)<br \/>\n<span style=\"color: #ffffff;\"> \u2013 Mercure (Hg) &lt;0,20\u00a0\u00b5g<\/span><br \/>\n<strong><a href=\"https:\/\/www.pineo.cat\/fr\/photos\/rapports-recherche\/\"><span style=\"color: #ffffff;\"> En savoir plus\u2009? Voir les rapports.<\/span><\/a><\/strong><\/span><\/span><\/span><\/p>\n<\/div><div class=\"fusion-clearfix\"><\/div><\/div><\/div><\/div><\/div><div class=\"fusion-fullwidth fullwidth-box fusion-builder-row-4 nonhundred-percent-fullwidth non-hundred-percent-height-scrolling fusion-equal-height-columns\" style=\"--awb-background-position:left top;--awb-border-radius-top-left:0px;--awb-border-radius-top-right:0px;--awb-border-radius-bottom-right:0px;--awb-border-radius-bottom-left:0px;--awb-padding-top:20px;--awb-padding-bottom:20px;--awb-border-sizes-top:0px;--awb-border-sizes-bottom:0px;\" ><div class=\"fusion-builder-row fusion-row\"><div class=\"fusion-layout-column fusion_builder_column fusion-builder-column-5 fusion_builder_column_1_3 1_3 fusion-one-third fusion-column-first\" style=\"--awb-padding-top:20px;--awb-padding-right:20px;--awb-padding-bottom:20px;--awb-padding-left:20px;--awb-bg-size:cover;--awb-border-color:#d7eff4;--awb-border-top:5px;--awb-border-right:5px;--awb-border-bottom:5px;--awb-border-left:5px;--awb-border-style:solid;width:30.6666%; margin-right: 4%;\"><div class=\"fusion-column-wrapper fusion-flex-column-wrapper-legacy\"><div class=\"fusion-column-content-centered\"><div class=\"fusion-column-content\"><div class=\"fusion-text fusion-text-4\"><h2>L\u2019eau Pineo : une eau enti\u00e8rement naturelle recueillie \u00e0 la source<\/h2>\n<p>Pineo n\u2019a pas subi de traitements chimiques. Cette eau min\u00e9rale naturelle est mise en bouteille directement \u00e0 la source. Elle est entour\u00e9e par la nature et filtr\u00e9e naturellement par les roches. Voir les rapports.<\/p>\n<\/div><\/div><\/div><div class=\"fusion-clearfix\"><\/div><\/div><\/div><div class=\"fusion-layout-column fusion_builder_column fusion-builder-column-6 fusion_builder_column_1_3 1_3 fusion-one-third\" style=\"--awb-padding-top:20px;--awb-padding-right:20px;--awb-padding-bottom:20px;--awb-padding-left:20px;--awb-bg-color:#d7eff4;--awb-bg-size:cover;--awb-border-color:#d7eff4;--awb-border-top:5px;--awb-border-right:5px;--awb-border-bottom:5px;--awb-border-left:5px;--awb-border-style:solid;width:30.6666%; margin-right: 4%;\"><div class=\"fusion-column-wrapper fusion-flex-column-wrapper-legacy\"><div class=\"fusion-column-content-centered\"><div class=\"fusion-column-content\"><div class=\"fusion-text fusion-text-5\"><h2>Taux de pH de Pineo<\/h2>\n<p>\u2013 pH neutre\u00a0: 7<br \/>\n\u2013 pH de l\u2019eau Pineo\u00a0: 7,91<\/p>\n<p>Le taux de pH exprime l\u2019acidit\u00e9. L\u2019eau avec un taux de pH sup\u00e9rieur \u00e0 7 combat l\u2019acidit\u00e9 (\u00e9galement appel\u00e9e eau alcaline). \u00c9tant donn\u00e9 que nous buvons 1 \u00e0 2 litres d\u2019eau par jour, il est important de boire principalement de l\u2019eau avec un pH sup\u00e9rieur \u00e0 7. Choisissez Pineo (pH\u00a07,9).<\/p>\n<\/div><\/div><\/div><div class=\"fusion-clearfix\"><\/div><\/div><\/div><div class=\"fusion-layout-column fusion_builder_column fusion-builder-column-7 fusion_builder_column_1_3 1_3 fusion-one-third fusion-column-last\" style=\"--awb-padding-top:20px;--awb-padding-right:20px;--awb-padding-bottom:20px;--awb-padding-left:20px;--awb-bg-size:cover;--awb-border-color:#d7eff4;--awb-border-top:5px;--awb-border-right:5px;--awb-border-bottom:5px;--awb-border-left:5px;--awb-border-style:solid;width:30.6666%;\"><div class=\"fusion-column-wrapper fusion-flex-column-wrapper-legacy\"><div class=\"fusion-column-content-centered\"><div class=\"fusion-column-content\"><div class=\"fusion-text fusion-text-6\"><h2>Une bouteille design<\/h2>\n<p>La bouteille Pineo a remport\u00e9 le Red Dot Design Award en 1996. Le Red Dot Design Award est un prix international pour la conception qui est d\u00e9cern\u00e9 chaque ann\u00e9e depuis 1955 par l\u2019institut Design Zentrum Nordrhein Westfalen \u00e0 Essen (Allemagne).<\/p>\n<\/div><\/div><\/div><div class=\"fusion-clearfix\"><\/div><\/div><\/div><\/div><\/div><div class=\"fusion-fullwidth fullwidth-box fusion-builder-row-5 nonhundred-percent-fullwidth non-hundred-percent-height-scrolling\" style=\"--awb-background-position:left top;--awb-border-radius-top-left:0px;--awb-border-radius-top-right:0px;--awb-border-radius-bottom-right:0px;--awb-border-radius-bottom-left:0px;--awb-padding-top:20px;--awb-padding-bottom:20px;--awb-border-sizes-top:0px;--awb-border-sizes-bottom:0px;\" ><div class=\"fusion-builder-row fusion-row\"><div class=\"fusion-layout-column fusion_builder_column fusion-builder-column-8 fusion_builder_column_3_4 3_4 fusion-three-fourth fusion-column-first\" style=\"--awb-bg-size:cover;width:74%; margin-right: 4%;\"><div class=\"fusion-column-wrapper fusion-flex-column-wrapper-legacy\"><div class=\"fusion-text fusion-text-7\"><h2>Une eau pour une consommation quotidienne<\/h2>\n<p>Choisissez une eau min\u00e9rale avec moins de 500 g de min\u00e9raux par litre. Choisissez Pineo, une eau min\u00e9rale sans m\u00e9taux lourds ou pesticides. Les anions et les cations (des min\u00e9raux charg\u00e9s positivement et n\u00e9gativement) sont \u00e9quilibr\u00e9s dans l\u2019eau de source de Pineo.<\/p>\n<\/div><div class=\"fusion-clearfix\"><\/div><\/div><\/div><\/div><\/div><div class=\"fusion-fullwidth fullwidth-box fusion-builder-row-6 nonhundred-percent-fullwidth non-hundred-percent-height-scrolling fusion-equal-height-columns\" style=\"--awb-background-position:left top;--awb-border-radius-top-left:0px;--awb-border-radius-top-right:0px;--awb-border-radius-bottom-right:0px;--awb-border-radius-bottom-left:0px;--awb-padding-top:40px;--awb-padding-bottom:20px;--awb-border-sizes-top:0px;--awb-border-sizes-bottom:0px;\" ><div class=\"fusion-builder-row fusion-row\"><div class=\"fusion-layout-column fusion_builder_column fusion-builder-column-9 fusion_builder_column_1_2 1_2 fusion-one-half fusion-column-first\" style=\"--awb-bg-size:cover;width:48%; margin-right: 4%;\"><div class=\"fusion-column-wrapper fusion-flex-column-wrapper-legacy\"><div class=\"fusion-column-content-centered\"><div class=\"fusion-column-content\"><div class=\"fusion-text fusion-text-8\"><h2 class=\"alignnone\" style=\"text-align: right;\">Le respect de l\u2019environnement avec l\u2019eau min\u00e9rale Pineo<\/h2>\n<p style=\"text-align: right;\">Lorsque vous achetez Pineo, vous \u00eates conscient de l\u2019environnement et de la nature. La source de Pineo est vivante et n\u2019a donc pas besoin d\u2019\u00e9lectricit\u00e9 pour son pompage. On utilise bien de l\u2019\u00e9lectricit\u00e9 pendant le remplissage. 70 % proviennent de la centrale hydro\u00e9lectrique locale.<\/p>\n<p style=\"text-align: right;\">Les \u00e9tiquettes de Pineo portent un label FSC, et il est fait usage d\u2019encres sans solvant. Pineo est livr\u00e9e dans une bouteille en verre et les bouteilles Pineo sont r\u00e9utilisables. Cela permet une diminution de l\u2019empreinte carbone \u00e0 96 % par rapport aux bouteilles en PET (y compris le transport et le nettoyage).<\/p>\n<\/div><div class=\"fusion-alignright\"><a class=\"fusion-button button-flat fusion-button-default-size button-darkgreen fusion-button-darkgreen button-1 fusion-button-default-span fusion-button-default-type\" target=\"_self\" href=\"https:\/\/www.pineo.cat\/fr\/contact\/\"><span class=\"fusion-button-text\">Voir nos produits<\/span><\/a><\/div><\/div><\/div><div class=\"fusion-clearfix\"><\/div><\/div><\/div><div class=\"fusion-layout-column fusion_builder_column fusion-builder-column-10 fusion_builder_column_1_2 1_2 fusion-one-half fusion-column-last\" style=\"--awb-bg-size:cover;width:48%;\"><div class=\"fusion-column-wrapper fusion-flex-column-wrapper-legacy\"><div class=\"fusion-column-content-centered\"><div class=\"fusion-column-content\"><div class=\"fusion-text fusion-text-9\"><h2 class=\"alignnone\" style=\"text-align: right;\"><a href=\"https:\/\/www.pineo.cat\/fr\/contact\/\"><img decoding=\"async\" class=\"wp-image-628 aligncenter\" src=\"https:\/\/www.pineo.cat\/wp-content\/uploads\/2016\/03\/0-Pineo-range-right-1024x576.jpg\" alt=\"Pineo est une eau min\u00e9rale naturelle, respectueuse de l\u2019environnement\" width=\"578\" height=\"325\" \/><\/a><\/h2>\n<\/div><\/div><\/div><div class=\"fusion-clearfix\"><\/div><\/div><\/div><\/div><\/div><\/p>\n","protected":false},"excerpt":{"rendered":"","protected":false},"author":2,"featured_media":0,"parent":0,"menu_order":175,"comment_status":"closed","ping_status":"closed","template":"100-width.php","meta":{"footnotes":""},"yoast_head":"<!-- This site is optimized with the Yoast SEO plugin v21.0 - https:\/\/yoast.com\/wordpress\/plugins\/seo\/ -->\n<title>Pourquoi opter pour l\u2019eau min\u00e9rale Pineo\u2009?<\/title>\n<meta name=\"description\" content=\"Il y a beaucoup de raisons de choisir l\u2019eau min\u00e9rale Pineo : son pH, Masaru Emoto, ses min\u00e9raux et le design de sa bouteille\" \/>\n<meta name=\"robots\" content=\"index, follow, max-snippet:-1, max-image-preview:large, max-video-preview:-1\" \/>\n<link rel=\"canonical\" href=\"https:\/\/www.pineo.cat\/fr\/pourquoi-pineo\/\" \/>\n<meta property=\"og:locale\" content=\"fr_FR\" \/>\n<meta property=\"og:type\" content=\"article\" \/>\n<meta property=\"og:title\" content=\"Pourquoi opter pour l\u2019eau min\u00e9rale Pineo\u2009?\" \/>\n<meta property=\"og:description\" content=\"Il y a beaucoup de raisons de choisir l\u2019eau min\u00e9rale Pineo : son pH, Masaru Emoto, ses min\u00e9raux et le design de sa bouteille\" \/>\n<meta property=\"og:url\" content=\"https:\/\/www.pineo.cat\/fr\/pourquoi-pineo\/\" \/>\n<meta property=\"og:site_name\" content=\"Pineo\" \/>\n<meta property=\"article:modified_time\" content=\"2017-06-28T09:44:38+00:00\" \/>\n<meta property=\"og:image\" content=\"https:\/\/www.pineo.cat\/wp-content\/uploads\/2016\/03\/0-Pineo-range-right-1024x576.jpg\" \/>\n<meta name=\"twitter:card\" content=\"summary_large_image\" \/>\n<meta name=\"twitter:label1\" content=\"Dur\u00e9e de lecture estim\u00e9e\" \/>\n\t<meta name=\"twitter:data1\" content=\"9 minutes\" \/>\n<script type=\"application\/ld+json\" class=\"yoast-schema-graph\">{\"@context\":\"https:\/\/schema.org\",\"@graph\":[{\"@type\":\"WebPage\",\"@id\":\"https:\/\/www.pineo.cat\/fr\/pourquoi-pineo\/\",\"url\":\"https:\/\/www.pineo.cat\/fr\/pourquoi-pineo\/\",\"name\":\"Pourquoi opter pour l\u2019eau min\u00e9rale Pineo\u2009?\",\"isPartOf\":{\"@id\":\"https:\/\/www.pineo.cat\/fr\/#website\"},\"datePublished\":\"2016-07-27T10:15:13+00:00\",\"dateModified\":\"2017-06-28T09:44:38+00:00\",\"description\":\"Il y a beaucoup de raisons de choisir l\u2019eau min\u00e9rale Pineo : son pH, Masaru Emoto, ses min\u00e9raux et le design de sa bouteille\",\"breadcrumb\":{\"@id\":\"https:\/\/www.pineo.cat\/fr\/pourquoi-pineo\/#breadcrumb\"},\"inLanguage\":\"fr-FR\",\"potentialAction\":[{\"@type\":\"ReadAction\",\"target\":[\"https:\/\/www.pineo.cat\/fr\/pourquoi-pineo\/\"]}]},{\"@type\":\"BreadcrumbList\",\"@id\":\"https:\/\/www.pineo.cat\/fr\/pourquoi-pineo\/#breadcrumb\",\"itemListElement\":[{\"@type\":\"ListItem\",\"position\":1,\"name\":\"Home\",\"item\":\"https:\/\/www.pineo.cat\/fr\/\"},{\"@type\":\"ListItem\",\"position\":2,\"name\":\"Waarom Pineo FR\"}]},{\"@type\":\"WebSite\",\"@id\":\"https:\/\/www.pineo.cat\/fr\/#website\",\"url\":\"https:\/\/www.pineo.cat\/fr\/\",\"name\":\"Pineo\",\"description\":\"Pineo: naturally-arising natural mineral water from the Spanish Pyrenees\",\"publisher\":{\"@id\":\"https:\/\/www.pineo.cat\/fr\/#organization\"},\"potentialAction\":[{\"@type\":\"SearchAction\",\"target\":{\"@type\":\"EntryPoint\",\"urlTemplate\":\"https:\/\/www.pineo.cat\/fr\/?s={search_term_string}\"},\"query-input\":\"required name=search_term_string\"}],\"inLanguage\":\"fr-FR\"},{\"@type\":\"Organization\",\"@id\":\"https:\/\/www.pineo.cat\/fr\/#organization\",\"name\":\"Pineo\",\"url\":\"https:\/\/www.pineo.cat\/fr\/\",\"logo\":{\"@type\":\"ImageObject\",\"inLanguage\":\"fr-FR\",\"@id\":\"https:\/\/www.pineo.cat\/fr\/#\/schema\/logo\/image\/\",\"url\":\"https:\/\/www.pineo.cat\/wp-content\/uploads\/2016\/07\/pineo-logo.png\",\"contentUrl\":\"https:\/\/www.pineo.cat\/wp-content\/uploads\/2016\/07\/pineo-logo.png\",\"width\":197,\"height\":56,\"caption\":\"Pineo\"},\"image\":{\"@id\":\"https:\/\/www.pineo.cat\/fr\/#\/schema\/logo\/image\/\"}}]}<\/script>\n<!-- \/ Yoast SEO plugin. -->","yoast_head_json":{"title":"Pourquoi opter pour l\u2019eau min\u00e9rale Pineo\u2009?","description":"Il y a beaucoup de raisons de choisir l\u2019eau min\u00e9rale Pineo : son pH, Masaru Emoto, ses min\u00e9raux et le design de sa bouteille","robots":{"index":"index","follow":"follow","max-snippet":"max-snippet:-1","max-image-preview":"max-image-preview:large","max-video-preview":"max-video-preview:-1"},"canonical":"https:\/\/www.pineo.cat\/fr\/pourquoi-pineo\/","og_locale":"fr_FR","og_type":"article","og_title":"Pourquoi opter pour l\u2019eau min\u00e9rale Pineo\u2009?","og_description":"Il y a beaucoup de raisons de choisir l\u2019eau min\u00e9rale Pineo : son pH, Masaru Emoto, ses min\u00e9raux et le design de sa bouteille","og_url":"https:\/\/www.pineo.cat\/fr\/pourquoi-pineo\/","og_site_name":"Pineo","article_modified_time":"2017-06-28T09:44:38+00:00","og_image":[{"url":"https:\/\/www.pineo.cat\/wp-content\/uploads\/2016\/03\/0-Pineo-range-right-1024x576.jpg"}],"twitter_card":"summary_large_image","twitter_misc":{"Dur\u00e9e de lecture estim\u00e9e":"9 minutes"},"schema":{"@context":"https:\/\/schema.org","@graph":[{"@type":"WebPage","@id":"https:\/\/www.pineo.cat\/fr\/pourquoi-pineo\/","url":"https:\/\/www.pineo.cat\/fr\/pourquoi-pineo\/","name":"Pourquoi opter pour l\u2019eau min\u00e9rale Pineo\u2009?","isPartOf":{"@id":"https:\/\/www.pineo.cat\/fr\/#website"},"datePublished":"2016-07-27T10:15:13+00:00","dateModified":"2017-06-28T09:44:38+00:00","description":"Il y a beaucoup de raisons de choisir l\u2019eau min\u00e9rale Pineo : son pH, Masaru Emoto, ses min\u00e9raux et le design de sa bouteille","breadcrumb":{"@id":"https:\/\/www.pineo.cat\/fr\/pourquoi-pineo\/#breadcrumb"},"inLanguage":"fr-FR","potentialAction":[{"@type":"ReadAction","target":["https:\/\/www.pineo.cat\/fr\/pourquoi-pineo\/"]}]},{"@type":"BreadcrumbList","@id":"https:\/\/www.pineo.cat\/fr\/pourquoi-pineo\/#breadcrumb","itemListElement":[{"@type":"ListItem","position":1,"name":"Home","item":"https:\/\/www.pineo.cat\/fr\/"},{"@type":"ListItem","position":2,"name":"Waarom Pineo FR"}]},{"@type":"WebSite","@id":"https:\/\/www.pineo.cat\/fr\/#website","url":"https:\/\/www.pineo.cat\/fr\/","name":"Pineo","description":"Pineo: naturally-arising natural mineral water from the Spanish Pyrenees","publisher":{"@id":"https:\/\/www.pineo.cat\/fr\/#organization"},"potentialAction":[{"@type":"SearchAction","target":{"@type":"EntryPoint","urlTemplate":"https:\/\/www.pineo.cat\/fr\/?s={search_term_string}"},"query-input":"required name=search_term_string"}],"inLanguage":"fr-FR"},{"@type":"Organization","@id":"https:\/\/www.pineo.cat\/fr\/#organization","name":"Pineo","url":"https:\/\/www.pineo.cat\/fr\/","logo":{"@type":"ImageObject","inLanguage":"fr-FR","@id":"https:\/\/www.pineo.cat\/fr\/#\/schema\/logo\/image\/","url":"https:\/\/www.pineo.cat\/wp-content\/uploads\/2016\/07\/pineo-logo.png","contentUrl":"https:\/\/www.pineo.cat\/wp-content\/uploads\/2016\/07\/pineo-logo.png","width":197,"height":56,"caption":"Pineo"},"image":{"@id":"https:\/\/www.pineo.cat\/fr\/#\/schema\/logo\/image\/"}}]}},"_links":{"self":[{"href":"https:\/\/www.pineo.cat\/fr\/wp-json\/wp\/v2\/pages\/2294"}],"collection":[{"href":"https:\/\/www.pineo.cat\/fr\/wp-json\/wp\/v2\/pages"}],"about":[{"href":"https:\/\/www.pineo.cat\/fr\/wp-json\/wp\/v2\/types\/page"}],"author":[{"embeddable":true,"href":"https:\/\/www.pineo.cat\/fr\/wp-json\/wp\/v2\/users\/2"}],"replies":[{"embeddable":true,"href":"https:\/\/www.pineo.cat\/fr\/wp-json\/wp\/v2\/comments?post=2294"}],"version-history":[{"count":9,"href":"https:\/\/www.pineo.cat\/fr\/wp-json\/wp\/v2\/pages\/2294\/revisions"}],"predecessor-version":[{"id":4226,"href":"https:\/\/www.pineo.cat\/fr\/wp-json\/wp\/v2\/pages\/2294\/revisions\/4226"}],"wp:attachment":[{"href":"https:\/\/www.pineo.cat\/fr\/wp-json\/wp\/v2\/media?parent=2294"}],"curies":[{"name":"wp","href":"https:\/\/api.w.org\/{rel}","templated":true}]}}