{"id":1719,"date":"2016-07-07T11:59:39","date_gmt":"2016-07-07T09:59:39","guid":{"rendered":"https:\/\/www.pineo.cat\/?page_id=1719"},"modified":"2022-07-06T09:37:39","modified_gmt":"2022-07-06T07:37:39","slug":"bebe-biberon","status":"publish","type":"page","link":"https:\/\/www.pineo.cat\/fr\/pourquoi-pineo\/bebe-biberon\/","title":{"rendered":"Baby en flesvoeding FR"},"content":{"rendered":"<p><div class=\"fusion-fullwidth fullwidth-box fusion-builder-row-1 nonhundred-percent-fullwidth non-hundred-percent-height-scrolling\" style=\"--awb-background-position:left top;--awb-border-sizes-top:0px;--awb-border-sizes-bottom:0px;--awb-border-sizes-left:0px;--awb-border-sizes-right:0px;--awb-border-radius-top-left:0px;--awb-border-radius-top-right:0px;--awb-border-radius-bottom-right:0px;--awb-border-radius-bottom-left:0px;--awb-padding-top:20px;--awb-padding-bottom:20px;\" ><div class=\"fusion-builder-row fusion-row\"><div class=\"fusion-layout-column fusion_builder_column fusion-builder-column-0 fusion_builder_column_1_1 1_1 fusion-one-full fusion-column-first fusion-column-last\" style=\"--awb-bg-size:cover;\"><div class=\"fusion-column-wrapper fusion-flex-column-wrapper-legacy\"><div class=\"fusion-text fusion-text-1\"><h1 style=\"text-align: center;\">L\u2019eau min\u00e9rale de Pineo adapt\u00e9e pour b\u00e9b\u00e9s<\/h1>\n<\/div><div class=\"fusion-clearfix\"><\/div><\/div><\/div><\/div><\/div><div class=\"fusion-fullwidth fullwidth-box fusion-builder-row-2 fusion-parallax-none nonhundred-percent-fullwidth non-hundred-percent-height-scrolling\" style=\"--awb-background-position:left center;--awb-border-sizes-top:0px;--awb-border-sizes-bottom:0px;--awb-border-sizes-left:0px;--awb-border-sizes-right:0px;--awb-border-radius-top-left:0px;--awb-border-radius-top-right:0px;--awb-border-radius-bottom-right:0px;--awb-border-radius-bottom-left:0px;--awb-padding-top:100px;--awb-padding-bottom:100px;--awb-background-image:url(&quot;https:\/\/www.pineo.cat\/wp-content\/uploads\/2016\/04\/Baby-water-1024x680.jpg&quot;);--awb-background-size:cover;\" ><div class=\"fusion-builder-row fusion-row\"><div class=\"fusion-layout-column fusion_builder_column fusion-builder-column-1 fusion_builder_column_2_5 2_5 fusion-two-fifth fusion-column-first\" style=\"--awb-padding-top:20px;--awb-padding-right:20px;--awb-padding-bottom:20px;--awb-padding-left:20px;--awb-bg-color:#d7eff4;--awb-bg-size:cover;width:37.6%; margin-right: 4%;\"><div class=\"fusion-column-wrapper fusion-flex-column-wrapper-legacy\"><div class=\"fusion-text fusion-text-2\"><h2>Quel type d\u2019eau choisit-on pour l\u2019alimentation des nourrissons?<\/h2>\n<p>Comme le tube digestif d\u2019un b\u00e9b\u00e9 n\u2019est pas encore enti\u00e8rement d\u00e9velopp\u00e9, l\u2019eau qui convient \u00e0 l\u2019alimentation des nourrissons doit r\u00e9pondre aux exigences tr\u00e8s strictes. Les b\u00e9b\u00e9s peuvent par exemple souffrir de crampes, de diarrh\u00e9e ou de constipation. Choisissez l\u2019eau min\u00e9rale naturelle pour votre b\u00e9b\u00e9. Choisissez Pineo.<\/p>\n<p>Uniquement les bouteilles avec un faible taux en min\u00e9raux peuvent porter l\u2019\u00e9tiquette avec la mention \u2018convient \u00e0 l&rsquo;alimentation des nourrissons\u2019. De plus, l\u2019eau doit r\u00e9pondre aux diff\u00e9rentes exigences strictes impos\u00e9es par le Conseil Sup\u00e9rieur de la Sant\u00e9.<\/p>\n<p>Seulement une eau min\u00e9rale sur trois convient \u00e0 l\u2019alimentation des nourrissons. Pineo est adapt\u00e9e pour b\u00e9b\u00e9s et porte \u00e9galement l\u2019\u00e9tiquette avec la mention \u2018convient \u00e0 l&rsquo;alimentation des nourrissons\u2019.<\/p>\n<\/div><div class=\"fusion-clearfix\"><\/div><\/div><\/div><\/div><\/div><div class=\"fusion-fullwidth fullwidth-box fusion-builder-row-3 nonhundred-percent-fullwidth non-hundred-percent-height-scrolling fusion-equal-height-columns\" style=\"--awb-background-position:left top;--awb-border-sizes-top:0px;--awb-border-sizes-bottom:0px;--awb-border-sizes-left:0px;--awb-border-sizes-right:0px;--awb-border-radius-top-left:0px;--awb-border-radius-top-right:0px;--awb-border-radius-bottom-right:0px;--awb-border-radius-bottom-left:0px;--awb-padding-top:20px;--awb-padding-bottom:20px;\" ><div class=\"fusion-builder-row fusion-row\"><div class=\"fusion-layout-column fusion_builder_column fusion-builder-column-2 fusion_builder_column_1_2 1_2 fusion-one-half fusion-column-first\" style=\"--awb-bg-size:cover;width:48%; margin-right: 4%;\"><div class=\"fusion-column-wrapper fusion-flex-column-wrapper-legacy\"><div class=\"fusion-column-content-centered\"><div class=\"fusion-column-content\"><div class=\"fusion-text fusion-text-3\"><p><a href=\"https:\/\/www.pineo.cat\/fr\/produits\/\"><img decoding=\"async\" class=\"aligncenter wp-image-922 size-medium\" src=\"https:\/\/www.pineo.cat\/wp-content\/uploads\/2016\/03\/Pineo-Natural-packshots-1-216x300.png\" alt=\"De l\u2019eau pour l\u2019alimentation des nourrissons\" width=\"216\" height=\"300\" srcset=\"https:\/\/www.pineo.cat\/wp-content\/uploads\/2016\/03\/Pineo-Natural-packshots-1-216x300.png 216w, https:\/\/www.pineo.cat\/wp-content\/uploads\/2016\/03\/Pineo-Natural-packshots-1-737x1024.png 737w, https:\/\/www.pineo.cat\/wp-content\/uploads\/2016\/03\/Pineo-Natural-packshots-1-768x1067.png 768w, https:\/\/www.pineo.cat\/wp-content\/uploads\/2016\/03\/Pineo-Natural-packshots-1.png 1474w\" sizes=\"(max-width: 216px) 100vw, 216px\" \/><\/a><\/p>\n<\/div><div class=\"fusion-aligncenter\"><a class=\"fusion-button button-flat fusion-button-default-size button-darkgreen fusion-button-darkgreen button-1 fusion-button-default-span fusion-button-default-type\" target=\"_self\" href=\"https:\/\/www.pineo.cat\/fr\/produits\/\"><span class=\"fusion-button-text\">Regardez l\u2019offre<\/span><\/a><\/div><\/div><\/div><div class=\"fusion-clearfix\"><\/div><\/div><\/div><div class=\"fusion-layout-column fusion_builder_column fusion-builder-column-3 fusion_builder_column_1_2 1_2 fusion-one-half fusion-column-last\" style=\"--awb-padding-top:20px;--awb-padding-right:20px;--awb-padding-bottom:20px;--awb-padding-left:20px;--awb-bg-size:cover;--awb-border-color:#d7eff4;--awb-border-top:5px;--awb-border-right:5px;--awb-border-bottom:5px;--awb-border-left:5px;--awb-border-style:solid;width:48%;\"><div class=\"fusion-column-wrapper fusion-flex-column-wrapper-legacy\"><div class=\"fusion-column-content-centered\"><div class=\"fusion-column-content\"><div class=\"fusion-text fusion-text-4\"><h2>Les apports maximaux tol\u00e9rables dans l\u2019eau pour l\u2019alimentation des nourrissons<\/h2>\n<table width=\"457\">\n<tbody>\n<tr>\n<td width=\"64\"><\/td>\n<td width=\"238\"><strong>Tol\u00e9r\u00e9 pour b\u00e9b\u00e9s<\/strong><\/td>\n<td width=\"155\"><strong>Valeurs Pineo<\/strong><\/td>\n<\/tr>\n<tr>\n<td>Fluor<\/td>\n<td>m\u00e0xim 1,0 mg<\/td>\n<td>0 mg (&lt;0,2 mg\u00a0par litre)<\/td>\n<\/tr>\n<tr>\n<td>Nitrate<\/td>\n<td>m\u00e0xim 25,0 mg<\/td>\n<td>1,1 mg<\/td>\n<\/tr>\n<tr>\n<td>Plomb<\/td>\n<td>m\u00e0xim 10,0 mcg<\/td>\n<td>0 mcg (&lt; 5ug pb\/litre)<\/td>\n<\/tr>\n<tr>\n<td>Sodium<\/td>\n<td>m\u00e0xim 50,0 mg<\/td>\n<td>0,9 mg<\/td>\n<\/tr>\n<tr>\n<td>Sulfate<\/td>\n<td>m\u00e0xim 250,0 mg<\/td>\n<td>7,9 mg<\/td>\n<\/tr>\n<\/tbody>\n<\/table>\n<\/div><\/div><\/div><div class=\"fusion-clearfix\"><\/div><\/div><\/div><\/div><\/div><\/p>\n","protected":false},"excerpt":{"rendered":"","protected":false},"author":2,"featured_media":0,"parent":2294,"menu_order":17,"comment_status":"closed","ping_status":"closed","template":"100-width.php","meta":{"footnotes":""},"yoast_head":"<!-- This site is optimized with the Yoast SEO plugin v21.0 - https:\/\/yoast.com\/wordpress\/plugins\/seo\/ -->\n<title>De l\u2019eau adapt\u00e9e \u00e0 l\u2019alimentation des nourrissons et aux biberons<\/title>\n<meta name=\"description\" content=\"Votre b\u00e9b\u00e9 souffre de crampes, de diarrh\u00e9e ou de constipation? Choisissez de l\u2019eau adapt\u00e9e pour b\u00e9b\u00e9s. Choisissez Pineo. De l\u2019eau min\u00e9rale naturelle.\" \/>\n<meta name=\"robots\" content=\"index, follow, max-snippet:-1, max-image-preview:large, max-video-preview:-1\" \/>\n<link rel=\"canonical\" href=\"https:\/\/www.pineo.cat\/fr\/pourquoi-pineo\/bebe-biberon\/\" \/>\n<meta property=\"og:locale\" content=\"fr_FR\" \/>\n<meta property=\"og:type\" content=\"article\" \/>\n<meta property=\"og:title\" content=\"De l\u2019eau adapt\u00e9e \u00e0 l\u2019alimentation des nourrissons et aux biberons\" \/>\n<meta property=\"og:description\" content=\"Votre b\u00e9b\u00e9 souffre de crampes, de diarrh\u00e9e ou de constipation? Choisissez de l\u2019eau adapt\u00e9e pour b\u00e9b\u00e9s. Choisissez Pineo. De l\u2019eau min\u00e9rale naturelle.\" \/>\n<meta property=\"og:url\" content=\"https:\/\/www.pineo.cat\/fr\/pourquoi-pineo\/bebe-biberon\/\" \/>\n<meta property=\"og:site_name\" content=\"Pineo\" \/>\n<meta property=\"article:modified_time\" content=\"2022-07-06T07:37:39+00:00\" \/>\n<meta property=\"og:image\" content=\"https:\/\/www.pineo.cat\/wp-content\/uploads\/2016\/03\/Pineo-Natural-packshots-1-216x300.png\" \/>\n<meta name=\"twitter:card\" content=\"summary_large_image\" \/>\n<meta name=\"twitter:label1\" content=\"Dur\u00e9e de lecture estim\u00e9e\" \/>\n\t<meta name=\"twitter:data1\" content=\"5 minutes\" \/>\n<script type=\"application\/ld+json\" class=\"yoast-schema-graph\">{\"@context\":\"https:\/\/schema.org\",\"@graph\":[{\"@type\":\"WebPage\",\"@id\":\"https:\/\/www.pineo.cat\/fr\/pourquoi-pineo\/bebe-biberon\/\",\"url\":\"https:\/\/www.pineo.cat\/fr\/pourquoi-pineo\/bebe-biberon\/\",\"name\":\"De l\u2019eau adapt\u00e9e \u00e0 l\u2019alimentation des nourrissons et aux biberons\",\"isPartOf\":{\"@id\":\"https:\/\/www.pineo.cat\/fr\/#website\"},\"datePublished\":\"2016-07-07T09:59:39+00:00\",\"dateModified\":\"2022-07-06T07:37:39+00:00\",\"description\":\"Votre b\u00e9b\u00e9 souffre de crampes, de diarrh\u00e9e ou de constipation? Choisissez de l\u2019eau adapt\u00e9e pour b\u00e9b\u00e9s. Choisissez Pineo. De l\u2019eau min\u00e9rale naturelle.\",\"breadcrumb\":{\"@id\":\"https:\/\/www.pineo.cat\/fr\/pourquoi-pineo\/bebe-biberon\/#breadcrumb\"},\"inLanguage\":\"fr-FR\",\"potentialAction\":[{\"@type\":\"ReadAction\",\"target\":[\"https:\/\/www.pineo.cat\/fr\/pourquoi-pineo\/bebe-biberon\/\"]}]},{\"@type\":\"BreadcrumbList\",\"@id\":\"https:\/\/www.pineo.cat\/fr\/pourquoi-pineo\/bebe-biberon\/#breadcrumb\",\"itemListElement\":[{\"@type\":\"ListItem\",\"position\":1,\"name\":\"Home\",\"item\":\"https:\/\/www.pineo.cat\/fr\/\"},{\"@type\":\"ListItem\",\"position\":2,\"name\":\"Waarom Pineo FR\",\"item\":\"https:\/\/www.pineo.cat\/fr\/pourquoi-pineo\/\"},{\"@type\":\"ListItem\",\"position\":3,\"name\":\"Baby en flesvoeding FR\"}]},{\"@type\":\"WebSite\",\"@id\":\"https:\/\/www.pineo.cat\/fr\/#website\",\"url\":\"https:\/\/www.pineo.cat\/fr\/\",\"name\":\"Pineo\",\"description\":\"Pineo: naturally-arising natural mineral water from the Spanish Pyrenees\",\"publisher\":{\"@id\":\"https:\/\/www.pineo.cat\/fr\/#organization\"},\"potentialAction\":[{\"@type\":\"SearchAction\",\"target\":{\"@type\":\"EntryPoint\",\"urlTemplate\":\"https:\/\/www.pineo.cat\/fr\/?s={search_term_string}\"},\"query-input\":\"required name=search_term_string\"}],\"inLanguage\":\"fr-FR\"},{\"@type\":\"Organization\",\"@id\":\"https:\/\/www.pineo.cat\/fr\/#organization\",\"name\":\"Pineo\",\"url\":\"https:\/\/www.pineo.cat\/fr\/\",\"logo\":{\"@type\":\"ImageObject\",\"inLanguage\":\"fr-FR\",\"@id\":\"https:\/\/www.pineo.cat\/fr\/#\/schema\/logo\/image\/\",\"url\":\"https:\/\/www.pineo.cat\/wp-content\/uploads\/2016\/07\/pineo-logo.png\",\"contentUrl\":\"https:\/\/www.pineo.cat\/wp-content\/uploads\/2016\/07\/pineo-logo.png\",\"width\":197,\"height\":56,\"caption\":\"Pineo\"},\"image\":{\"@id\":\"https:\/\/www.pineo.cat\/fr\/#\/schema\/logo\/image\/\"}}]}<\/script>\n<!-- \/ Yoast SEO plugin. -->","yoast_head_json":{"title":"De l\u2019eau adapt\u00e9e \u00e0 l\u2019alimentation des nourrissons et aux biberons","description":"Votre b\u00e9b\u00e9 souffre de crampes, de diarrh\u00e9e ou de constipation? Choisissez de l\u2019eau adapt\u00e9e pour b\u00e9b\u00e9s. Choisissez Pineo. De l\u2019eau min\u00e9rale naturelle.","robots":{"index":"index","follow":"follow","max-snippet":"max-snippet:-1","max-image-preview":"max-image-preview:large","max-video-preview":"max-video-preview:-1"},"canonical":"https:\/\/www.pineo.cat\/fr\/pourquoi-pineo\/bebe-biberon\/","og_locale":"fr_FR","og_type":"article","og_title":"De l\u2019eau adapt\u00e9e \u00e0 l\u2019alimentation des nourrissons et aux biberons","og_description":"Votre b\u00e9b\u00e9 souffre de crampes, de diarrh\u00e9e ou de constipation? Choisissez de l\u2019eau adapt\u00e9e pour b\u00e9b\u00e9s. Choisissez Pineo. De l\u2019eau min\u00e9rale naturelle.","og_url":"https:\/\/www.pineo.cat\/fr\/pourquoi-pineo\/bebe-biberon\/","og_site_name":"Pineo","article_modified_time":"2022-07-06T07:37:39+00:00","og_image":[{"url":"https:\/\/www.pineo.cat\/wp-content\/uploads\/2016\/03\/Pineo-Natural-packshots-1-216x300.png"}],"twitter_card":"summary_large_image","twitter_misc":{"Dur\u00e9e de lecture estim\u00e9e":"5 minutes"},"schema":{"@context":"https:\/\/schema.org","@graph":[{"@type":"WebPage","@id":"https:\/\/www.pineo.cat\/fr\/pourquoi-pineo\/bebe-biberon\/","url":"https:\/\/www.pineo.cat\/fr\/pourquoi-pineo\/bebe-biberon\/","name":"De l\u2019eau adapt\u00e9e \u00e0 l\u2019alimentation des nourrissons et aux biberons","isPartOf":{"@id":"https:\/\/www.pineo.cat\/fr\/#website"},"datePublished":"2016-07-07T09:59:39+00:00","dateModified":"2022-07-06T07:37:39+00:00","description":"Votre b\u00e9b\u00e9 souffre de crampes, de diarrh\u00e9e ou de constipation? Choisissez de l\u2019eau adapt\u00e9e pour b\u00e9b\u00e9s. Choisissez Pineo. De l\u2019eau min\u00e9rale naturelle.","breadcrumb":{"@id":"https:\/\/www.pineo.cat\/fr\/pourquoi-pineo\/bebe-biberon\/#breadcrumb"},"inLanguage":"fr-FR","potentialAction":[{"@type":"ReadAction","target":["https:\/\/www.pineo.cat\/fr\/pourquoi-pineo\/bebe-biberon\/"]}]},{"@type":"BreadcrumbList","@id":"https:\/\/www.pineo.cat\/fr\/pourquoi-pineo\/bebe-biberon\/#breadcrumb","itemListElement":[{"@type":"ListItem","position":1,"name":"Home","item":"https:\/\/www.pineo.cat\/fr\/"},{"@type":"ListItem","position":2,"name":"Waarom Pineo FR","item":"https:\/\/www.pineo.cat\/fr\/pourquoi-pineo\/"},{"@type":"ListItem","position":3,"name":"Baby en flesvoeding FR"}]},{"@type":"WebSite","@id":"https:\/\/www.pineo.cat\/fr\/#website","url":"https:\/\/www.pineo.cat\/fr\/","name":"Pineo","description":"Pineo: naturally-arising natural mineral water from the Spanish Pyrenees","publisher":{"@id":"https:\/\/www.pineo.cat\/fr\/#organization"},"potentialAction":[{"@type":"SearchAction","target":{"@type":"EntryPoint","urlTemplate":"https:\/\/www.pineo.cat\/fr\/?s={search_term_string}"},"query-input":"required name=search_term_string"}],"inLanguage":"fr-FR"},{"@type":"Organization","@id":"https:\/\/www.pineo.cat\/fr\/#organization","name":"Pineo","url":"https:\/\/www.pineo.cat\/fr\/","logo":{"@type":"ImageObject","inLanguage":"fr-FR","@id":"https:\/\/www.pineo.cat\/fr\/#\/schema\/logo\/image\/","url":"https:\/\/www.pineo.cat\/wp-content\/uploads\/2016\/07\/pineo-logo.png","contentUrl":"https:\/\/www.pineo.cat\/wp-content\/uploads\/2016\/07\/pineo-logo.png","width":197,"height":56,"caption":"Pineo"},"image":{"@id":"https:\/\/www.pineo.cat\/fr\/#\/schema\/logo\/image\/"}}]}},"_links":{"self":[{"href":"https:\/\/www.pineo.cat\/fr\/wp-json\/wp\/v2\/pages\/1719"}],"collection":[{"href":"https:\/\/www.pineo.cat\/fr\/wp-json\/wp\/v2\/pages"}],"about":[{"href":"https:\/\/www.pineo.cat\/fr\/wp-json\/wp\/v2\/types\/page"}],"author":[{"embeddable":true,"href":"https:\/\/www.pineo.cat\/fr\/wp-json\/wp\/v2\/users\/2"}],"replies":[{"embeddable":true,"href":"https:\/\/www.pineo.cat\/fr\/wp-json\/wp\/v2\/comments?post=1719"}],"version-history":[{"count":17,"href":"https:\/\/www.pineo.cat\/fr\/wp-json\/wp\/v2\/pages\/1719\/revisions"}],"predecessor-version":[{"id":8305,"href":"https:\/\/www.pineo.cat\/fr\/wp-json\/wp\/v2\/pages\/1719\/revisions\/8305"}],"up":[{"embeddable":true,"href":"https:\/\/www.pineo.cat\/fr\/wp-json\/wp\/v2\/pages\/2294"}],"wp:attachment":[{"href":"https:\/\/www.pineo.cat\/fr\/wp-json\/wp\/v2\/media?parent=1719"}],"curies":[{"name":"wp","href":"https:\/\/api.w.org\/{rel}","templated":true}]}}