{"id":1715,"date":"2016-07-07T11:53:21","date_gmt":"2016-07-07T09:53:21","guid":{"rendered":"https:\/\/www.pineo.cat\/?page_id=1715"},"modified":"2019-05-29T07:44:46","modified_gmt":"2019-05-29T05:44:46","slug":"le-gout","status":"publish","type":"page","link":"https:\/\/www.pineo.cat\/fr\/pourquoi-pineo\/le-gout\/","title":{"rendered":"De smaak FR"},"content":{"rendered":"<p><div class=\"fusion-fullwidth fullwidth-box fusion-builder-row-1 nonhundred-percent-fullwidth non-hundred-percent-height-scrolling\" style=\"--awb-background-position:left top;--awb-border-radius-top-left:0px;--awb-border-radius-top-right:0px;--awb-border-radius-bottom-right:0px;--awb-border-radius-bottom-left:0px;--awb-padding-top:20px;--awb-padding-bottom:20px;--awb-border-sizes-top:0px;--awb-border-sizes-bottom:0px;\" ><div class=\"fusion-builder-row fusion-row\"><div class=\"fusion-layout-column fusion_builder_column fusion-builder-column-0 fusion_builder_column_1_1 1_1 fusion-one-full fusion-column-first fusion-column-last fusion-column-no-min-height\" style=\"--awb-bg-size:cover;--awb-margin-bottom:0px;\"><div class=\"fusion-column-wrapper fusion-flex-column-wrapper-legacy\"><div class=\"fusion-text fusion-text-1\"><h1 style=\"text-align: center;\">L\u2019atout de Pineo: son go\u00fbt<\/h1>\n<\/div><div class=\"fusion-clearfix\"><\/div><\/div><\/div><\/div><\/div><div class=\"fusion-fullwidth fullwidth-box fusion-builder-row-2 nonhundred-percent-fullwidth non-hundred-percent-height-scrolling fusion-equal-height-columns\" style=\"--awb-background-position:left top;--awb-border-radius-top-left:0px;--awb-border-radius-top-right:0px;--awb-border-radius-bottom-right:0px;--awb-border-radius-bottom-left:0px;--awb-padding-top:20px;--awb-padding-bottom:20px;--awb-border-sizes-top:0px;--awb-border-sizes-bottom:0px;\" ><div class=\"fusion-builder-row fusion-row\"><div class=\"fusion-layout-column fusion_builder_column fusion-builder-column-1 fusion_builder_column_2_5 2_5 fusion-two-fifth fusion-column-first\" style=\"--awb-bg-size:cover;width:37.6%; margin-right: 4%;\"><div class=\"fusion-column-wrapper fusion-flex-column-wrapper-legacy\"><div class=\"fusion-column-content-centered\"><div class=\"fusion-column-content\"><div class=\"fusion-image-element fusion-image-align-center in-legacy-container\" style=\"text-align:center;--awb-caption-title-size:var(--h2_typography-font-size);--awb-caption-title-transform:var(--h2_typography-text-transform);--awb-caption-title-line-height:var(--h2_typography-line-height);--awb-caption-title-letter-spacing:var(--h2_typography-letter-spacing);\"><div class=\"imageframe-align-center\"><span class=\" fusion-imageframe imageframe-none imageframe-1 hover-type-none\"><img decoding=\"async\" width=\"1920\" height=\"1280\" alt=\"Quel est le go\u00fbt de l\u2019eau et comment la go\u00fbter ?\" title=\"Water\" src=\"https:\/\/www.pineo.cat\/wp-content\/uploads\/2016\/03\/Water.jpg\" class=\"img-responsive wp-image-5134\"\/><\/span><\/div><\/div><\/div><\/div><div class=\"fusion-clearfix\"><\/div><\/div><\/div><div class=\"fusion-layout-column fusion_builder_column fusion-builder-column-2 fusion_builder_column_3_5 3_5 fusion-three-fifth fusion-column-last\" style=\"--awb-bg-size:cover;width:58.4%;\"><div class=\"fusion-column-wrapper fusion-flex-column-wrapper-legacy\"><div class=\"fusion-column-content-centered\"><div class=\"fusion-column-content\"><div class=\"fusion-text fusion-text-2\"><h2 style=\"text-align: right;\">Le go\u00fbt de l\u2019eau<\/h2>\n<p style=\"text-align: right;\">L\u2019eau peut avoir un \u00e9ventail de go\u00fbts diff\u00e9rents, dont la plupart sont inconnus. Tout comme le vin, le go\u00fbt de l\u2019eau d\u00e9pend pour une grande partie de la composition du sol et de la r\u00e9gion. De plus, avant d\u2019\u00eatre mise en bouteille, l\u2019eau parcourt tout un trajet qui influence \u00e9galement son go\u00fbt.<\/p>\n<p style=\"text-align: right;\">Les quantit\u00e9s de min\u00e9raux et d\u2019oligo-\u00e9l\u00e9ments pr\u00e9sentes dans l\u2019eau sont les deux plus grands facteurs qui d\u00e9terminent son go\u00fbt. Le sol dans lequel l\u2019eau jaillit a une grande influence sur le go\u00fbt de base d\u2019eau min\u00e9rale et d\u2019eau de source.<\/p>\n<\/div><\/div><\/div><div class=\"fusion-clearfix\"><\/div><\/div><\/div><\/div><\/div><div class=\"fusion-fullwidth fullwidth-box fusion-builder-row-3 nonhundred-percent-fullwidth non-hundred-percent-height-scrolling fusion-equal-height-columns\" style=\"--awb-background-position:left top;--awb-border-radius-top-left:0px;--awb-border-radius-top-right:0px;--awb-border-radius-bottom-right:0px;--awb-border-radius-bottom-left:0px;--awb-padding-top:40px;--awb-padding-right:40px;--awb-padding-bottom:40px;--awb-padding-left:40px;--awb-margin-top:20px;--awb-background-color:#d7eff4;--awb-border-sizes-top:0px;--awb-border-sizes-bottom:0px;\" ><div class=\"fusion-builder-row fusion-row\"><div class=\"fusion-layout-column fusion_builder_column fusion-builder-column-3 fusion_builder_column_1_3 1_3 fusion-one-third fusion-column-first\" style=\"--awb-bg-size:cover;width:33.333333333333%;width:calc(33.333333333333% - ( ( 4% ) * 0.33333333333333 ) );margin-right: 4%;\"><div class=\"fusion-column-wrapper fusion-flex-column-wrapper-legacy\"><div class=\"fusion-image-element fusion-image-align-center in-legacy-container\" style=\"text-align:center;--awb-max-width:300px;--awb-caption-title-size:var(--h2_typography-font-size);--awb-caption-title-transform:var(--h2_typography-text-transform);--awb-caption-title-line-height:var(--h2_typography-line-height);--awb-caption-title-letter-spacing:var(--h2_typography-letter-spacing);\"><div class=\"imageframe-align-center\"><span class=\" fusion-imageframe imageframe-dropshadow imageframe-2 hover-type-none\" style=\"-webkit-box-shadow: 3px 3px 7px rgba(0,0,0,0.3);box-shadow: 3px 3px 7px rgba(0,0,0,0.3);\"><img decoding=\"async\" width=\"1890\" height=\"2079\" title=\"watertasteawards19_FR\" src=\"https:\/\/www.pineo.cat\/wp-content\/uploads\/watertasteawards19_FR-1200x1320.jpg?_t=1559108556\" alt class=\"img-responsive wp-image-7337\" srcset=\"https:\/\/www.pineo.cat\/wp-content\/uploads\/watertasteawards19_FR-200x220.jpg 200w, https:\/\/www.pineo.cat\/wp-content\/uploads\/watertasteawards19_FR-400x440.jpg 400w, https:\/\/www.pineo.cat\/wp-content\/uploads\/watertasteawards19_FR-600x660.jpg 600w, https:\/\/www.pineo.cat\/wp-content\/uploads\/watertasteawards19_FR-800x880.jpg 800w, https:\/\/www.pineo.cat\/wp-content\/uploads\/watertasteawards19_FR-1200x1320.jpg 1200w, https:\/\/www.pineo.cat\/wp-content\/uploads\/watertasteawards19_FR.jpg 1890w\" sizes=\"(max-width: 800px) 100vw, 400px\" \/><\/span><\/div><\/div><div class=\"fusion-clearfix\"><\/div><\/div><\/div><div class=\"fusion-layout-column fusion_builder_column fusion-builder-column-4 fusion_builder_column_2_3 2_3 fusion-two-third fusion-column-last\" style=\"--awb-bg-size:cover;width:66.666666666667%;width:calc(66.666666666667% - ( ( 4% ) * 0.66666666666667 ) );\"><div class=\"fusion-column-wrapper fusion-flex-column-wrapper-legacy\"><div class=\"fusion-text fusion-text-3\"><h2 class=\"title-heading-left\"> Pineo nomm\u00e9e meilleure eau de table du monde <\/h2>\n<p style=\"text-align: left;\">Pineo a \u00e9t\u00e9 nomin\u00e9e parmi 50 excellentes eaux du monde entier. 5 membres du jury constitu\u00e9s de fins connaisseurs et de sommeliers d\u2019eau ont chacun \u00e9valu\u00e9 les diff\u00e9rentes eaux et leur ont attribu\u00e9 un score.\u00a0<strong>Pineo a remport\u00e9 l\u2019or dans la cat\u00e9gorie sup\u00e9rieure des eaux de table ayant une faible teneur en min\u00e9raux (moins de 250 mg)<\/strong>\u00a0et sans dioxyde de carbone ajout\u00e9. Pineo partage cette premi\u00e8re place avec l\u2019eau Bambito du Panama.<\/p>\n<\/div><div class=\"fusion-alignleft\"><a class=\"fusion-button button-flat button-large button-blue fusion-button-blue button-1 fusion-button-default-span fusion-button-default-type\" target=\"_self\" href=\"https:\/\/www.pineo.cat\/fr\/blog\/eau\/pineo-nommee-meilleure-eau-de-table-du-monde\/\"><span class=\"fusion-button-text\">The Fine Water Taste &amp; Design Award 2019<\/span><\/a><\/div><div class=\"fusion-clearfix\"><\/div><\/div><\/div><\/div><\/div><div class=\"fusion-fullwidth fullwidth-box fusion-builder-row-4 fusion-parallax-none nonhundred-percent-fullwidth non-hundred-percent-height-scrolling fusion-equal-height-columns\" style=\"--awb-background-position:center bottom;--awb-border-radius-top-left:0px;--awb-border-radius-top-right:0px;--awb-border-radius-bottom-right:0px;--awb-border-radius-bottom-left:0px;--awb-padding-top:200px;--awb-padding-right:40px;--awb-padding-bottom:200px;--awb-padding-left:40px;--awb-background-color:#518ead;--awb-background-image:url(&quot;https:\/\/www.pineo.cat\/wp-content\/uploads\/2016\/05\/Cathy-Pineo-2.jpg?_t=1487672400&quot;);--awb-background-size:cover;--awb-border-sizes-top:0px;--awb-border-sizes-bottom:0px;\" ><div class=\"fusion-builder-row fusion-row\"><div class=\"fusion-layout-column fusion_builder_column fusion-builder-column-5 fusion_builder_column_3_5 3_5 fusion-three-fifth fusion-column-first\" style=\"--awb-padding-top:20px;--awb-padding-right:20px;--awb-padding-bottom:20px;--awb-padding-left:20px;--awb-bg-color:rgba(132,132,132,0.75);--awb-bg-size:cover;--awb-margin-top:50px;width:58.4%; margin-right: 4%;\"><div class=\"fusion-column-wrapper fusion-flex-column-wrapper-legacy\"><div class=\"fusion-column-content-centered\"><div class=\"fusion-column-content\"><div class=\"fusion-text fusion-text-4\"><h2><span style=\"color: #ffffff;\">Le go\u00fbt de Pineo<\/span><\/h2>\n<p><span style=\"color: #ffffff;\">L\u2019eau min\u00e9rale de Pineo vous emm\u00e8ne en voyage au Sud de L\u2019Europe, aux montagnes de Beneid\u00f3 dans les Pyr\u00e9n\u00e9es espagnoles. Il y a plus de mil ans que les moines s\u2019y sont \u00e9tablis, dans le monast\u00e8re \u2019Monastir Sant Vicenc de Pinsent\u2019, construit en 852, \u00e0 la d\u00e9couverte de la source. En voil\u00e0 la preuve que l\u2019eau pr\u00e9cieuse \u00e9tait tr\u00e8s appr\u00e9ci\u00e9e et que les moines n\u2019en faisaient pas un usage abondant.<\/span><\/p>\n<p><span style=\"color: #ffffff;\"><br \/>\nPineo jaillit vers la surface de fa\u00e7on naturelle. C\u2019est de l\u2019eau unique et art\u00e9sienne qui provient d\u2019une source naturelle. L\u2019eau est imm\u00e9diatement mise en bouteilles et maintient donc toutes ses bonnes qualit\u00e9s. L\u2019eau n\u2019a pas \u00e9t\u00e9 transform\u00e9e par l\u2019homme mais provient directement de la nature.<br \/>\nPineo jaillit dans une zone prot\u00e9g\u00e9e de quelques m\u00e8tres carr\u00e9s. Cette r\u00e9serve naturelle sereine et vierge donne de l\u2019eau claire et stable. La premi\u00e8re gorg\u00e9e a un go\u00fbt agr\u00e9able et naturel. Doux et l\u00e9ger. L\u2019eau est caract\u00e9ris\u00e9e par la r\u00e9gion riche en calcium, o\u00f9 elle jaillit, et sa puret\u00e9 extraordinaire. Pineo contient alors le m\u00e9lange des min\u00e9raux typique de cette r\u00e9gion.<\/span><\/p>\n<p><span style=\"color: #ffffff;\"><br \/>\nDe l\u2019eau min\u00e9rale simple et pure. Lou\u00e9e par sa bouteille magnifique. L\u2019eau par excellence pour servir dans des restaurants, des h\u00f4tels ou lors des \u00e9v\u00e8nements. Surtout l\u2019eau de lune. L\u2019\u00e9dition limit\u00e9e Luna Llena a \u00e9t\u00e9 remplie sous la pleine lune. L\u2019eau de lune de Pineo est biodynamique. La pleine lune est le symbole de l\u2019amour : \u2018To the moon and back\u2019 (plus que le monde entier) chuchote-t-on souvent\u2026<\/span><\/p>\n<\/div><div class=\"fusion-button-wrapper\"><a class=\"fusion-button button-flat fusion-button-default-size button-darkgreen fusion-button-darkgreen button-2 fusion-button-default-span fusion-button-default-type\" target=\"_self\" href=\"https:\/\/www.pineo.cat\/fr\/produits\/\"><span class=\"fusion-button-text\">REGARDEZ L\u2019OFFRE<\/span><\/a><\/div><\/div><\/div><div class=\"fusion-clearfix\"><\/div><\/div><\/div><\/div><\/div><div class=\"fusion-fullwidth fullwidth-box fusion-builder-row-5 nonhundred-percent-fullwidth non-hundred-percent-height-scrolling\" style=\"--awb-border-radius-top-left:0px;--awb-border-radius-top-right:0px;--awb-border-radius-bottom-right:0px;--awb-border-radius-bottom-left:0px;\" ><div class=\"fusion-builder-row fusion-row\"><\/div><\/div><\/p>\n","protected":false},"excerpt":{"rendered":"","protected":false},"author":2,"featured_media":0,"parent":2294,"menu_order":45,"comment_status":"closed","ping_status":"closed","template":"100-width.php","meta":{"footnotes":""},"yoast_head":"<!-- This site is optimized with the Yoast SEO plugin v21.0 - https:\/\/yoast.com\/wordpress\/plugins\/seo\/ -->\n<title>Le go\u00fbt de l\u2019eau, le go\u00fbt de l\u2019eau min\u00e9rale Pineo<\/title>\n<meta name=\"description\" content=\"La source de l\u2019eau d\u00e9termine son go\u00fbt. L\u2019eau min\u00e9rale Pineo a son propre go\u00fbt unique ; aucun autre type d\u2019eau min\u00e9rale a le m\u00eame go\u00fbt\" \/>\n<meta name=\"robots\" content=\"index, follow, max-snippet:-1, max-image-preview:large, max-video-preview:-1\" \/>\n<link rel=\"canonical\" href=\"https:\/\/www.pineo.cat\/fr\/pourquoi-pineo\/le-gout\/\" \/>\n<meta property=\"og:locale\" content=\"fr_FR\" \/>\n<meta property=\"og:type\" content=\"article\" \/>\n<meta property=\"og:title\" content=\"Le go\u00fbt de l\u2019eau, le go\u00fbt de l\u2019eau min\u00e9rale Pineo\" \/>\n<meta property=\"og:description\" content=\"La source de l\u2019eau d\u00e9termine son go\u00fbt. L\u2019eau min\u00e9rale Pineo a son propre go\u00fbt unique ; aucun autre type d\u2019eau min\u00e9rale a le m\u00eame go\u00fbt\" \/>\n<meta property=\"og:url\" content=\"https:\/\/www.pineo.cat\/fr\/pourquoi-pineo\/le-gout\/\" \/>\n<meta property=\"og:site_name\" content=\"Pineo\" \/>\n<meta property=\"article:modified_time\" content=\"2019-05-29T05:44:46+00:00\" \/>\n<meta property=\"og:image\" content=\"https:\/\/www.pineo.cat\/wp-content\/uploads\/2016\/03\/Water.jpg\" \/>\n<meta name=\"twitter:card\" content=\"summary_large_image\" \/>\n<meta name=\"twitter:label1\" content=\"Dur\u00e9e de lecture estim\u00e9e\" \/>\n\t<meta name=\"twitter:data1\" content=\"8 minutes\" \/>\n<script type=\"application\/ld+json\" class=\"yoast-schema-graph\">{\"@context\":\"https:\/\/schema.org\",\"@graph\":[{\"@type\":\"WebPage\",\"@id\":\"https:\/\/www.pineo.cat\/fr\/pourquoi-pineo\/le-gout\/\",\"url\":\"https:\/\/www.pineo.cat\/fr\/pourquoi-pineo\/le-gout\/\",\"name\":\"Le go\u00fbt de l\u2019eau, le go\u00fbt de l\u2019eau min\u00e9rale Pineo\",\"isPartOf\":{\"@id\":\"https:\/\/www.pineo.cat\/fr\/#website\"},\"datePublished\":\"2016-07-07T09:53:21+00:00\",\"dateModified\":\"2019-05-29T05:44:46+00:00\",\"description\":\"La source de l\u2019eau d\u00e9termine son go\u00fbt. L\u2019eau min\u00e9rale Pineo a son propre go\u00fbt unique ; aucun autre type d\u2019eau min\u00e9rale a le m\u00eame go\u00fbt\",\"breadcrumb\":{\"@id\":\"https:\/\/www.pineo.cat\/fr\/pourquoi-pineo\/le-gout\/#breadcrumb\"},\"inLanguage\":\"fr-FR\",\"potentialAction\":[{\"@type\":\"ReadAction\",\"target\":[\"https:\/\/www.pineo.cat\/fr\/pourquoi-pineo\/le-gout\/\"]}]},{\"@type\":\"BreadcrumbList\",\"@id\":\"https:\/\/www.pineo.cat\/fr\/pourquoi-pineo\/le-gout\/#breadcrumb\",\"itemListElement\":[{\"@type\":\"ListItem\",\"position\":1,\"name\":\"Home\",\"item\":\"https:\/\/www.pineo.cat\/fr\/\"},{\"@type\":\"ListItem\",\"position\":2,\"name\":\"Waarom Pineo FR\",\"item\":\"https:\/\/www.pineo.cat\/fr\/pourquoi-pineo\/\"},{\"@type\":\"ListItem\",\"position\":3,\"name\":\"De smaak FR\"}]},{\"@type\":\"WebSite\",\"@id\":\"https:\/\/www.pineo.cat\/fr\/#website\",\"url\":\"https:\/\/www.pineo.cat\/fr\/\",\"name\":\"Pineo\",\"description\":\"Pineo: naturally-arising natural mineral water from the Spanish Pyrenees\",\"publisher\":{\"@id\":\"https:\/\/www.pineo.cat\/fr\/#organization\"},\"potentialAction\":[{\"@type\":\"SearchAction\",\"target\":{\"@type\":\"EntryPoint\",\"urlTemplate\":\"https:\/\/www.pineo.cat\/fr\/?s={search_term_string}\"},\"query-input\":\"required name=search_term_string\"}],\"inLanguage\":\"fr-FR\"},{\"@type\":\"Organization\",\"@id\":\"https:\/\/www.pineo.cat\/fr\/#organization\",\"name\":\"Pineo\",\"url\":\"https:\/\/www.pineo.cat\/fr\/\",\"logo\":{\"@type\":\"ImageObject\",\"inLanguage\":\"fr-FR\",\"@id\":\"https:\/\/www.pineo.cat\/fr\/#\/schema\/logo\/image\/\",\"url\":\"https:\/\/www.pineo.cat\/wp-content\/uploads\/2016\/07\/pineo-logo.png\",\"contentUrl\":\"https:\/\/www.pineo.cat\/wp-content\/uploads\/2016\/07\/pineo-logo.png\",\"width\":197,\"height\":56,\"caption\":\"Pineo\"},\"image\":{\"@id\":\"https:\/\/www.pineo.cat\/fr\/#\/schema\/logo\/image\/\"}}]}<\/script>\n<!-- \/ Yoast SEO plugin. -->","yoast_head_json":{"title":"Le go\u00fbt de l\u2019eau, le go\u00fbt de l\u2019eau min\u00e9rale Pineo","description":"La source de l\u2019eau d\u00e9termine son go\u00fbt. L\u2019eau min\u00e9rale Pineo a son propre go\u00fbt unique ; aucun autre type d\u2019eau min\u00e9rale a le m\u00eame go\u00fbt","robots":{"index":"index","follow":"follow","max-snippet":"max-snippet:-1","max-image-preview":"max-image-preview:large","max-video-preview":"max-video-preview:-1"},"canonical":"https:\/\/www.pineo.cat\/fr\/pourquoi-pineo\/le-gout\/","og_locale":"fr_FR","og_type":"article","og_title":"Le go\u00fbt de l\u2019eau, le go\u00fbt de l\u2019eau min\u00e9rale Pineo","og_description":"La source de l\u2019eau d\u00e9termine son go\u00fbt. L\u2019eau min\u00e9rale Pineo a son propre go\u00fbt unique ; aucun autre type d\u2019eau min\u00e9rale a le m\u00eame go\u00fbt","og_url":"https:\/\/www.pineo.cat\/fr\/pourquoi-pineo\/le-gout\/","og_site_name":"Pineo","article_modified_time":"2019-05-29T05:44:46+00:00","og_image":[{"url":"https:\/\/www.pineo.cat\/wp-content\/uploads\/2016\/03\/Water.jpg"}],"twitter_card":"summary_large_image","twitter_misc":{"Dur\u00e9e de lecture estim\u00e9e":"8 minutes"},"schema":{"@context":"https:\/\/schema.org","@graph":[{"@type":"WebPage","@id":"https:\/\/www.pineo.cat\/fr\/pourquoi-pineo\/le-gout\/","url":"https:\/\/www.pineo.cat\/fr\/pourquoi-pineo\/le-gout\/","name":"Le go\u00fbt de l\u2019eau, le go\u00fbt de l\u2019eau min\u00e9rale Pineo","isPartOf":{"@id":"https:\/\/www.pineo.cat\/fr\/#website"},"datePublished":"2016-07-07T09:53:21+00:00","dateModified":"2019-05-29T05:44:46+00:00","description":"La source de l\u2019eau d\u00e9termine son go\u00fbt. L\u2019eau min\u00e9rale Pineo a son propre go\u00fbt unique ; aucun autre type d\u2019eau min\u00e9rale a le m\u00eame go\u00fbt","breadcrumb":{"@id":"https:\/\/www.pineo.cat\/fr\/pourquoi-pineo\/le-gout\/#breadcrumb"},"inLanguage":"fr-FR","potentialAction":[{"@type":"ReadAction","target":["https:\/\/www.pineo.cat\/fr\/pourquoi-pineo\/le-gout\/"]}]},{"@type":"BreadcrumbList","@id":"https:\/\/www.pineo.cat\/fr\/pourquoi-pineo\/le-gout\/#breadcrumb","itemListElement":[{"@type":"ListItem","position":1,"name":"Home","item":"https:\/\/www.pineo.cat\/fr\/"},{"@type":"ListItem","position":2,"name":"Waarom Pineo FR","item":"https:\/\/www.pineo.cat\/fr\/pourquoi-pineo\/"},{"@type":"ListItem","position":3,"name":"De smaak FR"}]},{"@type":"WebSite","@id":"https:\/\/www.pineo.cat\/fr\/#website","url":"https:\/\/www.pineo.cat\/fr\/","name":"Pineo","description":"Pineo: naturally-arising natural mineral water from the Spanish Pyrenees","publisher":{"@id":"https:\/\/www.pineo.cat\/fr\/#organization"},"potentialAction":[{"@type":"SearchAction","target":{"@type":"EntryPoint","urlTemplate":"https:\/\/www.pineo.cat\/fr\/?s={search_term_string}"},"query-input":"required name=search_term_string"}],"inLanguage":"fr-FR"},{"@type":"Organization","@id":"https:\/\/www.pineo.cat\/fr\/#organization","name":"Pineo","url":"https:\/\/www.pineo.cat\/fr\/","logo":{"@type":"ImageObject","inLanguage":"fr-FR","@id":"https:\/\/www.pineo.cat\/fr\/#\/schema\/logo\/image\/","url":"https:\/\/www.pineo.cat\/wp-content\/uploads\/2016\/07\/pineo-logo.png","contentUrl":"https:\/\/www.pineo.cat\/wp-content\/uploads\/2016\/07\/pineo-logo.png","width":197,"height":56,"caption":"Pineo"},"image":{"@id":"https:\/\/www.pineo.cat\/fr\/#\/schema\/logo\/image\/"}}]}},"_links":{"self":[{"href":"https:\/\/www.pineo.cat\/fr\/wp-json\/wp\/v2\/pages\/1715"}],"collection":[{"href":"https:\/\/www.pineo.cat\/fr\/wp-json\/wp\/v2\/pages"}],"about":[{"href":"https:\/\/www.pineo.cat\/fr\/wp-json\/wp\/v2\/types\/page"}],"author":[{"embeddable":true,"href":"https:\/\/www.pineo.cat\/fr\/wp-json\/wp\/v2\/users\/2"}],"replies":[{"embeddable":true,"href":"https:\/\/www.pineo.cat\/fr\/wp-json\/wp\/v2\/comments?post=1715"}],"version-history":[{"count":14,"href":"https:\/\/www.pineo.cat\/fr\/wp-json\/wp\/v2\/pages\/1715\/revisions"}],"predecessor-version":[{"id":7506,"href":"https:\/\/www.pineo.cat\/fr\/wp-json\/wp\/v2\/pages\/1715\/revisions\/7506"}],"up":[{"embeddable":true,"href":"https:\/\/www.pineo.cat\/fr\/wp-json\/wp\/v2\/pages\/2294"}],"wp:attachment":[{"href":"https:\/\/www.pineo.cat\/fr\/wp-json\/wp\/v2\/media?parent=1715"}],"curies":[{"name":"wp","href":"https:\/\/api.w.org\/{rel}","templated":true}]}}