{"id":1833,"date":"2016-07-08T10:26:49","date_gmt":"2016-07-08T08:26:49","guid":{"rendered":"https:\/\/www.pineo.cat\/?page_id=1833"},"modified":"2017-10-16T06:57:53","modified_gmt":"2017-10-16T04:57:53","slug":"18-ventajas","status":"publish","type":"page","link":"https:\/\/www.pineo.cat\/es\/por-que-pineo\/18-ventajas\/","title":{"rendered":"18 Sterke punten SP"},"content":{"rendered":"<p><div class=\"fusion-fullwidth fullwidth-box fusion-builder-row-1 nonhundred-percent-fullwidth non-hundred-percent-height-scrolling\" style=\"--awb-background-position:left top;--awb-border-radius-top-left:0px;--awb-border-radius-top-right:0px;--awb-border-radius-bottom-right:0px;--awb-border-radius-bottom-left:0px;--awb-padding-top:20px;--awb-padding-bottom:20px;--awb-border-sizes-top:0px;--awb-border-sizes-bottom:0px;\" ><div class=\"fusion-builder-row fusion-row\"><div class=\"fusion-layout-column fusion_builder_column fusion-builder-column-0 fusion_builder_column_1_1 1_1 fusion-one-full fusion-column-first fusion-column-last fusion-column-no-min-height\" style=\"--awb-bg-size:cover;--awb-margin-bottom:0px;\"><div class=\"fusion-column-wrapper fusion-flex-column-wrapper-legacy\"><div class=\"fusion-title title fusion-title-1 fusion-sep-none fusion-title-center fusion-title-text fusion-title-size-one\"><h1 class=\"title-heading-center fusion-responsive-typography-calculated\" style=\"margin:0;--fontSize:45;line-height:1.07;\">Pineo: 18 ventajas para la salud de esta agua envasada en vidrio<\/h1><\/div><div class=\"fusion-clearfix\"><\/div><\/div><\/div><\/div><\/div><div class=\"fusion-fullwidth fullwidth-box fusion-builder-row-2 fusion-parallax-fixed nonhundred-percent-fullwidth non-hundred-percent-height-scrolling\" style=\"--awb-background-position:left center;--awb-border-radius-top-left:0px;--awb-border-radius-top-right:0px;--awb-border-radius-bottom-right:0px;--awb-border-radius-bottom-left:0px;--awb-padding-top:100px;--awb-padding-bottom:100px;--awb-background-image:url(&quot;https:\/\/www.pineo.cat\/wp-content\/uploads\/2016\/03\/JSP6829.jpg&quot;);--awb-background-size:cover;--awb-border-sizes-top:0px;--awb-border-sizes-bottom:0px;background-attachment:fixed;\" ><div class=\"fusion-builder-row fusion-row\"><div class=\"fusion-layout-column fusion_builder_column fusion-builder-column-1 fusion_builder_column_1_2 1_2 fusion-one-half fusion-column-first\" style=\"--awb-bg-size:cover;width:48%; margin-right: 4%;\"><div class=\"fusion-column-wrapper fusion-flex-column-wrapper-legacy\"><div class=\"fusion-text fusion-text-1\"><p><span style=\"color: #ffffff;\">1. Envases muy manejables: en cajas<\/span><br \/>\n<span style=\"color: #ffffff;\">2. Es baja en sodio (0,9 mg\/litro)<br \/>\n<span style=\"color: #ffffff;\">3. 0% de pesticidas org\u00e1nicos (<a href=\"https:\/\/www.pineo.cat\/es\/imagenes\/informes-estudios\/\">an\u00e1lisis realizados por SGS y por el laboratorio Oliver Rod\u00e9s<\/a>)<\/span><br \/>\n<span style=\"color: #ffffff;\">4. 0% de HAP (hidrocarburos arom\u00e1ticos polic\u00edclicos) (an\u00e1lisis del laboratorio Oliver Rod\u00e9s)<\/span><br \/>\n<span style=\"color: #ffffff;\">5. Agua artesiana: brota de forma natural de la tierra = agua madura<\/span><br \/>\n<span style=\"color: #ffffff;\">6. Su fuente data del a\u00f1o 852 y es originaria del antiguo Monasterio de Sant Vicen\u00e7 de Pinset<\/span><\/span><\/p>\n<\/div><div class=\"fusion-clearfix\"><\/div><\/div><\/div><div class=\"fusion-layout-column fusion_builder_column fusion-builder-column-2 fusion_builder_column_1_2 1_2 fusion-one-half fusion-column-last\" style=\"--awb-bg-size:cover;width:48%;\"><div class=\"fusion-column-wrapper fusion-flex-column-wrapper-legacy\"><div class=\"fusion-text fusion-text-2\"><p>\u00a0<\/p>\n<\/div><div class=\"fusion-clearfix\"><\/div><\/div><\/div><\/div><\/div><div class=\"fusion-fullwidth fullwidth-box fusion-builder-row-3 nonhundred-percent-fullwidth non-hundred-percent-height-scrolling fusion-equal-height-columns\" style=\"--awb-background-position:left top;--awb-border-radius-top-left:0px;--awb-border-radius-top-right:0px;--awb-border-radius-bottom-right:0px;--awb-border-radius-bottom-left:0px;--awb-padding-top:20px;--awb-padding-bottom:20px;--awb-background-color:#d7eff4;--awb-border-sizes-top:0px;--awb-border-sizes-bottom:0px;\" ><div class=\"fusion-builder-row fusion-row\"><div class=\"fusion-layout-column fusion_builder_column fusion-builder-column-3 fusion_builder_column_1_4 1_4 fusion-one-fourth fusion-column-first\" style=\"--awb-bg-color:#ffffff;--awb-bg-size:cover;--awb-border-color:#5492c9;--awb-border-top:5px;--awb-border-right:5px;--awb-border-bottom:5px;--awb-border-left:5px;--awb-border-style:solid;width:22%; margin-right: 4%;\"><div class=\"fusion-column-wrapper fusion-flex-column-wrapper-legacy\"><div class=\"fusion-column-content-centered\"><div class=\"fusion-column-content\"><div class=\"fusion-image-element in-legacy-container\" style=\"--awb-caption-title-size:var(--h2_typography-font-size);--awb-caption-title-transform:var(--h2_typography-text-transform);--awb-caption-title-line-height:var(--h2_typography-line-height);--awb-caption-title-letter-spacing:var(--h2_typography-letter-spacing);\"><span class=\" fusion-imageframe imageframe-none imageframe-1 hover-type-none\"><img decoding=\"async\" src=\"https:\/\/www.pineo.cat\/wp-content\/uploads\/2016\/03\/A-baardgier-Gypaetus-barbatus-tekening-Peter-e1467965184588-300x196.jpg\" alt class=\"img-responsive\"\/><\/span><\/div><\/div><\/div><div class=\"fusion-clearfix\"><\/div><\/div><\/div><div class=\"fusion-layout-column fusion_builder_column fusion-builder-column-4 fusion_builder_column_1_4 1_4 fusion-one-fourth\" style=\"--awb-bg-color:#ffffff;--awb-bg-size:cover;--awb-border-color:#5492c9;--awb-border-top:5px;--awb-border-right:5px;--awb-border-bottom:5px;--awb-border-left:5px;--awb-border-style:solid;width:22%; margin-right: 4%;\"><div class=\"fusion-column-wrapper fusion-flex-column-wrapper-legacy\"><div class=\"fusion-column-content-centered\"><div class=\"fusion-column-content\"><div class=\"fusion-image-element in-legacy-container\" style=\"--awb-caption-title-size:var(--h2_typography-font-size);--awb-caption-title-transform:var(--h2_typography-text-transform);--awb-caption-title-line-height:var(--h2_typography-line-height);--awb-caption-title-letter-spacing:var(--h2_typography-letter-spacing);\"><span class=\" fusion-imageframe imageframe-none imageframe-2 hover-type-none\"><img decoding=\"async\" src=\"https:\/\/www.pineo.cat\/wp-content\/uploads\/2016\/03\/A-Pineo-Monastir-Ruine-tekening-Peter-Engels-e1467965126596-300x275.jpg\" alt class=\"img-responsive\"\/><\/span><\/div><\/div><\/div><div class=\"fusion-clearfix\"><\/div><\/div><\/div><div class=\"fusion-layout-column fusion_builder_column fusion-builder-column-5 fusion_builder_column_1_2 1_2 fusion-one-half fusion-column-last\" style=\"--awb-padding-top:20px;--awb-padding-right:20px;--awb-padding-bottom:20px;--awb-padding-left:20px;--awb-bg-color:#5492c9;--awb-bg-size:cover;width:48%;\"><div class=\"fusion-column-wrapper fusion-flex-column-wrapper-legacy\"><div class=\"fusion-column-content-centered\"><div class=\"fusion-column-content\"><div class=\"fusion-text fusion-text-3\"><p><span style=\"color: #ffffff;\">7. El manantial est\u00e1 situado en los Pirineos, a 1.100 m de altura, rodeado de kil\u00f3metros de zona protegida<\/span><br \/>\n<span style=\"color: #ffffff;\">8. Brota en un \u00e1rea libre de contaminantes<\/span><br \/>\n<span style=\"color: #ffffff;\">9. Envasada exclusivamente en vidrio.<\/span><br \/>\n<span style=\"color: #ffffff;\">10. Reconocida como \u201cagua mineral natural\u201d (denominaci\u00f3n legal europea)<\/span><\/p>\n<\/div><\/div><\/div><div class=\"fusion-clearfix\"><\/div><\/div><\/div><\/div><\/div><div class=\"fusion-fullwidth fullwidth-box fusion-builder-row-4 fusion-parallax-fixed nonhundred-percent-fullwidth non-hundred-percent-height-scrolling\" style=\"--awb-background-position:left center;--awb-border-radius-top-left:0px;--awb-border-radius-top-right:0px;--awb-border-radius-bottom-right:0px;--awb-border-radius-bottom-left:0px;--awb-padding-top:100px;--awb-padding-bottom:100px;--awb-background-image:url(&quot;https:\/\/www.pineo.cat\/wp-content\/uploads\/2016\/03\/JSP6829.jpg&quot;);--awb-background-size:cover;--awb-border-sizes-top:0px;--awb-border-sizes-bottom:0px;background-attachment:fixed;\" ><div class=\"fusion-builder-row fusion-row\"><div class=\"fusion-layout-column fusion_builder_column fusion-builder-column-6 fusion_builder_column_1_2 1_2 fusion-one-half fusion-column-first\" style=\"--awb-bg-size:cover;width:48%; margin-right: 4%;\"><div class=\"fusion-column-wrapper fusion-flex-column-wrapper-legacy\"><div class=\"fusion-text fusion-text-4\"><p><span style=\"color: #ffffff;\">11. David Wolfe ha dicho: \u201cPineo es una de las mejores aguas que jam\u00e1s he probado. Mi favorita. Mi agua mineral natural embotellada en vidrio\u201d<\/span><br \/>\n<span style=\"color: #ffffff;\"> 12. Pineo aporta una armon\u00eda perfecta con el vino y la comida<\/span><br \/>\n<span style=\"color: #ffffff;\"> 13. Agua no tratada ni manipulada: de la fuente a la botella directamente<\/span><br \/>\n<span style=\"color: #ffffff;\"> 14. Premio Red Dot por el dise\u00f1o de su botella<\/span><br \/>\n<span style=\"color: #ffffff;\"> 15. <a style=\"color: #ffffff;\" href=\"https:\/\/www.pineo.cat\/es\/por-que-pineo\/el-sabor\/\">Excelente sabor<\/a>: haz la prueba. Confirmado por un <a style=\"color: #ffffff;\" href=\"https:\/\/www.pineo.cat\/wp-content\/uploads\/2016\/03\/Stiftung-Warentest-Test-Pineo-vs-andere-waters-2005-06-01.pdf\">estudio comparativo<\/a> de la asociaci\u00f3n de consumidores alemana<\/span><br \/>\n<span style=\"color: #ffffff;\"> 16. <a style=\"color: #ffffff;\" href=\"https:\/\/www.pineo.cat\/es\/por-que-pineo\/alimentacion-de-lactantes\/\">Adecuada para beb\u00e9s<\/a>: cumple todas las normas europeas sobre preparados para lactantes<\/span><br \/>\n<span style=\"color: #ffffff;\"> 17. Adecuada para dietas bajas en sodio (el contenido de sodio apenas alcanza los 0,9 mg por litro)<\/span><br \/>\n<span style=\"color: #ffffff;\"> 18. Es un agua alcalina suave (pH 7,9).<\/span><\/p>\n<\/div><div class=\"fusion-aligncenter\"><a class=\"fusion-button button-flat fusion-button-default-size button-darkgreen fusion-button-darkgreen button-1 fusion-button-default-span fusion-button-default-type\" target=\"_self\" href=\"https:\/\/www.pineo.cat\/es\/productos\/\"><span class=\"fusion-button-text\">NUESTROS PRODUCTOS<\/span><\/a><\/div><div class=\"fusion-clearfix\"><\/div><\/div><\/div><\/div><\/div><\/p>\n","protected":false},"excerpt":{"rendered":"","protected":false},"author":2,"featured_media":0,"parent":1743,"menu_order":7,"comment_status":"closed","ping_status":"closed","template":"100-width.php","meta":{"footnotes":""},"yoast_head":"<!-- This site is optimized with the Yoast SEO plugin v21.0 - https:\/\/yoast.com\/wordpress\/plugins\/seo\/ -->\n<title>18 ventajas de Pineo. Beneficios del agua sana<\/title>\n<meta name=\"description\" content=\"El agua mineral Pineo aporta muchos beneficios. Por ello es baja en sodio, no tratada y envasada en vidrio. Agua Pineo para todo el mundo.\" \/>\n<meta name=\"robots\" content=\"index, follow, max-snippet:-1, max-image-preview:large, max-video-preview:-1\" \/>\n<link rel=\"canonical\" href=\"https:\/\/www.pineo.cat\/es\/por-que-pineo\/18-ventajas\/\" \/>\n<meta property=\"og:locale\" content=\"es_ES\" \/>\n<meta property=\"og:type\" content=\"article\" \/>\n<meta property=\"og:title\" content=\"18 ventajas de Pineo. Beneficios del agua sana\" \/>\n<meta property=\"og:description\" content=\"El agua mineral Pineo aporta muchos beneficios. Por ello es baja en sodio, no tratada y envasada en vidrio. Agua Pineo para todo el mundo.\" \/>\n<meta property=\"og:url\" content=\"https:\/\/www.pineo.cat\/es\/por-que-pineo\/18-ventajas\/\" \/>\n<meta property=\"og:site_name\" content=\"Pineo\" \/>\n<meta property=\"article:modified_time\" content=\"2017-10-16T04:57:53+00:00\" \/>\n<meta property=\"og:image\" content=\"https:\/\/www.pineo.cat\/wp-content\/uploads\/2016\/03\/A-baardgier-Gypaetus-barbatus-tekening-Peter-e1467965184588-300x196.jpg\" \/>\n<meta name=\"twitter:card\" content=\"summary_large_image\" \/>\n<meta name=\"twitter:label1\" content=\"Tiempo de lectura\" \/>\n\t<meta name=\"twitter:data1\" content=\"6 minutos\" \/>\n<script type=\"application\/ld+json\" class=\"yoast-schema-graph\">{\"@context\":\"https:\/\/schema.org\",\"@graph\":[{\"@type\":\"WebPage\",\"@id\":\"https:\/\/www.pineo.cat\/es\/por-que-pineo\/18-ventajas\/\",\"url\":\"https:\/\/www.pineo.cat\/es\/por-que-pineo\/18-ventajas\/\",\"name\":\"18 ventajas de Pineo. Beneficios del agua sana\",\"isPartOf\":{\"@id\":\"https:\/\/www.pineo.cat\/es\/#website\"},\"datePublished\":\"2016-07-08T08:26:49+00:00\",\"dateModified\":\"2017-10-16T04:57:53+00:00\",\"description\":\"El agua mineral Pineo aporta muchos beneficios. Por ello es baja en sodio, no tratada y envasada en vidrio. Agua Pineo para todo el mundo.\",\"breadcrumb\":{\"@id\":\"https:\/\/www.pineo.cat\/es\/por-que-pineo\/18-ventajas\/#breadcrumb\"},\"inLanguage\":\"es\",\"potentialAction\":[{\"@type\":\"ReadAction\",\"target\":[\"https:\/\/www.pineo.cat\/es\/por-que-pineo\/18-ventajas\/\"]}]},{\"@type\":\"BreadcrumbList\",\"@id\":\"https:\/\/www.pineo.cat\/es\/por-que-pineo\/18-ventajas\/#breadcrumb\",\"itemListElement\":[{\"@type\":\"ListItem\",\"position\":1,\"name\":\"Home\",\"item\":\"https:\/\/www.pineo.cat\/es\/\"},{\"@type\":\"ListItem\",\"position\":2,\"name\":\"Waarom Pineo SP\",\"item\":\"https:\/\/www.pineo.cat\/es\/por-que-pineo\/\"},{\"@type\":\"ListItem\",\"position\":3,\"name\":\"18 Sterke punten SP\"}]},{\"@type\":\"WebSite\",\"@id\":\"https:\/\/www.pineo.cat\/es\/#website\",\"url\":\"https:\/\/www.pineo.cat\/es\/\",\"name\":\"Pineo\",\"description\":\"Pineo: naturally-arising natural mineral water from the Spanish Pyrenees\",\"publisher\":{\"@id\":\"https:\/\/www.pineo.cat\/es\/#organization\"},\"potentialAction\":[{\"@type\":\"SearchAction\",\"target\":{\"@type\":\"EntryPoint\",\"urlTemplate\":\"https:\/\/www.pineo.cat\/es\/?s={search_term_string}\"},\"query-input\":\"required name=search_term_string\"}],\"inLanguage\":\"es\"},{\"@type\":\"Organization\",\"@id\":\"https:\/\/www.pineo.cat\/es\/#organization\",\"name\":\"Pineo\",\"url\":\"https:\/\/www.pineo.cat\/es\/\",\"logo\":{\"@type\":\"ImageObject\",\"inLanguage\":\"es\",\"@id\":\"https:\/\/www.pineo.cat\/es\/#\/schema\/logo\/image\/\",\"url\":\"https:\/\/www.pineo.cat\/wp-content\/uploads\/2016\/07\/pineo-logo.png\",\"contentUrl\":\"https:\/\/www.pineo.cat\/wp-content\/uploads\/2016\/07\/pineo-logo.png\",\"width\":197,\"height\":56,\"caption\":\"Pineo\"},\"image\":{\"@id\":\"https:\/\/www.pineo.cat\/es\/#\/schema\/logo\/image\/\"}}]}<\/script>\n<!-- \/ Yoast SEO plugin. -->","yoast_head_json":{"title":"18 ventajas de Pineo. Beneficios del agua sana","description":"El agua mineral Pineo aporta muchos beneficios. Por ello es baja en sodio, no tratada y envasada en vidrio. Agua Pineo para todo el mundo.","robots":{"index":"index","follow":"follow","max-snippet":"max-snippet:-1","max-image-preview":"max-image-preview:large","max-video-preview":"max-video-preview:-1"},"canonical":"https:\/\/www.pineo.cat\/es\/por-que-pineo\/18-ventajas\/","og_locale":"es_ES","og_type":"article","og_title":"18 ventajas de Pineo. Beneficios del agua sana","og_description":"El agua mineral Pineo aporta muchos beneficios. Por ello es baja en sodio, no tratada y envasada en vidrio. Agua Pineo para todo el mundo.","og_url":"https:\/\/www.pineo.cat\/es\/por-que-pineo\/18-ventajas\/","og_site_name":"Pineo","article_modified_time":"2017-10-16T04:57:53+00:00","og_image":[{"url":"https:\/\/www.pineo.cat\/wp-content\/uploads\/2016\/03\/A-baardgier-Gypaetus-barbatus-tekening-Peter-e1467965184588-300x196.jpg"}],"twitter_card":"summary_large_image","twitter_misc":{"Tiempo de lectura":"6 minutos"},"schema":{"@context":"https:\/\/schema.org","@graph":[{"@type":"WebPage","@id":"https:\/\/www.pineo.cat\/es\/por-que-pineo\/18-ventajas\/","url":"https:\/\/www.pineo.cat\/es\/por-que-pineo\/18-ventajas\/","name":"18 ventajas de Pineo. Beneficios del agua sana","isPartOf":{"@id":"https:\/\/www.pineo.cat\/es\/#website"},"datePublished":"2016-07-08T08:26:49+00:00","dateModified":"2017-10-16T04:57:53+00:00","description":"El agua mineral Pineo aporta muchos beneficios. Por ello es baja en sodio, no tratada y envasada en vidrio. Agua Pineo para todo el mundo.","breadcrumb":{"@id":"https:\/\/www.pineo.cat\/es\/por-que-pineo\/18-ventajas\/#breadcrumb"},"inLanguage":"es","potentialAction":[{"@type":"ReadAction","target":["https:\/\/www.pineo.cat\/es\/por-que-pineo\/18-ventajas\/"]}]},{"@type":"BreadcrumbList","@id":"https:\/\/www.pineo.cat\/es\/por-que-pineo\/18-ventajas\/#breadcrumb","itemListElement":[{"@type":"ListItem","position":1,"name":"Home","item":"https:\/\/www.pineo.cat\/es\/"},{"@type":"ListItem","position":2,"name":"Waarom Pineo SP","item":"https:\/\/www.pineo.cat\/es\/por-que-pineo\/"},{"@type":"ListItem","position":3,"name":"18 Sterke punten SP"}]},{"@type":"WebSite","@id":"https:\/\/www.pineo.cat\/es\/#website","url":"https:\/\/www.pineo.cat\/es\/","name":"Pineo","description":"Pineo: naturally-arising natural mineral water from the Spanish Pyrenees","publisher":{"@id":"https:\/\/www.pineo.cat\/es\/#organization"},"potentialAction":[{"@type":"SearchAction","target":{"@type":"EntryPoint","urlTemplate":"https:\/\/www.pineo.cat\/es\/?s={search_term_string}"},"query-input":"required name=search_term_string"}],"inLanguage":"es"},{"@type":"Organization","@id":"https:\/\/www.pineo.cat\/es\/#organization","name":"Pineo","url":"https:\/\/www.pineo.cat\/es\/","logo":{"@type":"ImageObject","inLanguage":"es","@id":"https:\/\/www.pineo.cat\/es\/#\/schema\/logo\/image\/","url":"https:\/\/www.pineo.cat\/wp-content\/uploads\/2016\/07\/pineo-logo.png","contentUrl":"https:\/\/www.pineo.cat\/wp-content\/uploads\/2016\/07\/pineo-logo.png","width":197,"height":56,"caption":"Pineo"},"image":{"@id":"https:\/\/www.pineo.cat\/es\/#\/schema\/logo\/image\/"}}]}},"_links":{"self":[{"href":"https:\/\/www.pineo.cat\/es\/wp-json\/wp\/v2\/pages\/1833"}],"collection":[{"href":"https:\/\/www.pineo.cat\/es\/wp-json\/wp\/v2\/pages"}],"about":[{"href":"https:\/\/www.pineo.cat\/es\/wp-json\/wp\/v2\/types\/page"}],"author":[{"embeddable":true,"href":"https:\/\/www.pineo.cat\/es\/wp-json\/wp\/v2\/users\/2"}],"replies":[{"embeddable":true,"href":"https:\/\/www.pineo.cat\/es\/wp-json\/wp\/v2\/comments?post=1833"}],"version-history":[{"count":20,"href":"https:\/\/www.pineo.cat\/es\/wp-json\/wp\/v2\/pages\/1833\/revisions"}],"predecessor-version":[{"id":4307,"href":"https:\/\/www.pineo.cat\/es\/wp-json\/wp\/v2\/pages\/1833\/revisions\/4307"}],"up":[{"embeddable":true,"href":"https:\/\/www.pineo.cat\/es\/wp-json\/wp\/v2\/pages\/1743"}],"wp:attachment":[{"href":"https:\/\/www.pineo.cat\/es\/wp-json\/wp\/v2\/media?parent=1833"}],"curies":[{"name":"wp","href":"https:\/\/api.w.org\/{rel}","templated":true}]}}