{"id":1811,"date":"2016-07-08T09:16:11","date_gmt":"2016-07-08T07:16:11","guid":{"rendered":"https:\/\/www.pineo.cat\/?page_id=1811"},"modified":"2018-01-29T12:37:12","modified_gmt":"2018-01-29T11:37:12","slug":"videos","status":"publish","type":"page","link":"https:\/\/www.pineo.cat\/es\/imagenes\/videos\/","title":{"rendered":"Video&#8217;s SP"},"content":{"rendered":"<p><div class=\"fusion-fullwidth fullwidth-box fusion-builder-row-1 nonhundred-percent-fullwidth non-hundred-percent-height-scrolling\" style=\"--awb-background-position:left top;--awb-border-radius-top-left:0px;--awb-border-radius-top-right:0px;--awb-border-radius-bottom-right:0px;--awb-border-radius-bottom-left:0px;--awb-padding-top:20px;--awb-padding-bottom:20px;--awb-border-sizes-top:0px;--awb-border-sizes-bottom:0px;\" ><div class=\"fusion-builder-row fusion-row\"><div class=\"fusion-layout-column fusion_builder_column fusion-builder-column-0 fusion_builder_column_1_1 1_1 fusion-one-full fusion-column-first fusion-column-last fusion-column-no-min-height\" style=\"--awb-bg-size:cover;--awb-margin-bottom:0px;\"><div class=\"fusion-column-wrapper fusion-flex-column-wrapper-legacy\"><div class=\"fusion-text fusion-text-1\"><h1 style=\"text-align: center;\">V\u00eddeos del agua mineral Pineo<\/h1>\n<\/div><div class=\"fusion-clearfix\"><\/div><\/div><\/div><\/div><\/div><div class=\"fusion-fullwidth fullwidth-box fusion-builder-row-2 fusion-parallax-none nonhundred-percent-fullwidth non-hundred-percent-height-scrolling fusion-equal-height-columns\" style=\"--awb-background-position:left top;--awb-border-radius-top-left:0px;--awb-border-radius-top-right:0px;--awb-border-radius-bottom-right:0px;--awb-border-radius-bottom-left:0px;--awb-padding-top:20px;--awb-padding-bottom:20px;--awb-background-image:url(&quot;https:\/\/www.pineo.cat\/wp-content\/uploads\/2016\/03\/Water5.jpg&quot;);--awb-background-size:cover;--awb-border-sizes-top:0px;--awb-border-sizes-bottom:0px;\" ><div class=\"fusion-builder-row fusion-row\"><div class=\"fusion-layout-column fusion_builder_column fusion-builder-column-1 fusion_builder_column_1_2 1_2 fusion-one-half fusion-column-first\" style=\"--awb-padding-top:20px;--awb-padding-right:20px;--awb-padding-bottom:20px;--awb-padding-left:20px;--awb-bg-color:#ffffff;--awb-bg-size:cover;width:48%; margin-right: 4%;\"><div class=\"fusion-column-wrapper fusion-flex-column-wrapper-legacy\"><div class=\"fusion-video fusion-youtube\" style=\"--awb-max-width:600px;--awb-max-height:350px;\"><div class=\"video-shortcode\"><div class=\"fluid-width-video-wrapper\" style=\"padding-top:58.33%;\" ><iframe title=\"YouTube video player 1\" src=\"https:\/\/www.youtube.com\/embed\/gAJUdMO-Jsc?rel=0&amp;autohide=0&amp;showinfo=0&amp;?wmode=transparent&autoplay=0\" width=\"600\" height=\"350\" allowfullscreen allow=\"autoplay; fullscreen\"><\/iframe><\/div><\/div><\/div><div class=\"fusion-text fusion-text-2\"><p style=\"text-align: center;\">Festival internacional: encuentro con acordeonistas en los Pirineos.<\/p>\n<\/div><div class=\"fusion-clearfix\"><\/div><\/div><\/div><div class=\"fusion-layout-column fusion_builder_column fusion-builder-column-2 fusion_builder_column_1_2 1_2 fusion-one-half fusion-column-last\" style=\"--awb-padding-top:20px;--awb-padding-right:20px;--awb-padding-bottom:20px;--awb-padding-left:20px;--awb-bg-color:#ffffff;--awb-bg-size:cover;width:48%;\"><div class=\"fusion-column-wrapper fusion-flex-column-wrapper-legacy\"><div class=\"fusion-video fusion-youtube\" style=\"--awb-max-width:600px;--awb-max-height:350px;\"><div class=\"video-shortcode\"><div class=\"fluid-width-video-wrapper\" style=\"padding-top:58.33%;\" ><iframe title=\"YouTube video player 2\" src=\"https:\/\/www.youtube.com\/embed\/r0O4op9QmMg?rel=0&amp;autohide=0&amp;showinfo=0&amp;?wmode=transparent&autoplay=0\" width=\"600\" height=\"350\" allowfullscreen allow=\"autoplay; fullscreen\"><\/iframe><\/div><\/div><\/div><div class=\"fusion-text fusion-text-3\"><p style=\"text-align: center;\">Un plato t\u00edpico catal\u00e1n: cal\u00e7ots a la brasa bajo la luna llena (con agua Pineo)<\/p>\n<\/div><div class=\"fusion-clearfix\"><\/div><\/div><\/div><div class=\"fusion-layout-column fusion_builder_column fusion-builder-column-3 fusion_builder_column_1_2 1_2 fusion-one-half fusion-column-first\" style=\"--awb-padding-top:20px;--awb-padding-right:20px;--awb-padding-bottom:20px;--awb-padding-left:20px;--awb-bg-color:#ffffff;--awb-bg-size:cover;width:48%; margin-right: 4%;\"><div class=\"fusion-column-wrapper fusion-flex-column-wrapper-legacy\"><div class=\"fusion-video fusion-youtube\" style=\"--awb-max-width:600px;--awb-max-height:350px;\"><div class=\"video-shortcode\"><div class=\"fluid-width-video-wrapper\" style=\"padding-top:58.33%;\" ><iframe title=\"YouTube video player 3\" src=\"https:\/\/www.youtube.com\/embed\/IW3OV8sF-ZI?rel=0&amp;autohide=0&amp;showinfo=0&amp;?wmode=transparent&autoplay=0\" width=\"600\" height=\"350\" allowfullscreen allow=\"autoplay; fullscreen\"><\/iframe><\/div><\/div><\/div><div class=\"fusion-text fusion-text-4\"><p style=\"text-align: center;\">Agua de luna llena: Pineo Luna Llena Special Edition<\/p>\n<\/div><div class=\"fusion-clearfix\"><\/div><\/div><\/div><div class=\"fusion-layout-column fusion_builder_column fusion-builder-column-4 fusion_builder_column_1_2 1_2 fusion-one-half fusion-column-last\" style=\"--awb-padding-top:20px;--awb-padding-right:20px;--awb-padding-bottom:20px;--awb-padding-left:20px;--awb-bg-color:#ffffff;--awb-bg-size:cover;width:48%;\"><div class=\"fusion-column-wrapper fusion-flex-column-wrapper-legacy\"><div class=\"fusion-video fusion-youtube\" style=\"--awb-max-width:600px;--awb-max-height:350px;\"><div class=\"video-shortcode\"><div class=\"fluid-width-video-wrapper\" style=\"padding-top:58.33%;\" ><iframe title=\"YouTube video player 4\" src=\"https:\/\/www.youtube.com\/embed\/YwsLG7VSpEI?rel=0&amp;autohide=0&amp;showinfo=0&amp;?wmode=transparent&autoplay=0\" width=\"600\" height=\"350\" allowfullscreen allow=\"autoplay; fullscreen\"><\/iframe><\/div><\/div><\/div><div class=\"fusion-text fusion-text-5\"><p style=\"text-align: center;\">\u00bfBeber agua y comer sano y delicioso? Elige Pineo<\/p>\n<\/div><div class=\"fusion-clearfix\"><\/div><\/div><\/div><div class=\"fusion-layout-column fusion_builder_column fusion-builder-column-5 fusion_builder_column_1_2 1_2 fusion-one-half fusion-column-first\" style=\"--awb-padding-top:20px;--awb-padding-right:20px;--awb-padding-bottom:20px;--awb-padding-left:20px;--awb-bg-color:#ffffff;--awb-bg-size:cover;width:48%; margin-right: 4%;\"><div class=\"fusion-column-wrapper fusion-flex-column-wrapper-legacy\"><div class=\"fusion-video fusion-youtube\" style=\"--awb-max-width:600px;--awb-max-height:350px;\"><div class=\"video-shortcode\"><div class=\"fluid-width-video-wrapper\" style=\"padding-top:58.33%;\" ><iframe title=\"YouTube video player 5\" src=\"https:\/\/www.youtube.com\/embed\/6fmm0PS_krM?rel=0&amp;autohide=0&amp;showinfo=0&amp;?wmode=transparent&autoplay=0\" width=\"600\" height=\"350\" allowfullscreen allow=\"autoplay; fullscreen\"><\/iframe><\/div><\/div><\/div><div class=\"fusion-text fusion-text-6\"><p style=\"text-align: center;\">Entrevista a Pineo para el \u2018Nat\u00fcrlich vor Ort\u2019, de Nat\u00fcrlich Magazin (en alem\u00e1n)<\/p>\n<\/div><div class=\"fusion-clearfix\"><\/div><\/div><\/div><\/div><\/div><\/p>\n","protected":false},"excerpt":{"rendered":"","protected":false},"author":2,"featured_media":0,"parent":1807,"menu_order":171,"comment_status":"closed","ping_status":"closed","template":"100-width.php","meta":{"footnotes":""},"yoast_head":"<!-- This site is optimized with the Yoast SEO plugin v21.0 - https:\/\/yoast.com\/wordpress\/plugins\/seo\/ -->\n<title>V\u00eddeos del agua mineral Pineo.Entrevista a Pineo<\/title>\n<meta name=\"description\" content=\"\u00bfTe gusta el agua mineral Pineo? Mira estos v\u00eddeos sobre Pineo y d\u00e9jate sorprender por la fuerza especial de esta agua. Entrevista a Pineo\" \/>\n<meta name=\"robots\" content=\"index, follow, max-snippet:-1, max-image-preview:large, max-video-preview:-1\" \/>\n<link rel=\"canonical\" href=\"https:\/\/www.pineo.cat\/es\/imagenes\/videos\/\" \/>\n<meta property=\"og:locale\" content=\"es_ES\" \/>\n<meta property=\"og:type\" content=\"article\" \/>\n<meta property=\"og:title\" content=\"V\u00eddeos del agua mineral Pineo.Entrevista a Pineo\" \/>\n<meta property=\"og:description\" content=\"\u00bfTe gusta el agua mineral Pineo? Mira estos v\u00eddeos sobre Pineo y d\u00e9jate sorprender por la fuerza especial de esta agua. Entrevista a Pineo\" \/>\n<meta property=\"og:url\" content=\"https:\/\/www.pineo.cat\/es\/imagenes\/videos\/\" \/>\n<meta property=\"og:site_name\" content=\"Pineo\" \/>\n<meta property=\"article:modified_time\" content=\"2018-01-29T11:37:12+00:00\" \/>\n<meta name=\"twitter:card\" content=\"summary_large_image\" \/>\n<meta name=\"twitter:label1\" content=\"Tiempo de lectura\" \/>\n\t<meta name=\"twitter:data1\" content=\"4 minutos\" \/>\n<script type=\"application\/ld+json\" class=\"yoast-schema-graph\">{\"@context\":\"https:\/\/schema.org\",\"@graph\":[{\"@type\":\"WebPage\",\"@id\":\"https:\/\/www.pineo.cat\/es\/imagenes\/videos\/\",\"url\":\"https:\/\/www.pineo.cat\/es\/imagenes\/videos\/\",\"name\":\"V\u00eddeos del agua mineral Pineo.Entrevista a Pineo\",\"isPartOf\":{\"@id\":\"https:\/\/www.pineo.cat\/es\/#website\"},\"datePublished\":\"2016-07-08T07:16:11+00:00\",\"dateModified\":\"2018-01-29T11:37:12+00:00\",\"description\":\"\u00bfTe gusta el agua mineral Pineo? Mira estos v\u00eddeos sobre Pineo y d\u00e9jate sorprender por la fuerza especial de esta agua. Entrevista a Pineo\",\"breadcrumb\":{\"@id\":\"https:\/\/www.pineo.cat\/es\/imagenes\/videos\/#breadcrumb\"},\"inLanguage\":\"es\",\"potentialAction\":[{\"@type\":\"ReadAction\",\"target\":[\"https:\/\/www.pineo.cat\/es\/imagenes\/videos\/\"]}]},{\"@type\":\"BreadcrumbList\",\"@id\":\"https:\/\/www.pineo.cat\/es\/imagenes\/videos\/#breadcrumb\",\"itemListElement\":[{\"@type\":\"ListItem\",\"position\":1,\"name\":\"Home\",\"item\":\"https:\/\/www.pineo.cat\/es\/\"},{\"@type\":\"ListItem\",\"position\":2,\"name\":\"Afbeeldingen SP\",\"item\":\"https:\/\/www.pineo.cat\/es\/imagenes\/\"},{\"@type\":\"ListItem\",\"position\":3,\"name\":\"Video&#8217;s SP\"}]},{\"@type\":\"WebSite\",\"@id\":\"https:\/\/www.pineo.cat\/es\/#website\",\"url\":\"https:\/\/www.pineo.cat\/es\/\",\"name\":\"Pineo\",\"description\":\"Pineo: naturally-arising natural mineral water from the Spanish Pyrenees\",\"publisher\":{\"@id\":\"https:\/\/www.pineo.cat\/es\/#organization\"},\"potentialAction\":[{\"@type\":\"SearchAction\",\"target\":{\"@type\":\"EntryPoint\",\"urlTemplate\":\"https:\/\/www.pineo.cat\/es\/?s={search_term_string}\"},\"query-input\":\"required name=search_term_string\"}],\"inLanguage\":\"es\"},{\"@type\":\"Organization\",\"@id\":\"https:\/\/www.pineo.cat\/es\/#organization\",\"name\":\"Pineo\",\"url\":\"https:\/\/www.pineo.cat\/es\/\",\"logo\":{\"@type\":\"ImageObject\",\"inLanguage\":\"es\",\"@id\":\"https:\/\/www.pineo.cat\/es\/#\/schema\/logo\/image\/\",\"url\":\"https:\/\/www.pineo.cat\/wp-content\/uploads\/2016\/07\/pineo-logo.png\",\"contentUrl\":\"https:\/\/www.pineo.cat\/wp-content\/uploads\/2016\/07\/pineo-logo.png\",\"width\":197,\"height\":56,\"caption\":\"Pineo\"},\"image\":{\"@id\":\"https:\/\/www.pineo.cat\/es\/#\/schema\/logo\/image\/\"}}]}<\/script>\n<!-- \/ Yoast SEO plugin. -->","yoast_head_json":{"title":"V\u00eddeos del agua mineral Pineo.Entrevista a Pineo","description":"\u00bfTe gusta el agua mineral Pineo? Mira estos v\u00eddeos sobre Pineo y d\u00e9jate sorprender por la fuerza especial de esta agua. Entrevista a Pineo","robots":{"index":"index","follow":"follow","max-snippet":"max-snippet:-1","max-image-preview":"max-image-preview:large","max-video-preview":"max-video-preview:-1"},"canonical":"https:\/\/www.pineo.cat\/es\/imagenes\/videos\/","og_locale":"es_ES","og_type":"article","og_title":"V\u00eddeos del agua mineral Pineo.Entrevista a Pineo","og_description":"\u00bfTe gusta el agua mineral Pineo? Mira estos v\u00eddeos sobre Pineo y d\u00e9jate sorprender por la fuerza especial de esta agua. Entrevista a Pineo","og_url":"https:\/\/www.pineo.cat\/es\/imagenes\/videos\/","og_site_name":"Pineo","article_modified_time":"2018-01-29T11:37:12+00:00","twitter_card":"summary_large_image","twitter_misc":{"Tiempo de lectura":"4 minutos"},"schema":{"@context":"https:\/\/schema.org","@graph":[{"@type":"WebPage","@id":"https:\/\/www.pineo.cat\/es\/imagenes\/videos\/","url":"https:\/\/www.pineo.cat\/es\/imagenes\/videos\/","name":"V\u00eddeos del agua mineral Pineo.Entrevista a Pineo","isPartOf":{"@id":"https:\/\/www.pineo.cat\/es\/#website"},"datePublished":"2016-07-08T07:16:11+00:00","dateModified":"2018-01-29T11:37:12+00:00","description":"\u00bfTe gusta el agua mineral Pineo? Mira estos v\u00eddeos sobre Pineo y d\u00e9jate sorprender por la fuerza especial de esta agua. Entrevista a Pineo","breadcrumb":{"@id":"https:\/\/www.pineo.cat\/es\/imagenes\/videos\/#breadcrumb"},"inLanguage":"es","potentialAction":[{"@type":"ReadAction","target":["https:\/\/www.pineo.cat\/es\/imagenes\/videos\/"]}]},{"@type":"BreadcrumbList","@id":"https:\/\/www.pineo.cat\/es\/imagenes\/videos\/#breadcrumb","itemListElement":[{"@type":"ListItem","position":1,"name":"Home","item":"https:\/\/www.pineo.cat\/es\/"},{"@type":"ListItem","position":2,"name":"Afbeeldingen SP","item":"https:\/\/www.pineo.cat\/es\/imagenes\/"},{"@type":"ListItem","position":3,"name":"Video&#8217;s SP"}]},{"@type":"WebSite","@id":"https:\/\/www.pineo.cat\/es\/#website","url":"https:\/\/www.pineo.cat\/es\/","name":"Pineo","description":"Pineo: naturally-arising natural mineral water from the Spanish Pyrenees","publisher":{"@id":"https:\/\/www.pineo.cat\/es\/#organization"},"potentialAction":[{"@type":"SearchAction","target":{"@type":"EntryPoint","urlTemplate":"https:\/\/www.pineo.cat\/es\/?s={search_term_string}"},"query-input":"required name=search_term_string"}],"inLanguage":"es"},{"@type":"Organization","@id":"https:\/\/www.pineo.cat\/es\/#organization","name":"Pineo","url":"https:\/\/www.pineo.cat\/es\/","logo":{"@type":"ImageObject","inLanguage":"es","@id":"https:\/\/www.pineo.cat\/es\/#\/schema\/logo\/image\/","url":"https:\/\/www.pineo.cat\/wp-content\/uploads\/2016\/07\/pineo-logo.png","contentUrl":"https:\/\/www.pineo.cat\/wp-content\/uploads\/2016\/07\/pineo-logo.png","width":197,"height":56,"caption":"Pineo"},"image":{"@id":"https:\/\/www.pineo.cat\/es\/#\/schema\/logo\/image\/"}}]}},"_links":{"self":[{"href":"https:\/\/www.pineo.cat\/es\/wp-json\/wp\/v2\/pages\/1811"}],"collection":[{"href":"https:\/\/www.pineo.cat\/es\/wp-json\/wp\/v2\/pages"}],"about":[{"href":"https:\/\/www.pineo.cat\/es\/wp-json\/wp\/v2\/types\/page"}],"author":[{"embeddable":true,"href":"https:\/\/www.pineo.cat\/es\/wp-json\/wp\/v2\/users\/2"}],"replies":[{"embeddable":true,"href":"https:\/\/www.pineo.cat\/es\/wp-json\/wp\/v2\/comments?post=1811"}],"version-history":[{"count":9,"href":"https:\/\/www.pineo.cat\/es\/wp-json\/wp\/v2\/pages\/1811\/revisions"}],"predecessor-version":[{"id":4400,"href":"https:\/\/www.pineo.cat\/es\/wp-json\/wp\/v2\/pages\/1811\/revisions\/4400"}],"up":[{"embeddable":true,"href":"https:\/\/www.pineo.cat\/es\/wp-json\/wp\/v2\/pages\/1807"}],"wp:attachment":[{"href":"https:\/\/www.pineo.cat\/es\/wp-json\/wp\/v2\/media?parent=1811"}],"curies":[{"name":"wp","href":"https:\/\/api.w.org\/{rel}","templated":true}]}}