{"id":1788,"date":"2016-07-07T16:29:16","date_gmt":"2016-07-07T14:29:16","guid":{"rendered":"https:\/\/www.pineo.cat\/?page_id=1788"},"modified":"2017-06-28T08:59:53","modified_gmt":"2017-06-28T06:59:53","slug":"cloro","status":"publish","type":"page","link":"https:\/\/www.pineo.cat\/es\/por-que-pineo\/cloro\/","title":{"rendered":"Chloorarm SP"},"content":{"rendered":"<p><div class=\"fusion-fullwidth fullwidth-box fusion-builder-row-1 nonhundred-percent-fullwidth non-hundred-percent-height-scrolling\" style=\"--awb-background-position:left top;--awb-border-radius-top-left:0px;--awb-border-radius-top-right:0px;--awb-border-radius-bottom-right:0px;--awb-border-radius-bottom-left:0px;--awb-padding-top:20px;--awb-padding-bottom:20px;--awb-border-sizes-top:0px;--awb-border-sizes-bottom:0px;\" ><div class=\"fusion-builder-row fusion-row\"><div class=\"fusion-layout-column fusion_builder_column fusion-builder-column-0 fusion_builder_column_1_1 1_1 fusion-one-full fusion-column-first fusion-column-last fusion-column-no-min-height\" style=\"--awb-bg-size:cover;--awb-margin-bottom:0px;\"><div class=\"fusion-column-wrapper fusion-flex-column-wrapper-legacy\"><div class=\"fusion-text fusion-text-1\"><h1 style=\"text-align: center;\">El agua mineral natural Pineo y cloro<\/h1>\n<\/div><div class=\"fusion-clearfix\"><\/div><\/div><\/div><div class=\"fusion-layout-column fusion_builder_column fusion-builder-column-1 fusion_builder_column_1_1 1_1 fusion-one-full fusion-column-first fusion-column-last\" style=\"--awb-bg-size:cover;\"><div class=\"fusion-column-wrapper fusion-flex-column-wrapper-legacy\"><div class=\"fusion-text fusion-text-2\"><h2>\u00bfQu\u00e9 es el cloro?<\/h2>\n<p>El cloro es un mineral que en la naturaleza se encuentra a menudo formando parte de cloruros. El cloruro es un componente de la sal (sal com\u00fan = sodio + cloruro). El cloro se percibe a trav\u00e9s del sabor y del olor. De hecho, en varios pa\u00edses se puede notar su presencia en el agua del grifo igual que se nota en las piscinas. Podemos percibir el sabor del cloro a partir de una concentraci\u00f3n de 250 mg\/l (fuente: WHO\/SDE\/WSH\/03.04\/03, \u2018Chloride in Drinking-water\u2019, p.3). El cloro mata las bacterias y esa es la raz\u00f3n por la que se a\u00f1ade al agua corriente y al agua de las piscinas.<\/p>\n<\/div><div class=\"fusion-clearfix\"><\/div><\/div><\/div><\/div><\/div><div class=\"fusion-fullwidth fullwidth-box fusion-builder-row-2 fusion-parallax-fixed nonhundred-percent-fullwidth non-hundred-percent-height-scrolling\" style=\"--awb-border-radius-top-left:0px;--awb-border-radius-top-right:0px;--awb-border-radius-bottom-right:0px;--awb-border-radius-bottom-left:0px;--awb-padding-top:20px;--awb-padding-bottom:20px;--awb-background-image:url(&quot;https:\/\/www.pineo.cat\/wp-content\/uploads\/2016\/06\/Pineo-glas.jpg&quot;);--awb-background-size:cover;--awb-border-sizes-top:0px;--awb-border-sizes-bottom:0px;background-attachment:fixed;\" ><div class=\"fusion-builder-row fusion-row\"><div class=\"fusion-layout-column fusion_builder_column fusion-builder-column-2 fusion_builder_column_1_3 1_3 fusion-one-third fusion-column-first\" style=\"--awb-padding-top:20px;--awb-padding-right:20px;--awb-padding-bottom:20px;--awb-padding-left:20px;--awb-bg-color:#5492c9;--awb-bg-size:cover;width:30.6666%; margin-right: 4%;\"><div class=\"fusion-column-wrapper fusion-flex-column-wrapper-legacy\"><div class=\"fusion-text fusion-text-3\"><h2><span style=\"color: #ffffff;\">Agua en cloro? para un sabor perfecto<\/span><\/h2>\n<p><span style=\"color: #ffffff;\">Algunas marcas de agua mineral lavan sus botellas con cloro. Adem\u00e1s, muchas veces el agua se suele tratar con cloro para mantenerla est\u00e9ril, es decir, para matar las bacterias. El agua Pineo est\u00e1 libre de bacterias de forma natural, por lo que no es necesario tratarla con cloro. Esto es mejor para su sabor. Las aguas minerales naturales con m\u00e1s cloro no son recomendables por su sabor y olor para acompa\u00f1ar la comida.<\/span><\/p>\n<p><span style=\"color: #ffffff;\">Pineo contiene de forma natural muy poco cloro, apenas 1,9 mg\/litro.<\/span><\/p>\n<\/div><div class=\"fusion-clearfix\"><\/div><\/div><\/div><\/div><\/div><div class=\"fusion-fullwidth fullwidth-box fusion-builder-row-3 fusion-parallax-none nonhundred-percent-fullwidth non-hundred-percent-height-scrolling fusion-equal-height-columns\" style=\"--awb-border-radius-top-left:0px;--awb-border-radius-top-right:0px;--awb-border-radius-bottom-right:0px;--awb-border-radius-bottom-left:0px;--awb-padding-top:20px;--awb-padding-bottom:20px;--awb-background-image:url(&quot;https:\/\/www.pineo.cat\/wp-content\/uploads\/2016\/03\/Abstract-achtergrond2.jpg&quot;);--awb-background-size:cover;--awb-border-sizes-top:0px;--awb-border-sizes-bottom:0px;\" ><div class=\"fusion-builder-row fusion-row\"><div class=\"fusion-layout-column fusion_builder_column fusion-builder-column-3 fusion_builder_column_1_2 1_2 fusion-one-half fusion-column-first\" style=\"--awb-bg-size:cover;width:48%; margin-right: 4%;\"><div class=\"fusion-column-wrapper fusion-flex-column-wrapper-legacy\"><div class=\"fusion-column-content-centered\"><div class=\"fusion-column-content\"><div class=\"fusion-text fusion-text-4\"><h2 style=\"text-align: center;\">Concentraci\u00f3n de cloruros en diversas marcas de agua mineral<\/h2>\n<table width=\"215\">\n<tbody>\n<tr>\n<td width=\"100\"><strong>Marca<\/strong><\/td>\n<td width=\"115\"><strong>Cloruros mg\/litro<\/strong><\/td>\n<\/tr>\n<tr>\n<td width=\"100\">Vichy Catal\u00e1n<\/td>\n<td width=\"115\">584<\/td>\n<\/tr>\n<tr>\n<td width=\"100\">Selters<\/td>\n<td width=\"115\">270<\/td>\n<\/tr>\n<tr>\n<td width=\"100\">San Pellegrino<\/td>\n<td width=\"115\">54<\/td>\n<\/tr>\n<tr>\n<td width=\"100\">Ordal<\/td>\n<td width=\"115\">42<\/td>\n<\/tr>\n<tr>\n<td width=\"100\">Chaudfontaine<\/td>\n<td width=\"115\">35<\/td>\n<\/tr>\n<tr>\n<td width=\"100\">Tonissteiner<\/td>\n<td width=\"115\">32<\/td>\n<\/tr>\n<tr>\n<td width=\"100\">Perrier<\/td>\n<td width=\"115\">25<\/td>\n<\/tr>\n<tr>\n<td width=\"100\">Gerolsteiner<\/td>\n<td width=\"115\">9<\/td>\n<\/tr>\n<tr>\n<td width=\"100\">Voss<\/td>\n<td width=\"115\">6<\/td>\n<\/tr>\n<tr>\n<td width=\"100\">Evian<\/td>\n<td width=\"115\">6<\/td>\n<\/tr>\n<tr>\n<td width=\"100\">Spa<\/td>\n<td width=\"115\">5<\/td>\n<\/tr>\n<tr>\n<td width=\"100\">Fiji<\/td>\n<td width=\"115\">5<\/td>\n<\/tr>\n<tr>\n<td width=\"100\"><strong>Pineo<\/strong><\/td>\n<td width=\"115\"><strong>1,9<\/strong><\/td>\n<\/tr>\n<\/tbody>\n<\/table>\n<\/div><\/div><\/div><div class=\"fusion-clearfix\"><\/div><\/div><\/div><div class=\"fusion-layout-column fusion_builder_column fusion-builder-column-4 fusion_builder_column_1_2 1_2 fusion-one-half fusion-column-last\" style=\"--awb-bg-size:cover;width:48%;\"><div class=\"fusion-column-wrapper fusion-flex-column-wrapper-legacy\"><div class=\"fusion-column-content-centered\"><div class=\"fusion-column-content\"><div class=\"fusion-text fusion-text-5\"><p style=\"text-align: center;\"><a href=\"https:\/\/www.pineo.cat\/es\/productos\/\"><img decoding=\"async\" class=\"alignnone wp-image-909\" src=\"https:\/\/www.pineo.cat\/wp-content\/uploads\/2016\/03\/Pineo-1L-packshots-zonder-spiegeling-300x259.png\" alt=\"An\u00e1lisis del contenido de cloro en el agua\" width=\"268\" height=\"231\" \/><\/a><\/p>\n<\/div><div class=\"fusion-aligncenter\"><a class=\"fusion-button button-flat fusion-button-default-size button-darkgreen fusion-button-darkgreen button-1 fusion-button-default-span fusion-button-default-type\" target=\"_self\" href=\"https:\/\/www.pineo.cat\/es\/productos\/\"><span class=\"fusion-button-text\">NUESTROS PRODUCTOS<\/span><\/a><\/div><\/div><\/div><div class=\"fusion-clearfix\"><\/div><\/div><\/div><\/div><\/div><\/p>\n","protected":false},"excerpt":{"rendered":"","protected":false},"author":2,"featured_media":0,"parent":1743,"menu_order":34,"comment_status":"closed","ping_status":"closed","template":"100-width.php","meta":{"footnotes":""},"yoast_head":"<!-- This site is optimized with the Yoast SEO plugin v21.0 - https:\/\/yoast.com\/wordpress\/plugins\/seo\/ -->\n<title>El agua mineral Pineo y cloro<\/title>\n<meta name=\"description\" content=\"Algunas marcas de agua mineral lavan sus botellas con cloro. Por eso, elige Pineo, agua mineral natural. Pineo contiene apenas 1,9 mg\/litro\" \/>\n<meta name=\"robots\" content=\"index, follow, max-snippet:-1, max-image-preview:large, max-video-preview:-1\" \/>\n<link rel=\"canonical\" href=\"https:\/\/www.pineo.cat\/es\/por-que-pineo\/cloro\/\" \/>\n<meta property=\"og:locale\" content=\"es_ES\" \/>\n<meta property=\"og:type\" content=\"article\" \/>\n<meta property=\"og:title\" content=\"El agua mineral Pineo y cloro\" \/>\n<meta property=\"og:description\" content=\"Algunas marcas de agua mineral lavan sus botellas con cloro. Por eso, elige Pineo, agua mineral natural. Pineo contiene apenas 1,9 mg\/litro\" \/>\n<meta property=\"og:url\" content=\"https:\/\/www.pineo.cat\/es\/por-que-pineo\/cloro\/\" \/>\n<meta property=\"og:site_name\" content=\"Pineo\" \/>\n<meta property=\"article:modified_time\" content=\"2017-06-28T06:59:53+00:00\" \/>\n<meta property=\"og:image\" content=\"https:\/\/www.pineo.cat\/wp-content\/uploads\/2016\/03\/Pineo-1L-packshots-zonder-spiegeling-300x259.png\" \/>\n<meta name=\"twitter:card\" content=\"summary_large_image\" \/>\n<meta name=\"twitter:label1\" content=\"Tiempo de lectura\" \/>\n\t<meta name=\"twitter:data1\" content=\"5 minutos\" \/>\n<script type=\"application\/ld+json\" class=\"yoast-schema-graph\">{\"@context\":\"https:\/\/schema.org\",\"@graph\":[{\"@type\":\"WebPage\",\"@id\":\"https:\/\/www.pineo.cat\/es\/por-que-pineo\/cloro\/\",\"url\":\"https:\/\/www.pineo.cat\/es\/por-que-pineo\/cloro\/\",\"name\":\"El agua mineral Pineo y cloro\",\"isPartOf\":{\"@id\":\"https:\/\/www.pineo.cat\/es\/#website\"},\"datePublished\":\"2016-07-07T14:29:16+00:00\",\"dateModified\":\"2017-06-28T06:59:53+00:00\",\"description\":\"Algunas marcas de agua mineral lavan sus botellas con cloro. Por eso, elige Pineo, agua mineral natural. Pineo contiene apenas 1,9 mg\/litro\",\"breadcrumb\":{\"@id\":\"https:\/\/www.pineo.cat\/es\/por-que-pineo\/cloro\/#breadcrumb\"},\"inLanguage\":\"es\",\"potentialAction\":[{\"@type\":\"ReadAction\",\"target\":[\"https:\/\/www.pineo.cat\/es\/por-que-pineo\/cloro\/\"]}]},{\"@type\":\"BreadcrumbList\",\"@id\":\"https:\/\/www.pineo.cat\/es\/por-que-pineo\/cloro\/#breadcrumb\",\"itemListElement\":[{\"@type\":\"ListItem\",\"position\":1,\"name\":\"Home\",\"item\":\"https:\/\/www.pineo.cat\/es\/\"},{\"@type\":\"ListItem\",\"position\":2,\"name\":\"Waarom Pineo SP\",\"item\":\"https:\/\/www.pineo.cat\/es\/por-que-pineo\/\"},{\"@type\":\"ListItem\",\"position\":3,\"name\":\"Chloorarm SP\"}]},{\"@type\":\"WebSite\",\"@id\":\"https:\/\/www.pineo.cat\/es\/#website\",\"url\":\"https:\/\/www.pineo.cat\/es\/\",\"name\":\"Pineo\",\"description\":\"Pineo: naturally-arising natural mineral water from the Spanish Pyrenees\",\"publisher\":{\"@id\":\"https:\/\/www.pineo.cat\/es\/#organization\"},\"potentialAction\":[{\"@type\":\"SearchAction\",\"target\":{\"@type\":\"EntryPoint\",\"urlTemplate\":\"https:\/\/www.pineo.cat\/es\/?s={search_term_string}\"},\"query-input\":\"required name=search_term_string\"}],\"inLanguage\":\"es\"},{\"@type\":\"Organization\",\"@id\":\"https:\/\/www.pineo.cat\/es\/#organization\",\"name\":\"Pineo\",\"url\":\"https:\/\/www.pineo.cat\/es\/\",\"logo\":{\"@type\":\"ImageObject\",\"inLanguage\":\"es\",\"@id\":\"https:\/\/www.pineo.cat\/es\/#\/schema\/logo\/image\/\",\"url\":\"https:\/\/www.pineo.cat\/wp-content\/uploads\/2016\/07\/pineo-logo.png\",\"contentUrl\":\"https:\/\/www.pineo.cat\/wp-content\/uploads\/2016\/07\/pineo-logo.png\",\"width\":197,\"height\":56,\"caption\":\"Pineo\"},\"image\":{\"@id\":\"https:\/\/www.pineo.cat\/es\/#\/schema\/logo\/image\/\"}}]}<\/script>\n<!-- \/ Yoast SEO plugin. -->","yoast_head_json":{"title":"El agua mineral Pineo y cloro","description":"Algunas marcas de agua mineral lavan sus botellas con cloro. Por eso, elige Pineo, agua mineral natural. Pineo contiene apenas 1,9 mg\/litro","robots":{"index":"index","follow":"follow","max-snippet":"max-snippet:-1","max-image-preview":"max-image-preview:large","max-video-preview":"max-video-preview:-1"},"canonical":"https:\/\/www.pineo.cat\/es\/por-que-pineo\/cloro\/","og_locale":"es_ES","og_type":"article","og_title":"El agua mineral Pineo y cloro","og_description":"Algunas marcas de agua mineral lavan sus botellas con cloro. Por eso, elige Pineo, agua mineral natural. Pineo contiene apenas 1,9 mg\/litro","og_url":"https:\/\/www.pineo.cat\/es\/por-que-pineo\/cloro\/","og_site_name":"Pineo","article_modified_time":"2017-06-28T06:59:53+00:00","og_image":[{"url":"https:\/\/www.pineo.cat\/wp-content\/uploads\/2016\/03\/Pineo-1L-packshots-zonder-spiegeling-300x259.png"}],"twitter_card":"summary_large_image","twitter_misc":{"Tiempo de lectura":"5 minutos"},"schema":{"@context":"https:\/\/schema.org","@graph":[{"@type":"WebPage","@id":"https:\/\/www.pineo.cat\/es\/por-que-pineo\/cloro\/","url":"https:\/\/www.pineo.cat\/es\/por-que-pineo\/cloro\/","name":"El agua mineral Pineo y cloro","isPartOf":{"@id":"https:\/\/www.pineo.cat\/es\/#website"},"datePublished":"2016-07-07T14:29:16+00:00","dateModified":"2017-06-28T06:59:53+00:00","description":"Algunas marcas de agua mineral lavan sus botellas con cloro. Por eso, elige Pineo, agua mineral natural. Pineo contiene apenas 1,9 mg\/litro","breadcrumb":{"@id":"https:\/\/www.pineo.cat\/es\/por-que-pineo\/cloro\/#breadcrumb"},"inLanguage":"es","potentialAction":[{"@type":"ReadAction","target":["https:\/\/www.pineo.cat\/es\/por-que-pineo\/cloro\/"]}]},{"@type":"BreadcrumbList","@id":"https:\/\/www.pineo.cat\/es\/por-que-pineo\/cloro\/#breadcrumb","itemListElement":[{"@type":"ListItem","position":1,"name":"Home","item":"https:\/\/www.pineo.cat\/es\/"},{"@type":"ListItem","position":2,"name":"Waarom Pineo SP","item":"https:\/\/www.pineo.cat\/es\/por-que-pineo\/"},{"@type":"ListItem","position":3,"name":"Chloorarm SP"}]},{"@type":"WebSite","@id":"https:\/\/www.pineo.cat\/es\/#website","url":"https:\/\/www.pineo.cat\/es\/","name":"Pineo","description":"Pineo: naturally-arising natural mineral water from the Spanish Pyrenees","publisher":{"@id":"https:\/\/www.pineo.cat\/es\/#organization"},"potentialAction":[{"@type":"SearchAction","target":{"@type":"EntryPoint","urlTemplate":"https:\/\/www.pineo.cat\/es\/?s={search_term_string}"},"query-input":"required name=search_term_string"}],"inLanguage":"es"},{"@type":"Organization","@id":"https:\/\/www.pineo.cat\/es\/#organization","name":"Pineo","url":"https:\/\/www.pineo.cat\/es\/","logo":{"@type":"ImageObject","inLanguage":"es","@id":"https:\/\/www.pineo.cat\/es\/#\/schema\/logo\/image\/","url":"https:\/\/www.pineo.cat\/wp-content\/uploads\/2016\/07\/pineo-logo.png","contentUrl":"https:\/\/www.pineo.cat\/wp-content\/uploads\/2016\/07\/pineo-logo.png","width":197,"height":56,"caption":"Pineo"},"image":{"@id":"https:\/\/www.pineo.cat\/es\/#\/schema\/logo\/image\/"}}]}},"_links":{"self":[{"href":"https:\/\/www.pineo.cat\/es\/wp-json\/wp\/v2\/pages\/1788"}],"collection":[{"href":"https:\/\/www.pineo.cat\/es\/wp-json\/wp\/v2\/pages"}],"about":[{"href":"https:\/\/www.pineo.cat\/es\/wp-json\/wp\/v2\/types\/page"}],"author":[{"embeddable":true,"href":"https:\/\/www.pineo.cat\/es\/wp-json\/wp\/v2\/users\/2"}],"replies":[{"embeddable":true,"href":"https:\/\/www.pineo.cat\/es\/wp-json\/wp\/v2\/comments?post=1788"}],"version-history":[{"count":10,"href":"https:\/\/www.pineo.cat\/es\/wp-json\/wp\/v2\/pages\/1788\/revisions"}],"predecessor-version":[{"id":4187,"href":"https:\/\/www.pineo.cat\/es\/wp-json\/wp\/v2\/pages\/1788\/revisions\/4187"}],"up":[{"embeddable":true,"href":"https:\/\/www.pineo.cat\/es\/wp-json\/wp\/v2\/pages\/1743"}],"wp:attachment":[{"href":"https:\/\/www.pineo.cat\/es\/wp-json\/wp\/v2\/media?parent=1788"}],"curies":[{"name":"wp","href":"https:\/\/api.w.org\/{rel}","templated":true}]}}