{"id":1770,"date":"2016-07-07T16:09:04","date_gmt":"2016-07-07T14:09:04","guid":{"rendered":"https:\/\/www.pineo.cat\/?page_id=1770"},"modified":"2017-06-28T09:35:09","modified_gmt":"2017-06-28T07:35:09","slug":"baja-en-sodio","status":"publish","type":"page","link":"https:\/\/www.pineo.cat\/es\/por-que-pineo\/baja-en-sodio\/","title":{"rendered":"Natriumarm SP"},"content":{"rendered":"<p><div class=\"fusion-fullwidth fullwidth-box fusion-builder-row-1 nonhundred-percent-fullwidth non-hundred-percent-height-scrolling\" style=\"--awb-background-position:left top;--awb-border-radius-top-left:0px;--awb-border-radius-top-right:0px;--awb-border-radius-bottom-right:0px;--awb-border-radius-bottom-left:0px;--awb-padding-top:20px;--awb-padding-bottom:20px;--awb-border-sizes-top:0px;--awb-border-sizes-bottom:0px;\" ><div class=\"fusion-builder-row fusion-row\"><div class=\"fusion-layout-column fusion_builder_column fusion-builder-column-0 fusion_builder_column_1_1 1_1 fusion-one-full fusion-column-first fusion-column-last fusion-column-no-min-height\" style=\"--awb-bg-size:cover;--awb-margin-bottom:0px;\"><div class=\"fusion-column-wrapper fusion-flex-column-wrapper-legacy\"><div class=\"fusion-title title fusion-title-1 fusion-sep-none fusion-title-center fusion-title-text fusion-title-size-one\"><h1 class=\"title-heading-center fusion-responsive-typography-calculated\" style=\"margin:0;--fontSize:45;line-height:1.07;\"><h1 style=\"text-align: center;\">El agua mineral natural Pineo es baja en sodio. Elige los minerales adecuados<\/h1><\/h1><\/div><div class=\"fusion-clearfix\"><\/div><\/div><\/div><\/div><\/div><div class=\"fusion-fullwidth fullwidth-box fusion-builder-row-2 nonhundred-percent-fullwidth non-hundred-percent-height-scrolling\" style=\"--awb-background-position:left top;--awb-border-radius-top-left:0px;--awb-border-radius-top-right:0px;--awb-border-radius-bottom-right:0px;--awb-border-radius-bottom-left:0px;--awb-padding-top:20px;--awb-padding-bottom:20px;--awb-border-sizes-top:0px;--awb-border-sizes-bottom:0px;\" ><div class=\"fusion-builder-row fusion-row\"><div class=\"fusion-layout-column fusion_builder_column fusion-builder-column-1 fusion_builder_column_1_1 1_1 fusion-one-full fusion-column-first fusion-column-last fusion-column-no-min-height\" style=\"--awb-bg-size:cover;--awb-margin-bottom:0px;\"><div class=\"fusion-column-wrapper fusion-flex-column-wrapper-legacy\"><div class=\"fusion-text fusion-text-1\"><p>No todas las aguas son iguales. El agua de la lluvia, el agua del grifo, el agua en una botella\u2026 todas tienen una calidad diferente. La denominaci\u00f3n \u2018agua mineral natural\u2019 indica que se trata de un agua de pureza original y con un equilibrio mineral constante. Por tanto, no se le puede aplicar a cualquier agua. Esta denominaci\u00f3n est\u00e1 legalmente protegida y para recibirla hay que cumplir unas exigencias muy estrictas.<\/p>\n<p>Los minerales y otras sustancias presentes en el agua mineral natural le otorgan un sabor especial y hacen de cada fuente un agua \u00fanica. Elegir el agua adecuada es muy importante.<\/p>\n<\/div><div class=\"fusion-clearfix\"><\/div><\/div><\/div><\/div><\/div><div class=\"fusion-fullwidth fullwidth-box fusion-builder-row-3 fusion-parallax-fixed nonhundred-percent-fullwidth non-hundred-percent-height-scrolling\" style=\"--awb-border-radius-top-left:0px;--awb-border-radius-top-right:0px;--awb-border-radius-bottom-right:0px;--awb-border-radius-bottom-left:0px;--awb-padding-top:20px;--awb-padding-bottom:20px;--awb-background-color:#ddb382;--awb-background-image:url(&quot;https:\/\/www.pineo.cat\/wp-content\/uploads\/2016\/03\/Natrium-zout.jpg&quot;);--awb-background-size:cover;--awb-border-sizes-top:0px;--awb-border-sizes-bottom:0px;background-attachment:fixed;\" ><div class=\"fusion-builder-row fusion-row\"><div class=\"fusion-layout-column fusion_builder_column fusion-builder-column-2 fusion_builder_column_3_5 3_5 fusion-three-fifth fusion-column-first\" style=\"--awb-bg-size:cover;width:58.4%; margin-right: 4%;\"><div class=\"fusion-column-wrapper fusion-flex-column-wrapper-legacy\"><div class=\"fusion-clearfix\"><\/div><\/div><\/div><div class=\"fusion-layout-column fusion_builder_column fusion-builder-column-3 fusion_builder_column_2_5 2_5 fusion-two-fifth fusion-column-last\" style=\"--awb-bg-size:cover;width:37.6%;\"><div class=\"fusion-column-wrapper fusion-flex-column-wrapper-legacy\"><div class=\"fusion-text fusion-text-2\"><h2><span style=\"color: #ffffff;\">\u00bfQu\u00e9 es el sodio?<\/span><\/h2>\n<p><span style=\"color: #ffffff;\">Cualquier agua contiene sodio. Este mineral cuyo compuesto m\u00e1s abundante es el cloruro s\u00f3dico, tambi\u00e9n llamado sal com\u00fan) es indispensable para el funcionamiento del organismo humano.<\/span><\/p>\n<p><span style=\"color: #ffffff;\">La OMS (Organizaci\u00f3n Mundial de la Salud) recomienda consumir un m\u00e1ximo de 5 g de sal al d\u00eda. Un gramo de sal contiene 0,4 g de sodio.<\/span><\/p>\n<\/div><div class=\"fusion-clearfix\"><\/div><\/div><\/div><\/div><\/div><div class=\"fusion-fullwidth fullwidth-box fusion-builder-row-4 nonhundred-percent-fullwidth non-hundred-percent-height-scrolling fusion-equal-height-columns\" style=\"--awb-border-radius-top-left:0px;--awb-border-radius-top-right:0px;--awb-border-radius-bottom-right:0px;--awb-border-radius-bottom-left:0px;--awb-padding-top:20px;--awb-padding-bottom:20px;--awb-border-sizes-top:0px;--awb-border-sizes-bottom:0px;\" ><div class=\"fusion-builder-row fusion-row\"><div class=\"fusion-layout-column fusion_builder_column fusion-builder-column-4 fusion_builder_column_1_3 1_3 fusion-one-third fusion-column-first\" style=\"--awb-padding-top:20px;--awb-padding-right:20px;--awb-padding-bottom:20px;--awb-padding-left:20px;--awb-bg-color:#d7eff4;--awb-bg-size:cover;width:30.6666%; margin-right: 4%;\"><div class=\"fusion-column-wrapper fusion-flex-column-wrapper-legacy\"><div class=\"fusion-column-content-centered\"><div class=\"fusion-column-content\"><div class=\"fusion-text fusion-text-3\"><h2>La comida est\u00e1 llena de sodio, elije mejor agua baja en sodio<\/h2>\n<p>Cuando preparamos la comida, solemos a\u00f1adir sal (que contiene sodio) para darle m\u00e1s sabor o como conservante. La sal se encuentra de forma natural tanto en la naturaleza como en nuestro cuerpo. Nuestro cuerpo no siempre consigue procesar bien ese exceso de sal.<\/p>\n<\/div><\/div><\/div><div class=\"fusion-clearfix\"><\/div><\/div><\/div><div class=\"fusion-layout-column fusion_builder_column fusion-builder-column-5 fusion_builder_column_2_3 2_3 fusion-two-third fusion-column-last\" style=\"--awb-bg-size:cover;width:65.3333%;\"><div class=\"fusion-column-wrapper fusion-flex-column-wrapper-legacy\"><div class=\"fusion-column-content-centered\"><div class=\"fusion-column-content\"><div class=\"fusion-text fusion-text-4\"><h2>\u00bfCu\u00e1nta sal hay en el agua que bebemos?<\/h2>\n<p>El sodio est\u00e1 presente de forma natural en el agua y proviene de las rocas y el suelo. La cantidad de sodio en el agua depende, por tanto, de sus condiciones geol\u00f3gicas.<\/p>\n<p>Se ha establecido un l\u00edmite a la cantidad de sodio que puede estar presente en el agua potable (el agua del grifo). El nivel de sodio en el agua mineral natural normalmente es a\u00fan m\u00e1s alto. La Uni\u00f3n Europea permite un contenido m\u00e1ximo de sodio de 200 mg\/l. En algunos pa\u00edses, este valor es inferior, por ejemplo, en los Pa\u00edses Bajos, donde el m\u00e1ximo permitido es 150 mg\/l.<\/p>\n<\/div><\/div><\/div><div class=\"fusion-clearfix\"><\/div><\/div><\/div><\/div><\/div><div class=\"fusion-fullwidth fullwidth-box fusion-builder-row-5 fusion-parallax-none nonhundred-percent-fullwidth non-hundred-percent-height-scrolling fusion-equal-height-columns\" style=\"--awb-border-radius-top-left:0px;--awb-border-radius-top-right:0px;--awb-border-radius-bottom-right:0px;--awb-border-radius-bottom-left:0px;--awb-padding-top:20px;--awb-padding-bottom:20px;--awb-background-color:#d7eff4;--awb-background-image:url(&quot;https:\/\/www.pineo.cat\/wp-content\/uploads\/2016\/03\/Abstract-achtergrond2.jpg&quot;);--awb-background-size:cover;--awb-border-sizes-top:0px;--awb-border-sizes-bottom:0px;\" ><div class=\"fusion-builder-row fusion-row\"><div class=\"fusion-layout-column fusion_builder_column fusion-builder-column-6 fusion_builder_column_3_5 3_5 fusion-three-fifth fusion-column-first\" style=\"--awb-padding-top:40px;--awb-padding-right:40px;--awb-padding-bottom:40px;--awb-padding-left:40px;--awb-bg-size:cover;--awb-border-color:#5492c9;--awb-border-top:5px;--awb-border-right:5px;--awb-border-bottom:5px;--awb-border-left:5px;--awb-border-style:solid;width:58.4%; margin-right: 4%;\"><div class=\"fusion-column-wrapper fusion-flex-column-wrapper-legacy\"><div class=\"fusion-text fusion-text-5\"><h2>Comparativa del contenido de sodio<\/h2>\n<table style=\"height: 465px;\" width=\"751\">\n<tbody>\n<tr>\n<td width=\"103\"><strong>Marca<\/strong><\/td>\n<td width=\"139\"><strong>Contenido de sodio mg\/l<\/strong><\/td>\n<\/tr>\n<tr>\n<td><strong>\u00a0<\/strong><\/td>\n<td><strong>\u00a0<\/strong><\/td>\n<\/tr>\n<tr>\n<td>Vichy Catal\u00e1n<\/td>\n<td>1070<\/td>\n<\/tr>\n<tr>\n<td>Appolinaris<\/td>\n<td>410<\/td>\n<\/tr>\n<tr>\n<td>Christinen<\/td>\n<td>371<\/td>\n<\/tr>\n<tr>\n<td>Badoit<\/td>\n<td>165<\/td>\n<\/tr>\n<tr>\n<td>Gerolsteiner<\/td>\n<td>118<\/td>\n<\/tr>\n<tr>\n<td>Tonissteiner<\/td>\n<td>108<\/td>\n<\/tr>\n<tr>\n<td>Chaudfontaine<\/td>\n<td>44<\/td>\n<\/tr>\n<tr>\n<td>San Pellegrino<\/td>\n<td>33<\/td>\n<\/tr>\n<tr>\n<td>Fiji<\/td>\n<td>18<\/td>\n<\/tr>\n<tr>\n<td>Perrier<\/td>\n<td>11<\/td>\n<\/tr>\n<tr>\n<td>Evian<\/td>\n<td>5<\/td>\n<\/tr>\n<tr>\n<td>Solan de cabras<\/td>\n<td>5<\/td>\n<\/tr>\n<tr>\n<td>Spa<\/td>\n<td>3<\/td>\n<\/tr>\n<tr>\n<td>Lauretana<\/td>\n<td>1<\/td>\n<\/tr>\n<tr>\n<td><strong>Pineo<\/strong><\/td>\n<td><strong>0,9<\/strong><\/td>\n<\/tr>\n<\/tbody>\n<\/table>\n<\/div><div class=\"fusion-clearfix\"><\/div><\/div><\/div><\/div><\/div><div class=\"fusion-fullwidth fullwidth-box fusion-builder-row-6 nonhundred-percent-fullwidth non-hundred-percent-height-scrolling fusion-equal-height-columns\" style=\"--awb-background-position:left top;--awb-border-radius-top-left:0px;--awb-border-radius-top-right:0px;--awb-border-radius-bottom-right:0px;--awb-border-radius-bottom-left:0px;--awb-padding-top:20px;--awb-padding-bottom:20px;--awb-border-sizes-top:0px;--awb-border-sizes-bottom:0px;\" ><div class=\"fusion-builder-row fusion-row\"><div class=\"fusion-layout-column fusion_builder_column fusion-builder-column-7 fusion_builder_column_1_2 1_2 fusion-one-half fusion-column-first\" style=\"--awb-bg-size:cover;width:48%; margin-right: 4%;\"><div class=\"fusion-column-wrapper fusion-flex-column-wrapper-legacy\"><div class=\"fusion-column-content-centered\"><div class=\"fusion-column-content\"><div class=\"fusion-text fusion-text-6\"><h2>El agua mineral natural Pineo es baja en sodio<\/h2>\n<p>Pineo es un agua mineral natural baja en sodio. Contiene apenas 0,9 mg por cada litro de agua. Muy por debajo del l\u00edmite de 200 mg\/l que establece la Uni\u00f3n Europea.<\/p>\n<\/div><div class=\"fusion-button-wrapper\"><a class=\"fusion-button button-flat fusion-button-default-size button-darkgreen fusion-button-darkgreen button-1 fusion-button-default-span fusion-button-default-type\" target=\"_self\" href=\"https:\/\/www.pineo.cat\/es\/productos\/\"><span class=\"fusion-button-text\">NUESTROS PRODUCTOS<\/span><\/a><\/div><\/div><\/div><div class=\"fusion-clearfix\"><\/div><\/div><\/div><div class=\"fusion-layout-column fusion_builder_column fusion-builder-column-8 fusion_builder_column_1_2 1_2 fusion-one-half fusion-column-last\" style=\"--awb-bg-size:cover;width:48%;\"><div class=\"fusion-column-wrapper fusion-flex-column-wrapper-legacy\"><div class=\"fusion-image-element in-legacy-container\" style=\"--awb-caption-title-size:var(--h2_typography-font-size);--awb-caption-title-transform:var(--h2_typography-text-transform);--awb-caption-title-line-height:var(--h2_typography-line-height);--awb-caption-title-letter-spacing:var(--h2_typography-letter-spacing);\"><span class=\" fusion-imageframe imageframe-none imageframe-1 hover-type-none\"><a class=\"fusion-no-lightbox\" href=\"https:\/\/www.pineo.cat\/es\/productos\/\" target=\"_self\"><img decoding=\"async\" alt=\"El agua mineral natural Pineo es baja en sodio\" src=\"https:\/\/www.pineo.cat\/wp-content\/uploads\/2016\/03\/0-Pineo-range-right-1024x576.jpg\" class=\"img-responsive\"\/><\/a><\/span><\/div><div class=\"fusion-clearfix\"><\/div><\/div><\/div><\/div><\/div><\/p>\n","protected":false},"excerpt":{"rendered":"","protected":false},"author":2,"featured_media":0,"parent":1743,"menu_order":122,"comment_status":"closed","ping_status":"closed","template":"100-width.php","meta":{"footnotes":""},"yoast_head":"<!-- This site is optimized with the Yoast SEO plugin v21.0 - https:\/\/yoast.com\/wordpress\/plugins\/seo\/ -->\n<title>El agua mineral natural Pineo es baja en sodio<\/title>\n<meta name=\"description\" content=\"El agua mineral natural Pineo es baja en sodio. Este tipo de agua es una elecci\u00f3n muy saludable y ayuda en las dietas bajas en sodio.\" \/>\n<meta name=\"robots\" content=\"index, follow, max-snippet:-1, max-image-preview:large, max-video-preview:-1\" \/>\n<link rel=\"canonical\" href=\"https:\/\/www.pineo.cat\/es\/por-que-pineo\/baja-en-sodio\/\" \/>\n<meta property=\"og:locale\" content=\"es_ES\" \/>\n<meta property=\"og:type\" content=\"article\" \/>\n<meta property=\"og:title\" content=\"El agua mineral natural Pineo es baja en sodio\" \/>\n<meta property=\"og:description\" content=\"El agua mineral natural Pineo es baja en sodio. Este tipo de agua es una elecci\u00f3n muy saludable y ayuda en las dietas bajas en sodio.\" \/>\n<meta property=\"og:url\" content=\"https:\/\/www.pineo.cat\/es\/por-que-pineo\/baja-en-sodio\/\" \/>\n<meta property=\"og:site_name\" content=\"Pineo\" \/>\n<meta property=\"article:modified_time\" content=\"2017-06-28T07:35:09+00:00\" \/>\n<meta property=\"og:image\" content=\"https:\/\/www.pineo.cat\/wp-content\/uploads\/2016\/03\/0-Pineo-range-right-1024x576.jpg\" \/>\n<meta name=\"twitter:card\" content=\"summary_large_image\" \/>\n<meta name=\"twitter:label1\" content=\"Tiempo de lectura\" \/>\n\t<meta name=\"twitter:data1\" content=\"8 minutos\" \/>\n<script type=\"application\/ld+json\" class=\"yoast-schema-graph\">{\"@context\":\"https:\/\/schema.org\",\"@graph\":[{\"@type\":\"WebPage\",\"@id\":\"https:\/\/www.pineo.cat\/es\/por-que-pineo\/baja-en-sodio\/\",\"url\":\"https:\/\/www.pineo.cat\/es\/por-que-pineo\/baja-en-sodio\/\",\"name\":\"El agua mineral natural Pineo es baja en sodio\",\"isPartOf\":{\"@id\":\"https:\/\/www.pineo.cat\/es\/#website\"},\"datePublished\":\"2016-07-07T14:09:04+00:00\",\"dateModified\":\"2017-06-28T07:35:09+00:00\",\"description\":\"El agua mineral natural Pineo es baja en sodio. Este tipo de agua es una elecci\u00f3n muy saludable y ayuda en las dietas bajas en sodio.\",\"breadcrumb\":{\"@id\":\"https:\/\/www.pineo.cat\/es\/por-que-pineo\/baja-en-sodio\/#breadcrumb\"},\"inLanguage\":\"es\",\"potentialAction\":[{\"@type\":\"ReadAction\",\"target\":[\"https:\/\/www.pineo.cat\/es\/por-que-pineo\/baja-en-sodio\/\"]}]},{\"@type\":\"BreadcrumbList\",\"@id\":\"https:\/\/www.pineo.cat\/es\/por-que-pineo\/baja-en-sodio\/#breadcrumb\",\"itemListElement\":[{\"@type\":\"ListItem\",\"position\":1,\"name\":\"Home\",\"item\":\"https:\/\/www.pineo.cat\/es\/\"},{\"@type\":\"ListItem\",\"position\":2,\"name\":\"Waarom Pineo SP\",\"item\":\"https:\/\/www.pineo.cat\/es\/por-que-pineo\/\"},{\"@type\":\"ListItem\",\"position\":3,\"name\":\"Natriumarm SP\"}]},{\"@type\":\"WebSite\",\"@id\":\"https:\/\/www.pineo.cat\/es\/#website\",\"url\":\"https:\/\/www.pineo.cat\/es\/\",\"name\":\"Pineo\",\"description\":\"Pineo: naturally-arising natural mineral water from the Spanish Pyrenees\",\"publisher\":{\"@id\":\"https:\/\/www.pineo.cat\/es\/#organization\"},\"potentialAction\":[{\"@type\":\"SearchAction\",\"target\":{\"@type\":\"EntryPoint\",\"urlTemplate\":\"https:\/\/www.pineo.cat\/es\/?s={search_term_string}\"},\"query-input\":\"required name=search_term_string\"}],\"inLanguage\":\"es\"},{\"@type\":\"Organization\",\"@id\":\"https:\/\/www.pineo.cat\/es\/#organization\",\"name\":\"Pineo\",\"url\":\"https:\/\/www.pineo.cat\/es\/\",\"logo\":{\"@type\":\"ImageObject\",\"inLanguage\":\"es\",\"@id\":\"https:\/\/www.pineo.cat\/es\/#\/schema\/logo\/image\/\",\"url\":\"https:\/\/www.pineo.cat\/wp-content\/uploads\/2016\/07\/pineo-logo.png\",\"contentUrl\":\"https:\/\/www.pineo.cat\/wp-content\/uploads\/2016\/07\/pineo-logo.png\",\"width\":197,\"height\":56,\"caption\":\"Pineo\"},\"image\":{\"@id\":\"https:\/\/www.pineo.cat\/es\/#\/schema\/logo\/image\/\"}}]}<\/script>\n<!-- \/ Yoast SEO plugin. -->","yoast_head_json":{"title":"El agua mineral natural Pineo es baja en sodio","description":"El agua mineral natural Pineo es baja en sodio. Este tipo de agua es una elecci\u00f3n muy saludable y ayuda en las dietas bajas en sodio.","robots":{"index":"index","follow":"follow","max-snippet":"max-snippet:-1","max-image-preview":"max-image-preview:large","max-video-preview":"max-video-preview:-1"},"canonical":"https:\/\/www.pineo.cat\/es\/por-que-pineo\/baja-en-sodio\/","og_locale":"es_ES","og_type":"article","og_title":"El agua mineral natural Pineo es baja en sodio","og_description":"El agua mineral natural Pineo es baja en sodio. Este tipo de agua es una elecci\u00f3n muy saludable y ayuda en las dietas bajas en sodio.","og_url":"https:\/\/www.pineo.cat\/es\/por-que-pineo\/baja-en-sodio\/","og_site_name":"Pineo","article_modified_time":"2017-06-28T07:35:09+00:00","og_image":[{"url":"https:\/\/www.pineo.cat\/wp-content\/uploads\/2016\/03\/0-Pineo-range-right-1024x576.jpg"}],"twitter_card":"summary_large_image","twitter_misc":{"Tiempo de lectura":"8 minutos"},"schema":{"@context":"https:\/\/schema.org","@graph":[{"@type":"WebPage","@id":"https:\/\/www.pineo.cat\/es\/por-que-pineo\/baja-en-sodio\/","url":"https:\/\/www.pineo.cat\/es\/por-que-pineo\/baja-en-sodio\/","name":"El agua mineral natural Pineo es baja en sodio","isPartOf":{"@id":"https:\/\/www.pineo.cat\/es\/#website"},"datePublished":"2016-07-07T14:09:04+00:00","dateModified":"2017-06-28T07:35:09+00:00","description":"El agua mineral natural Pineo es baja en sodio. Este tipo de agua es una elecci\u00f3n muy saludable y ayuda en las dietas bajas en sodio.","breadcrumb":{"@id":"https:\/\/www.pineo.cat\/es\/por-que-pineo\/baja-en-sodio\/#breadcrumb"},"inLanguage":"es","potentialAction":[{"@type":"ReadAction","target":["https:\/\/www.pineo.cat\/es\/por-que-pineo\/baja-en-sodio\/"]}]},{"@type":"BreadcrumbList","@id":"https:\/\/www.pineo.cat\/es\/por-que-pineo\/baja-en-sodio\/#breadcrumb","itemListElement":[{"@type":"ListItem","position":1,"name":"Home","item":"https:\/\/www.pineo.cat\/es\/"},{"@type":"ListItem","position":2,"name":"Waarom Pineo SP","item":"https:\/\/www.pineo.cat\/es\/por-que-pineo\/"},{"@type":"ListItem","position":3,"name":"Natriumarm SP"}]},{"@type":"WebSite","@id":"https:\/\/www.pineo.cat\/es\/#website","url":"https:\/\/www.pineo.cat\/es\/","name":"Pineo","description":"Pineo: naturally-arising natural mineral water from the Spanish Pyrenees","publisher":{"@id":"https:\/\/www.pineo.cat\/es\/#organization"},"potentialAction":[{"@type":"SearchAction","target":{"@type":"EntryPoint","urlTemplate":"https:\/\/www.pineo.cat\/es\/?s={search_term_string}"},"query-input":"required name=search_term_string"}],"inLanguage":"es"},{"@type":"Organization","@id":"https:\/\/www.pineo.cat\/es\/#organization","name":"Pineo","url":"https:\/\/www.pineo.cat\/es\/","logo":{"@type":"ImageObject","inLanguage":"es","@id":"https:\/\/www.pineo.cat\/es\/#\/schema\/logo\/image\/","url":"https:\/\/www.pineo.cat\/wp-content\/uploads\/2016\/07\/pineo-logo.png","contentUrl":"https:\/\/www.pineo.cat\/wp-content\/uploads\/2016\/07\/pineo-logo.png","width":197,"height":56,"caption":"Pineo"},"image":{"@id":"https:\/\/www.pineo.cat\/es\/#\/schema\/logo\/image\/"}}]}},"_links":{"self":[{"href":"https:\/\/www.pineo.cat\/es\/wp-json\/wp\/v2\/pages\/1770"}],"collection":[{"href":"https:\/\/www.pineo.cat\/es\/wp-json\/wp\/v2\/pages"}],"about":[{"href":"https:\/\/www.pineo.cat\/es\/wp-json\/wp\/v2\/types\/page"}],"author":[{"embeddable":true,"href":"https:\/\/www.pineo.cat\/es\/wp-json\/wp\/v2\/users\/2"}],"replies":[{"embeddable":true,"href":"https:\/\/www.pineo.cat\/es\/wp-json\/wp\/v2\/comments?post=1770"}],"version-history":[{"count":11,"href":"https:\/\/www.pineo.cat\/es\/wp-json\/wp\/v2\/pages\/1770\/revisions"}],"predecessor-version":[{"id":4206,"href":"https:\/\/www.pineo.cat\/es\/wp-json\/wp\/v2\/pages\/1770\/revisions\/4206"}],"up":[{"embeddable":true,"href":"https:\/\/www.pineo.cat\/es\/wp-json\/wp\/v2\/pages\/1743"}],"wp:attachment":[{"href":"https:\/\/www.pineo.cat\/es\/wp-json\/wp\/v2\/media?parent=1770"}],"curies":[{"name":"wp","href":"https:\/\/api.w.org\/{rel}","templated":true}]}}