{"id":1760,"date":"2016-07-07T15:40:02","date_gmt":"2016-07-07T13:40:02","guid":{"rendered":"https:\/\/www.pineo.cat\/?page_id=1760"},"modified":"2022-07-06T09:38:16","modified_gmt":"2022-07-06T07:38:16","slug":"alimentacion-de-lactantes","status":"publish","type":"page","link":"https:\/\/www.pineo.cat\/es\/por-que-pineo\/alimentacion-de-lactantes\/","title":{"rendered":"Baby en flesvoeding SP"},"content":{"rendered":"<p><div class=\"fusion-fullwidth fullwidth-box fusion-builder-row-1 nonhundred-percent-fullwidth non-hundred-percent-height-scrolling\" style=\"--awb-background-position:left top;--awb-border-sizes-top:0px;--awb-border-sizes-bottom:0px;--awb-border-sizes-left:0px;--awb-border-sizes-right:0px;--awb-border-radius-top-left:0px;--awb-border-radius-top-right:0px;--awb-border-radius-bottom-right:0px;--awb-border-radius-bottom-left:0px;--awb-padding-top:20px;--awb-padding-bottom:20px;\" ><div class=\"fusion-builder-row fusion-row\"><div class=\"fusion-layout-column fusion_builder_column fusion-builder-column-0 fusion_builder_column_1_1 1_1 fusion-one-full fusion-column-first fusion-column-last\" style=\"--awb-bg-size:cover;\"><div class=\"fusion-column-wrapper fusion-flex-column-wrapper-legacy\"><div class=\"fusion-text fusion-text-1\"><h1 style=\"text-align: center;\">El agua mineral Pineo es adecuada para preparar los biberones del beb\u00e9<\/h1>\n<\/div><div class=\"fusion-clearfix\"><\/div><\/div><\/div><\/div><\/div><div class=\"fusion-fullwidth fullwidth-box fusion-builder-row-2 fusion-parallax-none nonhundred-percent-fullwidth non-hundred-percent-height-scrolling\" style=\"--awb-background-position:left center;--awb-border-sizes-top:0px;--awb-border-sizes-bottom:0px;--awb-border-sizes-left:0px;--awb-border-sizes-right:0px;--awb-border-radius-top-left:0px;--awb-border-radius-top-right:0px;--awb-border-radius-bottom-right:0px;--awb-border-radius-bottom-left:0px;--awb-padding-top:100px;--awb-padding-bottom:100px;--awb-background-image:url(&quot;https:\/\/www.pineo.cat\/wp-content\/uploads\/2016\/04\/Baby-water-1024x680.jpg&quot;);--awb-background-size:cover;\" ><div class=\"fusion-builder-row fusion-row\"><div class=\"fusion-layout-column fusion_builder_column fusion-builder-column-1 fusion_builder_column_2_5 2_5 fusion-two-fifth fusion-column-first\" style=\"--awb-padding-top:20px;--awb-padding-right:20px;--awb-padding-bottom:20px;--awb-padding-left:20px;--awb-bg-color:#d7eff4;--awb-bg-size:cover;width:37.6%; margin-right: 4%;\"><div class=\"fusion-column-wrapper fusion-flex-column-wrapper-legacy\"><div class=\"fusion-text fusion-text-2\"><h2>\u00bfQu\u00e9 agua elegir para la alimentaci\u00f3n del beb\u00e9?<\/h2>\n<p>El sistema digestivo de los beb\u00e9s es muy sensible. Sus intestinos todav\u00eda no se han desarrollado del todo por lo que existen requisitos estrictos para el agua que pueden tomar. Para la preparaci\u00f3n de los biberones y, en general, para la alimentaci\u00f3n infantil puedes utilizar el agua mineral natural Pineo.<\/p>\n<p>La etiqueta \u2018adecuada para la alimentaci\u00f3n de lactantes\u2019 solo puede aparecer en botellas de agua de mineralizaci\u00f3n d\u00e9bil. Adem\u00e1s, el agua ha de cumplir una serie de requisitos muy estrictos que marca el Consejo Nacional de Salud.<\/p>\n<p>Solo 1 de cada 3 aguas minerales es adecuada para la alimentaci\u00f3n de lactantes. Pineo es adecuada para la alimentaci\u00f3n de lactantes y lleva esa marca en su etiqueta.<\/p>\n<\/div><div class=\"fusion-clearfix\"><\/div><\/div><\/div><\/div><\/div><div class=\"fusion-fullwidth fullwidth-box fusion-builder-row-3 nonhundred-percent-fullwidth non-hundred-percent-height-scrolling fusion-equal-height-columns\" style=\"--awb-background-position:left top;--awb-border-sizes-top:0px;--awb-border-sizes-bottom:0px;--awb-border-sizes-left:0px;--awb-border-sizes-right:0px;--awb-border-radius-top-left:0px;--awb-border-radius-top-right:0px;--awb-border-radius-bottom-right:0px;--awb-border-radius-bottom-left:0px;--awb-padding-top:20px;--awb-padding-bottom:20px;\" ><div class=\"fusion-builder-row fusion-row\"><div class=\"fusion-layout-column fusion_builder_column fusion-builder-column-2 fusion_builder_column_1_2 1_2 fusion-one-half fusion-column-first\" style=\"--awb-bg-size:cover;width:48%; margin-right: 4%;\"><div class=\"fusion-column-wrapper fusion-flex-column-wrapper-legacy\"><div class=\"fusion-column-content-centered\"><div class=\"fusion-column-content\"><div class=\"fusion-text fusion-text-3\"><p><a href=\"https:\/\/www.pineo.cat\/es\/productos\/\"><img decoding=\"async\" class=\"aligncenter wp-image-922 size-medium\" src=\"https:\/\/www.pineo.cat\/wp-content\/uploads\/2016\/03\/Pineo-Natural-packshots-1-216x300.png\" alt=\"Agua para el biber\u00f3n del beb\u00e9\" width=\"216\" height=\"300\" srcset=\"https:\/\/www.pineo.cat\/wp-content\/uploads\/2016\/03\/Pineo-Natural-packshots-1-216x300.png 216w, https:\/\/www.pineo.cat\/wp-content\/uploads\/2016\/03\/Pineo-Natural-packshots-1-737x1024.png 737w, https:\/\/www.pineo.cat\/wp-content\/uploads\/2016\/03\/Pineo-Natural-packshots-1-768x1067.png 768w, https:\/\/www.pineo.cat\/wp-content\/uploads\/2016\/03\/Pineo-Natural-packshots-1.png 1474w\" sizes=\"(max-width: 216px) 100vw, 216px\" \/><\/a><\/p>\n<\/div><div class=\"fusion-aligncenter\"><a class=\"fusion-button button-flat fusion-button-default-size button-darkgreen fusion-button-darkgreen button-1 fusion-button-default-span fusion-button-default-type\" target=\"_self\" href=\"https:\/\/www.pineo.cat\/es\/productos\/\"><span class=\"fusion-button-text\">NUESTROS PRODUCTOS<\/span><\/a><\/div><\/div><\/div><div class=\"fusion-clearfix\"><\/div><\/div><\/div><div class=\"fusion-layout-column fusion_builder_column fusion-builder-column-3 fusion_builder_column_1_2 1_2 fusion-one-half fusion-column-last\" style=\"--awb-padding-top:20px;--awb-padding-right:20px;--awb-padding-bottom:20px;--awb-padding-left:20px;--awb-bg-size:cover;--awb-border-color:#d7eff4;--awb-border-top:5px;--awb-border-right:5px;--awb-border-bottom:5px;--awb-border-left:5px;--awb-border-style:solid;width:48%;\"><div class=\"fusion-column-wrapper fusion-flex-column-wrapper-legacy\"><div class=\"fusion-column-content-centered\"><div class=\"fusion-column-content\"><div class=\"fusion-text fusion-text-4\"><h2>M\u00e1ximos permitidos en las aguas adecuadas para la alimentaci\u00f3n de lactantes<\/h2>\n<table width=\"457\">\n<tbody>\n<tr>\n<td width=\"64\"><\/td>\n<td width=\"238\"><strong>Adecuado para beb\u00e9s<\/strong><\/td>\n<td width=\"155\"><strong>Contenido de Pineo<\/strong><\/td>\n<\/tr>\n<tr>\n<td>Fl\u00faor<\/td>\n<td>m\u00e0xim 1,0 mg<\/td>\n<td>0 mg (&lt;0,2 mg\u00a0por litro)<\/td>\n<\/tr>\n<tr>\n<td>Nitrato<\/td>\n<td>m\u00e0xim 25,0 mg<\/td>\n<td>1,1 mg<\/td>\n<\/tr>\n<tr>\n<td>Plomo<\/td>\n<td>m\u00e0xim 10,0 mcg<\/td>\n<td>0 mcg (&lt; 5ug pb\/litro)<\/td>\n<\/tr>\n<tr>\n<td>Sodio<\/td>\n<td>m\u00e0xim 50,0 mg<\/td>\n<td>0,9 mg<\/td>\n<\/tr>\n<tr>\n<td>Sulfato<\/td>\n<td>m\u00e0xim 250,0 mg<\/td>\n<td>7,9 mg<\/td>\n<\/tr>\n<\/tbody>\n<\/table>\n<h2><\/h2>\n<\/div><\/div><\/div><div class=\"fusion-clearfix\"><\/div><\/div><\/div><\/div><\/div><\/p>\n","protected":false},"excerpt":{"rendered":"","protected":false},"author":2,"featured_media":0,"parent":1743,"menu_order":19,"comment_status":"closed","ping_status":"closed","template":"100-width.php","meta":{"footnotes":""},"yoast_head":"<!-- This site is optimized with the Yoast SEO plugin v21.0 - https:\/\/yoast.com\/wordpress\/plugins\/seo\/ -->\n<title>Pineo, agua adecuada para la alimentaci\u00f3n de lactantes<\/title>\n<meta name=\"description\" content=\"\u00bfSufre tu beb\u00e9 de c\u00f3licos, diarrea o estre\u00f1imiento? Utiliza un agua adecuada para la alimentaci\u00f3n de lactantes en su biber\u00f3n. Elige Pineo.\" \/>\n<meta name=\"robots\" content=\"index, follow, max-snippet:-1, max-image-preview:large, max-video-preview:-1\" \/>\n<link rel=\"canonical\" href=\"https:\/\/www.pineo.cat\/es\/por-que-pineo\/alimentacion-de-lactantes\/\" \/>\n<meta property=\"og:locale\" content=\"es_ES\" \/>\n<meta property=\"og:type\" content=\"article\" \/>\n<meta property=\"og:title\" content=\"Pineo, agua adecuada para la alimentaci\u00f3n de lactantes\" \/>\n<meta property=\"og:description\" content=\"\u00bfSufre tu beb\u00e9 de c\u00f3licos, diarrea o estre\u00f1imiento? Utiliza un agua adecuada para la alimentaci\u00f3n de lactantes en su biber\u00f3n. Elige Pineo.\" \/>\n<meta property=\"og:url\" content=\"https:\/\/www.pineo.cat\/es\/por-que-pineo\/alimentacion-de-lactantes\/\" \/>\n<meta property=\"og:site_name\" content=\"Pineo\" \/>\n<meta property=\"article:modified_time\" content=\"2022-07-06T07:38:16+00:00\" \/>\n<meta property=\"og:image\" content=\"https:\/\/www.pineo.cat\/wp-content\/uploads\/2016\/03\/Pineo-Natural-packshots-1-216x300.png\" \/>\n<meta name=\"twitter:card\" content=\"summary_large_image\" \/>\n<meta name=\"twitter:label1\" content=\"Tiempo de lectura\" \/>\n\t<meta name=\"twitter:data1\" content=\"3 minutos\" \/>\n<script type=\"application\/ld+json\" class=\"yoast-schema-graph\">{\"@context\":\"https:\/\/schema.org\",\"@graph\":[{\"@type\":\"WebPage\",\"@id\":\"https:\/\/www.pineo.cat\/es\/por-que-pineo\/alimentacion-de-lactantes\/\",\"url\":\"https:\/\/www.pineo.cat\/es\/por-que-pineo\/alimentacion-de-lactantes\/\",\"name\":\"Pineo, agua adecuada para la alimentaci\u00f3n de lactantes\",\"isPartOf\":{\"@id\":\"https:\/\/www.pineo.cat\/es\/#website\"},\"datePublished\":\"2016-07-07T13:40:02+00:00\",\"dateModified\":\"2022-07-06T07:38:16+00:00\",\"description\":\"\u00bfSufre tu beb\u00e9 de c\u00f3licos, diarrea o estre\u00f1imiento? Utiliza un agua adecuada para la alimentaci\u00f3n de lactantes en su biber\u00f3n. Elige Pineo.\",\"breadcrumb\":{\"@id\":\"https:\/\/www.pineo.cat\/es\/por-que-pineo\/alimentacion-de-lactantes\/#breadcrumb\"},\"inLanguage\":\"es\",\"potentialAction\":[{\"@type\":\"ReadAction\",\"target\":[\"https:\/\/www.pineo.cat\/es\/por-que-pineo\/alimentacion-de-lactantes\/\"]}]},{\"@type\":\"BreadcrumbList\",\"@id\":\"https:\/\/www.pineo.cat\/es\/por-que-pineo\/alimentacion-de-lactantes\/#breadcrumb\",\"itemListElement\":[{\"@type\":\"ListItem\",\"position\":1,\"name\":\"Home\",\"item\":\"https:\/\/www.pineo.cat\/es\/\"},{\"@type\":\"ListItem\",\"position\":2,\"name\":\"Waarom Pineo SP\",\"item\":\"https:\/\/www.pineo.cat\/es\/por-que-pineo\/\"},{\"@type\":\"ListItem\",\"position\":3,\"name\":\"Baby en flesvoeding SP\"}]},{\"@type\":\"WebSite\",\"@id\":\"https:\/\/www.pineo.cat\/es\/#website\",\"url\":\"https:\/\/www.pineo.cat\/es\/\",\"name\":\"Pineo\",\"description\":\"Pineo: naturally-arising natural mineral water from the Spanish Pyrenees\",\"publisher\":{\"@id\":\"https:\/\/www.pineo.cat\/es\/#organization\"},\"potentialAction\":[{\"@type\":\"SearchAction\",\"target\":{\"@type\":\"EntryPoint\",\"urlTemplate\":\"https:\/\/www.pineo.cat\/es\/?s={search_term_string}\"},\"query-input\":\"required name=search_term_string\"}],\"inLanguage\":\"es\"},{\"@type\":\"Organization\",\"@id\":\"https:\/\/www.pineo.cat\/es\/#organization\",\"name\":\"Pineo\",\"url\":\"https:\/\/www.pineo.cat\/es\/\",\"logo\":{\"@type\":\"ImageObject\",\"inLanguage\":\"es\",\"@id\":\"https:\/\/www.pineo.cat\/es\/#\/schema\/logo\/image\/\",\"url\":\"https:\/\/www.pineo.cat\/wp-content\/uploads\/2016\/07\/pineo-logo.png\",\"contentUrl\":\"https:\/\/www.pineo.cat\/wp-content\/uploads\/2016\/07\/pineo-logo.png\",\"width\":197,\"height\":56,\"caption\":\"Pineo\"},\"image\":{\"@id\":\"https:\/\/www.pineo.cat\/es\/#\/schema\/logo\/image\/\"}}]}<\/script>\n<!-- \/ Yoast SEO plugin. -->","yoast_head_json":{"title":"Pineo, agua adecuada para la alimentaci\u00f3n de lactantes","description":"\u00bfSufre tu beb\u00e9 de c\u00f3licos, diarrea o estre\u00f1imiento? Utiliza un agua adecuada para la alimentaci\u00f3n de lactantes en su biber\u00f3n. Elige Pineo.","robots":{"index":"index","follow":"follow","max-snippet":"max-snippet:-1","max-image-preview":"max-image-preview:large","max-video-preview":"max-video-preview:-1"},"canonical":"https:\/\/www.pineo.cat\/es\/por-que-pineo\/alimentacion-de-lactantes\/","og_locale":"es_ES","og_type":"article","og_title":"Pineo, agua adecuada para la alimentaci\u00f3n de lactantes","og_description":"\u00bfSufre tu beb\u00e9 de c\u00f3licos, diarrea o estre\u00f1imiento? Utiliza un agua adecuada para la alimentaci\u00f3n de lactantes en su biber\u00f3n. Elige Pineo.","og_url":"https:\/\/www.pineo.cat\/es\/por-que-pineo\/alimentacion-de-lactantes\/","og_site_name":"Pineo","article_modified_time":"2022-07-06T07:38:16+00:00","og_image":[{"url":"https:\/\/www.pineo.cat\/wp-content\/uploads\/2016\/03\/Pineo-Natural-packshots-1-216x300.png"}],"twitter_card":"summary_large_image","twitter_misc":{"Tiempo de lectura":"3 minutos"},"schema":{"@context":"https:\/\/schema.org","@graph":[{"@type":"WebPage","@id":"https:\/\/www.pineo.cat\/es\/por-que-pineo\/alimentacion-de-lactantes\/","url":"https:\/\/www.pineo.cat\/es\/por-que-pineo\/alimentacion-de-lactantes\/","name":"Pineo, agua adecuada para la alimentaci\u00f3n de lactantes","isPartOf":{"@id":"https:\/\/www.pineo.cat\/es\/#website"},"datePublished":"2016-07-07T13:40:02+00:00","dateModified":"2022-07-06T07:38:16+00:00","description":"\u00bfSufre tu beb\u00e9 de c\u00f3licos, diarrea o estre\u00f1imiento? Utiliza un agua adecuada para la alimentaci\u00f3n de lactantes en su biber\u00f3n. Elige Pineo.","breadcrumb":{"@id":"https:\/\/www.pineo.cat\/es\/por-que-pineo\/alimentacion-de-lactantes\/#breadcrumb"},"inLanguage":"es","potentialAction":[{"@type":"ReadAction","target":["https:\/\/www.pineo.cat\/es\/por-que-pineo\/alimentacion-de-lactantes\/"]}]},{"@type":"BreadcrumbList","@id":"https:\/\/www.pineo.cat\/es\/por-que-pineo\/alimentacion-de-lactantes\/#breadcrumb","itemListElement":[{"@type":"ListItem","position":1,"name":"Home","item":"https:\/\/www.pineo.cat\/es\/"},{"@type":"ListItem","position":2,"name":"Waarom Pineo SP","item":"https:\/\/www.pineo.cat\/es\/por-que-pineo\/"},{"@type":"ListItem","position":3,"name":"Baby en flesvoeding SP"}]},{"@type":"WebSite","@id":"https:\/\/www.pineo.cat\/es\/#website","url":"https:\/\/www.pineo.cat\/es\/","name":"Pineo","description":"Pineo: naturally-arising natural mineral water from the Spanish Pyrenees","publisher":{"@id":"https:\/\/www.pineo.cat\/es\/#organization"},"potentialAction":[{"@type":"SearchAction","target":{"@type":"EntryPoint","urlTemplate":"https:\/\/www.pineo.cat\/es\/?s={search_term_string}"},"query-input":"required name=search_term_string"}],"inLanguage":"es"},{"@type":"Organization","@id":"https:\/\/www.pineo.cat\/es\/#organization","name":"Pineo","url":"https:\/\/www.pineo.cat\/es\/","logo":{"@type":"ImageObject","inLanguage":"es","@id":"https:\/\/www.pineo.cat\/es\/#\/schema\/logo\/image\/","url":"https:\/\/www.pineo.cat\/wp-content\/uploads\/2016\/07\/pineo-logo.png","contentUrl":"https:\/\/www.pineo.cat\/wp-content\/uploads\/2016\/07\/pineo-logo.png","width":197,"height":56,"caption":"Pineo"},"image":{"@id":"https:\/\/www.pineo.cat\/es\/#\/schema\/logo\/image\/"}}]}},"_links":{"self":[{"href":"https:\/\/www.pineo.cat\/es\/wp-json\/wp\/v2\/pages\/1760"}],"collection":[{"href":"https:\/\/www.pineo.cat\/es\/wp-json\/wp\/v2\/pages"}],"about":[{"href":"https:\/\/www.pineo.cat\/es\/wp-json\/wp\/v2\/types\/page"}],"author":[{"embeddable":true,"href":"https:\/\/www.pineo.cat\/es\/wp-json\/wp\/v2\/users\/2"}],"replies":[{"embeddable":true,"href":"https:\/\/www.pineo.cat\/es\/wp-json\/wp\/v2\/comments?post=1760"}],"version-history":[{"count":18,"href":"https:\/\/www.pineo.cat\/es\/wp-json\/wp\/v2\/pages\/1760\/revisions"}],"predecessor-version":[{"id":8307,"href":"https:\/\/www.pineo.cat\/es\/wp-json\/wp\/v2\/pages\/1760\/revisions\/8307"}],"up":[{"embeddable":true,"href":"https:\/\/www.pineo.cat\/es\/wp-json\/wp\/v2\/pages\/1743"}],"wp:attachment":[{"href":"https:\/\/www.pineo.cat\/es\/wp-json\/wp\/v2\/media?parent=1760"}],"curies":[{"name":"wp","href":"https:\/\/api.w.org\/{rel}","templated":true}]}}