{"id":1747,"date":"2016-07-07T14:32:24","date_gmt":"2016-07-07T12:32:24","guid":{"rendered":"https:\/\/www.pineo.cat\/?page_id=1747"},"modified":"2019-06-18T11:40:23","modified_gmt":"2019-06-18T09:40:23","slug":"el-sabor","status":"publish","type":"page","link":"https:\/\/www.pineo.cat\/es\/por-que-pineo\/el-sabor\/","title":{"rendered":"De smaak SP"},"content":{"rendered":"<p><div class=\"fusion-fullwidth fullwidth-box fusion-builder-row-1 nonhundred-percent-fullwidth non-hundred-percent-height-scrolling\" style=\"--awb-background-position:left top;--awb-border-radius-top-left:0px;--awb-border-radius-top-right:0px;--awb-border-radius-bottom-right:0px;--awb-border-radius-bottom-left:0px;--awb-padding-top:20px;--awb-padding-bottom:20px;--awb-border-sizes-top:0px;--awb-border-sizes-bottom:0px;\" ><div class=\"fusion-builder-row fusion-row\"><div class=\"fusion-layout-column fusion_builder_column fusion-builder-column-0 fusion_builder_column_1_1 1_1 fusion-one-full fusion-column-first fusion-column-last fusion-column-no-min-height\" style=\"--awb-bg-size:cover;--awb-margin-bottom:0px;\"><div class=\"fusion-column-wrapper fusion-flex-column-wrapper-legacy\"><div class=\"fusion-text fusion-text-1\"><h1 style=\"text-align: center;\">La fuerza de Pineo: su sabor<\/h1>\n<\/div><div class=\"fusion-clearfix\"><\/div><\/div><\/div><\/div><\/div><div class=\"fusion-fullwidth fullwidth-box fusion-builder-row-2 nonhundred-percent-fullwidth non-hundred-percent-height-scrolling fusion-equal-height-columns\" style=\"--awb-background-position:left top;--awb-border-radius-top-left:0px;--awb-border-radius-top-right:0px;--awb-border-radius-bottom-right:0px;--awb-border-radius-bottom-left:0px;--awb-padding-top:20px;--awb-padding-bottom:20px;--awb-border-sizes-top:0px;--awb-border-sizes-bottom:0px;\" ><div class=\"fusion-builder-row fusion-row\"><div class=\"fusion-layout-column fusion_builder_column fusion-builder-column-1 fusion_builder_column_2_5 2_5 fusion-two-fifth fusion-column-first\" style=\"--awb-bg-size:cover;width:37.6%; margin-right: 4%;\"><div class=\"fusion-column-wrapper fusion-flex-column-wrapper-legacy\"><div class=\"fusion-column-content-centered\"><div class=\"fusion-column-content\"><div class=\"fusion-image-element fusion-image-align-center in-legacy-container\" style=\"text-align:center;--awb-caption-title-size:var(--h2_typography-font-size);--awb-caption-title-transform:var(--h2_typography-text-transform);--awb-caption-title-line-height:var(--h2_typography-line-height);--awb-caption-title-letter-spacing:var(--h2_typography-letter-spacing);\"><div class=\"imageframe-align-center\"><span class=\" fusion-imageframe imageframe-none imageframe-1 hover-type-none\"><img decoding=\"async\" width=\"1920\" height=\"1280\" alt=\"Agua, \u00bfa qu\u00e9 sabe y qu\u00e9 gusto deja?\" title=\"Water\" src=\"https:\/\/www.pineo.cat\/wp-content\/uploads\/2016\/03\/Water.jpg\" class=\"img-responsive wp-image-5136\"\/><\/span><\/div><\/div><\/div><\/div><div class=\"fusion-clearfix\"><\/div><\/div><\/div><div class=\"fusion-layout-column fusion_builder_column fusion-builder-column-2 fusion_builder_column_3_5 3_5 fusion-three-fifth fusion-column-last\" style=\"--awb-bg-size:cover;width:58.4%;\"><div class=\"fusion-column-wrapper fusion-flex-column-wrapper-legacy\"><div class=\"fusion-column-content-centered\"><div class=\"fusion-column-content\"><div class=\"fusion-text fusion-text-2\"><h2 style=\"text-align: right;\">El sabor del agua<\/h2>\n<p style=\"text-align: right;\">El agua presenta una variedad de sabores incomparable. Igual que pasa con el vino, su sabor depende en gran medida de la composici\u00f3n del suelo y del entorno. Adem\u00e1s, tambi\u00e9n depende del recorrido que ha realizado hasta terminar en tu vaso.<\/p>\n<p style=\"text-align: right;\">El sabor del agua est\u00e1 determinado principalmente por la cantidad de minerales y oligoelementos que contiene. En el caso del agua mineral y del agua de manantial, el suelo de donde proviene tiene una gran influencia en la base de su sabor.<\/p>\n<\/div><\/div><\/div><div class=\"fusion-clearfix\"><\/div><\/div><\/div><\/div><\/div><div class=\"fusion-fullwidth fullwidth-box fusion-builder-row-3 nonhundred-percent-fullwidth non-hundred-percent-height-scrolling fusion-equal-height-columns\" style=\"--awb-background-position:left top;--awb-border-radius-top-left:0px;--awb-border-radius-top-right:0px;--awb-border-radius-bottom-right:0px;--awb-border-radius-bottom-left:0px;--awb-padding-top:40px;--awb-padding-right:40px;--awb-padding-bottom:40px;--awb-padding-left:40px;--awb-margin-top:20px;--awb-background-color:#d7eff4;--awb-border-sizes-top:0px;--awb-border-sizes-bottom:0px;\" ><div class=\"fusion-builder-row fusion-row\"><div class=\"fusion-layout-column fusion_builder_column fusion-builder-column-3 fusion_builder_column_1_3 1_3 fusion-one-third fusion-column-first\" style=\"--awb-bg-size:cover;width:33.333333333333%;width:calc(33.333333333333% - ( ( 4% ) * 0.33333333333333 ) );margin-right: 4%;\"><div class=\"fusion-column-wrapper fusion-flex-column-wrapper-legacy\"><div class=\"fusion-image-element fusion-image-align-center in-legacy-container\" style=\"text-align:center;--awb-max-width:300px;--awb-caption-title-size:var(--h2_typography-font-size);--awb-caption-title-transform:var(--h2_typography-text-transform);--awb-caption-title-line-height:var(--h2_typography-line-height);--awb-caption-title-letter-spacing:var(--h2_typography-letter-spacing);\"><div class=\"imageframe-align-center\"><span class=\" fusion-imageframe imageframe-dropshadow imageframe-2 hover-type-none\" style=\"-webkit-box-shadow: 3px 3px 7px rgba(0,0,0,0.3);box-shadow: 3px 3px 7px rgba(0,0,0,0.3);\"><img decoding=\"async\" width=\"1890\" height=\"2079\" title=\"watertasteawards19_ES\" src=\"https:\/\/www.pineo.cat\/wp-content\/uploads\/watertasteawards19_ES-1200x1320.jpg?_t=1560850181\" alt class=\"img-responsive wp-image-7339\" srcset=\"https:\/\/www.pineo.cat\/wp-content\/uploads\/watertasteawards19_ES-200x220.jpg 200w, https:\/\/www.pineo.cat\/wp-content\/uploads\/watertasteawards19_ES-400x440.jpg 400w, https:\/\/www.pineo.cat\/wp-content\/uploads\/watertasteawards19_ES-600x660.jpg 600w, https:\/\/www.pineo.cat\/wp-content\/uploads\/watertasteawards19_ES-800x880.jpg 800w, https:\/\/www.pineo.cat\/wp-content\/uploads\/watertasteawards19_ES-1200x1320.jpg 1200w, https:\/\/www.pineo.cat\/wp-content\/uploads\/watertasteawards19_ES.jpg 1890w\" sizes=\"(max-width: 800px) 100vw, 400px\" \/><\/span><\/div><\/div><div class=\"fusion-clearfix\"><\/div><\/div><\/div><div class=\"fusion-layout-column fusion_builder_column fusion-builder-column-4 fusion_builder_column_2_3 2_3 fusion-two-third fusion-column-last\" style=\"--awb-bg-size:cover;width:66.666666666667%;width:calc(66.666666666667% - ( ( 4% ) * 0.66666666666667 ) );\"><div class=\"fusion-column-wrapper fusion-flex-column-wrapper-legacy\"><div class=\"fusion-text fusion-text-3\"><h2 class=\"title-heading-left\">Pineo escogida como la mejor agua del mundo<\/h2>\n<p style=\"text-align: left;\">Pineo fue nominada junto con 50 otras aguas premium de todo el mundo. Un jurado de cinco miembros, formado por expertos y sumilleres de agua, hizo una cata ciega de las diferentes aguas que puntuaron individualmente.\u00a0<strong> Pineo gan\u00f3 el oro en la categor\u00eda superior \u00abaguas de bajo contenido mineral\u00bb (por debajo de 250 mg)<\/strong> sin gas carb\u00f3nico a\u00f1adido.<\/p>\n<\/div><div class=\"fusion-alignleft\"><a class=\"fusion-button button-flat button-large button-blue fusion-button-blue button-1 fusion-button-default-span fusion-button-default-type\" target=\"_self\" href=\"https:\/\/www.pineo.cat\/es\/blog\/agua\/pineo-escogida-como-la-mejor-agua-del-mundo\/\"><span class=\"fusion-button-text\">The Fine Water Taste &amp; Design Award 2019<\/span><\/a><\/div><div class=\"fusion-clearfix\"><\/div><\/div><\/div><\/div><\/div><div class=\"fusion-fullwidth fullwidth-box fusion-builder-row-4 fusion-parallax-none nonhundred-percent-fullwidth non-hundred-percent-height-scrolling fusion-equal-height-columns\" style=\"--awb-background-position:center bottom;--awb-border-radius-top-left:0px;--awb-border-radius-top-right:0px;--awb-border-radius-bottom-right:0px;--awb-border-radius-bottom-left:0px;--awb-padding-top:200px;--awb-padding-right:40px;--awb-padding-bottom:200px;--awb-padding-left:40px;--awb-background-color:#518ead;--awb-background-image:url(&quot;https:\/\/www.pineo.cat\/wp-content\/uploads\/2016\/05\/Cathy-Pineo-2.jpg?_t=1487673216&quot;);--awb-background-size:cover;--awb-border-sizes-top:0px;--awb-border-sizes-bottom:0px;\" ><div class=\"fusion-builder-row fusion-row\"><div class=\"fusion-layout-column fusion_builder_column fusion-builder-column-5 fusion_builder_column_3_5 3_5 fusion-three-fifth fusion-column-first\" style=\"--awb-padding-top:20px;--awb-padding-right:20px;--awb-padding-bottom:20px;--awb-padding-left:20px;--awb-bg-color:rgba(132,132,132,0.75);--awb-bg-size:cover;--awb-margin-top:50px;width:58.4%; margin-right: 4%;\"><div class=\"fusion-column-wrapper fusion-flex-column-wrapper-legacy\"><div class=\"fusion-text fusion-text-4\"><h2><span style=\"color: #ffffff;\">El sabor de Pineo<\/span><\/h2>\n<p><span style=\"color: #ffffff;\">Lleva siempre contigo Pineo cuando salgas de casa o vayas de viaje. Para disfrutar de la comida picante de otros pa\u00edses o para refrescarte durante una excursi\u00f3n en la monta\u00f1a Beneid\u00f3, en los Pirineos, el \u00e1rea donde brota el agua Pineo. Hace m\u00e1s de mil a\u00f1os, en el 852, se asentaron aqu\u00ed los monjes del Monasterio de Sant Vicen\u00e7 de Pinsent. Es entonces cuando se registra por primera vez en los libros la existencia de la fuente. Ello demuestra que esta agua ha sido apreciada desde anta\u00f1o, aunque, afortunadamente, nunca ha sido sobreexplotada.<\/span><\/p>\n<p><span style=\"color: #ffffff;\">Pineo es un agua \u2018madurada\u2019 bajo tierra, que surge de forma natural a la superficie. Es un agua artesiana \u00fanica que brota espont\u00e1neamente desde un acu\u00edfero subterr\u00e1neo. En Pineo la embotellamos directamente en la fuente para conservar todas sus cualidades. No sufre ning\u00fan tratamiento por parte nuestra, solo la naturaleza se encarga de darle forma.<\/span><\/p>\n<p><span style=\"color: #ffffff;\">Pineo se encuentra en un \u00e1rea natural protegida de varios kil\u00f3metros cuadrados. Esta reserva natural preserva el entorno y proporciona un agua clara y estable. El primer sorbo de Pineo tiene un sabor agradable y natural. Suave y aterciopelado. Su car\u00e1cter se debe al suelo rico en calcio que va filtrando el agua hasta darle una pureza excepcional. La composici\u00f3n mineral de Pineo va de la mano con el entorno en el que surge.<\/span><\/p>\n<p><span style=\"color: #ffffff;\">Agua mineral pura y natural. Elogiada por su hermosa presentaci\u00f3n. Seleccionada por prestigiosos restaurantes, hoteles y eventos. Especialmente, la edici\u00f3n limitada Luna Llena, que se embotella exclusivamente durante la fase de luna llena. Este \u2018agua lunar\u2019 de Pineo es biodin\u00e1mica. La luna llena es un s\u00edmbolo del amor. Te quiero \u00abto the moon and back\u00bb se susurran dulcemente los enamorados\u2026<\/span><\/p>\n<\/div><div class=\"fusion-button-wrapper\"><a class=\"fusion-button button-flat fusion-button-default-size button-darkgreen fusion-button-darkgreen button-2 fusion-button-default-span fusion-button-default-type\" target=\"_self\" href=\"https:\/\/www.pineo.cat\/es\/productos\/\"><span class=\"fusion-button-text\">Nuestros productos<\/span><\/a><\/div><div class=\"fusion-clearfix\"><\/div><\/div><\/div><\/div><\/div><div class=\"fusion-fullwidth fullwidth-box fusion-builder-row-5 nonhundred-percent-fullwidth non-hundred-percent-height-scrolling\" style=\"--awb-background-position:left top;--awb-border-radius-top-left:0px;--awb-border-radius-top-right:0px;--awb-border-radius-bottom-right:0px;--awb-border-radius-bottom-left:0px;--awb-padding-top:20px;--awb-padding-bottom:20px;--awb-border-sizes-top:0px;--awb-border-sizes-bottom:0px;\" ><div class=\"fusion-builder-row fusion-row\"><\/div><\/div><\/p>\n","protected":false},"excerpt":{"rendered":"","protected":false},"author":2,"featured_media":0,"parent":1743,"menu_order":47,"comment_status":"closed","ping_status":"closed","template":"100-width.php","meta":{"footnotes":""},"yoast_head":"<!-- This site is optimized with the Yoast SEO plugin v21.0 - https:\/\/yoast.com\/wordpress\/plugins\/seo\/ -->\n<title>El sabor del agua, el sabor del agua mineral Pineo<\/title>\n<meta name=\"description\" content=\"El sabor del agua viene determinado por su origen. Por eso el sabor del agua mineral Pineo es \u00fanico. Ninguna otra agua tienen el mismo sabor.\" \/>\n<meta name=\"robots\" content=\"index, follow, max-snippet:-1, max-image-preview:large, max-video-preview:-1\" \/>\n<link rel=\"canonical\" href=\"https:\/\/www.pineo.cat\/es\/por-que-pineo\/el-sabor\/\" \/>\n<meta property=\"og:locale\" content=\"es_ES\" \/>\n<meta property=\"og:type\" content=\"article\" \/>\n<meta property=\"og:title\" content=\"El sabor del agua, el sabor del agua mineral Pineo\" \/>\n<meta property=\"og:description\" content=\"El sabor del agua viene determinado por su origen. Por eso el sabor del agua mineral Pineo es \u00fanico. Ninguna otra agua tienen el mismo sabor.\" \/>\n<meta property=\"og:url\" content=\"https:\/\/www.pineo.cat\/es\/por-que-pineo\/el-sabor\/\" \/>\n<meta property=\"og:site_name\" content=\"Pineo\" \/>\n<meta property=\"article:modified_time\" content=\"2019-06-18T09:40:23+00:00\" \/>\n<meta property=\"og:image\" content=\"https:\/\/www.pineo.cat\/wp-content\/uploads\/2016\/03\/Water.jpg\" \/>\n<meta name=\"twitter:card\" content=\"summary_large_image\" \/>\n<meta name=\"twitter:label1\" content=\"Tiempo de lectura\" \/>\n\t<meta name=\"twitter:data1\" content=\"8 minutos\" \/>\n<script type=\"application\/ld+json\" class=\"yoast-schema-graph\">{\"@context\":\"https:\/\/schema.org\",\"@graph\":[{\"@type\":\"WebPage\",\"@id\":\"https:\/\/www.pineo.cat\/es\/por-que-pineo\/el-sabor\/\",\"url\":\"https:\/\/www.pineo.cat\/es\/por-que-pineo\/el-sabor\/\",\"name\":\"El sabor del agua, el sabor del agua mineral Pineo\",\"isPartOf\":{\"@id\":\"https:\/\/www.pineo.cat\/es\/#website\"},\"datePublished\":\"2016-07-07T12:32:24+00:00\",\"dateModified\":\"2019-06-18T09:40:23+00:00\",\"description\":\"El sabor del agua viene determinado por su origen. Por eso el sabor del agua mineral Pineo es \u00fanico. Ninguna otra agua tienen el mismo sabor.\",\"breadcrumb\":{\"@id\":\"https:\/\/www.pineo.cat\/es\/por-que-pineo\/el-sabor\/#breadcrumb\"},\"inLanguage\":\"es\",\"potentialAction\":[{\"@type\":\"ReadAction\",\"target\":[\"https:\/\/www.pineo.cat\/es\/por-que-pineo\/el-sabor\/\"]}]},{\"@type\":\"BreadcrumbList\",\"@id\":\"https:\/\/www.pineo.cat\/es\/por-que-pineo\/el-sabor\/#breadcrumb\",\"itemListElement\":[{\"@type\":\"ListItem\",\"position\":1,\"name\":\"Home\",\"item\":\"https:\/\/www.pineo.cat\/es\/\"},{\"@type\":\"ListItem\",\"position\":2,\"name\":\"Waarom Pineo SP\",\"item\":\"https:\/\/www.pineo.cat\/es\/por-que-pineo\/\"},{\"@type\":\"ListItem\",\"position\":3,\"name\":\"De smaak SP\"}]},{\"@type\":\"WebSite\",\"@id\":\"https:\/\/www.pineo.cat\/es\/#website\",\"url\":\"https:\/\/www.pineo.cat\/es\/\",\"name\":\"Pineo\",\"description\":\"Pineo: naturally-arising natural mineral water from the Spanish Pyrenees\",\"publisher\":{\"@id\":\"https:\/\/www.pineo.cat\/es\/#organization\"},\"potentialAction\":[{\"@type\":\"SearchAction\",\"target\":{\"@type\":\"EntryPoint\",\"urlTemplate\":\"https:\/\/www.pineo.cat\/es\/?s={search_term_string}\"},\"query-input\":\"required name=search_term_string\"}],\"inLanguage\":\"es\"},{\"@type\":\"Organization\",\"@id\":\"https:\/\/www.pineo.cat\/es\/#organization\",\"name\":\"Pineo\",\"url\":\"https:\/\/www.pineo.cat\/es\/\",\"logo\":{\"@type\":\"ImageObject\",\"inLanguage\":\"es\",\"@id\":\"https:\/\/www.pineo.cat\/es\/#\/schema\/logo\/image\/\",\"url\":\"https:\/\/www.pineo.cat\/wp-content\/uploads\/2016\/07\/pineo-logo.png\",\"contentUrl\":\"https:\/\/www.pineo.cat\/wp-content\/uploads\/2016\/07\/pineo-logo.png\",\"width\":197,\"height\":56,\"caption\":\"Pineo\"},\"image\":{\"@id\":\"https:\/\/www.pineo.cat\/es\/#\/schema\/logo\/image\/\"}}]}<\/script>\n<!-- \/ Yoast SEO plugin. -->","yoast_head_json":{"title":"El sabor del agua, el sabor del agua mineral Pineo","description":"El sabor del agua viene determinado por su origen. Por eso el sabor del agua mineral Pineo es \u00fanico. Ninguna otra agua tienen el mismo sabor.","robots":{"index":"index","follow":"follow","max-snippet":"max-snippet:-1","max-image-preview":"max-image-preview:large","max-video-preview":"max-video-preview:-1"},"canonical":"https:\/\/www.pineo.cat\/es\/por-que-pineo\/el-sabor\/","og_locale":"es_ES","og_type":"article","og_title":"El sabor del agua, el sabor del agua mineral Pineo","og_description":"El sabor del agua viene determinado por su origen. Por eso el sabor del agua mineral Pineo es \u00fanico. Ninguna otra agua tienen el mismo sabor.","og_url":"https:\/\/www.pineo.cat\/es\/por-que-pineo\/el-sabor\/","og_site_name":"Pineo","article_modified_time":"2019-06-18T09:40:23+00:00","og_image":[{"url":"https:\/\/www.pineo.cat\/wp-content\/uploads\/2016\/03\/Water.jpg"}],"twitter_card":"summary_large_image","twitter_misc":{"Tiempo de lectura":"8 minutos"},"schema":{"@context":"https:\/\/schema.org","@graph":[{"@type":"WebPage","@id":"https:\/\/www.pineo.cat\/es\/por-que-pineo\/el-sabor\/","url":"https:\/\/www.pineo.cat\/es\/por-que-pineo\/el-sabor\/","name":"El sabor del agua, el sabor del agua mineral Pineo","isPartOf":{"@id":"https:\/\/www.pineo.cat\/es\/#website"},"datePublished":"2016-07-07T12:32:24+00:00","dateModified":"2019-06-18T09:40:23+00:00","description":"El sabor del agua viene determinado por su origen. Por eso el sabor del agua mineral Pineo es \u00fanico. Ninguna otra agua tienen el mismo sabor.","breadcrumb":{"@id":"https:\/\/www.pineo.cat\/es\/por-que-pineo\/el-sabor\/#breadcrumb"},"inLanguage":"es","potentialAction":[{"@type":"ReadAction","target":["https:\/\/www.pineo.cat\/es\/por-que-pineo\/el-sabor\/"]}]},{"@type":"BreadcrumbList","@id":"https:\/\/www.pineo.cat\/es\/por-que-pineo\/el-sabor\/#breadcrumb","itemListElement":[{"@type":"ListItem","position":1,"name":"Home","item":"https:\/\/www.pineo.cat\/es\/"},{"@type":"ListItem","position":2,"name":"Waarom Pineo SP","item":"https:\/\/www.pineo.cat\/es\/por-que-pineo\/"},{"@type":"ListItem","position":3,"name":"De smaak SP"}]},{"@type":"WebSite","@id":"https:\/\/www.pineo.cat\/es\/#website","url":"https:\/\/www.pineo.cat\/es\/","name":"Pineo","description":"Pineo: naturally-arising natural mineral water from the Spanish Pyrenees","publisher":{"@id":"https:\/\/www.pineo.cat\/es\/#organization"},"potentialAction":[{"@type":"SearchAction","target":{"@type":"EntryPoint","urlTemplate":"https:\/\/www.pineo.cat\/es\/?s={search_term_string}"},"query-input":"required name=search_term_string"}],"inLanguage":"es"},{"@type":"Organization","@id":"https:\/\/www.pineo.cat\/es\/#organization","name":"Pineo","url":"https:\/\/www.pineo.cat\/es\/","logo":{"@type":"ImageObject","inLanguage":"es","@id":"https:\/\/www.pineo.cat\/es\/#\/schema\/logo\/image\/","url":"https:\/\/www.pineo.cat\/wp-content\/uploads\/2016\/07\/pineo-logo.png","contentUrl":"https:\/\/www.pineo.cat\/wp-content\/uploads\/2016\/07\/pineo-logo.png","width":197,"height":56,"caption":"Pineo"},"image":{"@id":"https:\/\/www.pineo.cat\/es\/#\/schema\/logo\/image\/"}}]}},"_links":{"self":[{"href":"https:\/\/www.pineo.cat\/es\/wp-json\/wp\/v2\/pages\/1747"}],"collection":[{"href":"https:\/\/www.pineo.cat\/es\/wp-json\/wp\/v2\/pages"}],"about":[{"href":"https:\/\/www.pineo.cat\/es\/wp-json\/wp\/v2\/types\/page"}],"author":[{"embeddable":true,"href":"https:\/\/www.pineo.cat\/es\/wp-json\/wp\/v2\/users\/2"}],"replies":[{"embeddable":true,"href":"https:\/\/www.pineo.cat\/es\/wp-json\/wp\/v2\/comments?post=1747"}],"version-history":[{"count":12,"href":"https:\/\/www.pineo.cat\/es\/wp-json\/wp\/v2\/pages\/1747\/revisions"}],"predecessor-version":[{"id":7676,"href":"https:\/\/www.pineo.cat\/es\/wp-json\/wp\/v2\/pages\/1747\/revisions\/7676"}],"up":[{"embeddable":true,"href":"https:\/\/www.pineo.cat\/es\/wp-json\/wp\/v2\/pages\/1743"}],"wp:attachment":[{"href":"https:\/\/www.pineo.cat\/es\/wp-json\/wp\/v2\/media?parent=1747"}],"curies":[{"name":"wp","href":"https:\/\/api.w.org\/{rel}","templated":true}]}}