{"id":1743,"date":"2016-07-07T14:16:43","date_gmt":"2016-07-07T12:16:43","guid":{"rendered":"https:\/\/www.pineo.cat\/?page_id=1743"},"modified":"2017-06-28T11:44:25","modified_gmt":"2017-06-28T09:44:25","slug":"por-que-pineo","status":"publish","type":"page","link":"https:\/\/www.pineo.cat\/es\/por-que-pineo\/","title":{"rendered":"Waarom Pineo SP"},"content":{"rendered":"<p><div class=\"fusion-fullwidth fullwidth-box fusion-builder-row-1 nonhundred-percent-fullwidth non-hundred-percent-height-scrolling\" style=\"--awb-background-position:left top;--awb-border-radius-top-left:0px;--awb-border-radius-top-right:0px;--awb-border-radius-bottom-right:0px;--awb-border-radius-bottom-left:0px;--awb-padding-top:20px;--awb-padding-bottom:20px;--awb-border-sizes-top:0px;--awb-border-sizes-bottom:0px;\" ><div class=\"fusion-builder-row fusion-row\"><div class=\"fusion-layout-column fusion_builder_column fusion-builder-column-0 fusion_builder_column_1_1 1_1 fusion-one-full fusion-column-first fusion-column-last fusion-column-no-min-height\" style=\"--awb-bg-size:cover;--awb-margin-bottom:0px;\"><div class=\"fusion-column-wrapper fusion-flex-column-wrapper-legacy\"><div class=\"fusion-text fusion-text-1\"><h1 style=\"text-align: center;\"><span lang=\"NL\">\u00bfPor qu\u00e9 elegir agua mineral Pineo?<\/span><\/h1>\n<\/div><div class=\"fusion-clearfix\"><\/div><\/div><\/div><\/div><\/div><div class=\"fusion-fullwidth fullwidth-box fusion-builder-row-2 nonhundred-percent-fullwidth non-hundred-percent-height-scrolling\" style=\"--awb-background-position:left top;--awb-border-radius-top-left:0px;--awb-border-radius-top-right:0px;--awb-border-radius-bottom-right:0px;--awb-border-radius-bottom-left:0px;--awb-padding-top:20px;--awb-padding-bottom:20px;--awb-border-sizes-top:0px;--awb-border-sizes-bottom:0px;\" ><div class=\"fusion-builder-row fusion-row\"><div class=\"fusion-layout-column fusion_builder_column fusion-builder-column-1 fusion_builder_column_1_6 1_6 fusion-one-sixth fusion-column-first\" style=\"--awb-bg-size:cover;width:13.3333%; margin-right: 4%;\"><div class=\"fusion-column-wrapper fusion-flex-column-wrapper-legacy\"><div class=\"fusion-clearfix\"><\/div><\/div><\/div><div class=\"fusion-layout-column fusion_builder_column fusion-builder-column-2 fusion_builder_column_2_3 2_3 fusion-two-third\" style=\"--awb-bg-size:cover;width:65.3333%; margin-right: 4%;\"><div class=\"fusion-column-wrapper fusion-flex-column-wrapper-legacy\"><div class=\"fusion-text fusion-text-2\"><p style=\"text-align: left;\">El agua Pineo tiene todo lo que cabe esperar de un agua mineral natural: <a href=\"https:\/\/www.pineo.cat\/es\/por-que-pineo\/el-sabor\/\">su sabor es excelente<\/a>, est\u00e1 envasada en vidrio\u00a0y tiene <a href=\"https:\/\/www.pineo.cat\/es\/origen\/\">una larga historia<\/a> que se remonta al a\u00f1o 852.<\/p>\n<\/div><div class=\"fusion-clearfix\"><\/div><\/div><\/div><div class=\"fusion-layout-column fusion_builder_column fusion-builder-column-3 fusion_builder_column_1_6 1_6 fusion-one-sixth fusion-column-last\" style=\"--awb-bg-size:cover;width:13.3333%;\"><div class=\"fusion-column-wrapper fusion-flex-column-wrapper-legacy\"><div class=\"fusion-clearfix\"><\/div><\/div><\/div><\/div><\/div><div class=\"fusion-fullwidth fullwidth-box fusion-builder-row-3 fusion-parallax-fixed nonhundred-percent-fullwidth non-hundred-percent-height-scrolling\" style=\"--awb-border-radius-top-left:0px;--awb-border-radius-top-right:0px;--awb-border-radius-bottom-right:0px;--awb-border-radius-bottom-left:0px;--awb-padding-top:20px;--awb-padding-bottom:20px;--awb-background-image:url(&quot;https:\/\/www.pineo.cat\/wp-content\/uploads\/2016\/03\/JSP6829.jpg&quot;);--awb-background-size:cover;--awb-border-sizes-top:0px;--awb-border-sizes-bottom:0px;background-attachment:fixed;\" ><div class=\"fusion-builder-row fusion-row\"><div class=\"fusion-layout-column fusion_builder_column fusion-builder-column-4 fusion_builder_column_1_1 1_1 fusion-one-full fusion-column-first fusion-column-last fusion-column-no-min-height\" style=\"--awb-bg-size:cover;--awb-margin-bottom:0px;\"><div class=\"fusion-column-wrapper fusion-flex-column-wrapper-legacy\"><div class=\"fusion-text fusion-text-3\"><h2><span style=\"color: #ffffff;\">Minerales presentes en el agua Pineo<\/span><\/h2>\n<p><span style=\"color: #ffffff;\">\u2013 Cloruro (Cl) 1,9 mg<\/span><br \/>\n<span style=\"color: #ffffff;\">\u2013 Sodio (Na) 0,9 mg<\/span><br \/>\n<span style=\"color: #ffffff;\">\u2013 Nitrato (NO3) 1,1 mg<\/span><br \/>\n<span style=\"color: #ffffff;\">\u2013 Magnesio (M9) 3,7 mg<\/span><br \/>\n<span style=\"color: #ffffff;\">\u2013 Calcio (Ca) 78,6 mg<\/span><br \/>\n<span style=\"color: #ffffff;\">\u2013 Bicarbonato (HCO3) 248 mg<\/span><br \/>\n<span style=\"color: #ffffff;\">\u2013 Sulfato (SO4) 7,9 mg<\/span><br \/>\n<span style=\"color: #ffffff;\">\u2013 F\u00f3sforo (P) &lt;0,02 mg<\/span><br \/>\n<span style=\"color: #ffffff;\">\u2013 Di\u00f3xido de nitr\u00f3geno (NO2) &lt;0,02 mg<\/span><br \/>\n<span style=\"color: #ffffff;\">\u2013 Cobre (Cu) &lt;0,01 mg<\/span><br \/>\n<span style=\"color: #ffffff;\">\u2013 Fluoruro (F) &lt;0,02 mg<\/span><br \/>\n<span style=\"color: #ffffff;\">\u2013 Aluminio (Al) <\/span><br \/>\n<span style=\"color: #ffffff;\">\u2013 Uranio (U)<br \/>\n<span style=\"color: #ffffff;\">\u2013 Plomo (Pb)<br \/>\n<span style=\"color: #ffffff;\">\u2013 Mercurio (Hg) &lt;0,20 \u00b5g<\/span><\/span><\/span><\/p>\n<p><span style=\"color: #ffffff;\"> <strong>\u00bfM\u00e1s informaci\u00f3n? <a href=\"https:\/\/www.pineo.cat\/es\/imagenes\/informes-estudios\/\">Consulta los an\u00e1lisis<\/a>.<\/strong><\/span><\/p>\n<\/div><div class=\"fusion-clearfix\"><\/div><\/div><\/div><\/div><\/div><div class=\"fusion-fullwidth fullwidth-box fusion-builder-row-4 nonhundred-percent-fullwidth non-hundred-percent-height-scrolling fusion-equal-height-columns\" style=\"--awb-background-position:left top;--awb-border-radius-top-left:0px;--awb-border-radius-top-right:0px;--awb-border-radius-bottom-right:0px;--awb-border-radius-bottom-left:0px;--awb-padding-top:20px;--awb-padding-bottom:20px;--awb-border-sizes-top:0px;--awb-border-sizes-bottom:0px;\" ><div class=\"fusion-builder-row fusion-row\"><div class=\"fusion-layout-column fusion_builder_column fusion-builder-column-5 fusion_builder_column_1_3 1_3 fusion-one-third fusion-column-first\" style=\"--awb-padding-top:20px;--awb-padding-right:20px;--awb-padding-bottom:20px;--awb-padding-left:20px;--awb-bg-size:cover;--awb-border-color:#d7eff4;--awb-border-top:5px;--awb-border-right:5px;--awb-border-bottom:5px;--awb-border-left:5px;--awb-border-style:solid;width:30.6666%; margin-right: 4%;\"><div class=\"fusion-column-wrapper fusion-flex-column-wrapper-legacy\"><div class=\"fusion-column-content-centered\"><div class=\"fusion-column-content\"><div class=\"fusion-text fusion-text-4\"><h2>Agua Pineo: naturaleza pura directamente de la fuente<\/h2>\n<p>El agua Pineo no ha sido sometida a ning\u00fan tratamiento qu\u00edmico. Es agua mineral natural que se embotella directamente en la fuente. Surge en un entorno natural en el que las propias rocas de la monta\u00f1a se encargan de filtrarla.<\/p>\n<\/div><\/div><\/div><div class=\"fusion-clearfix\"><\/div><\/div><\/div><div class=\"fusion-layout-column fusion_builder_column fusion-builder-column-6 fusion_builder_column_1_3 1_3 fusion-one-third\" style=\"--awb-padding-top:20px;--awb-padding-right:20px;--awb-padding-bottom:20px;--awb-padding-left:20px;--awb-bg-color:#d7eff4;--awb-bg-size:cover;--awb-border-color:#d7eff4;--awb-border-top:5px;--awb-border-right:5px;--awb-border-bottom:5px;--awb-border-left:5px;--awb-border-style:solid;width:30.6666%; margin-right: 4%;\"><div class=\"fusion-column-wrapper fusion-flex-column-wrapper-legacy\"><div class=\"fusion-column-content-centered\"><div class=\"fusion-column-content\"><div class=\"fusion-text fusion-text-5\"><h2>Valor pH de Pineo<\/h2>\n<p>\u2013 pH neutral: 7<br \/>\n\u2013 pH de Pineo: 7,91<\/p>\n<p>El pH expresa el grado de acidez. El agua con un valor de pH por encima de 7 impide la acidificaci\u00f3n (se la llama entonces alcalina). Debido a que cada d\u00eda debemos beber de 1 a 2 litros de agua, es importante elegir un agua con un pH superior a 7. Elige Pineo (pH 7,9).<\/p>\n<\/div><\/div><\/div><div class=\"fusion-clearfix\"><\/div><\/div><\/div><div class=\"fusion-layout-column fusion_builder_column fusion-builder-column-7 fusion_builder_column_1_3 1_3 fusion-one-third fusion-column-last\" style=\"--awb-padding-top:20px;--awb-padding-right:20px;--awb-padding-bottom:20px;--awb-padding-left:20px;--awb-bg-size:cover;--awb-border-color:#d7eff4;--awb-border-top:5px;--awb-border-right:5px;--awb-border-bottom:5px;--awb-border-left:5px;--awb-border-style:solid;width:30.6666%;\"><div class=\"fusion-column-wrapper fusion-flex-column-wrapper-legacy\"><div class=\"fusion-column-content-centered\"><div class=\"fusion-column-content\"><div class=\"fusion-text fusion-text-6\"><h2>Dise\u00f1o de la botella<\/h2>\n<p>La botella de Pineo gan\u00f3 en 1996 el prestigioso premio Red Dot Design. Se trata de un galard\u00f3n internacional que elige desde 1955 los mejores dise\u00f1os de producto. Lo otorga anualmente el Design Zentrum Nordrhein Westfalen, en Essen (Alemania).<\/p>\n<\/div><\/div><\/div><div class=\"fusion-clearfix\"><\/div><\/div><\/div><\/div><\/div><div class=\"fusion-fullwidth fullwidth-box fusion-builder-row-5 nonhundred-percent-fullwidth non-hundred-percent-height-scrolling\" style=\"--awb-background-position:left top;--awb-border-radius-top-left:0px;--awb-border-radius-top-right:0px;--awb-border-radius-bottom-right:0px;--awb-border-radius-bottom-left:0px;--awb-padding-top:20px;--awb-padding-bottom:20px;--awb-border-sizes-top:0px;--awb-border-sizes-bottom:0px;\" ><div class=\"fusion-builder-row fusion-row\"><div class=\"fusion-layout-column fusion_builder_column fusion-builder-column-8 fusion_builder_column_3_4 3_4 fusion-three-fourth fusion-column-first\" style=\"--awb-bg-size:cover;width:74%; margin-right: 4%;\"><div class=\"fusion-column-wrapper fusion-flex-column-wrapper-legacy\"><div class=\"fusion-text fusion-text-7\"><h2>Un agua para el consumo diario<\/h2>\n<p>Para el consumo diario, conviene elegir un agua que tenga un contenido de minerales menor de 500 gramos por litro. Pineo es, sin duda, la mejor elecci\u00f3n. Es un agua mineral sin metales pesados o pesticidas. Los aniones y cationes (minerales con carga positiva y negativa) se encuentran en el agua de la fuente Pineo en perfecto equilibrio.<\/p>\n<\/div><div class=\"fusion-clearfix\"><\/div><\/div><\/div><\/div><\/div><div class=\"fusion-fullwidth fullwidth-box fusion-builder-row-6 nonhundred-percent-fullwidth non-hundred-percent-height-scrolling fusion-equal-height-columns\" style=\"--awb-background-position:left top;--awb-border-radius-top-left:0px;--awb-border-radius-top-right:0px;--awb-border-radius-bottom-right:0px;--awb-border-radius-bottom-left:0px;--awb-padding-top:40px;--awb-padding-bottom:20px;--awb-border-sizes-top:0px;--awb-border-sizes-bottom:0px;\" ><div class=\"fusion-builder-row fusion-row\"><div class=\"fusion-layout-column fusion_builder_column fusion-builder-column-9 fusion_builder_column_1_2 1_2 fusion-one-half fusion-column-first\" style=\"--awb-bg-size:cover;width:48%; margin-right: 4%;\"><div class=\"fusion-column-wrapper fusion-flex-column-wrapper-legacy\"><div class=\"fusion-column-content-centered\"><div class=\"fusion-column-content\"><\/div><\/div><div class=\"fusion-clearfix\"><\/div><\/div><\/div><div class=\"fusion-layout-column fusion_builder_column fusion-builder-column-10 fusion_builder_column_1_2 1_2 fusion-one-half fusion-column-last\" style=\"--awb-bg-size:cover;width:48%;\"><div class=\"fusion-column-wrapper fusion-flex-column-wrapper-legacy\"><div class=\"fusion-column-content-centered\"><div class=\"fusion-column-content\"><\/div><\/div><div class=\"fusion-clearfix\"><\/div><\/div><\/div><\/div><\/div><div class=\"fusion-fullwidth fullwidth-box fusion-builder-row-7 nonhundred-percent-fullwidth non-hundred-percent-height-scrolling\" style=\"--awb-border-radius-top-left:0px;--awb-border-radius-top-right:0px;--awb-border-radius-bottom-right:0px;--awb-border-radius-bottom-left:0px;\" ><div class=\"fusion-builder-row fusion-row\"><div class=\"fusion-layout-column fusion_builder_column fusion-builder-column-11 fusion_builder_column_1_2 1_2 fusion-one-half fusion-column-first\" style=\"--awb-bg-size:cover;width:50%;width:calc(50% - ( ( 4% ) * 0.5 ) );margin-right: 4%;\"><div class=\"fusion-column-wrapper fusion-flex-column-wrapper-legacy\"><div class=\"fusion-text fusion-text-8\"><h2 class=\"alignnone\" style=\"text-align: right;\">Ser ecol\u00f3gicos con el agua mineral Pineo<\/h2>\n<p style=\"text-align: right;\">Cuando compras Pineo, est\u00e1s protegiendo el medio ambiente y la naturaleza. El manantial de Pineo brota de forma natural de la tierra, por lo que no necesitamos electricidad para bombear el agua. Adem\u00e1s, durante el llenado de las botellas se consume poca energ\u00eda: el 70% proviene de una central hidroel\u00e9ctrica local.<\/p>\n<p style=\"text-align: right;\">Las etiquetas de Pineo tienen un certificado FSC y para su impresi\u00f3n se utilizan tintas sin disolventes. Pineo se presenta en botellas de vidrio que son reutilizadas. Esto le permite tener una huella de carbono un 96% m\u00e1s baja en comparaci\u00f3n con las botellas de pl\u00e1stico (PET), incluyendo el transporte y la limpieza de las botellas.<\/p>\n<\/div><div class=\"fusion-alignright\"><a class=\"fusion-button button-flat fusion-button-default-size button-darkgreen fusion-button-darkgreen button-1 fusion-button-default-span fusion-button-default-type\" target=\"_self\" href=\"https:\/\/www.pineo.cat\/es\/productos\/\"><span class=\"fusion-button-text\">NUESTROS PRODUCTOS<\/span><\/a><\/div><div class=\"fusion-clearfix\"><\/div><\/div><\/div><div class=\"fusion-layout-column fusion_builder_column fusion-builder-column-12 fusion_builder_column_1_2 1_2 fusion-one-half fusion-column-last\" style=\"--awb-bg-size:cover;width:50%;width:calc(50% - ( ( 4% ) * 0.5 ) );\"><div class=\"fusion-column-wrapper fusion-flex-column-wrapper-legacy\"><div class=\"fusion-text fusion-text-9\"><h2 class=\"alignnone\" style=\"text-align: right;\"><a href=\"https:\/\/www.pineo.cat\/es\/productos\/\"><img decoding=\"async\" class=\"wp-image-628 aligncenter\" src=\"https:\/\/www.pineo.cat\/wp-content\/uploads\/2016\/03\/0-Pineo-range-right-1024x576.jpg\" alt=\"El agua mineral natural Pineo cuida el medio ambiente\" width=\"578\" height=\"325\" \/><\/a><\/h2>\n<\/div><div class=\"fusion-clearfix\"><\/div><\/div><\/div><\/div><\/div><\/p>\n","protected":false},"excerpt":{"rendered":"","protected":false},"author":2,"featured_media":0,"parent":0,"menu_order":177,"comment_status":"closed","ping_status":"closed","template":"100-width.php","meta":{"footnotes":""},"yoast_head":"<!-- This site is optimized with the Yoast SEO plugin v21.0 - https:\/\/yoast.com\/wordpress\/plugins\/seo\/ -->\n<title>\u00bfPor qu\u00e9 elegir el agua mineral Pineo?<\/title>\n<meta name=\"description\" content=\"Hay muchas razones para elegir el agua mineral Pineo. Descubre aqu\u00ed su valor pH, sus minerales, los estudios de Masaru Emoto y el dise\u00f1o de las botellas.\" \/>\n<meta name=\"robots\" content=\"index, follow, max-snippet:-1, max-image-preview:large, max-video-preview:-1\" \/>\n<link rel=\"canonical\" href=\"https:\/\/www.pineo.cat\/es\/por-que-pineo\/\" \/>\n<meta property=\"og:locale\" content=\"es_ES\" \/>\n<meta property=\"og:type\" content=\"article\" \/>\n<meta property=\"og:title\" content=\"\u00bfPor qu\u00e9 elegir el agua mineral Pineo?\" \/>\n<meta property=\"og:description\" content=\"Hay muchas razones para elegir el agua mineral Pineo. Descubre aqu\u00ed su valor pH, sus minerales, los estudios de Masaru Emoto y el dise\u00f1o de las botellas.\" \/>\n<meta property=\"og:url\" content=\"https:\/\/www.pineo.cat\/es\/por-que-pineo\/\" \/>\n<meta property=\"og:site_name\" content=\"Pineo\" \/>\n<meta property=\"article:modified_time\" content=\"2017-06-28T09:44:25+00:00\" \/>\n<meta property=\"og:image\" content=\"https:\/\/www.pineo.cat\/wp-content\/uploads\/2016\/03\/0-Pineo-range-right-1024x576.jpg\" \/>\n<meta name=\"twitter:card\" content=\"summary_large_image\" \/>\n<meta name=\"twitter:label1\" content=\"Tiempo de lectura\" \/>\n\t<meta name=\"twitter:data1\" content=\"10 minutos\" \/>\n<script type=\"application\/ld+json\" class=\"yoast-schema-graph\">{\"@context\":\"https:\/\/schema.org\",\"@graph\":[{\"@type\":\"WebPage\",\"@id\":\"https:\/\/www.pineo.cat\/es\/por-que-pineo\/\",\"url\":\"https:\/\/www.pineo.cat\/es\/por-que-pineo\/\",\"name\":\"\u00bfPor qu\u00e9 elegir el agua mineral Pineo?\",\"isPartOf\":{\"@id\":\"https:\/\/www.pineo.cat\/es\/#website\"},\"datePublished\":\"2016-07-07T12:16:43+00:00\",\"dateModified\":\"2017-06-28T09:44:25+00:00\",\"description\":\"Hay muchas razones para elegir el agua mineral Pineo. Descubre aqu\u00ed su valor pH, sus minerales, los estudios de Masaru Emoto y el dise\u00f1o de las botellas.\",\"breadcrumb\":{\"@id\":\"https:\/\/www.pineo.cat\/es\/por-que-pineo\/#breadcrumb\"},\"inLanguage\":\"es\",\"potentialAction\":[{\"@type\":\"ReadAction\",\"target\":[\"https:\/\/www.pineo.cat\/es\/por-que-pineo\/\"]}]},{\"@type\":\"BreadcrumbList\",\"@id\":\"https:\/\/www.pineo.cat\/es\/por-que-pineo\/#breadcrumb\",\"itemListElement\":[{\"@type\":\"ListItem\",\"position\":1,\"name\":\"Home\",\"item\":\"https:\/\/www.pineo.cat\/es\/\"},{\"@type\":\"ListItem\",\"position\":2,\"name\":\"Waarom Pineo SP\"}]},{\"@type\":\"WebSite\",\"@id\":\"https:\/\/www.pineo.cat\/es\/#website\",\"url\":\"https:\/\/www.pineo.cat\/es\/\",\"name\":\"Pineo\",\"description\":\"Pineo: naturally-arising natural mineral water from the Spanish Pyrenees\",\"publisher\":{\"@id\":\"https:\/\/www.pineo.cat\/es\/#organization\"},\"potentialAction\":[{\"@type\":\"SearchAction\",\"target\":{\"@type\":\"EntryPoint\",\"urlTemplate\":\"https:\/\/www.pineo.cat\/es\/?s={search_term_string}\"},\"query-input\":\"required name=search_term_string\"}],\"inLanguage\":\"es\"},{\"@type\":\"Organization\",\"@id\":\"https:\/\/www.pineo.cat\/es\/#organization\",\"name\":\"Pineo\",\"url\":\"https:\/\/www.pineo.cat\/es\/\",\"logo\":{\"@type\":\"ImageObject\",\"inLanguage\":\"es\",\"@id\":\"https:\/\/www.pineo.cat\/es\/#\/schema\/logo\/image\/\",\"url\":\"https:\/\/www.pineo.cat\/wp-content\/uploads\/2016\/07\/pineo-logo.png\",\"contentUrl\":\"https:\/\/www.pineo.cat\/wp-content\/uploads\/2016\/07\/pineo-logo.png\",\"width\":197,\"height\":56,\"caption\":\"Pineo\"},\"image\":{\"@id\":\"https:\/\/www.pineo.cat\/es\/#\/schema\/logo\/image\/\"}}]}<\/script>\n<!-- \/ Yoast SEO plugin. -->","yoast_head_json":{"title":"\u00bfPor qu\u00e9 elegir el agua mineral Pineo?","description":"Hay muchas razones para elegir el agua mineral Pineo. Descubre aqu\u00ed su valor pH, sus minerales, los estudios de Masaru Emoto y el dise\u00f1o de las botellas.","robots":{"index":"index","follow":"follow","max-snippet":"max-snippet:-1","max-image-preview":"max-image-preview:large","max-video-preview":"max-video-preview:-1"},"canonical":"https:\/\/www.pineo.cat\/es\/por-que-pineo\/","og_locale":"es_ES","og_type":"article","og_title":"\u00bfPor qu\u00e9 elegir el agua mineral Pineo?","og_description":"Hay muchas razones para elegir el agua mineral Pineo. Descubre aqu\u00ed su valor pH, sus minerales, los estudios de Masaru Emoto y el dise\u00f1o de las botellas.","og_url":"https:\/\/www.pineo.cat\/es\/por-que-pineo\/","og_site_name":"Pineo","article_modified_time":"2017-06-28T09:44:25+00:00","og_image":[{"url":"https:\/\/www.pineo.cat\/wp-content\/uploads\/2016\/03\/0-Pineo-range-right-1024x576.jpg"}],"twitter_card":"summary_large_image","twitter_misc":{"Tiempo de lectura":"10 minutos"},"schema":{"@context":"https:\/\/schema.org","@graph":[{"@type":"WebPage","@id":"https:\/\/www.pineo.cat\/es\/por-que-pineo\/","url":"https:\/\/www.pineo.cat\/es\/por-que-pineo\/","name":"\u00bfPor qu\u00e9 elegir el agua mineral Pineo?","isPartOf":{"@id":"https:\/\/www.pineo.cat\/es\/#website"},"datePublished":"2016-07-07T12:16:43+00:00","dateModified":"2017-06-28T09:44:25+00:00","description":"Hay muchas razones para elegir el agua mineral Pineo. Descubre aqu\u00ed su valor pH, sus minerales, los estudios de Masaru Emoto y el dise\u00f1o de las botellas.","breadcrumb":{"@id":"https:\/\/www.pineo.cat\/es\/por-que-pineo\/#breadcrumb"},"inLanguage":"es","potentialAction":[{"@type":"ReadAction","target":["https:\/\/www.pineo.cat\/es\/por-que-pineo\/"]}]},{"@type":"BreadcrumbList","@id":"https:\/\/www.pineo.cat\/es\/por-que-pineo\/#breadcrumb","itemListElement":[{"@type":"ListItem","position":1,"name":"Home","item":"https:\/\/www.pineo.cat\/es\/"},{"@type":"ListItem","position":2,"name":"Waarom Pineo SP"}]},{"@type":"WebSite","@id":"https:\/\/www.pineo.cat\/es\/#website","url":"https:\/\/www.pineo.cat\/es\/","name":"Pineo","description":"Pineo: naturally-arising natural mineral water from the Spanish Pyrenees","publisher":{"@id":"https:\/\/www.pineo.cat\/es\/#organization"},"potentialAction":[{"@type":"SearchAction","target":{"@type":"EntryPoint","urlTemplate":"https:\/\/www.pineo.cat\/es\/?s={search_term_string}"},"query-input":"required name=search_term_string"}],"inLanguage":"es"},{"@type":"Organization","@id":"https:\/\/www.pineo.cat\/es\/#organization","name":"Pineo","url":"https:\/\/www.pineo.cat\/es\/","logo":{"@type":"ImageObject","inLanguage":"es","@id":"https:\/\/www.pineo.cat\/es\/#\/schema\/logo\/image\/","url":"https:\/\/www.pineo.cat\/wp-content\/uploads\/2016\/07\/pineo-logo.png","contentUrl":"https:\/\/www.pineo.cat\/wp-content\/uploads\/2016\/07\/pineo-logo.png","width":197,"height":56,"caption":"Pineo"},"image":{"@id":"https:\/\/www.pineo.cat\/es\/#\/schema\/logo\/image\/"}}]}},"_links":{"self":[{"href":"https:\/\/www.pineo.cat\/es\/wp-json\/wp\/v2\/pages\/1743"}],"collection":[{"href":"https:\/\/www.pineo.cat\/es\/wp-json\/wp\/v2\/pages"}],"about":[{"href":"https:\/\/www.pineo.cat\/es\/wp-json\/wp\/v2\/types\/page"}],"author":[{"embeddable":true,"href":"https:\/\/www.pineo.cat\/es\/wp-json\/wp\/v2\/users\/2"}],"replies":[{"embeddable":true,"href":"https:\/\/www.pineo.cat\/es\/wp-json\/wp\/v2\/comments?post=1743"}],"version-history":[{"count":10,"href":"https:\/\/www.pineo.cat\/es\/wp-json\/wp\/v2\/pages\/1743\/revisions"}],"predecessor-version":[{"id":4225,"href":"https:\/\/www.pineo.cat\/es\/wp-json\/wp\/v2\/pages\/1743\/revisions\/4225"}],"wp:attachment":[{"href":"https:\/\/www.pineo.cat\/es\/wp-json\/wp\/v2\/media?parent=1743"}],"curies":[{"name":"wp","href":"https:\/\/api.w.org\/{rel}","templated":true}]}}