{"id":1979,"date":"2016-07-11T16:00:47","date_gmt":"2016-07-11T14:00:47","guid":{"rendered":"https:\/\/www.pineo.cat\/?page_id=1979"},"modified":"2017-06-28T09:35:35","modified_gmt":"2017-06-28T07:35:35","slug":"natriumarm","status":"publish","type":"page","link":"https:\/\/www.pineo.cat\/de\/warum-pineo\/natriumarm\/","title":{"rendered":"Natriumarm DE"},"content":{"rendered":"<p><div class=\"fusion-fullwidth fullwidth-box fusion-builder-row-1 nonhundred-percent-fullwidth non-hundred-percent-height-scrolling\" style=\"--awb-background-position:left top;--awb-border-radius-top-left:0px;--awb-border-radius-top-right:0px;--awb-border-radius-bottom-right:0px;--awb-border-radius-bottom-left:0px;--awb-padding-top:20px;--awb-padding-bottom:20px;--awb-border-sizes-top:0px;--awb-border-sizes-bottom:0px;\" ><div class=\"fusion-builder-row fusion-row\"><div class=\"fusion-layout-column fusion_builder_column fusion-builder-column-0 fusion_builder_column_1_1 1_1 fusion-one-full fusion-column-first fusion-column-last fusion-column-no-min-height\" style=\"--awb-bg-size:cover;--awb-margin-bottom:0px;\"><div class=\"fusion-column-wrapper fusion-flex-column-wrapper-legacy\"><div class=\"fusion-title title fusion-title-1 fusion-sep-none fusion-title-center fusion-title-text fusion-title-size-one\"><h1 class=\"title-heading-center fusion-responsive-typography-calculated\" style=\"margin:0;--fontSize:45;line-height:1.07;\"><h1 style=\"text-align: center;\">Pineo nat\u00fcrliches Mineralwasser ist natriumarm. Trinken Sie nur die richtigen Mineralstoffe. Trinken Sie das richtige Wasser. Trinken Sie Pineo.<\/h1><\/h1><\/div><div class=\"fusion-clearfix\"><\/div><\/div><\/div><\/div><\/div><div class=\"fusion-fullwidth fullwidth-box fusion-builder-row-2 nonhundred-percent-fullwidth non-hundred-percent-height-scrolling\" style=\"--awb-background-position:left top;--awb-border-radius-top-left:0px;--awb-border-radius-top-right:0px;--awb-border-radius-bottom-right:0px;--awb-border-radius-bottom-left:0px;--awb-padding-top:20px;--awb-padding-bottom:20px;--awb-border-sizes-top:0px;--awb-border-sizes-bottom:0px;\" ><div class=\"fusion-builder-row fusion-row\"><div class=\"fusion-layout-column fusion_builder_column fusion-builder-column-1 fusion_builder_column_1_1 1_1 fusion-one-full fusion-column-first fusion-column-last fusion-column-no-min-height\" style=\"--awb-bg-size:cover;--awb-margin-bottom:0px;\"><div class=\"fusion-column-wrapper fusion-flex-column-wrapper-legacy\"><div class=\"fusion-text fusion-text-1\"><p>Wasser ist nicht gleich Wasser. Regenwasser, das Wasser aus dem Wasserhahn oder das in einer Flasche gekaufte Mineralwasser sind alle unterschiedlich. Der Begriff \u201enat\u00fcrliches Mineralwasser\u201c verweist auf seine urspr\u00fcngliche Reinheit und einen konstanten Mineralstoffgehalt. Diesen Namen darf ein Wasser nicht ohne Weiteres tragen. Es ist ein gesetzlich gesch\u00fctzter Begriff, der strengen Anforderungen unterliegt.<\/p>\n<p>Die Mineral- und anderen Stoffe in nat\u00fcrlichem Mineralwasser sorgen daf\u00fcr, dass es seinen Geschmack erh\u00e4lt, der f\u00fcr jede Quelle und somit jedes Wasser einzigartig ist. Es ist wichtig, dass man sich f\u00fcr das richtige Wasser entscheidet.<\/p>\n<\/div><div class=\"fusion-clearfix\"><\/div><\/div><\/div><\/div><\/div><div class=\"fusion-fullwidth fullwidth-box fusion-builder-row-3 fusion-parallax-fixed nonhundred-percent-fullwidth non-hundred-percent-height-scrolling\" style=\"--awb-border-radius-top-left:0px;--awb-border-radius-top-right:0px;--awb-border-radius-bottom-right:0px;--awb-border-radius-bottom-left:0px;--awb-padding-top:20px;--awb-padding-bottom:20px;--awb-background-color:#ddb382;--awb-background-image:url(&quot;https:\/\/www.pineo.cat\/wp-content\/uploads\/2016\/03\/Natrium-zout.jpg&quot;);--awb-background-size:cover;--awb-border-sizes-top:0px;--awb-border-sizes-bottom:0px;background-attachment:fixed;\" ><div class=\"fusion-builder-row fusion-row\"><div class=\"fusion-layout-column fusion_builder_column fusion-builder-column-2 fusion_builder_column_3_5 3_5 fusion-three-fifth fusion-column-first\" style=\"--awb-bg-size:cover;width:58.4%; margin-right: 4%;\"><div class=\"fusion-column-wrapper fusion-flex-column-wrapper-legacy\"><div class=\"fusion-clearfix\"><\/div><\/div><\/div><div class=\"fusion-layout-column fusion_builder_column fusion-builder-column-3 fusion_builder_column_2_5 2_5 fusion-two-fifth fusion-column-last\" style=\"--awb-bg-size:cover;width:37.6%;\"><div class=\"fusion-column-wrapper fusion-flex-column-wrapper-legacy\"><div class=\"fusion-text fusion-text-2\"><h2><span style=\"color: #ffffff;\">Was ist Natrium?<\/span><\/h2>\n<p><span style=\"color: #ffffff;\">In jedem Wasser ist Natrium enthalten. Natrium, ein Mineralstoff, der in Salz enthalten ist, auch Natriumchlorid genannt) brauchen wir in unserem K\u00f6rper.<\/span><\/p>\n<p><span style=\"color: #ffffff;\">Die WHO (Weltgesundheitsorganisation) empfiehlt die Einnahme von maximal 5 g am Tag. 1 Gramm Salz enth\u00e4lt 0,4 g Natrium. <\/span><\/p>\n<\/div><div class=\"fusion-clearfix\"><\/div><\/div><\/div><\/div><\/div><div class=\"fusion-fullwidth fullwidth-box fusion-builder-row-4 nonhundred-percent-fullwidth non-hundred-percent-height-scrolling fusion-equal-height-columns\" style=\"--awb-border-radius-top-left:0px;--awb-border-radius-top-right:0px;--awb-border-radius-bottom-right:0px;--awb-border-radius-bottom-left:0px;--awb-padding-top:20px;--awb-padding-bottom:20px;--awb-border-sizes-top:0px;--awb-border-sizes-bottom:0px;\" ><div class=\"fusion-builder-row fusion-row\"><div class=\"fusion-layout-column fusion_builder_column fusion-builder-column-4 fusion_builder_column_1_3 1_3 fusion-one-third fusion-column-first\" style=\"--awb-padding-top:20px;--awb-padding-right:20px;--awb-padding-bottom:20px;--awb-padding-left:20px;--awb-bg-color:#d7eff4;--awb-bg-size:cover;width:30.6666%; margin-right: 4%;\"><div class=\"fusion-column-wrapper fusion-flex-column-wrapper-legacy\"><div class=\"fusion-column-content-centered\"><div class=\"fusion-column-content\"><div class=\"fusion-text fusion-text-3\"><h2>Nahrung enth\u00e4lt viel Natrium, ern\u00e4hren Sie sich lieber natriumarm<\/h2>\n<p>Wenn wir unser Essen zubereiten, wird h\u00e4ufig Salz (einschlie\u00dflich Natrium) dazugegeben, um mehr Geschmack zu erzeugen oder als Konservierungs- mittel. Es kommt in der Natur vor und auch im menschlichen K\u00f6rper. Ein Zuviel an Salz kann unser K\u00f6rper nicht immer gut verkraften.<\/p>\n<\/div><\/div><\/div><div class=\"fusion-clearfix\"><\/div><\/div><\/div><div class=\"fusion-layout-column fusion_builder_column fusion-builder-column-5 fusion_builder_column_2_3 2_3 fusion-two-third fusion-column-last\" style=\"--awb-bg-size:cover;width:65.3333%;\"><div class=\"fusion-column-wrapper fusion-flex-column-wrapper-legacy\"><div class=\"fusion-column-content-centered\"><div class=\"fusion-column-content\"><div class=\"fusion-text fusion-text-4\"><h2>Wie viel Natrium ist in unserem Wasser enthalten?<\/h2>\n<p>Natrium gelangt auf nat\u00fcrliche Weise ins Wasser \u00fcber das Gestein und den Boden. Die Natriummenge im Wasser h\u00e4ngt von den geologischen Umst\u00e4nden ab.<\/p>\n<p>Die H\u00f6chstmenge f\u00fcr Natrium in Trinkwasser (Leitungswasser) ist festgelegt. Der Natriumgehalt in nat\u00fcrlichem Mineralwasser liegt im Allgemeinen h\u00f6her. Die EU schreibt einen maximalen Natriumgehalt von 200 mg\/l vor. In manchen L\u00e4ndern wird ein niedrigerer Wert verlangt, wie zum Beispiel in den Niederlanden, wo ein Grenzwert von maximal 150 mg\/l gilt.<\/p>\n<\/div><\/div><\/div><div class=\"fusion-clearfix\"><\/div><\/div><\/div><\/div><\/div><div class=\"fusion-fullwidth fullwidth-box fusion-builder-row-5 fusion-parallax-none nonhundred-percent-fullwidth non-hundred-percent-height-scrolling fusion-equal-height-columns\" style=\"--awb-border-radius-top-left:0px;--awb-border-radius-top-right:0px;--awb-border-radius-bottom-right:0px;--awb-border-radius-bottom-left:0px;--awb-padding-top:20px;--awb-padding-bottom:20px;--awb-background-color:#d7eff4;--awb-background-image:url(&quot;https:\/\/www.pineo.cat\/wp-content\/uploads\/2016\/03\/Abstract-achtergrond2.jpg&quot;);--awb-background-size:cover;--awb-border-sizes-top:0px;--awb-border-sizes-bottom:0px;\" ><div class=\"fusion-builder-row fusion-row\"><div class=\"fusion-layout-column fusion_builder_column fusion-builder-column-6 fusion_builder_column_3_5 3_5 fusion-three-fifth fusion-column-first\" style=\"--awb-padding-top:40px;--awb-padding-right:40px;--awb-padding-bottom:40px;--awb-padding-left:40px;--awb-bg-size:cover;--awb-border-color:#5492c9;--awb-border-top:5px;--awb-border-right:5px;--awb-border-bottom:5px;--awb-border-left:5px;--awb-border-style:solid;width:58.4%; margin-right: 4%;\"><div class=\"fusion-column-wrapper fusion-flex-column-wrapper-legacy\"><div class=\"fusion-text fusion-text-5\"><h2>Vergleich Natriumgehalt<\/h2>\n<table style=\"height: 465px;\" width=\"751\">\n<tbody>\n<tr>\n<td width=\"103\"><strong>Marke<\/strong><\/td>\n<td width=\"139\"><strong>Natriumgehalt mg\/l<\/strong><\/td>\n<\/tr>\n<tr>\n<td><strong>\u00a0<\/strong><\/td>\n<td><strong>\u00a0<\/strong><\/td>\n<\/tr>\n<tr>\n<td>Vichy Catalan<\/td>\n<td>1070<\/td>\n<\/tr>\n<tr>\n<td>Appolinaris<\/td>\n<td>410<\/td>\n<\/tr>\n<tr>\n<td>Christinen<\/td>\n<td>371<\/td>\n<\/tr>\n<tr>\n<td>Badoit<\/td>\n<td>165<\/td>\n<\/tr>\n<tr>\n<td>Gerolsteiner<\/td>\n<td>118<\/td>\n<\/tr>\n<tr>\n<td>Tonissteiner<\/td>\n<td>108<\/td>\n<\/tr>\n<tr>\n<td>Chaudfontaine<\/td>\n<td>44<\/td>\n<\/tr>\n<tr>\n<td>San Pellegrino<\/td>\n<td>33<\/td>\n<\/tr>\n<tr>\n<td>Fiji<\/td>\n<td>18<\/td>\n<\/tr>\n<tr>\n<td>Perrier<\/td>\n<td>11<\/td>\n<\/tr>\n<tr>\n<td>Evian<\/td>\n<td>5<\/td>\n<\/tr>\n<tr>\n<td>Solan de cabras<\/td>\n<td>5<\/td>\n<\/tr>\n<tr>\n<td>Spa<\/td>\n<td>3<\/td>\n<\/tr>\n<tr>\n<td>Lauretana<\/td>\n<td>1<\/td>\n<\/tr>\n<tr>\n<td><strong>Pineo<\/strong><\/td>\n<td><strong>0,9<\/strong><\/td>\n<\/tr>\n<\/tbody>\n<\/table>\n<\/div><div class=\"fusion-clearfix\"><\/div><\/div><\/div><\/div><\/div><div class=\"fusion-fullwidth fullwidth-box fusion-builder-row-6 nonhundred-percent-fullwidth non-hundred-percent-height-scrolling fusion-equal-height-columns\" style=\"--awb-background-position:left top;--awb-border-radius-top-left:0px;--awb-border-radius-top-right:0px;--awb-border-radius-bottom-right:0px;--awb-border-radius-bottom-left:0px;--awb-padding-top:20px;--awb-padding-bottom:20px;--awb-border-sizes-top:0px;--awb-border-sizes-bottom:0px;\" ><div class=\"fusion-builder-row fusion-row\"><div class=\"fusion-layout-column fusion_builder_column fusion-builder-column-7 fusion_builder_column_1_2 1_2 fusion-one-half fusion-column-first\" style=\"--awb-bg-size:cover;width:48%; margin-right: 4%;\"><div class=\"fusion-column-wrapper fusion-flex-column-wrapper-legacy\"><div class=\"fusion-column-content-centered\"><div class=\"fusion-column-content\"><div class=\"fusion-text fusion-text-6\"><h2>Pineo nat\u00fcrliches Mineralwasser ist natriumarm<\/h2>\n<p>Pineo ist ein nat\u00fcrliches Mineralwasser mit einem niedrigen Natriumgehalt. Es enth\u00e4lt n\u00e4mlich pro Liter Wasser nur 0,9 mg Natrium. Das liegt weit unter dem Grenzwert von 200 mg\/l.<\/p>\n<\/div><div class=\"fusion-button-wrapper\"><a class=\"fusion-button button-flat fusion-button-default-size button-darkgreen fusion-button-darkgreen button-1 fusion-button-default-span fusion-button-default-type\" target=\"_self\" href=\"http:\/\/pineo.cat\/de\/sortiment\/\"><span class=\"fusion-button-text\">Zum Produktsortiment<\/span><\/a><\/div><\/div><\/div><div class=\"fusion-clearfix\"><\/div><\/div><\/div><div class=\"fusion-layout-column fusion_builder_column fusion-builder-column-8 fusion_builder_column_1_2 1_2 fusion-one-half fusion-column-last\" style=\"--awb-bg-size:cover;width:48%;\"><div class=\"fusion-column-wrapper fusion-flex-column-wrapper-legacy\"><div class=\"fusion-image-element in-legacy-container\" style=\"--awb-caption-title-size:var(--h2_typography-font-size);--awb-caption-title-transform:var(--h2_typography-text-transform);--awb-caption-title-line-height:var(--h2_typography-line-height);--awb-caption-title-letter-spacing:var(--h2_typography-letter-spacing);\"><span class=\" fusion-imageframe imageframe-none imageframe-1 hover-type-none\"><a class=\"fusion-no-lightbox\" href=\"http:\/\/pineo.cat\/de\/sortiment\/\" target=\"_self\"><img decoding=\"async\" alt=\"Natrium ist in Salz enthalten, ern\u00e4hren Sie sich natriumarm\" src=\"https:\/\/www.pineo.cat\/wp-content\/uploads\/2016\/03\/0-Pineo-range-right-1024x576.jpg\" class=\"img-responsive\"\/><\/a><\/span><\/div><div class=\"fusion-clearfix\"><\/div><\/div><\/div><\/div><\/div><\/p>\n","protected":false},"excerpt":{"rendered":"","protected":false},"author":2,"featured_media":0,"parent":1954,"menu_order":122,"comment_status":"closed","ping_status":"closed","template":"100-width.php","meta":{"footnotes":""},"yoast_head":"<!-- This site is optimized with the Yoast SEO plugin v21.0 - https:\/\/yoast.com\/wordpress\/plugins\/seo\/ -->\n<title>Trinken Sie natriumarmes Wasser, wie Pineo<\/title>\n<meta name=\"description\" content=\"Pineo nat\u00fcrliches Mineralwasser enth\u00e4lt wenig Natrium. Natriumarmes Wasser ist gesund und passt in eine natriumarme Di\u00e4t.\" \/>\n<meta name=\"robots\" content=\"index, follow, max-snippet:-1, max-image-preview:large, max-video-preview:-1\" \/>\n<link rel=\"canonical\" href=\"https:\/\/www.pineo.cat\/de\/warum-pineo\/natriumarm\/\" \/>\n<meta property=\"og:locale\" content=\"de_DE\" \/>\n<meta property=\"og:type\" content=\"article\" \/>\n<meta property=\"og:title\" content=\"Trinken Sie natriumarmes Wasser, wie Pineo\" \/>\n<meta property=\"og:description\" content=\"Pineo nat\u00fcrliches Mineralwasser enth\u00e4lt wenig Natrium. Natriumarmes Wasser ist gesund und passt in eine natriumarme Di\u00e4t.\" \/>\n<meta property=\"og:url\" content=\"https:\/\/www.pineo.cat\/de\/warum-pineo\/natriumarm\/\" \/>\n<meta property=\"og:site_name\" content=\"Pineo\" \/>\n<meta property=\"article:modified_time\" content=\"2017-06-28T07:35:35+00:00\" \/>\n<meta property=\"og:image\" content=\"https:\/\/www.pineo.cat\/wp-content\/uploads\/2016\/03\/0-Pineo-range-right-1024x576.jpg\" \/>\n<meta name=\"twitter:card\" content=\"summary_large_image\" \/>\n<meta name=\"twitter:label1\" content=\"Gesch\u00e4tzte Lesezeit\" \/>\n\t<meta name=\"twitter:data1\" content=\"8\u00a0Minuten\" \/>\n<script type=\"application\/ld+json\" class=\"yoast-schema-graph\">{\"@context\":\"https:\/\/schema.org\",\"@graph\":[{\"@type\":\"WebPage\",\"@id\":\"https:\/\/www.pineo.cat\/de\/warum-pineo\/natriumarm\/\",\"url\":\"https:\/\/www.pineo.cat\/de\/warum-pineo\/natriumarm\/\",\"name\":\"Trinken Sie natriumarmes Wasser, wie Pineo\",\"isPartOf\":{\"@id\":\"https:\/\/www.pineo.cat\/de\/#website\"},\"datePublished\":\"2016-07-11T14:00:47+00:00\",\"dateModified\":\"2017-06-28T07:35:35+00:00\",\"description\":\"Pineo nat\u00fcrliches Mineralwasser enth\u00e4lt wenig Natrium. Natriumarmes Wasser ist gesund und passt in eine natriumarme Di\u00e4t.\",\"breadcrumb\":{\"@id\":\"https:\/\/www.pineo.cat\/de\/warum-pineo\/natriumarm\/#breadcrumb\"},\"inLanguage\":\"de\",\"potentialAction\":[{\"@type\":\"ReadAction\",\"target\":[\"https:\/\/www.pineo.cat\/de\/warum-pineo\/natriumarm\/\"]}]},{\"@type\":\"BreadcrumbList\",\"@id\":\"https:\/\/www.pineo.cat\/de\/warum-pineo\/natriumarm\/#breadcrumb\",\"itemListElement\":[{\"@type\":\"ListItem\",\"position\":1,\"name\":\"Home\",\"item\":\"https:\/\/www.pineo.cat\/de\/\"},{\"@type\":\"ListItem\",\"position\":2,\"name\":\"Waarom Pineo DE\",\"item\":\"https:\/\/www.pineo.cat\/de\/warum-pineo\/\"},{\"@type\":\"ListItem\",\"position\":3,\"name\":\"Natriumarm DE\"}]},{\"@type\":\"WebSite\",\"@id\":\"https:\/\/www.pineo.cat\/de\/#website\",\"url\":\"https:\/\/www.pineo.cat\/de\/\",\"name\":\"Pineo\",\"description\":\"Pineo: naturally-arising natural mineral water from the Spanish Pyrenees\",\"publisher\":{\"@id\":\"https:\/\/www.pineo.cat\/de\/#organization\"},\"potentialAction\":[{\"@type\":\"SearchAction\",\"target\":{\"@type\":\"EntryPoint\",\"urlTemplate\":\"https:\/\/www.pineo.cat\/de\/?s={search_term_string}\"},\"query-input\":\"required name=search_term_string\"}],\"inLanguage\":\"de\"},{\"@type\":\"Organization\",\"@id\":\"https:\/\/www.pineo.cat\/de\/#organization\",\"name\":\"Pineo\",\"url\":\"https:\/\/www.pineo.cat\/de\/\",\"logo\":{\"@type\":\"ImageObject\",\"inLanguage\":\"de\",\"@id\":\"https:\/\/www.pineo.cat\/de\/#\/schema\/logo\/image\/\",\"url\":\"https:\/\/www.pineo.cat\/wp-content\/uploads\/2016\/07\/pineo-logo.png\",\"contentUrl\":\"https:\/\/www.pineo.cat\/wp-content\/uploads\/2016\/07\/pineo-logo.png\",\"width\":197,\"height\":56,\"caption\":\"Pineo\"},\"image\":{\"@id\":\"https:\/\/www.pineo.cat\/de\/#\/schema\/logo\/image\/\"}}]}<\/script>\n<!-- \/ Yoast SEO plugin. -->","yoast_head_json":{"title":"Trinken Sie natriumarmes Wasser, wie Pineo","description":"Pineo nat\u00fcrliches Mineralwasser enth\u00e4lt wenig Natrium. Natriumarmes Wasser ist gesund und passt in eine natriumarme Di\u00e4t.","robots":{"index":"index","follow":"follow","max-snippet":"max-snippet:-1","max-image-preview":"max-image-preview:large","max-video-preview":"max-video-preview:-1"},"canonical":"https:\/\/www.pineo.cat\/de\/warum-pineo\/natriumarm\/","og_locale":"de_DE","og_type":"article","og_title":"Trinken Sie natriumarmes Wasser, wie Pineo","og_description":"Pineo nat\u00fcrliches Mineralwasser enth\u00e4lt wenig Natrium. Natriumarmes Wasser ist gesund und passt in eine natriumarme Di\u00e4t.","og_url":"https:\/\/www.pineo.cat\/de\/warum-pineo\/natriumarm\/","og_site_name":"Pineo","article_modified_time":"2017-06-28T07:35:35+00:00","og_image":[{"url":"https:\/\/www.pineo.cat\/wp-content\/uploads\/2016\/03\/0-Pineo-range-right-1024x576.jpg"}],"twitter_card":"summary_large_image","twitter_misc":{"Gesch\u00e4tzte Lesezeit":"8\u00a0Minuten"},"schema":{"@context":"https:\/\/schema.org","@graph":[{"@type":"WebPage","@id":"https:\/\/www.pineo.cat\/de\/warum-pineo\/natriumarm\/","url":"https:\/\/www.pineo.cat\/de\/warum-pineo\/natriumarm\/","name":"Trinken Sie natriumarmes Wasser, wie Pineo","isPartOf":{"@id":"https:\/\/www.pineo.cat\/de\/#website"},"datePublished":"2016-07-11T14:00:47+00:00","dateModified":"2017-06-28T07:35:35+00:00","description":"Pineo nat\u00fcrliches Mineralwasser enth\u00e4lt wenig Natrium. Natriumarmes Wasser ist gesund und passt in eine natriumarme Di\u00e4t.","breadcrumb":{"@id":"https:\/\/www.pineo.cat\/de\/warum-pineo\/natriumarm\/#breadcrumb"},"inLanguage":"de","potentialAction":[{"@type":"ReadAction","target":["https:\/\/www.pineo.cat\/de\/warum-pineo\/natriumarm\/"]}]},{"@type":"BreadcrumbList","@id":"https:\/\/www.pineo.cat\/de\/warum-pineo\/natriumarm\/#breadcrumb","itemListElement":[{"@type":"ListItem","position":1,"name":"Home","item":"https:\/\/www.pineo.cat\/de\/"},{"@type":"ListItem","position":2,"name":"Waarom Pineo DE","item":"https:\/\/www.pineo.cat\/de\/warum-pineo\/"},{"@type":"ListItem","position":3,"name":"Natriumarm DE"}]},{"@type":"WebSite","@id":"https:\/\/www.pineo.cat\/de\/#website","url":"https:\/\/www.pineo.cat\/de\/","name":"Pineo","description":"Pineo: naturally-arising natural mineral water from the Spanish Pyrenees","publisher":{"@id":"https:\/\/www.pineo.cat\/de\/#organization"},"potentialAction":[{"@type":"SearchAction","target":{"@type":"EntryPoint","urlTemplate":"https:\/\/www.pineo.cat\/de\/?s={search_term_string}"},"query-input":"required name=search_term_string"}],"inLanguage":"de"},{"@type":"Organization","@id":"https:\/\/www.pineo.cat\/de\/#organization","name":"Pineo","url":"https:\/\/www.pineo.cat\/de\/","logo":{"@type":"ImageObject","inLanguage":"de","@id":"https:\/\/www.pineo.cat\/de\/#\/schema\/logo\/image\/","url":"https:\/\/www.pineo.cat\/wp-content\/uploads\/2016\/07\/pineo-logo.png","contentUrl":"https:\/\/www.pineo.cat\/wp-content\/uploads\/2016\/07\/pineo-logo.png","width":197,"height":56,"caption":"Pineo"},"image":{"@id":"https:\/\/www.pineo.cat\/de\/#\/schema\/logo\/image\/"}}]}},"_links":{"self":[{"href":"https:\/\/www.pineo.cat\/de\/wp-json\/wp\/v2\/pages\/1979"}],"collection":[{"href":"https:\/\/www.pineo.cat\/de\/wp-json\/wp\/v2\/pages"}],"about":[{"href":"https:\/\/www.pineo.cat\/de\/wp-json\/wp\/v2\/types\/page"}],"author":[{"embeddable":true,"href":"https:\/\/www.pineo.cat\/de\/wp-json\/wp\/v2\/users\/2"}],"replies":[{"embeddable":true,"href":"https:\/\/www.pineo.cat\/de\/wp-json\/wp\/v2\/comments?post=1979"}],"version-history":[{"count":11,"href":"https:\/\/www.pineo.cat\/de\/wp-json\/wp\/v2\/pages\/1979\/revisions"}],"predecessor-version":[{"id":4209,"href":"https:\/\/www.pineo.cat\/de\/wp-json\/wp\/v2\/pages\/1979\/revisions\/4209"}],"up":[{"embeddable":true,"href":"https:\/\/www.pineo.cat\/de\/wp-json\/wp\/v2\/pages\/1954"}],"wp:attachment":[{"href":"https:\/\/www.pineo.cat\/de\/wp-json\/wp\/v2\/media?parent=1979"}],"curies":[{"name":"wp","href":"https:\/\/api.w.org\/{rel}","templated":true}]}}