{"id":1971,"date":"2016-07-11T15:29:47","date_gmt":"2016-07-11T13:29:47","guid":{"rendered":"https:\/\/www.pineo.cat\/?page_id=1971"},"modified":"2017-10-16T06:57:03","modified_gmt":"2017-10-16T04:57:03","slug":"18-vorteile","status":"publish","type":"page","link":"https:\/\/www.pineo.cat\/de\/warum-pineo\/18-vorteile\/","title":{"rendered":"18 Sterke punten DE"},"content":{"rendered":"<p><div class=\"fusion-fullwidth fullwidth-box fusion-builder-row-1 nonhundred-percent-fullwidth non-hundred-percent-height-scrolling\" style=\"--awb-background-position:left top;--awb-border-radius-top-left:0px;--awb-border-radius-top-right:0px;--awb-border-radius-bottom-right:0px;--awb-border-radius-bottom-left:0px;--awb-padding-top:20px;--awb-padding-bottom:20px;--awb-border-sizes-top:0px;--awb-border-sizes-bottom:0px;\" ><div class=\"fusion-builder-row fusion-row\"><div class=\"fusion-layout-column fusion_builder_column fusion-builder-column-0 fusion_builder_column_1_1 1_1 fusion-one-full fusion-column-first fusion-column-last fusion-column-no-min-height\" style=\"--awb-bg-size:cover;--awb-margin-bottom:0px;\"><div class=\"fusion-column-wrapper fusion-flex-column-wrapper-legacy\"><div class=\"fusion-title title fusion-title-1 fusion-sep-none fusion-title-center fusion-title-text fusion-title-size-one\"><h1 class=\"title-heading-center fusion-responsive-typography-calculated\" style=\"margin:0;--fontSize:45;line-height:1.07;\">Pineo: 18 Vorteile von gesundem Wasser in einer Glasflasche<\/h1><\/div><div class=\"fusion-clearfix\"><\/div><\/div><\/div><\/div><\/div><div class=\"fusion-fullwidth fullwidth-box fusion-builder-row-2 fusion-parallax-fixed nonhundred-percent-fullwidth non-hundred-percent-height-scrolling\" style=\"--awb-background-position:left center;--awb-border-radius-top-left:0px;--awb-border-radius-top-right:0px;--awb-border-radius-bottom-right:0px;--awb-border-radius-bottom-left:0px;--awb-padding-top:100px;--awb-padding-bottom:100px;--awb-background-image:url(&quot;https:\/\/www.pineo.cat\/wp-content\/uploads\/2016\/03\/JSP6829.jpg&quot;);--awb-background-size:cover;--awb-border-sizes-top:0px;--awb-border-sizes-bottom:0px;background-attachment:fixed;\" ><div class=\"fusion-builder-row fusion-row\"><div class=\"fusion-layout-column fusion_builder_column fusion-builder-column-1 fusion_builder_column_1_2 1_2 fusion-one-half fusion-column-first\" style=\"--awb-bg-size:cover;width:48%; margin-right: 4%;\"><div class=\"fusion-column-wrapper fusion-flex-column-wrapper-legacy\"><div class=\"fusion-text fusion-text-1\"><p><span style=\"color: #ffffff;\">1. Handliche Verpackung in Kisten<\/span><br \/>\n<span style=\"color: #ffffff;\">2. Wenig Natrium (0,9 mg\/l)<\/span><br \/>\n<span style=\"color: #ffffff;\">3. 0 % organische Pestizide (<a href=\"http:\/\/pineo.cat\/de\/bilder\/gutachten-studien\/\">Labortests von SGS und Oliver Rod\u00e9s<\/a>)<\/span><br \/>\n<span style=\"color: #ffffff;\">4. 0 % PAK (polyzyklische aromatische Kohlenwasserstoffe) laut Labor Oliver Rod\u00e9s<\/span><br \/>\n<span style=\"color: #ffffff;\">5. Artesisches Wasser: nat\u00fcrlich durch Druck zutage tretendes Springquellwasser; reifes Wasser.<\/span><br \/>\n<span style=\"color: #ffffff;\">6. Seit 852 beim Monastir Sant Vicen\u00e7 de Pinsent gewonnen.<\/span><\/p>\n<\/div><div class=\"fusion-clearfix\"><\/div><\/div><\/div><div class=\"fusion-layout-column fusion_builder_column fusion-builder-column-2 fusion_builder_column_1_2 1_2 fusion-one-half fusion-column-last\" style=\"--awb-bg-size:cover;width:48%;\"><div class=\"fusion-column-wrapper fusion-flex-column-wrapper-legacy\"><div class=\"fusion-text fusion-text-2\"><p>\u00a0<\/p>\n<\/div><div class=\"fusion-clearfix\"><\/div><\/div><\/div><\/div><\/div><div class=\"fusion-fullwidth fullwidth-box fusion-builder-row-3 nonhundred-percent-fullwidth non-hundred-percent-height-scrolling fusion-equal-height-columns\" style=\"--awb-background-position:left top;--awb-border-radius-top-left:0px;--awb-border-radius-top-right:0px;--awb-border-radius-bottom-right:0px;--awb-border-radius-bottom-left:0px;--awb-padding-top:20px;--awb-padding-bottom:20px;--awb-background-color:#d7eff4;--awb-border-sizes-top:0px;--awb-border-sizes-bottom:0px;\" ><div class=\"fusion-builder-row fusion-row\"><div class=\"fusion-layout-column fusion_builder_column fusion-builder-column-3 fusion_builder_column_1_4 1_4 fusion-one-fourth fusion-column-first\" style=\"--awb-bg-color:#ffffff;--awb-bg-size:cover;--awb-border-color:#5492c9;--awb-border-top:5px;--awb-border-right:5px;--awb-border-bottom:5px;--awb-border-left:5px;--awb-border-style:solid;width:22%; margin-right: 4%;\"><div class=\"fusion-column-wrapper fusion-flex-column-wrapper-legacy\"><div class=\"fusion-column-content-centered\"><div class=\"fusion-column-content\"><div class=\"fusion-image-element in-legacy-container\" style=\"--awb-caption-title-size:var(--h2_typography-font-size);--awb-caption-title-transform:var(--h2_typography-text-transform);--awb-caption-title-line-height:var(--h2_typography-line-height);--awb-caption-title-letter-spacing:var(--h2_typography-letter-spacing);\"><span class=\" fusion-imageframe imageframe-none imageframe-1 hover-type-none\"><img decoding=\"async\" src=\"https:\/\/www.pineo.cat\/wp-content\/uploads\/2016\/03\/A-baardgier-Gypaetus-barbatus-tekening-Peter-e1467965184588-300x196.jpg\" alt class=\"img-responsive\"\/><\/span><\/div><\/div><\/div><div class=\"fusion-clearfix\"><\/div><\/div><\/div><div class=\"fusion-layout-column fusion_builder_column fusion-builder-column-4 fusion_builder_column_1_4 1_4 fusion-one-fourth\" style=\"--awb-bg-color:#ffffff;--awb-bg-size:cover;--awb-border-color:#5492c9;--awb-border-top:5px;--awb-border-right:5px;--awb-border-bottom:5px;--awb-border-left:5px;--awb-border-style:solid;width:22%; margin-right: 4%;\"><div class=\"fusion-column-wrapper fusion-flex-column-wrapper-legacy\"><div class=\"fusion-column-content-centered\"><div class=\"fusion-column-content\"><div class=\"fusion-image-element in-legacy-container\" style=\"--awb-caption-title-size:var(--h2_typography-font-size);--awb-caption-title-transform:var(--h2_typography-text-transform);--awb-caption-title-line-height:var(--h2_typography-line-height);--awb-caption-title-letter-spacing:var(--h2_typography-letter-spacing);\"><span class=\" fusion-imageframe imageframe-none imageframe-2 hover-type-none\"><img decoding=\"async\" src=\"https:\/\/www.pineo.cat\/wp-content\/uploads\/2016\/03\/A-Pineo-Monastir-Ruine-tekening-Peter-Engels-e1467965126596-300x275.jpg\" alt class=\"img-responsive\"\/><\/span><\/div><\/div><\/div><div class=\"fusion-clearfix\"><\/div><\/div><\/div><div class=\"fusion-layout-column fusion_builder_column fusion-builder-column-5 fusion_builder_column_1_2 1_2 fusion-one-half fusion-column-last\" style=\"--awb-padding-top:20px;--awb-padding-right:20px;--awb-padding-bottom:20px;--awb-padding-left:20px;--awb-bg-color:#5492c9;--awb-bg-size:cover;width:48%;\"><div class=\"fusion-column-wrapper fusion-flex-column-wrapper-legacy\"><div class=\"fusion-column-content-centered\"><div class=\"fusion-column-content\"><div class=\"fusion-text fusion-text-3\"><p><span style=\"color: #ffffff;\">7. Die Quelle befindet sich auf 1100 m H\u00f6he in den spanischen Pyren\u00e4en: umgeben von einem viele Quadratkilometer gro\u00dfen Naturschutzgebiet.<\/span><br \/>\n<span style=\"color: #ffffff;\"> 8. Keine Verunreiniger in der Umgebung.<\/span><br \/>\n<span style=\"color: #ffffff;\"> 9. Nur in Glas verpackt<\/span><br \/>\n<span style=\"color: #ffffff;\"> 10. Anerkanntes \u201enat\u00fcrliches Mineralwasser\u201c (gesch\u00fctzte EU-Bezeichnung).<\/span><\/p>\n<\/div><\/div><\/div><div class=\"fusion-clearfix\"><\/div><\/div><\/div><\/div><\/div><div class=\"fusion-fullwidth fullwidth-box fusion-builder-row-4 fusion-parallax-fixed nonhundred-percent-fullwidth non-hundred-percent-height-scrolling\" style=\"--awb-background-position:left center;--awb-border-radius-top-left:0px;--awb-border-radius-top-right:0px;--awb-border-radius-bottom-right:0px;--awb-border-radius-bottom-left:0px;--awb-padding-top:100px;--awb-padding-bottom:100px;--awb-background-image:url(&quot;https:\/\/www.pineo.cat\/wp-content\/uploads\/2016\/03\/JSP6829.jpg&quot;);--awb-background-size:cover;--awb-border-sizes-top:0px;--awb-border-sizes-bottom:0px;background-attachment:fixed;\" ><div class=\"fusion-builder-row fusion-row\"><div class=\"fusion-layout-column fusion_builder_column fusion-builder-column-6 fusion_builder_column_1_2 1_2 fusion-one-half fusion-column-first\" style=\"--awb-bg-size:cover;width:48%; margin-right: 4%;\"><div class=\"fusion-column-wrapper fusion-flex-column-wrapper-legacy\"><div class=\"fusion-text fusion-text-4\"><p><span style=\"color: #ffffff;\">11. Erfahrungsbericht David Wolfe: \u201ePineo, eines der besten Mineralwasser aller Zeiten. Mein Favorit. Nat\u00fcrliches Mineralwasser in der Glasflasche.\u201c<\/span><br \/>\n<span style=\"color: #ffffff;\">12. Perfekte Harmonie zwischen Pineo, Wein und Essen.<\/span><br \/>\n<span style=\"color: #ffffff;\">13. Unbehandeltes Wasser: von der Quelle in die Flasche ohne jegliche Bearbeitung.<\/span><br \/>\n<span style=\"color: #ffffff;\">14. Red Dot Designpreis f\u00fcr die Flasche.<\/span><br \/>\n<span style=\"color: #ffffff;\">15. Das Wasser mit dem besten Geschmack: Machen Sie den Geschmackstest. <a href=\"http:\/\/pineo.cat\/wp-content\/uploads\/2016\/03\/Stiftung-Warentest-Test-Pineo-vs-andere-waters-2005-06-01.pdf\">Durch Stiftung Warentest best\u00e4tigt<\/a>.<\/span><br \/>\n<span style=\"color: #ffffff;\">16. <a href=\"http:\/\/pineo.cat\/de\/warum-pineo\/babynahrung\/\">F\u00fcr Babys geeignet<\/a>: Entspricht allen europ\u00e4ischen Normen f\u00fcr S\u00e4uglingsnahrung.<\/span><br \/>\n<span style=\"color: #ffffff;\">17. Geeignet f\u00fcr <a href=\"http:\/\/pineo.cat\/de\/warum-pineo\/natriumarm\/\">eine natriumarme Di\u00e4t<\/a> (Natriumgehalt nur 0,9 mg\/Liter)<\/span><br \/>\n<span style=\"color: #ffffff;\">18. Weiches basisches Wasser (pH 7,9).<\/span><\/p>\n<\/div><div class=\"fusion-aligncenter\"><a class=\"fusion-button button-flat fusion-button-default-size button-darkgreen fusion-button-darkgreen button-1 fusion-button-default-span fusion-button-default-type\" target=\"_self\" href=\"http:\/\/pineo.cat\/de\/sortiment\/\"><span class=\"fusion-button-text\">Zum Produktsortiment<\/span><\/a><\/div><div class=\"fusion-clearfix\"><\/div><\/div><\/div><\/div><\/div><\/p>\n","protected":false},"excerpt":{"rendered":"","protected":false},"author":2,"featured_media":0,"parent":1954,"menu_order":3,"comment_status":"closed","ping_status":"closed","template":"100-width.php","meta":{"footnotes":""},"yoast_head":"<!-- This site is optimized with the Yoast SEO plugin v21.0 - https:\/\/yoast.com\/wordpress\/plugins\/seo\/ -->\n<title>18 Vorteile von Pineo, besonderes Mineralwasser<\/title>\n<meta name=\"description\" content=\"Pineo Mineralwasser ist besonders vorteilhaft. Es ist natriumarm, unbehandelt und in Glasflaschen abgef\u00fcllt. Pineo Wasser f\u00fcr alle.\" \/>\n<meta name=\"robots\" content=\"index, follow, max-snippet:-1, max-image-preview:large, max-video-preview:-1\" \/>\n<link rel=\"canonical\" href=\"https:\/\/www.pineo.cat\/de\/warum-pineo\/18-vorteile\/\" \/>\n<meta property=\"og:locale\" content=\"de_DE\" \/>\n<meta property=\"og:type\" content=\"article\" \/>\n<meta property=\"og:title\" content=\"18 Vorteile von Pineo, besonderes Mineralwasser\" \/>\n<meta property=\"og:description\" content=\"Pineo Mineralwasser ist besonders vorteilhaft. Es ist natriumarm, unbehandelt und in Glasflaschen abgef\u00fcllt. Pineo Wasser f\u00fcr alle.\" \/>\n<meta property=\"og:url\" content=\"https:\/\/www.pineo.cat\/de\/warum-pineo\/18-vorteile\/\" \/>\n<meta property=\"og:site_name\" content=\"Pineo\" \/>\n<meta property=\"article:modified_time\" content=\"2017-10-16T04:57:03+00:00\" \/>\n<meta property=\"og:image\" content=\"https:\/\/www.pineo.cat\/wp-content\/uploads\/2016\/03\/A-baardgier-Gypaetus-barbatus-tekening-Peter-e1467965184588-300x196.jpg\" \/>\n<meta name=\"twitter:card\" content=\"summary_large_image\" \/>\n<meta name=\"twitter:label1\" content=\"Gesch\u00e4tzte Lesezeit\" \/>\n\t<meta name=\"twitter:data1\" content=\"6\u00a0Minuten\" \/>\n<script type=\"application\/ld+json\" class=\"yoast-schema-graph\">{\"@context\":\"https:\/\/schema.org\",\"@graph\":[{\"@type\":\"WebPage\",\"@id\":\"https:\/\/www.pineo.cat\/de\/warum-pineo\/18-vorteile\/\",\"url\":\"https:\/\/www.pineo.cat\/de\/warum-pineo\/18-vorteile\/\",\"name\":\"18 Vorteile von Pineo, besonderes Mineralwasser\",\"isPartOf\":{\"@id\":\"https:\/\/www.pineo.cat\/de\/#website\"},\"datePublished\":\"2016-07-11T13:29:47+00:00\",\"dateModified\":\"2017-10-16T04:57:03+00:00\",\"description\":\"Pineo Mineralwasser ist besonders vorteilhaft. Es ist natriumarm, unbehandelt und in Glasflaschen abgef\u00fcllt. Pineo Wasser f\u00fcr alle.\",\"breadcrumb\":{\"@id\":\"https:\/\/www.pineo.cat\/de\/warum-pineo\/18-vorteile\/#breadcrumb\"},\"inLanguage\":\"de\",\"potentialAction\":[{\"@type\":\"ReadAction\",\"target\":[\"https:\/\/www.pineo.cat\/de\/warum-pineo\/18-vorteile\/\"]}]},{\"@type\":\"BreadcrumbList\",\"@id\":\"https:\/\/www.pineo.cat\/de\/warum-pineo\/18-vorteile\/#breadcrumb\",\"itemListElement\":[{\"@type\":\"ListItem\",\"position\":1,\"name\":\"Home\",\"item\":\"https:\/\/www.pineo.cat\/de\/\"},{\"@type\":\"ListItem\",\"position\":2,\"name\":\"Waarom Pineo DE\",\"item\":\"https:\/\/www.pineo.cat\/de\/warum-pineo\/\"},{\"@type\":\"ListItem\",\"position\":3,\"name\":\"18 Sterke punten DE\"}]},{\"@type\":\"WebSite\",\"@id\":\"https:\/\/www.pineo.cat\/de\/#website\",\"url\":\"https:\/\/www.pineo.cat\/de\/\",\"name\":\"Pineo\",\"description\":\"Pineo: naturally-arising natural mineral water from the Spanish Pyrenees\",\"publisher\":{\"@id\":\"https:\/\/www.pineo.cat\/de\/#organization\"},\"potentialAction\":[{\"@type\":\"SearchAction\",\"target\":{\"@type\":\"EntryPoint\",\"urlTemplate\":\"https:\/\/www.pineo.cat\/de\/?s={search_term_string}\"},\"query-input\":\"required name=search_term_string\"}],\"inLanguage\":\"de\"},{\"@type\":\"Organization\",\"@id\":\"https:\/\/www.pineo.cat\/de\/#organization\",\"name\":\"Pineo\",\"url\":\"https:\/\/www.pineo.cat\/de\/\",\"logo\":{\"@type\":\"ImageObject\",\"inLanguage\":\"de\",\"@id\":\"https:\/\/www.pineo.cat\/de\/#\/schema\/logo\/image\/\",\"url\":\"https:\/\/www.pineo.cat\/wp-content\/uploads\/2016\/07\/pineo-logo.png\",\"contentUrl\":\"https:\/\/www.pineo.cat\/wp-content\/uploads\/2016\/07\/pineo-logo.png\",\"width\":197,\"height\":56,\"caption\":\"Pineo\"},\"image\":{\"@id\":\"https:\/\/www.pineo.cat\/de\/#\/schema\/logo\/image\/\"}}]}<\/script>\n<!-- \/ Yoast SEO plugin. -->","yoast_head_json":{"title":"18 Vorteile von Pineo, besonderes Mineralwasser","description":"Pineo Mineralwasser ist besonders vorteilhaft. Es ist natriumarm, unbehandelt und in Glasflaschen abgef\u00fcllt. Pineo Wasser f\u00fcr alle.","robots":{"index":"index","follow":"follow","max-snippet":"max-snippet:-1","max-image-preview":"max-image-preview:large","max-video-preview":"max-video-preview:-1"},"canonical":"https:\/\/www.pineo.cat\/de\/warum-pineo\/18-vorteile\/","og_locale":"de_DE","og_type":"article","og_title":"18 Vorteile von Pineo, besonderes Mineralwasser","og_description":"Pineo Mineralwasser ist besonders vorteilhaft. Es ist natriumarm, unbehandelt und in Glasflaschen abgef\u00fcllt. Pineo Wasser f\u00fcr alle.","og_url":"https:\/\/www.pineo.cat\/de\/warum-pineo\/18-vorteile\/","og_site_name":"Pineo","article_modified_time":"2017-10-16T04:57:03+00:00","og_image":[{"url":"https:\/\/www.pineo.cat\/wp-content\/uploads\/2016\/03\/A-baardgier-Gypaetus-barbatus-tekening-Peter-e1467965184588-300x196.jpg"}],"twitter_card":"summary_large_image","twitter_misc":{"Gesch\u00e4tzte Lesezeit":"6\u00a0Minuten"},"schema":{"@context":"https:\/\/schema.org","@graph":[{"@type":"WebPage","@id":"https:\/\/www.pineo.cat\/de\/warum-pineo\/18-vorteile\/","url":"https:\/\/www.pineo.cat\/de\/warum-pineo\/18-vorteile\/","name":"18 Vorteile von Pineo, besonderes Mineralwasser","isPartOf":{"@id":"https:\/\/www.pineo.cat\/de\/#website"},"datePublished":"2016-07-11T13:29:47+00:00","dateModified":"2017-10-16T04:57:03+00:00","description":"Pineo Mineralwasser ist besonders vorteilhaft. Es ist natriumarm, unbehandelt und in Glasflaschen abgef\u00fcllt. Pineo Wasser f\u00fcr alle.","breadcrumb":{"@id":"https:\/\/www.pineo.cat\/de\/warum-pineo\/18-vorteile\/#breadcrumb"},"inLanguage":"de","potentialAction":[{"@type":"ReadAction","target":["https:\/\/www.pineo.cat\/de\/warum-pineo\/18-vorteile\/"]}]},{"@type":"BreadcrumbList","@id":"https:\/\/www.pineo.cat\/de\/warum-pineo\/18-vorteile\/#breadcrumb","itemListElement":[{"@type":"ListItem","position":1,"name":"Home","item":"https:\/\/www.pineo.cat\/de\/"},{"@type":"ListItem","position":2,"name":"Waarom Pineo DE","item":"https:\/\/www.pineo.cat\/de\/warum-pineo\/"},{"@type":"ListItem","position":3,"name":"18 Sterke punten DE"}]},{"@type":"WebSite","@id":"https:\/\/www.pineo.cat\/de\/#website","url":"https:\/\/www.pineo.cat\/de\/","name":"Pineo","description":"Pineo: naturally-arising natural mineral water from the Spanish Pyrenees","publisher":{"@id":"https:\/\/www.pineo.cat\/de\/#organization"},"potentialAction":[{"@type":"SearchAction","target":{"@type":"EntryPoint","urlTemplate":"https:\/\/www.pineo.cat\/de\/?s={search_term_string}"},"query-input":"required name=search_term_string"}],"inLanguage":"de"},{"@type":"Organization","@id":"https:\/\/www.pineo.cat\/de\/#organization","name":"Pineo","url":"https:\/\/www.pineo.cat\/de\/","logo":{"@type":"ImageObject","inLanguage":"de","@id":"https:\/\/www.pineo.cat\/de\/#\/schema\/logo\/image\/","url":"https:\/\/www.pineo.cat\/wp-content\/uploads\/2016\/07\/pineo-logo.png","contentUrl":"https:\/\/www.pineo.cat\/wp-content\/uploads\/2016\/07\/pineo-logo.png","width":197,"height":56,"caption":"Pineo"},"image":{"@id":"https:\/\/www.pineo.cat\/de\/#\/schema\/logo\/image\/"}}]}},"_links":{"self":[{"href":"https:\/\/www.pineo.cat\/de\/wp-json\/wp\/v2\/pages\/1971"}],"collection":[{"href":"https:\/\/www.pineo.cat\/de\/wp-json\/wp\/v2\/pages"}],"about":[{"href":"https:\/\/www.pineo.cat\/de\/wp-json\/wp\/v2\/types\/page"}],"author":[{"embeddable":true,"href":"https:\/\/www.pineo.cat\/de\/wp-json\/wp\/v2\/users\/2"}],"replies":[{"embeddable":true,"href":"https:\/\/www.pineo.cat\/de\/wp-json\/wp\/v2\/comments?post=1971"}],"version-history":[{"count":15,"href":"https:\/\/www.pineo.cat\/de\/wp-json\/wp\/v2\/pages\/1971\/revisions"}],"predecessor-version":[{"id":4306,"href":"https:\/\/www.pineo.cat\/de\/wp-json\/wp\/v2\/pages\/1971\/revisions\/4306"}],"up":[{"embeddable":true,"href":"https:\/\/www.pineo.cat\/de\/wp-json\/wp\/v2\/pages\/1954"}],"wp:attachment":[{"href":"https:\/\/www.pineo.cat\/de\/wp-json\/wp\/v2\/media?parent=1971"}],"curies":[{"name":"wp","href":"https:\/\/api.w.org\/{rel}","templated":true}]}}