{"id":1967,"date":"2016-07-11T15:17:44","date_gmt":"2016-07-11T13:17:44","guid":{"rendered":"https:\/\/www.pineo.cat\/?page_id=1967"},"modified":"2022-07-06T09:37:52","modified_gmt":"2022-07-06T07:37:52","slug":"babynahrung","status":"publish","type":"page","link":"https:\/\/www.pineo.cat\/de\/warum-pineo\/babynahrung\/","title":{"rendered":"Baby en flesvoeding DE"},"content":{"rendered":"<p><div class=\"fusion-fullwidth fullwidth-box fusion-builder-row-1 nonhundred-percent-fullwidth non-hundred-percent-height-scrolling\" style=\"--awb-background-position:left top;--awb-border-sizes-top:0px;--awb-border-sizes-bottom:0px;--awb-border-sizes-left:0px;--awb-border-sizes-right:0px;--awb-border-radius-top-left:0px;--awb-border-radius-top-right:0px;--awb-border-radius-bottom-right:0px;--awb-border-radius-bottom-left:0px;--awb-padding-top:20px;--awb-padding-bottom:20px;\" ><div class=\"fusion-builder-row fusion-row\"><div class=\"fusion-layout-column fusion_builder_column fusion-builder-column-0 fusion_builder_column_1_1 1_1 fusion-one-full fusion-column-first fusion-column-last\" style=\"--awb-bg-size:cover;\"><div class=\"fusion-column-wrapper fusion-flex-column-wrapper-legacy\"><div class=\"fusion-text fusion-text-1\"><h1 style=\"text-align: center;\">Pineo Mineralwasser ist geeignet f\u00fcr die Zubereitung von S\u00e4uglingsnahrung<\/h1>\n<\/div><div class=\"fusion-clearfix\"><\/div><\/div><\/div><\/div><\/div><div class=\"fusion-fullwidth fullwidth-box fusion-builder-row-2 fusion-parallax-none nonhundred-percent-fullwidth non-hundred-percent-height-scrolling\" style=\"--awb-background-position:left center;--awb-border-sizes-top:0px;--awb-border-sizes-bottom:0px;--awb-border-sizes-left:0px;--awb-border-sizes-right:0px;--awb-border-radius-top-left:0px;--awb-border-radius-top-right:0px;--awb-border-radius-bottom-right:0px;--awb-border-radius-bottom-left:0px;--awb-padding-top:100px;--awb-padding-bottom:100px;--awb-background-image:url(&quot;https:\/\/www.pineo.cat\/wp-content\/uploads\/2016\/04\/Baby-water-1024x680.jpg&quot;);--awb-background-size:cover;\" ><div class=\"fusion-builder-row fusion-row\"><div class=\"fusion-layout-column fusion_builder_column fusion-builder-column-1 fusion_builder_column_2_5 2_5 fusion-two-fifth fusion-column-first\" style=\"--awb-padding-top:20px;--awb-padding-right:20px;--awb-padding-bottom:20px;--awb-padding-left:20px;--awb-bg-color:#d7eff4;--awb-bg-size:cover;width:37.6%; margin-right: 4%;\"><div class=\"fusion-column-wrapper fusion-flex-column-wrapper-legacy\"><div class=\"fusion-text fusion-text-2\"><h2>Welches Wasser kann man f\u00fcr Babynahrung verwenden?<\/h2>\n<p>Der Darm eines Babys ist noch nicht vollst\u00e4ndig entwickelt. Daher muss Wasser, das an Babys verabreicht wird, strengen Anforderungen gen\u00fcgen. Verwenden Sie f\u00fcr die Zubereitung von Babynahrung daher nat\u00fcrliches Mineralwasser, zum Beispiel von Pineo.<\/p>\n<p>Der Hinweis \u201egeeignet f\u00fcr die Zubereitung von S\u00e4uglingsnahrung\u201d darf nur auf dem Etikett von Flaschenwasser mit einem niedrigen Mineralstoffgehalt abgedruckt werden. Au\u00dferdem muss das Wasser verschiedene strenge Vorschriften des Hohen Gesundheitsrates einhalten.<\/p>\n<p>Nur eines von drei Mineralwassersorten ist geeignet f\u00fcr die Zubereitung von S\u00e4uglingsnahrung. Pineo ist geeignet f\u00fcr die Zubereitung von S\u00e4uglingsnahrung und tr\u00e4gt daher diesen Hinweis auf dem Etikett.<\/p>\n<\/div><div class=\"fusion-clearfix\"><\/div><\/div><\/div><\/div><\/div><div class=\"fusion-fullwidth fullwidth-box fusion-builder-row-3 nonhundred-percent-fullwidth non-hundred-percent-height-scrolling fusion-equal-height-columns\" style=\"--awb-background-position:left top;--awb-border-sizes-top:0px;--awb-border-sizes-bottom:0px;--awb-border-sizes-left:0px;--awb-border-sizes-right:0px;--awb-border-radius-top-left:0px;--awb-border-radius-top-right:0px;--awb-border-radius-bottom-right:0px;--awb-border-radius-bottom-left:0px;--awb-padding-top:20px;--awb-padding-bottom:20px;\" ><div class=\"fusion-builder-row fusion-row\"><div class=\"fusion-layout-column fusion_builder_column fusion-builder-column-2 fusion_builder_column_1_2 1_2 fusion-one-half fusion-column-first\" style=\"--awb-bg-size:cover;width:48%; margin-right: 4%;\"><div class=\"fusion-column-wrapper fusion-flex-column-wrapper-legacy\"><div class=\"fusion-column-content-centered\"><div class=\"fusion-column-content\"><div class=\"fusion-text fusion-text-3\"><p><a href=\"http:\/\/pineo.cat\/de\/sortiment\/\"><img decoding=\"async\" class=\"aligncenter wp-image-922 size-medium\" src=\"https:\/\/www.pineo.cat\/wp-content\/uploads\/2016\/03\/Pineo-Natural-packshots-1-216x300.png\" alt=\"Wasser f\u00fcr Babynahrung\" width=\"216\" height=\"300\" srcset=\"https:\/\/www.pineo.cat\/wp-content\/uploads\/2016\/03\/Pineo-Natural-packshots-1-216x300.png 216w, https:\/\/www.pineo.cat\/wp-content\/uploads\/2016\/03\/Pineo-Natural-packshots-1-737x1024.png 737w, https:\/\/www.pineo.cat\/wp-content\/uploads\/2016\/03\/Pineo-Natural-packshots-1-768x1067.png 768w, https:\/\/www.pineo.cat\/wp-content\/uploads\/2016\/03\/Pineo-Natural-packshots-1.png 1474w\" sizes=\"(max-width: 216px) 100vw, 216px\" \/><\/a><\/p>\n<\/div><div class=\"fusion-aligncenter\"><a class=\"fusion-button button-flat fusion-button-default-size button-darkgreen fusion-button-darkgreen button-1 fusion-button-default-span fusion-button-default-type\" target=\"_self\" href=\"http:\/\/pineo.cat\/de\/sortiment\/\"><span class=\"fusion-button-text\">Zum Produktsortiment<\/span><\/a><\/div><\/div><\/div><div class=\"fusion-clearfix\"><\/div><\/div><\/div><div class=\"fusion-layout-column fusion_builder_column fusion-builder-column-3 fusion_builder_column_1_2 1_2 fusion-one-half fusion-column-last\" style=\"--awb-padding-top:20px;--awb-padding-right:20px;--awb-padding-bottom:20px;--awb-padding-left:20px;--awb-bg-size:cover;--awb-border-color:#d7eff4;--awb-border-top:5px;--awb-border-right:5px;--awb-border-bottom:5px;--awb-border-left:5px;--awb-border-style:solid;width:48%;\"><div class=\"fusion-column-wrapper fusion-flex-column-wrapper-legacy\"><div class=\"fusion-column-content-centered\"><div class=\"fusion-column-content\"><div class=\"fusion-text fusion-text-4\"><h2>Maximalwerte f\u00fcr Wasser, das f\u00fcr Babynahr\u00fcng\u00a0zugelassen ist<\/h2>\n<table width=\"400\">\n<tbody>\n<tr>\n<td width=\"64\"><\/td>\n<td width=\"146\"><strong>F\u00fcr Babys zugelassen<\/strong><\/td>\n<td width=\"88\"><strong>Werte Pineo<\/strong><\/td>\n<\/tr>\n<tr>\n<td>Fluor<\/td>\n<td>maximal 1,0\u00a0mg<\/td>\n<td>0 mg (&lt;0,2 mg pro Liter)<\/td>\n<\/tr>\n<tr>\n<td>Nitrat<\/td>\n<td>maximal 25,0 mg<\/td>\n<td>1,1 mg<\/td>\n<\/tr>\n<tr>\n<td>Blei<\/td>\n<td>maximal 10,0 mcg<\/td>\n<td>0 mcg (&lt; 5ug pb\/Liter)<\/td>\n<\/tr>\n<tr>\n<td>Natrium<\/td>\n<td>maximal 50,0 mg<\/td>\n<td>0,9 mg<\/td>\n<\/tr>\n<tr>\n<td>Sulfat<\/td>\n<td>maximal 250,0 mg<\/td>\n<td>7,9 mg<\/td>\n<\/tr>\n<\/tbody>\n<\/table>\n<\/div><\/div><\/div><div class=\"fusion-clearfix\"><\/div><\/div><\/div><\/div><\/div><\/p>\n","protected":false},"excerpt":{"rendered":"","protected":false},"author":2,"featured_media":0,"parent":1954,"menu_order":15,"comment_status":"closed","ping_status":"closed","template":"100-width.php","meta":{"footnotes":""},"yoast_head":"<!-- This site is optimized with the Yoast SEO plugin v21.0 - https:\/\/yoast.com\/wordpress\/plugins\/seo\/ -->\n<title>Pineo Wasser ist geeignet f\u00fcr Babynahrung<\/title>\n<meta name=\"description\" content=\"Leidet Ihr Baby unter Kr\u00e4mpfen, Durchfall oder Verstopfung? Verwenden Sie ein f\u00fcr Babynahrung geeignetes Wasser: Pineo nat\u00fcrliches Mineralwasser\" \/>\n<meta name=\"robots\" content=\"index, follow, max-snippet:-1, max-image-preview:large, max-video-preview:-1\" \/>\n<link rel=\"canonical\" href=\"https:\/\/www.pineo.cat\/de\/warum-pineo\/babynahrung\/\" \/>\n<meta property=\"og:locale\" content=\"de_DE\" \/>\n<meta property=\"og:type\" content=\"article\" \/>\n<meta property=\"og:title\" content=\"Pineo Wasser ist geeignet f\u00fcr Babynahrung\" \/>\n<meta property=\"og:description\" content=\"Leidet Ihr Baby unter Kr\u00e4mpfen, Durchfall oder Verstopfung? Verwenden Sie ein f\u00fcr Babynahrung geeignetes Wasser: Pineo nat\u00fcrliches Mineralwasser\" \/>\n<meta property=\"og:url\" content=\"https:\/\/www.pineo.cat\/de\/warum-pineo\/babynahrung\/\" \/>\n<meta property=\"og:site_name\" content=\"Pineo\" \/>\n<meta property=\"article:modified_time\" content=\"2022-07-06T07:37:52+00:00\" \/>\n<meta property=\"og:image\" content=\"https:\/\/www.pineo.cat\/wp-content\/uploads\/2016\/03\/Pineo-Natural-packshots-1-216x300.png\" \/>\n<meta name=\"twitter:card\" content=\"summary_large_image\" \/>\n<meta name=\"twitter:label1\" content=\"Gesch\u00e4tzte Lesezeit\" \/>\n\t<meta name=\"twitter:data1\" content=\"5\u00a0Minuten\" \/>\n<script type=\"application\/ld+json\" class=\"yoast-schema-graph\">{\"@context\":\"https:\/\/schema.org\",\"@graph\":[{\"@type\":\"WebPage\",\"@id\":\"https:\/\/www.pineo.cat\/de\/warum-pineo\/babynahrung\/\",\"url\":\"https:\/\/www.pineo.cat\/de\/warum-pineo\/babynahrung\/\",\"name\":\"Pineo Wasser ist geeignet f\u00fcr Babynahrung\",\"isPartOf\":{\"@id\":\"https:\/\/www.pineo.cat\/de\/#website\"},\"datePublished\":\"2016-07-11T13:17:44+00:00\",\"dateModified\":\"2022-07-06T07:37:52+00:00\",\"description\":\"Leidet Ihr Baby unter Kr\u00e4mpfen, Durchfall oder Verstopfung? Verwenden Sie ein f\u00fcr Babynahrung geeignetes Wasser: Pineo nat\u00fcrliches Mineralwasser\",\"breadcrumb\":{\"@id\":\"https:\/\/www.pineo.cat\/de\/warum-pineo\/babynahrung\/#breadcrumb\"},\"inLanguage\":\"de\",\"potentialAction\":[{\"@type\":\"ReadAction\",\"target\":[\"https:\/\/www.pineo.cat\/de\/warum-pineo\/babynahrung\/\"]}]},{\"@type\":\"BreadcrumbList\",\"@id\":\"https:\/\/www.pineo.cat\/de\/warum-pineo\/babynahrung\/#breadcrumb\",\"itemListElement\":[{\"@type\":\"ListItem\",\"position\":1,\"name\":\"Home\",\"item\":\"https:\/\/www.pineo.cat\/de\/\"},{\"@type\":\"ListItem\",\"position\":2,\"name\":\"Waarom Pineo DE\",\"item\":\"https:\/\/www.pineo.cat\/de\/warum-pineo\/\"},{\"@type\":\"ListItem\",\"position\":3,\"name\":\"Baby en flesvoeding DE\"}]},{\"@type\":\"WebSite\",\"@id\":\"https:\/\/www.pineo.cat\/de\/#website\",\"url\":\"https:\/\/www.pineo.cat\/de\/\",\"name\":\"Pineo\",\"description\":\"Pineo: naturally-arising natural mineral water from the Spanish Pyrenees\",\"publisher\":{\"@id\":\"https:\/\/www.pineo.cat\/de\/#organization\"},\"potentialAction\":[{\"@type\":\"SearchAction\",\"target\":{\"@type\":\"EntryPoint\",\"urlTemplate\":\"https:\/\/www.pineo.cat\/de\/?s={search_term_string}\"},\"query-input\":\"required name=search_term_string\"}],\"inLanguage\":\"de\"},{\"@type\":\"Organization\",\"@id\":\"https:\/\/www.pineo.cat\/de\/#organization\",\"name\":\"Pineo\",\"url\":\"https:\/\/www.pineo.cat\/de\/\",\"logo\":{\"@type\":\"ImageObject\",\"inLanguage\":\"de\",\"@id\":\"https:\/\/www.pineo.cat\/de\/#\/schema\/logo\/image\/\",\"url\":\"https:\/\/www.pineo.cat\/wp-content\/uploads\/2016\/07\/pineo-logo.png\",\"contentUrl\":\"https:\/\/www.pineo.cat\/wp-content\/uploads\/2016\/07\/pineo-logo.png\",\"width\":197,\"height\":56,\"caption\":\"Pineo\"},\"image\":{\"@id\":\"https:\/\/www.pineo.cat\/de\/#\/schema\/logo\/image\/\"}}]}<\/script>\n<!-- \/ Yoast SEO plugin. -->","yoast_head_json":{"title":"Pineo Wasser ist geeignet f\u00fcr Babynahrung","description":"Leidet Ihr Baby unter Kr\u00e4mpfen, Durchfall oder Verstopfung? Verwenden Sie ein f\u00fcr Babynahrung geeignetes Wasser: Pineo nat\u00fcrliches Mineralwasser","robots":{"index":"index","follow":"follow","max-snippet":"max-snippet:-1","max-image-preview":"max-image-preview:large","max-video-preview":"max-video-preview:-1"},"canonical":"https:\/\/www.pineo.cat\/de\/warum-pineo\/babynahrung\/","og_locale":"de_DE","og_type":"article","og_title":"Pineo Wasser ist geeignet f\u00fcr Babynahrung","og_description":"Leidet Ihr Baby unter Kr\u00e4mpfen, Durchfall oder Verstopfung? Verwenden Sie ein f\u00fcr Babynahrung geeignetes Wasser: Pineo nat\u00fcrliches Mineralwasser","og_url":"https:\/\/www.pineo.cat\/de\/warum-pineo\/babynahrung\/","og_site_name":"Pineo","article_modified_time":"2022-07-06T07:37:52+00:00","og_image":[{"url":"https:\/\/www.pineo.cat\/wp-content\/uploads\/2016\/03\/Pineo-Natural-packshots-1-216x300.png"}],"twitter_card":"summary_large_image","twitter_misc":{"Gesch\u00e4tzte Lesezeit":"5\u00a0Minuten"},"schema":{"@context":"https:\/\/schema.org","@graph":[{"@type":"WebPage","@id":"https:\/\/www.pineo.cat\/de\/warum-pineo\/babynahrung\/","url":"https:\/\/www.pineo.cat\/de\/warum-pineo\/babynahrung\/","name":"Pineo Wasser ist geeignet f\u00fcr Babynahrung","isPartOf":{"@id":"https:\/\/www.pineo.cat\/de\/#website"},"datePublished":"2016-07-11T13:17:44+00:00","dateModified":"2022-07-06T07:37:52+00:00","description":"Leidet Ihr Baby unter Kr\u00e4mpfen, Durchfall oder Verstopfung? Verwenden Sie ein f\u00fcr Babynahrung geeignetes Wasser: Pineo nat\u00fcrliches Mineralwasser","breadcrumb":{"@id":"https:\/\/www.pineo.cat\/de\/warum-pineo\/babynahrung\/#breadcrumb"},"inLanguage":"de","potentialAction":[{"@type":"ReadAction","target":["https:\/\/www.pineo.cat\/de\/warum-pineo\/babynahrung\/"]}]},{"@type":"BreadcrumbList","@id":"https:\/\/www.pineo.cat\/de\/warum-pineo\/babynahrung\/#breadcrumb","itemListElement":[{"@type":"ListItem","position":1,"name":"Home","item":"https:\/\/www.pineo.cat\/de\/"},{"@type":"ListItem","position":2,"name":"Waarom Pineo DE","item":"https:\/\/www.pineo.cat\/de\/warum-pineo\/"},{"@type":"ListItem","position":3,"name":"Baby en flesvoeding DE"}]},{"@type":"WebSite","@id":"https:\/\/www.pineo.cat\/de\/#website","url":"https:\/\/www.pineo.cat\/de\/","name":"Pineo","description":"Pineo: naturally-arising natural mineral water from the Spanish Pyrenees","publisher":{"@id":"https:\/\/www.pineo.cat\/de\/#organization"},"potentialAction":[{"@type":"SearchAction","target":{"@type":"EntryPoint","urlTemplate":"https:\/\/www.pineo.cat\/de\/?s={search_term_string}"},"query-input":"required name=search_term_string"}],"inLanguage":"de"},{"@type":"Organization","@id":"https:\/\/www.pineo.cat\/de\/#organization","name":"Pineo","url":"https:\/\/www.pineo.cat\/de\/","logo":{"@type":"ImageObject","inLanguage":"de","@id":"https:\/\/www.pineo.cat\/de\/#\/schema\/logo\/image\/","url":"https:\/\/www.pineo.cat\/wp-content\/uploads\/2016\/07\/pineo-logo.png","contentUrl":"https:\/\/www.pineo.cat\/wp-content\/uploads\/2016\/07\/pineo-logo.png","width":197,"height":56,"caption":"Pineo"},"image":{"@id":"https:\/\/www.pineo.cat\/de\/#\/schema\/logo\/image\/"}}]}},"_links":{"self":[{"href":"https:\/\/www.pineo.cat\/de\/wp-json\/wp\/v2\/pages\/1967"}],"collection":[{"href":"https:\/\/www.pineo.cat\/de\/wp-json\/wp\/v2\/pages"}],"about":[{"href":"https:\/\/www.pineo.cat\/de\/wp-json\/wp\/v2\/types\/page"}],"author":[{"embeddable":true,"href":"https:\/\/www.pineo.cat\/de\/wp-json\/wp\/v2\/users\/2"}],"replies":[{"embeddable":true,"href":"https:\/\/www.pineo.cat\/de\/wp-json\/wp\/v2\/comments?post=1967"}],"version-history":[{"count":16,"href":"https:\/\/www.pineo.cat\/de\/wp-json\/wp\/v2\/pages\/1967\/revisions"}],"predecessor-version":[{"id":8306,"href":"https:\/\/www.pineo.cat\/de\/wp-json\/wp\/v2\/pages\/1967\/revisions\/8306"}],"up":[{"embeddable":true,"href":"https:\/\/www.pineo.cat\/de\/wp-json\/wp\/v2\/pages\/1954"}],"wp:attachment":[{"href":"https:\/\/www.pineo.cat\/de\/wp-json\/wp\/v2\/media?parent=1967"}],"curies":[{"name":"wp","href":"https:\/\/api.w.org\/{rel}","templated":true}]}}