{"id":1957,"date":"2016-07-11T14:29:55","date_gmt":"2016-07-11T12:29:55","guid":{"rendered":"https:\/\/www.pineo.cat\/?page_id=1957"},"modified":"2019-05-29T07:41:19","modified_gmt":"2019-05-29T05:41:19","slug":"der-geschmack","status":"publish","type":"page","link":"https:\/\/www.pineo.cat\/de\/warum-pineo\/der-geschmack\/","title":{"rendered":"De smaak DE"},"content":{"rendered":"<p><div class=\"fusion-fullwidth fullwidth-box fusion-builder-row-1 nonhundred-percent-fullwidth non-hundred-percent-height-scrolling\" style=\"--awb-background-position:left top;--awb-border-radius-top-left:0px;--awb-border-radius-top-right:0px;--awb-border-radius-bottom-right:0px;--awb-border-radius-bottom-left:0px;--awb-padding-top:20px;--awb-padding-bottom:20px;--awb-border-sizes-top:0px;--awb-border-sizes-bottom:0px;\" ><div class=\"fusion-builder-row fusion-row\"><div class=\"fusion-layout-column fusion_builder_column fusion-builder-column-0 fusion_builder_column_1_1 1_1 fusion-one-full fusion-column-first fusion-column-last fusion-column-no-min-height\" style=\"--awb-bg-size:cover;--awb-margin-bottom:0px;\"><div class=\"fusion-column-wrapper fusion-flex-column-wrapper-legacy\"><div class=\"fusion-text fusion-text-1\"><h1 style=\"text-align: center;\">Der Kraft von Pineo: sein Geschmack<\/h1>\n<\/div><div class=\"fusion-clearfix\"><\/div><\/div><\/div><\/div><\/div><div class=\"fusion-fullwidth fullwidth-box fusion-builder-row-2 nonhundred-percent-fullwidth non-hundred-percent-height-scrolling fusion-equal-height-columns\" style=\"--awb-background-position:left top;--awb-border-radius-top-left:0px;--awb-border-radius-top-right:0px;--awb-border-radius-bottom-right:0px;--awb-border-radius-bottom-left:0px;--awb-padding-top:20px;--awb-padding-bottom:20px;--awb-border-sizes-top:0px;--awb-border-sizes-bottom:0px;\" ><div class=\"fusion-builder-row fusion-row\"><div class=\"fusion-layout-column fusion_builder_column fusion-builder-column-1 fusion_builder_column_2_5 2_5 fusion-two-fifth fusion-column-first\" style=\"--awb-bg-size:cover;width:37.6%; margin-right: 4%;\"><div class=\"fusion-column-wrapper fusion-flex-column-wrapper-legacy\"><div class=\"fusion-column-content-centered\"><div class=\"fusion-column-content\"><div class=\"fusion-image-element fusion-image-align-center in-legacy-container\" style=\"text-align:center;--awb-caption-title-size:var(--h2_typography-font-size);--awb-caption-title-transform:var(--h2_typography-text-transform);--awb-caption-title-line-height:var(--h2_typography-line-height);--awb-caption-title-letter-spacing:var(--h2_typography-letter-spacing);\"><div class=\"imageframe-align-center\"><span class=\" fusion-imageframe imageframe-none imageframe-1 hover-type-none\"><img decoding=\"async\" width=\"1920\" height=\"1280\" alt=\"Wasser, wie schmeckt Wasser\" title=\"Water\" src=\"https:\/\/www.pineo.cat\/wp-content\/uploads\/2016\/03\/Water.jpg\" class=\"img-responsive wp-image-5135\"\/><\/span><\/div><\/div><\/div><\/div><div class=\"fusion-clearfix\"><\/div><\/div><\/div><div class=\"fusion-layout-column fusion_builder_column fusion-builder-column-2 fusion_builder_column_3_5 3_5 fusion-three-fifth fusion-column-last\" style=\"--awb-bg-size:cover;width:58.4%;\"><div class=\"fusion-column-wrapper fusion-flex-column-wrapper-legacy\"><div class=\"fusion-column-content-centered\"><div class=\"fusion-column-content\"><div class=\"fusion-text fusion-text-2\"><h2 style=\"text-align: right;\">Der Geschmack von Wasser<\/h2>\n<p style=\"text-align: right;\">Wasser hat eine unendliche Palette an Geschm\u00e4ckern. Wie beim Wein h\u00e4ngt der Geschmack eines Wassers zu einem gro\u00dfen Teil von der Zusammensetzung des Bodens und der Umgebung ab. Au\u00dferdem ist der Geschmack abh\u00e4ngig vom Weg, den das Wasser abgelegt hat, bevor Sie es in Ihr Glas gie\u00dfen.<\/p>\n<p style=\"text-align: right;\">Der Geschmack eines Wassers wird vor allem von der Menge der darin enthaltenen Mineralstoffen und Oligoelementen bestimmt. Bei einem Mineralwasser oder Quellwasser hat der Boden, aus dem das Wasser hervortritt, einen gro\u00dfen Einfluss auf den Basisgeschmack.<\/p>\n<\/div><\/div><\/div><div class=\"fusion-clearfix\"><\/div><\/div><\/div><\/div><\/div><div class=\"fusion-fullwidth fullwidth-box fusion-builder-row-3 nonhundred-percent-fullwidth non-hundred-percent-height-scrolling fusion-equal-height-columns\" style=\"--awb-background-position:left top;--awb-border-radius-top-left:0px;--awb-border-radius-top-right:0px;--awb-border-radius-bottom-right:0px;--awb-border-radius-bottom-left:0px;--awb-padding-top:40px;--awb-padding-right:40px;--awb-padding-bottom:40px;--awb-padding-left:40px;--awb-margin-top:20px;--awb-background-color:#d7eff4;--awb-border-sizes-top:0px;--awb-border-sizes-bottom:0px;\" ><div class=\"fusion-builder-row fusion-row\"><div class=\"fusion-layout-column fusion_builder_column fusion-builder-column-3 fusion_builder_column_1_3 1_3 fusion-one-third fusion-column-first\" style=\"--awb-bg-size:cover;width:33.333333333333%;width:calc(33.333333333333% - ( ( 4% ) * 0.33333333333333 ) );margin-right: 4%;\"><div class=\"fusion-column-wrapper fusion-flex-column-wrapper-legacy\"><div class=\"fusion-image-element fusion-image-align-center in-legacy-container\" style=\"text-align:center;--awb-max-width:300px;--awb-caption-title-size:var(--h2_typography-font-size);--awb-caption-title-transform:var(--h2_typography-text-transform);--awb-caption-title-line-height:var(--h2_typography-line-height);--awb-caption-title-letter-spacing:var(--h2_typography-letter-spacing);\"><div class=\"imageframe-align-center\"><span class=\" fusion-imageframe imageframe-dropshadow imageframe-2 hover-type-none\" style=\"-webkit-box-shadow: 3px 3px 7px rgba(0,0,0,0.3);box-shadow: 3px 3px 7px rgba(0,0,0,0.3);\"><img decoding=\"async\" width=\"1890\" height=\"2079\" title=\"watertasteawards19_DE\" src=\"https:\/\/www.pineo.cat\/wp-content\/uploads\/watertasteawards19_DE-1200x1320.jpg?_t=1559108410\" alt class=\"img-responsive wp-image-7338\" srcset=\"https:\/\/www.pineo.cat\/wp-content\/uploads\/watertasteawards19_DE-200x220.jpg 200w, https:\/\/www.pineo.cat\/wp-content\/uploads\/watertasteawards19_DE-400x440.jpg 400w, https:\/\/www.pineo.cat\/wp-content\/uploads\/watertasteawards19_DE-600x660.jpg 600w, https:\/\/www.pineo.cat\/wp-content\/uploads\/watertasteawards19_DE-800x880.jpg 800w, https:\/\/www.pineo.cat\/wp-content\/uploads\/watertasteawards19_DE-1200x1320.jpg 1200w, https:\/\/www.pineo.cat\/wp-content\/uploads\/watertasteawards19_DE.jpg 1890w\" sizes=\"(max-width: 800px) 100vw, 400px\" \/><\/span><\/div><\/div><div class=\"fusion-clearfix\"><\/div><\/div><\/div><div class=\"fusion-layout-column fusion_builder_column fusion-builder-column-4 fusion_builder_column_2_3 2_3 fusion-two-third fusion-column-last\" style=\"--awb-bg-size:cover;width:66.666666666667%;width:calc(66.666666666667% - ( ( 4% ) * 0.66666666666667 ) );\"><div class=\"fusion-column-wrapper fusion-flex-column-wrapper-legacy\"><div class=\"fusion-text fusion-text-3\"><h2 class=\"title-heading-left\"> Pineo zum besten Wasser der Welt gek\u00fcrt <\/h2>\n<p style=\"text-align: left;\">Pineo wurde zusammen mit 50 anderen Topwassern aus der ganzen Welt nominiert. 5 Richter, bestehend aus Wasserkennern und Wassersommeliers, beurteilten in einer Blindverkostung die verschiedenen Wassersorten und vergaben individuelle Punkte.\u00a0<strong>Pineo gewann Gold in der Topkategorie Wasser mit einem niedrigen Mineralanteil (unter 250 mg)<\/strong>\u00a0ohne zugef\u00fcgtes Kohlens\u00e4uregas.<\/p>\n<\/div><div class=\"fusion-alignleft\"><a class=\"fusion-button button-flat button-large button-blue fusion-button-blue button-1 fusion-button-default-span fusion-button-default-type\" target=\"_self\" href=\"https:\/\/www.pineo.cat\/de\/blog\/wasser\/pineo-zum-besten-wasser-der-welt-gekurt\/\"><span class=\"fusion-button-text\">The Fine Water Taste &amp; Design Award 2019<\/span><\/a><\/div><div class=\"fusion-clearfix\"><\/div><\/div><\/div><\/div><\/div><div class=\"fusion-fullwidth fullwidth-box fusion-builder-row-4 fusion-parallax-none nonhundred-percent-fullwidth non-hundred-percent-height-scrolling fusion-equal-height-columns\" style=\"--awb-background-position:center bottom;--awb-border-radius-top-left:0px;--awb-border-radius-top-right:0px;--awb-border-radius-bottom-right:0px;--awb-border-radius-bottom-left:0px;--awb-padding-top:200px;--awb-padding-right:40px;--awb-padding-bottom:200px;--awb-padding-left:40px;--awb-background-color:#518ead;--awb-background-image:url(&quot;https:\/\/www.pineo.cat\/wp-content\/uploads\/2016\/05\/Cathy-Pineo-2.jpg?_t=1487671926&quot;);--awb-background-size:cover;--awb-border-sizes-top:0px;--awb-border-sizes-bottom:0px;\" ><div class=\"fusion-builder-row fusion-row\"><div class=\"fusion-layout-column fusion_builder_column fusion-builder-column-5 fusion_builder_column_3_5 3_5 fusion-three-fifth fusion-column-first\" style=\"--awb-padding-top:20px;--awb-padding-right:20px;--awb-padding-bottom:20px;--awb-padding-left:20px;--awb-bg-color:rgba(132,132,132,0.75);--awb-bg-size:cover;--awb-margin-top:50px;width:58.4%; margin-right: 4%;\"><div class=\"fusion-column-wrapper fusion-flex-column-wrapper-legacy\"><div class=\"fusion-column-content-centered\"><div class=\"fusion-column-content\"><div class=\"fusion-text fusion-text-4\"><h2><span style=\"color: #ffffff;\">Der Geschmack von Pineo<\/span><\/h2>\n<p><span style=\"color: #ffffff;\">Pineo Mineralwasser nimmt Sie mit auf eine Reise. Auf eine Reise in den temperamentvollen S\u00fcden Europas, in die Berge von Banat in den spanischen Pyren\u00e4en. Vor mehr als tausend Jahren haben M\u00f6nche sich hier niedergelassen im Kloster \u201eMonastir Sant Vicen\u00e7 de Pinsent\u201d, das im Jahr 852, in dem die Quelle entdeckt wurde, erbaut wurde. Ein Beweis daf\u00fcr, dass das kostbare Wasser eine hohe Wertsch\u00e4tzung genossen hat und nicht verschwendet wurde.<\/span><\/p>\n<p><span style=\"color: #ffffff;\">Pineo ist ein reifes Wasser, es tritt aus eigener Kraft an die Oberfl\u00e4che. Einzigartiges artesisches Wasser aus einer nat\u00fcrlichen Quelle. Das Wasser wird direkt abgef\u00fcllt, wodurch seine ganze Qualit\u00e4t erhalten bleibt. Nicht vom Menschen ver\u00e4ndert, sondern von der Natur geformt.<\/span><\/p>\n<p><span style=\"color: #ffffff;\">Pineo befindet sich in einer gesch\u00fctzten Zone, die sich \u00fcber einige Quadratkilometer erstreckt. In diesem ruhigen, unber\u00fchrten Naturreservat entspringt ein klares, stabiles Wasser. Der erste Schluck hat einen angenehmen, nat\u00fcrlichen Geschmack. Weich und samtig. Der Fingerabdruck des Wassers wird von seiner kalkreichen Umgebung gepr\u00e4gt, die das Wasser filtert und der es seine au\u00dferordentliche Reinheit verdankt. Pineo enth\u00e4lt die charakteristische Mineralstoffmischung, die zu dieser Umgebung geh\u00f6rt.<\/span><\/p>\n<p><span style=\"color: #ffffff;\">Authentisches und reines Mineralwasser. In einer preisgekr\u00f6nten Flasche. Hervorragend geeignet f\u00fcr gehobene Gastronomie, Hotels und Veranstaltungen. Vor allem das Mondwasser. Das limitierte Wasser Luna Llena, bei Vollmond abgef\u00fcllt. Das Mondwasser von Pineo ist biodynamisch. Der Vollmond ist ein Symbol f\u00fcr Liebe: \u201eZum Mond und wieder zur\u00fcck &#8230;\u201c<\/span><\/p>\n<\/div><div class=\"fusion-button-wrapper\"><a class=\"fusion-button button-flat fusion-button-default-size button-darkgreen fusion-button-darkgreen button-2 fusion-button-default-span fusion-button-default-type\" target=\"_self\" href=\"http:\/\/pineo.cat\/de\/sortiment\/\"><span class=\"fusion-button-text\">ZUM PRODUKTSORTIMENT<\/span><\/a><\/div><\/div><\/div><div class=\"fusion-clearfix\"><\/div><\/div><\/div><\/div><\/div><\/p>\n","protected":false},"excerpt":{"rendered":"","protected":false},"author":2,"featured_media":0,"parent":1954,"menu_order":43,"comment_status":"closed","ping_status":"closed","template":"100-width.php","meta":{"footnotes":""},"yoast_head":"<!-- This site is optimized with the Yoast SEO plugin v21.0 - https:\/\/yoast.com\/wordpress\/plugins\/seo\/ -->\n<title>Der Geschmack von Pineo Mineralwasser<\/title>\n<meta name=\"description\" content=\"Der Geschmack eines Wassers wird von seiner Herkunft bestimmt. Der Geschmack von Pineo Mineralwasser ist einzigartig und unverwechselbar.\" \/>\n<meta name=\"robots\" content=\"index, follow, max-snippet:-1, max-image-preview:large, max-video-preview:-1\" \/>\n<link rel=\"canonical\" href=\"https:\/\/www.pineo.cat\/de\/warum-pineo\/der-geschmack\/\" \/>\n<meta property=\"og:locale\" content=\"de_DE\" \/>\n<meta property=\"og:type\" content=\"article\" \/>\n<meta property=\"og:title\" content=\"Der Geschmack von Pineo Mineralwasser\" \/>\n<meta property=\"og:description\" content=\"Der Geschmack eines Wassers wird von seiner Herkunft bestimmt. Der Geschmack von Pineo Mineralwasser ist einzigartig und unverwechselbar.\" \/>\n<meta property=\"og:url\" content=\"https:\/\/www.pineo.cat\/de\/warum-pineo\/der-geschmack\/\" \/>\n<meta property=\"og:site_name\" content=\"Pineo\" \/>\n<meta property=\"article:modified_time\" content=\"2019-05-29T05:41:19+00:00\" \/>\n<meta property=\"og:image\" content=\"https:\/\/www.pineo.cat\/wp-content\/uploads\/2016\/03\/Water.jpg\" \/>\n<meta name=\"twitter:card\" content=\"summary_large_image\" \/>\n<meta name=\"twitter:label1\" content=\"Gesch\u00e4tzte Lesezeit\" \/>\n\t<meta name=\"twitter:data1\" content=\"7\u00a0Minuten\" \/>\n<script type=\"application\/ld+json\" class=\"yoast-schema-graph\">{\"@context\":\"https:\/\/schema.org\",\"@graph\":[{\"@type\":\"WebPage\",\"@id\":\"https:\/\/www.pineo.cat\/de\/warum-pineo\/der-geschmack\/\",\"url\":\"https:\/\/www.pineo.cat\/de\/warum-pineo\/der-geschmack\/\",\"name\":\"Der Geschmack von Pineo Mineralwasser\",\"isPartOf\":{\"@id\":\"https:\/\/www.pineo.cat\/de\/#website\"},\"datePublished\":\"2016-07-11T12:29:55+00:00\",\"dateModified\":\"2019-05-29T05:41:19+00:00\",\"description\":\"Der Geschmack eines Wassers wird von seiner Herkunft bestimmt. Der Geschmack von Pineo Mineralwasser ist einzigartig und unverwechselbar.\",\"breadcrumb\":{\"@id\":\"https:\/\/www.pineo.cat\/de\/warum-pineo\/der-geschmack\/#breadcrumb\"},\"inLanguage\":\"de\",\"potentialAction\":[{\"@type\":\"ReadAction\",\"target\":[\"https:\/\/www.pineo.cat\/de\/warum-pineo\/der-geschmack\/\"]}]},{\"@type\":\"BreadcrumbList\",\"@id\":\"https:\/\/www.pineo.cat\/de\/warum-pineo\/der-geschmack\/#breadcrumb\",\"itemListElement\":[{\"@type\":\"ListItem\",\"position\":1,\"name\":\"Home\",\"item\":\"https:\/\/www.pineo.cat\/de\/\"},{\"@type\":\"ListItem\",\"position\":2,\"name\":\"Waarom Pineo DE\",\"item\":\"https:\/\/www.pineo.cat\/de\/warum-pineo\/\"},{\"@type\":\"ListItem\",\"position\":3,\"name\":\"De smaak DE\"}]},{\"@type\":\"WebSite\",\"@id\":\"https:\/\/www.pineo.cat\/de\/#website\",\"url\":\"https:\/\/www.pineo.cat\/de\/\",\"name\":\"Pineo\",\"description\":\"Pineo: naturally-arising natural mineral water from the Spanish Pyrenees\",\"publisher\":{\"@id\":\"https:\/\/www.pineo.cat\/de\/#organization\"},\"potentialAction\":[{\"@type\":\"SearchAction\",\"target\":{\"@type\":\"EntryPoint\",\"urlTemplate\":\"https:\/\/www.pineo.cat\/de\/?s={search_term_string}\"},\"query-input\":\"required name=search_term_string\"}],\"inLanguage\":\"de\"},{\"@type\":\"Organization\",\"@id\":\"https:\/\/www.pineo.cat\/de\/#organization\",\"name\":\"Pineo\",\"url\":\"https:\/\/www.pineo.cat\/de\/\",\"logo\":{\"@type\":\"ImageObject\",\"inLanguage\":\"de\",\"@id\":\"https:\/\/www.pineo.cat\/de\/#\/schema\/logo\/image\/\",\"url\":\"https:\/\/www.pineo.cat\/wp-content\/uploads\/2016\/07\/pineo-logo.png\",\"contentUrl\":\"https:\/\/www.pineo.cat\/wp-content\/uploads\/2016\/07\/pineo-logo.png\",\"width\":197,\"height\":56,\"caption\":\"Pineo\"},\"image\":{\"@id\":\"https:\/\/www.pineo.cat\/de\/#\/schema\/logo\/image\/\"}}]}<\/script>\n<!-- \/ Yoast SEO plugin. -->","yoast_head_json":{"title":"Der Geschmack von Pineo Mineralwasser","description":"Der Geschmack eines Wassers wird von seiner Herkunft bestimmt. Der Geschmack von Pineo Mineralwasser ist einzigartig und unverwechselbar.","robots":{"index":"index","follow":"follow","max-snippet":"max-snippet:-1","max-image-preview":"max-image-preview:large","max-video-preview":"max-video-preview:-1"},"canonical":"https:\/\/www.pineo.cat\/de\/warum-pineo\/der-geschmack\/","og_locale":"de_DE","og_type":"article","og_title":"Der Geschmack von Pineo Mineralwasser","og_description":"Der Geschmack eines Wassers wird von seiner Herkunft bestimmt. Der Geschmack von Pineo Mineralwasser ist einzigartig und unverwechselbar.","og_url":"https:\/\/www.pineo.cat\/de\/warum-pineo\/der-geschmack\/","og_site_name":"Pineo","article_modified_time":"2019-05-29T05:41:19+00:00","og_image":[{"url":"https:\/\/www.pineo.cat\/wp-content\/uploads\/2016\/03\/Water.jpg"}],"twitter_card":"summary_large_image","twitter_misc":{"Gesch\u00e4tzte Lesezeit":"7\u00a0Minuten"},"schema":{"@context":"https:\/\/schema.org","@graph":[{"@type":"WebPage","@id":"https:\/\/www.pineo.cat\/de\/warum-pineo\/der-geschmack\/","url":"https:\/\/www.pineo.cat\/de\/warum-pineo\/der-geschmack\/","name":"Der Geschmack von Pineo Mineralwasser","isPartOf":{"@id":"https:\/\/www.pineo.cat\/de\/#website"},"datePublished":"2016-07-11T12:29:55+00:00","dateModified":"2019-05-29T05:41:19+00:00","description":"Der Geschmack eines Wassers wird von seiner Herkunft bestimmt. Der Geschmack von Pineo Mineralwasser ist einzigartig und unverwechselbar.","breadcrumb":{"@id":"https:\/\/www.pineo.cat\/de\/warum-pineo\/der-geschmack\/#breadcrumb"},"inLanguage":"de","potentialAction":[{"@type":"ReadAction","target":["https:\/\/www.pineo.cat\/de\/warum-pineo\/der-geschmack\/"]}]},{"@type":"BreadcrumbList","@id":"https:\/\/www.pineo.cat\/de\/warum-pineo\/der-geschmack\/#breadcrumb","itemListElement":[{"@type":"ListItem","position":1,"name":"Home","item":"https:\/\/www.pineo.cat\/de\/"},{"@type":"ListItem","position":2,"name":"Waarom Pineo DE","item":"https:\/\/www.pineo.cat\/de\/warum-pineo\/"},{"@type":"ListItem","position":3,"name":"De smaak DE"}]},{"@type":"WebSite","@id":"https:\/\/www.pineo.cat\/de\/#website","url":"https:\/\/www.pineo.cat\/de\/","name":"Pineo","description":"Pineo: naturally-arising natural mineral water from the Spanish Pyrenees","publisher":{"@id":"https:\/\/www.pineo.cat\/de\/#organization"},"potentialAction":[{"@type":"SearchAction","target":{"@type":"EntryPoint","urlTemplate":"https:\/\/www.pineo.cat\/de\/?s={search_term_string}"},"query-input":"required name=search_term_string"}],"inLanguage":"de"},{"@type":"Organization","@id":"https:\/\/www.pineo.cat\/de\/#organization","name":"Pineo","url":"https:\/\/www.pineo.cat\/de\/","logo":{"@type":"ImageObject","inLanguage":"de","@id":"https:\/\/www.pineo.cat\/de\/#\/schema\/logo\/image\/","url":"https:\/\/www.pineo.cat\/wp-content\/uploads\/2016\/07\/pineo-logo.png","contentUrl":"https:\/\/www.pineo.cat\/wp-content\/uploads\/2016\/07\/pineo-logo.png","width":197,"height":56,"caption":"Pineo"},"image":{"@id":"https:\/\/www.pineo.cat\/de\/#\/schema\/logo\/image\/"}}]}},"_links":{"self":[{"href":"https:\/\/www.pineo.cat\/de\/wp-json\/wp\/v2\/pages\/1957"}],"collection":[{"href":"https:\/\/www.pineo.cat\/de\/wp-json\/wp\/v2\/pages"}],"about":[{"href":"https:\/\/www.pineo.cat\/de\/wp-json\/wp\/v2\/types\/page"}],"author":[{"embeddable":true,"href":"https:\/\/www.pineo.cat\/de\/wp-json\/wp\/v2\/users\/2"}],"replies":[{"embeddable":true,"href":"https:\/\/www.pineo.cat\/de\/wp-json\/wp\/v2\/comments?post=1957"}],"version-history":[{"count":14,"href":"https:\/\/www.pineo.cat\/de\/wp-json\/wp\/v2\/pages\/1957\/revisions"}],"predecessor-version":[{"id":7499,"href":"https:\/\/www.pineo.cat\/de\/wp-json\/wp\/v2\/pages\/1957\/revisions\/7499"}],"up":[{"embeddable":true,"href":"https:\/\/www.pineo.cat\/de\/wp-json\/wp\/v2\/pages\/1954"}],"wp:attachment":[{"href":"https:\/\/www.pineo.cat\/de\/wp-json\/wp\/v2\/media?parent=1957"}],"curies":[{"name":"wp","href":"https:\/\/api.w.org\/{rel}","templated":true}]}}