{"id":1954,"date":"2016-07-11T14:13:38","date_gmt":"2016-07-11T12:13:38","guid":{"rendered":"https:\/\/www.pineo.cat\/?page_id=1954"},"modified":"2017-06-28T11:46:01","modified_gmt":"2017-06-28T09:46:01","slug":"warum-pineo","status":"publish","type":"page","link":"https:\/\/www.pineo.cat\/de\/warum-pineo\/","title":{"rendered":"Waarom Pineo DE"},"content":{"rendered":"<p><div class=\"fusion-fullwidth fullwidth-box fusion-builder-row-1 nonhundred-percent-fullwidth non-hundred-percent-height-scrolling\" style=\"--awb-background-position:left top;--awb-border-radius-top-left:0px;--awb-border-radius-top-right:0px;--awb-border-radius-bottom-right:0px;--awb-border-radius-bottom-left:0px;--awb-padding-top:20px;--awb-padding-bottom:20px;--awb-border-sizes-top:0px;--awb-border-sizes-bottom:0px;\" ><div class=\"fusion-builder-row fusion-row\"><div class=\"fusion-layout-column fusion_builder_column fusion-builder-column-0 fusion_builder_column_1_1 1_1 fusion-one-full fusion-column-first fusion-column-last fusion-column-no-min-height\" style=\"--awb-bg-size:cover;--awb-margin-bottom:0px;\"><div class=\"fusion-column-wrapper fusion-flex-column-wrapper-legacy\"><div class=\"fusion-text fusion-text-1\"><h1 style=\"text-align: center;\">Warum ist Pineo Mineralwasser besser?<\/h1>\n<\/div><div class=\"fusion-clearfix\"><\/div><\/div><\/div><\/div><\/div><div class=\"fusion-fullwidth fullwidth-box fusion-builder-row-2 nonhundred-percent-fullwidth non-hundred-percent-height-scrolling\" style=\"--awb-background-position:left top;--awb-border-radius-top-left:0px;--awb-border-radius-top-right:0px;--awb-border-radius-bottom-right:0px;--awb-border-radius-bottom-left:0px;--awb-padding-top:20px;--awb-padding-bottom:20px;--awb-border-sizes-top:0px;--awb-border-sizes-bottom:0px;\" ><div class=\"fusion-builder-row fusion-row\"><div class=\"fusion-layout-column fusion_builder_column fusion-builder-column-1 fusion_builder_column_1_6 1_6 fusion-one-sixth fusion-column-first\" style=\"--awb-bg-size:cover;width:13.3333%; margin-right: 4%;\"><div class=\"fusion-column-wrapper fusion-flex-column-wrapper-legacy\"><div class=\"fusion-clearfix\"><\/div><\/div><\/div><div class=\"fusion-layout-column fusion_builder_column fusion-builder-column-2 fusion_builder_column_2_3 2_3 fusion-two-third\" style=\"--awb-bg-size:cover;width:65.3333%; margin-right: 4%;\"><div class=\"fusion-column-wrapper fusion-flex-column-wrapper-legacy\"><div class=\"fusion-text fusion-text-2\"><p style=\"text-align: center;\">Pineo Mineralwasser hat alles, was man von einem guten Wasser erwartet. Pineo hat einen <a href=\"https:\/\/www.pineo.cat\/de\/warum-pineo\/der-geschmack\/\">k\u00f6stlichen Geschmack<\/a>, wird in einer Glasflasche verkauft und hat <a href=\"http:\/\/pineo.cat\/de\/ursprung\/\">eine Geschichte<\/a>, die bis in das Jahr 852 zur\u00fcckgeht.<\/p>\n<\/div><div class=\"fusion-clearfix\"><\/div><\/div><\/div><div class=\"fusion-layout-column fusion_builder_column fusion-builder-column-3 fusion_builder_column_1_6 1_6 fusion-one-sixth fusion-column-last\" style=\"--awb-bg-size:cover;width:13.3333%;\"><div class=\"fusion-column-wrapper fusion-flex-column-wrapper-legacy\"><div class=\"fusion-clearfix\"><\/div><\/div><\/div><\/div><\/div><div class=\"fusion-fullwidth fullwidth-box fusion-builder-row-3 fusion-parallax-fixed nonhundred-percent-fullwidth non-hundred-percent-height-scrolling\" style=\"--awb-border-radius-top-left:0px;--awb-border-radius-top-right:0px;--awb-border-radius-bottom-right:0px;--awb-border-radius-bottom-left:0px;--awb-padding-top:20px;--awb-padding-bottom:20px;--awb-background-image:url(&quot;https:\/\/www.pineo.cat\/wp-content\/uploads\/2016\/03\/JSP6829.jpg&quot;);--awb-background-size:cover;--awb-border-sizes-top:0px;--awb-border-sizes-bottom:0px;background-attachment:fixed;\" ><div class=\"fusion-builder-row fusion-row\"><div class=\"fusion-layout-column fusion_builder_column fusion-builder-column-4 fusion_builder_column_1_1 1_1 fusion-one-full fusion-column-first fusion-column-last fusion-column-no-min-height\" style=\"--awb-bg-size:cover;--awb-margin-bottom:0px;\"><div class=\"fusion-column-wrapper fusion-flex-column-wrapper-legacy\"><div class=\"fusion-text fusion-text-3\"><h2><span style=\"color: #ffffff;\">Mineralstoffe in Pineo<\/span><\/h2>\n<p><span style=\"color: #ffffff;\"> \u2013 Chlorid (CL) 1,9 mg<\/span><br \/>\n<span style=\"color: #ffffff;\"> \u2013 Natrium (Na) 0,9 mg<\/span><br \/>\n<span style=\"color: #ffffff;\"> \u2013 Nitrat (NO3) 1,1 mg<\/span><br \/>\n<span style=\"color: #ffffff;\"> \u2013 Magnesium (M9) 3,7 mg<\/span><br \/>\n<span style=\"color: #ffffff;\"> \u2013 Kalzium (Ca) 78,6 mg<\/span><br \/>\n<span style=\"color: #ffffff;\"> \u2013 Hydrogencarbonat (HCO3) 248 mg<\/span><br \/>\n<span style=\"color: #ffffff;\"> \u2013 Sulfat (SO4) 7,9 mg<\/span><br \/>\n<span style=\"color: #ffffff;\"> \u2013 Phosphor (P) &lt; 0,02 mg<\/span><br \/>\n<span style=\"color: #ffffff;\"> \u2013 Stickstoffdioxid (NO2) &lt; 0,02 mg<\/span><br \/>\n<span style=\"color: #ffffff;\"> \u2013 Kupfer (Cu) &lt; 0,01 mg<\/span><br \/>\n<span style=\"color: #ffffff;\"> \u2013 Fluorid (F) &lt; 0,02 mg<\/span><br \/>\n<span style=\"color: #ffffff;\"> \u2013 Aluminium (Al) &lt; 1 \u00b5g<\/span><br \/>\n<span style=\"color: #ffffff;\"> \u2013 Uranium (U) &lt; 1 \u00b5g<\/span><br \/>\n<span style=\"color: #ffffff;\"> \u2013 Blei (Pb) &lt; 5 \u00b5g<\/span><br \/>\n<span style=\"color: #ffffff;\"> \u2013 Quecksilber (Hg) &lt; 0,20 \u00b5g<\/span><br \/>\n<span style=\"color: #ffffff;\"> <strong>Wollen Sie mehr erfahren? <a href=\"http:\/\/pineo.cat\/de\/bilder\/gutachten-studien\/\">Gutachten ansehen<\/a><\/strong><\/span><\/p>\n<\/div><div class=\"fusion-clearfix\"><\/div><\/div><\/div><\/div><\/div><div class=\"fusion-fullwidth fullwidth-box fusion-builder-row-4 nonhundred-percent-fullwidth non-hundred-percent-height-scrolling fusion-equal-height-columns\" style=\"--awb-background-position:left top;--awb-border-radius-top-left:0px;--awb-border-radius-top-right:0px;--awb-border-radius-bottom-right:0px;--awb-border-radius-bottom-left:0px;--awb-padding-top:20px;--awb-padding-bottom:20px;--awb-border-sizes-top:0px;--awb-border-sizes-bottom:0px;\" ><div class=\"fusion-builder-row fusion-row\"><div class=\"fusion-layout-column fusion_builder_column fusion-builder-column-5 fusion_builder_column_1_3 1_3 fusion-one-third fusion-column-first\" style=\"--awb-padding-top:20px;--awb-padding-right:20px;--awb-padding-bottom:20px;--awb-padding-left:20px;--awb-bg-size:cover;--awb-border-color:#d7eff4;--awb-border-top:5px;--awb-border-right:5px;--awb-border-bottom:5px;--awb-border-left:5px;--awb-border-style:solid;width:30.6666%; margin-right: 4%;\"><div class=\"fusion-column-wrapper fusion-flex-column-wrapper-legacy\"><div class=\"fusion-column-content-centered\"><div class=\"fusion-column-content\"><div class=\"fusion-text fusion-text-4\"><h2>Pineo Wasser: Natur pur, direkt aus der Quelle<\/h2>\n<p>Pineo wurde nicht chemisch behandelt. Dieses nat\u00fcrliche Mineralwasser wird direkt an der Quelle abgef\u00fcllt. Umgeben von Natur und auf nat\u00fcrliche Weise durch Felsen gefiltert. <a href=\"http:\/\/pineo.cat\/de\/bilder\/gutachten-studien\/\">Lesen Sie die Gutachten<\/a>.<\/p>\n<\/div><\/div><\/div><div class=\"fusion-clearfix\"><\/div><\/div><\/div><div class=\"fusion-layout-column fusion_builder_column fusion-builder-column-6 fusion_builder_column_1_3 1_3 fusion-one-third\" style=\"--awb-padding-top:20px;--awb-padding-right:20px;--awb-padding-bottom:20px;--awb-padding-left:20px;--awb-bg-color:#d7eff4;--awb-bg-size:cover;--awb-border-color:#d7eff4;--awb-border-top:5px;--awb-border-right:5px;--awb-border-bottom:5px;--awb-border-left:5px;--awb-border-style:solid;width:30.6666%; margin-right: 4%;\"><div class=\"fusion-column-wrapper fusion-flex-column-wrapper-legacy\"><div class=\"fusion-column-content-centered\"><div class=\"fusion-column-content\"><div class=\"fusion-text fusion-text-5\"><h2>pH-Wert Pineo<\/h2>\n<p>\u2013 pH-neutral: 7<br \/>\n\u2013 pH-Wert Pineo: 7,91<\/p>\n<p>Der pH-Wert gibt den S\u00e4uregrad an. Wasser mit einem pH-Wert \u00fcber 7 wirkt der Versauerung entgegen (man spricht auch von alkalischem Wasser). Da wir 1 bis 2 Liter Wasser am Tag trinken, ist es wichtig, \u00fcberwiegend Wasser mit einem pH-Wert \u00fcber 7 zu trinken. Entscheiden Sie sich daher f\u00fcr Pineo (pH-Wert = 7,9).<\/p>\n<\/div><\/div><\/div><div class=\"fusion-clearfix\"><\/div><\/div><\/div><div class=\"fusion-layout-column fusion_builder_column fusion-builder-column-7 fusion_builder_column_1_3 1_3 fusion-one-third fusion-column-last\" style=\"--awb-padding-top:20px;--awb-padding-right:20px;--awb-padding-bottom:20px;--awb-padding-left:20px;--awb-bg-size:cover;--awb-border-color:#d7eff4;--awb-border-top:5px;--awb-border-right:5px;--awb-border-bottom:5px;--awb-border-left:5px;--awb-border-style:solid;width:30.6666%;\"><div class=\"fusion-column-wrapper fusion-flex-column-wrapper-legacy\"><div class=\"fusion-column-content-centered\"><div class=\"fusion-column-content\"><div class=\"fusion-text fusion-text-6\"><h2>Design-Flasche<\/h2>\n<p>Die Pineo-Flasche hat in 1996 den Red Dot Design Award gewonnen. Der Red Dot Design Award ist ein internationaler Design-Preis, der seit 1955 j\u00e4hrlich vom Design Zentrum Nordrhein-Westfalen in Essen vergeben wird.<\/p>\n<\/div><\/div><\/div><div class=\"fusion-clearfix\"><\/div><\/div><\/div><\/div><\/div><div class=\"fusion-fullwidth fullwidth-box fusion-builder-row-5 nonhundred-percent-fullwidth non-hundred-percent-height-scrolling\" style=\"--awb-background-position:left top;--awb-border-radius-top-left:0px;--awb-border-radius-top-right:0px;--awb-border-radius-bottom-right:0px;--awb-border-radius-bottom-left:0px;--awb-padding-top:20px;--awb-padding-bottom:20px;--awb-border-sizes-top:0px;--awb-border-sizes-bottom:0px;\" ><div class=\"fusion-builder-row fusion-row\"><div class=\"fusion-layout-column fusion_builder_column fusion-builder-column-8 fusion_builder_column_3_4 3_4 fusion-three-fourth fusion-column-first\" style=\"--awb-bg-size:cover;width:74%; margin-right: 4%;\"><div class=\"fusion-column-wrapper fusion-flex-column-wrapper-legacy\"><div class=\"fusion-text fusion-text-7\"><h2>Wasser f\u00fcr den t\u00e4glichen Konsum<\/h2>\n<p>Entscheiden Sie sich f\u00fcr Mineralwasser mit weniger als 500 g Mineralstoffe pro Liter. Entscheiden sie sich f\u00fcr Pineo, Mineralwasser ohne Schwermetalle oder Pestizide. Die Kationen und Anionen (positiv geladene und negativ geladene Minerale) sind beim Wasser aus der Quelle von Pineo im Gleichgewicht.<\/p>\n<\/div><div class=\"fusion-clearfix\"><\/div><\/div><\/div><\/div><\/div><div class=\"fusion-fullwidth fullwidth-box fusion-builder-row-6 nonhundred-percent-fullwidth non-hundred-percent-height-scrolling fusion-equal-height-columns\" style=\"--awb-background-position:left top;--awb-border-radius-top-left:0px;--awb-border-radius-top-right:0px;--awb-border-radius-bottom-right:0px;--awb-border-radius-bottom-left:0px;--awb-padding-top:40px;--awb-padding-bottom:20px;--awb-border-sizes-top:0px;--awb-border-sizes-bottom:0px;\" ><div class=\"fusion-builder-row fusion-row\"><div class=\"fusion-layout-column fusion_builder_column fusion-builder-column-9 fusion_builder_column_1_2 1_2 fusion-one-half fusion-column-first\" style=\"--awb-bg-size:cover;width:48%; margin-right: 4%;\"><div class=\"fusion-column-wrapper fusion-flex-column-wrapper-legacy\"><div class=\"fusion-column-content-centered\"><div class=\"fusion-column-content\"><div class=\"fusion-text fusion-text-8\"><h2 class=\"alignnone\" style=\"text-align: right;\">Umweltfreundlich mit Pineo Mineralwasser<\/h2>\n<p style=\"text-align: right;\">Wer Pineo kauft, trifft eine bewusste Entscheidung f\u00fcr Umwelt und Natur. Pineo stammt aus einer nat\u00fcrlichen Quelle, daher wird keine Elektrizit\u00e4t verbraucht, um das Wasser hochzupumpen. Beim Abf\u00fcllen wird nat\u00fcrlich Elektrizit\u00e4t verbraucht, davon werden aber 70 % in der Wasserkraftzentrale vor Ort erzeugt.<\/p>\n<p style=\"text-align: right;\">Auf den Etiketten von Pineo finden Sie ein FSC-Siegel. Die verwendete Tinte ist l\u00f6sungsmittelfrei. Pineo wird in Glasflaschen verkauft und die Pineo-Flaschen sind Mehrwegflaschen. Dadurch haben sie einen 96 % kleineren CO2-Fu\u00dfabdruck im Vergleich zu PET-Flaschen (einschlie\u00dflich Transport und Reinigung).<\/p>\n<\/div><div class=\"fusion-alignright\"><a class=\"fusion-button button-flat fusion-button-default-size button-darkgreen fusion-button-darkgreen button-1 fusion-button-default-span fusion-button-default-type\" target=\"_self\" href=\"http:\/\/pineo.cat\/de\/sortiment\/\"><span class=\"fusion-button-text\">ZUM PRODUKTSORTIMENT<\/span><\/a><\/div><\/div><\/div><div class=\"fusion-clearfix\"><\/div><\/div><\/div><div class=\"fusion-layout-column fusion_builder_column fusion-builder-column-10 fusion_builder_column_1_2 1_2 fusion-one-half fusion-column-last\" style=\"--awb-bg-size:cover;width:48%;\"><div class=\"fusion-column-wrapper fusion-flex-column-wrapper-legacy\"><div class=\"fusion-column-content-centered\"><div class=\"fusion-column-content\"><div class=\"fusion-text fusion-text-9\"><p><img decoding=\"async\" class=\"wp-image-628 aligncenter\" src=\"https:\/\/www.pineo.cat\/wp-content\/uploads\/2016\/03\/0-Pineo-range-right-1024x576.jpg\" alt=\"Pineo ist nat\u00fcrliches und umweltfreundliches Mineralwasser\" width=\"578\" height=\"325\" \/><\/p>\n<\/div><\/div><\/div><div class=\"fusion-clearfix\"><\/div><\/div><\/div><\/div><\/div><\/p>\n","protected":false},"excerpt":{"rendered":"","protected":false},"author":2,"featured_media":0,"parent":0,"menu_order":173,"comment_status":"closed","ping_status":"closed","template":"100-width.php","meta":{"footnotes":""},"yoast_head":"<!-- This site is optimized with the Yoast SEO plugin v21.0 - https:\/\/yoast.com\/wordpress\/plugins\/seo\/ -->\n<title>Warum ist Pineo Mineralwasser besser?<\/title>\n<meta name=\"description\" content=\"Warum ist Pineo Mineralwasser besser? Es gibt viele Gr\u00fcnde sich f\u00fcr Pineo Mineralwasser zu entscheiden. Erfahren Sie mehr \u00fcber Pineo Mineralwasser.\" \/>\n<meta name=\"robots\" content=\"index, follow, max-snippet:-1, max-image-preview:large, max-video-preview:-1\" \/>\n<link rel=\"canonical\" href=\"https:\/\/www.pineo.cat\/de\/warum-pineo\/\" \/>\n<meta property=\"og:locale\" content=\"de_DE\" \/>\n<meta property=\"og:type\" content=\"article\" \/>\n<meta property=\"og:title\" content=\"Warum ist Pineo Mineralwasser besser?\" \/>\n<meta property=\"og:description\" content=\"Warum ist Pineo Mineralwasser besser? Es gibt viele Gr\u00fcnde sich f\u00fcr Pineo Mineralwasser zu entscheiden. Erfahren Sie mehr \u00fcber Pineo Mineralwasser.\" \/>\n<meta property=\"og:url\" content=\"https:\/\/www.pineo.cat\/de\/warum-pineo\/\" \/>\n<meta property=\"og:site_name\" content=\"Pineo\" \/>\n<meta property=\"article:modified_time\" content=\"2017-06-28T09:46:01+00:00\" \/>\n<meta property=\"og:image\" content=\"https:\/\/www.pineo.cat\/wp-content\/uploads\/2016\/03\/0-Pineo-range-right-1024x576.jpg\" \/>\n<meta name=\"twitter:card\" content=\"summary_large_image\" \/>\n<meta name=\"twitter:label1\" content=\"Gesch\u00e4tzte Lesezeit\" \/>\n\t<meta name=\"twitter:data1\" content=\"8\u00a0Minuten\" \/>\n<script type=\"application\/ld+json\" class=\"yoast-schema-graph\">{\"@context\":\"https:\/\/schema.org\",\"@graph\":[{\"@type\":\"WebPage\",\"@id\":\"https:\/\/www.pineo.cat\/de\/warum-pineo\/\",\"url\":\"https:\/\/www.pineo.cat\/de\/warum-pineo\/\",\"name\":\"Warum ist Pineo Mineralwasser besser?\",\"isPartOf\":{\"@id\":\"https:\/\/www.pineo.cat\/de\/#website\"},\"datePublished\":\"2016-07-11T12:13:38+00:00\",\"dateModified\":\"2017-06-28T09:46:01+00:00\",\"description\":\"Warum ist Pineo Mineralwasser besser? Es gibt viele Gr\u00fcnde sich f\u00fcr Pineo Mineralwasser zu entscheiden. Erfahren Sie mehr \u00fcber Pineo Mineralwasser.\",\"breadcrumb\":{\"@id\":\"https:\/\/www.pineo.cat\/de\/warum-pineo\/#breadcrumb\"},\"inLanguage\":\"de\",\"potentialAction\":[{\"@type\":\"ReadAction\",\"target\":[\"https:\/\/www.pineo.cat\/de\/warum-pineo\/\"]}]},{\"@type\":\"BreadcrumbList\",\"@id\":\"https:\/\/www.pineo.cat\/de\/warum-pineo\/#breadcrumb\",\"itemListElement\":[{\"@type\":\"ListItem\",\"position\":1,\"name\":\"Home\",\"item\":\"https:\/\/www.pineo.cat\/de\/\"},{\"@type\":\"ListItem\",\"position\":2,\"name\":\"Waarom Pineo DE\"}]},{\"@type\":\"WebSite\",\"@id\":\"https:\/\/www.pineo.cat\/de\/#website\",\"url\":\"https:\/\/www.pineo.cat\/de\/\",\"name\":\"Pineo\",\"description\":\"Pineo: naturally-arising natural mineral water from the Spanish Pyrenees\",\"publisher\":{\"@id\":\"https:\/\/www.pineo.cat\/de\/#organization\"},\"potentialAction\":[{\"@type\":\"SearchAction\",\"target\":{\"@type\":\"EntryPoint\",\"urlTemplate\":\"https:\/\/www.pineo.cat\/de\/?s={search_term_string}\"},\"query-input\":\"required name=search_term_string\"}],\"inLanguage\":\"de\"},{\"@type\":\"Organization\",\"@id\":\"https:\/\/www.pineo.cat\/de\/#organization\",\"name\":\"Pineo\",\"url\":\"https:\/\/www.pineo.cat\/de\/\",\"logo\":{\"@type\":\"ImageObject\",\"inLanguage\":\"de\",\"@id\":\"https:\/\/www.pineo.cat\/de\/#\/schema\/logo\/image\/\",\"url\":\"https:\/\/www.pineo.cat\/wp-content\/uploads\/2016\/07\/pineo-logo.png\",\"contentUrl\":\"https:\/\/www.pineo.cat\/wp-content\/uploads\/2016\/07\/pineo-logo.png\",\"width\":197,\"height\":56,\"caption\":\"Pineo\"},\"image\":{\"@id\":\"https:\/\/www.pineo.cat\/de\/#\/schema\/logo\/image\/\"}}]}<\/script>\n<!-- \/ Yoast SEO plugin. -->","yoast_head_json":{"title":"Warum ist Pineo Mineralwasser besser?","description":"Warum ist Pineo Mineralwasser besser? Es gibt viele Gr\u00fcnde sich f\u00fcr Pineo Mineralwasser zu entscheiden. Erfahren Sie mehr \u00fcber Pineo Mineralwasser.","robots":{"index":"index","follow":"follow","max-snippet":"max-snippet:-1","max-image-preview":"max-image-preview:large","max-video-preview":"max-video-preview:-1"},"canonical":"https:\/\/www.pineo.cat\/de\/warum-pineo\/","og_locale":"de_DE","og_type":"article","og_title":"Warum ist Pineo Mineralwasser besser?","og_description":"Warum ist Pineo Mineralwasser besser? Es gibt viele Gr\u00fcnde sich f\u00fcr Pineo Mineralwasser zu entscheiden. Erfahren Sie mehr \u00fcber Pineo Mineralwasser.","og_url":"https:\/\/www.pineo.cat\/de\/warum-pineo\/","og_site_name":"Pineo","article_modified_time":"2017-06-28T09:46:01+00:00","og_image":[{"url":"https:\/\/www.pineo.cat\/wp-content\/uploads\/2016\/03\/0-Pineo-range-right-1024x576.jpg"}],"twitter_card":"summary_large_image","twitter_misc":{"Gesch\u00e4tzte Lesezeit":"8\u00a0Minuten"},"schema":{"@context":"https:\/\/schema.org","@graph":[{"@type":"WebPage","@id":"https:\/\/www.pineo.cat\/de\/warum-pineo\/","url":"https:\/\/www.pineo.cat\/de\/warum-pineo\/","name":"Warum ist Pineo Mineralwasser besser?","isPartOf":{"@id":"https:\/\/www.pineo.cat\/de\/#website"},"datePublished":"2016-07-11T12:13:38+00:00","dateModified":"2017-06-28T09:46:01+00:00","description":"Warum ist Pineo Mineralwasser besser? Es gibt viele Gr\u00fcnde sich f\u00fcr Pineo Mineralwasser zu entscheiden. Erfahren Sie mehr \u00fcber Pineo Mineralwasser.","breadcrumb":{"@id":"https:\/\/www.pineo.cat\/de\/warum-pineo\/#breadcrumb"},"inLanguage":"de","potentialAction":[{"@type":"ReadAction","target":["https:\/\/www.pineo.cat\/de\/warum-pineo\/"]}]},{"@type":"BreadcrumbList","@id":"https:\/\/www.pineo.cat\/de\/warum-pineo\/#breadcrumb","itemListElement":[{"@type":"ListItem","position":1,"name":"Home","item":"https:\/\/www.pineo.cat\/de\/"},{"@type":"ListItem","position":2,"name":"Waarom Pineo DE"}]},{"@type":"WebSite","@id":"https:\/\/www.pineo.cat\/de\/#website","url":"https:\/\/www.pineo.cat\/de\/","name":"Pineo","description":"Pineo: naturally-arising natural mineral water from the Spanish Pyrenees","publisher":{"@id":"https:\/\/www.pineo.cat\/de\/#organization"},"potentialAction":[{"@type":"SearchAction","target":{"@type":"EntryPoint","urlTemplate":"https:\/\/www.pineo.cat\/de\/?s={search_term_string}"},"query-input":"required name=search_term_string"}],"inLanguage":"de"},{"@type":"Organization","@id":"https:\/\/www.pineo.cat\/de\/#organization","name":"Pineo","url":"https:\/\/www.pineo.cat\/de\/","logo":{"@type":"ImageObject","inLanguage":"de","@id":"https:\/\/www.pineo.cat\/de\/#\/schema\/logo\/image\/","url":"https:\/\/www.pineo.cat\/wp-content\/uploads\/2016\/07\/pineo-logo.png","contentUrl":"https:\/\/www.pineo.cat\/wp-content\/uploads\/2016\/07\/pineo-logo.png","width":197,"height":56,"caption":"Pineo"},"image":{"@id":"https:\/\/www.pineo.cat\/de\/#\/schema\/logo\/image\/"}}]}},"_links":{"self":[{"href":"https:\/\/www.pineo.cat\/de\/wp-json\/wp\/v2\/pages\/1954"}],"collection":[{"href":"https:\/\/www.pineo.cat\/de\/wp-json\/wp\/v2\/pages"}],"about":[{"href":"https:\/\/www.pineo.cat\/de\/wp-json\/wp\/v2\/types\/page"}],"author":[{"embeddable":true,"href":"https:\/\/www.pineo.cat\/de\/wp-json\/wp\/v2\/users\/2"}],"replies":[{"embeddable":true,"href":"https:\/\/www.pineo.cat\/de\/wp-json\/wp\/v2\/comments?post=1954"}],"version-history":[{"count":11,"href":"https:\/\/www.pineo.cat\/de\/wp-json\/wp\/v2\/pages\/1954\/revisions"}],"predecessor-version":[{"id":4228,"href":"https:\/\/www.pineo.cat\/de\/wp-json\/wp\/v2\/pages\/1954\/revisions\/4228"}],"wp:attachment":[{"href":"https:\/\/www.pineo.cat\/de\/wp-json\/wp\/v2\/media?parent=1954"}],"curies":[{"name":"wp","href":"https:\/\/api.w.org\/{rel}","templated":true}]}}